{"id":60401,"date":"2024-01-31T15:46:56","date_gmt":"2024-01-31T15:46:56","guid":{"rendered":"https:\/\/stopcarcinogensatwork.eu\/conhecer-as-estrategias-basicas-de-prevencao\/"},"modified":"2025-09-01T16:17:19","modified_gmt":"2025-09-01T16:17:19","slug":"conhecer-as-estrategias-basicas-de-prevencao","status":"publish","type":"page","link":"https:\/\/stopcarcinogensatwork.eu\/pt-pt\/conhecer-as-estrategias-basicas-de-prevencao\/","title":{"rendered":"Aprende sobre as estrat\u00e9gias b\u00e1sicas de preven\u00e7\u00e3o"},"content":{"rendered":"<blockquote><p>Quando os agentes cancer\u00edgenos est\u00e3o presentes no local de trabalho, os empregadores devem fazer tudo o que estiver ao seu alcance para evitar que os trabalhadores entrem em contacto com eles. Promove uma cultura de sa\u00fade e seguran\u00e7a no teu local de trabalho! <\/p><\/blockquote>\n<h1>Abordagem geral da gest\u00e3o dos riscos dos agentes cancer\u00edgenos<\/h1>\n<p class=\"p2\"><i>De acordo com a defini\u00e7\u00e3o de &#8220;agente cancer\u00edgeno&#8221; constante da al\u00ednea a) do artigo 2\u00ba da Diretiva CMR.  <\/i><\/p>\n<p>Os primeiros passos na luta contra a exposi\u00e7\u00e3o a agentes cancer\u00edgenos no local de trabalho devem sempre incluir:<\/p>\n<ul>\n<li>N\u00e3o te esque\u00e7as de que devem estar sempre em vigor normas m\u00ednimas de organiza\u00e7\u00e3o do trabalho e requisitos de seguran\u00e7a. No entanto, estas podem n\u00e3o ser suficientes e podem ser necess\u00e1rias outras medidas <\/li>\n<li>Lista Todos os agentes cancer\u00edgenos utilizados e respectivas quantidades<\/li>\n<li>Recolhe as suas fichas de dados de seguran\u00e7a<\/li>\n<li>Descreve as tarefas em que s\u00e3o utilizados, certificando-se de que considera todos os potenciais agentes cancer\u00edgenos gerados pelo processo<\/li>\n<li>Identifica os trabalhadores que est\u00e3o potencialmente sujeitos a exposi\u00e7\u00e3o e durante quanto tempo<\/li>\n<li>Considera tudo o que foi dito acima ao preparares a tua avalia\u00e7\u00e3o de riscos no local de trabalho<\/li>\n<\/ul>\n<p>Quando deres instru\u00e7\u00f5es aos teus trabalhadores, lembra-te de:<\/p>\n<ul>\n<li>Utiliza sempre uma linguagem simples e clara, frases curtas e diretas ao assunto<\/li>\n<li>Procura um design limpo nas instru\u00e7\u00f5es escritas<\/li>\n<li>Inclui ilustra\u00e7\u00f5es\/esquemas sempre que poss\u00edvel<\/li>\n<\/ul>\n<h2><strong>Princ\u00edpio S.T.O.P: O que tens de considerar<\/strong><\/h2>\n<p>O princ\u00edpio STOP descreve a ordem de prioridade das medidas de prote\u00e7\u00e3o. A entidade patronal deve respeitar esta ordem de prioridade na determina\u00e7\u00e3o e aplica\u00e7\u00e3o das medidas de prote\u00e7\u00e3o. As letras S-T-O-P correspondem a diferentes tipos de medidas de prote\u00e7\u00e3o:  <\/p>\n<p><strong>S &#8230; Substitui\u00e7\u00e3o<\/strong> - substitui subst\u00e2ncias perigosas por subst\u00e2ncias ou processos menos perigosos. A substitui\u00e7\u00e3o \u00e9 sempre a primeira medida a considerar. <\/p>\n<p><a href=\"https:\/\/stopcarcinogensatwork.eu\/pt-pt\/conhecer-as-estrategias-basicas-de-prevencao\/s-substituicao\/\">Saber mais sobre <strong>Substitui\u00e7\u00e3o<\/strong><\/a><\/p>\n<p><strong>T &#8230; Medidas t\u00e9cnicas<\/strong> - desde sistemas fechados at\u00e9 \u00e0 aspira\u00e7\u00e3o eficaz do ar, muitas t\u00e9cnicas ajudam a reduzir drasticamente a exposi\u00e7\u00e3o aos agentes cancer\u00edgenos.<\/p>\n<p><a href=\"https:\/\/stopcarcinogensatwork.eu\/pt-pt\/conhecer-as-estrategias-basicas-de-prevencao\/t-medidas-tecnicas\/\">Sabe mais sobre <strong>as medidas t\u00e9cnicas<\/strong><\/a><\/p>\n<p><strong>O &#8230; Medidas de organiza\u00e7\u00e3o<\/strong> - podem consistir em pol\u00edticas internas e\/ou m\u00e9todos de organiza\u00e7\u00e3o. Estas medidas s\u00f3 devem ser utilizadas para proporcionar uma prote\u00e7\u00e3o adicional. Devem tamb\u00e9m ser consideradas para emerg\u00eancias e para os trabalhadores que efectuam trabalhos regulares de limpeza e manuten\u00e7\u00e3o.  <\/p>\n<p><a href=\"https:\/\/stopcarcinogensatwork.eu\/pt-pt\/conhecer-as-estrategias-basicas-de-prevencao\/o-medidas-organizacionais\/\">Aprende mais sobre <strong>Medidas organizacionais<\/strong><\/a><\/p>\n<p><strong>P &#8230; Prote\u00e7\u00e3o individual<\/strong> - por vezes, a substitui\u00e7\u00e3o n\u00e3o \u00e9 poss\u00edvel e as medidas t\u00e9cnicas e organizacionais n\u00e3o s\u00e3o suficientes. Nesse caso, tens de utilizar a prote\u00e7\u00e3o individual. <\/p>\n<p><a href=\"https:\/\/stopcarcinogensatwork.eu\/pt-pt\/conhecer-as-estrategias-basicas-de-prevencao\/p-protecao-pessoal\/\">Sabe mais sobre <strong>a prote\u00e7\u00e3o individual<\/strong><\/a><\/p>\n","protected":false},"excerpt":{"rendered":"<p>Quando os agentes cancer\u00edgenos est\u00e3o presentes no local de trabalho, os empregadores devem fazer tudo o que estiver ao seu alcance para evitar que os trabalhadores entrem em contacto com eles. Promove uma cultura de sa\u00fade e seguran\u00e7a no teu local de trabalho! Abordagem geral da gest\u00e3o dos riscos dos agentes cancer\u00edgenos De acordo com [&hellip;]<\/p>\n","protected":false},"author":1,"featured_media":18747,"parent":0,"menu_order":0,"comment_status":"closed","ping_status":"closed","template":"","meta":{"inline_featured_image":false,"footnotes":""},"class_list":["post-60401","page","type-page","status-publish","hentry"],"yoast_head":"<!-- This site is optimized with the Yoast SEO Premium plugin v27.0 (Yoast SEO v27.4) - https:\/\/yoast.com\/product\/yoast-seo-premium-wordpress\/ -->\n<title>STOP Carcinogens at work: Passos Essenciais para a Seguran\u00e7a no Local de Trabalho - STOP carcinogens at work<\/title>\n<meta name=\"description\" content=\"O princ\u00edpio STOP descreve a ordem de prioridade das medidas de prote\u00e7\u00e3o ao determinar e aplicar medidas de prote\u00e7\u00e3o.\" \/>\n<meta name=\"robots\" content=\"index, follow, max-snippet:-1, max-image-preview:large, max-video-preview:-1\" \/>\n<link rel=\"canonical\" href=\"https:\/\/stopcarcinogensatwork.eu\/pt-pt\/conhecer-as-estrategias-basicas-de-prevencao\/\" \/>\n<meta property=\"og:locale\" content=\"pt_PT\" \/>\n<meta property=\"og:type\" content=\"article\" \/>\n<meta property=\"og:title\" content=\"Aprende sobre as estrat\u00e9gias b\u00e1sicas de preven\u00e7\u00e3o\" \/>\n<meta property=\"og:description\" content=\"O princ\u00edpio STOP descreve a ordem de prioridade das medidas de prote\u00e7\u00e3o ao determinar e aplicar medidas de prote\u00e7\u00e3o.\" \/>\n<meta property=\"og:url\" content=\"https:\/\/stopcarcinogensatwork.eu\/pt-pt\/conhecer-as-estrategias-basicas-de-prevencao\/\" \/>\n<meta property=\"og:site_name\" content=\"STOP carcinogens at work\" \/>\n<meta property=\"article:modified_time\" content=\"2025-09-01T16:17:19+00:00\" \/>\n<meta property=\"og:image\" content=\"https:\/\/stopcarcinogensatwork.eu\/wp-content\/uploads\/2024\/08\/Stop-Carcinogens-at-Work-icon-1-scaled.png\" \/>\n\t<meta property=\"og:image:width\" content=\"3000\" \/>\n\t<meta property=\"og:image:height\" content=\"2509\" \/>\n\t<meta property=\"og:image:type\" content=\"image\/png\" \/>\n<meta name=\"twitter:card\" content=\"summary_large_image\" \/>\n<meta name=\"twitter:label1\" content=\"Tempo estimado de leitura\" \/>\n\t<meta name=\"twitter:data1\" content=\"2 minutos\" \/>\n<script type=\"application\/ld+json\" class=\"yoast-schema-graph\">{\"@context\":\"https:\\\/\\\/schema.org\",\"@graph\":[{\"@type\":\"WebPage\",\"@id\":\"https:\\\/\\\/stopcarcinogensatwork.eu\\\/pt-pt\\\/conhecer-as-estrategias-basicas-de-prevencao\\\/\",\"url\":\"https:\\\/\\\/stopcarcinogensatwork.eu\\\/pt-pt\\\/conhecer-as-estrategias-basicas-de-prevencao\\\/\",\"name\":\"STOP Carcinogens at work: Passos Essenciais para a Seguran\u00e7a no Local de Trabalho - STOP carcinogens at work\",\"isPartOf\":{\"@id\":\"https:\\\/\\\/stopcarcinogensatwork.eu\\\/pt-pt\\\/#website\"},\"primaryImageOfPage\":{\"@id\":\"https:\\\/\\\/stopcarcinogensatwork.eu\\\/pt-pt\\\/conhecer-as-estrategias-basicas-de-prevencao\\\/#primaryimage\"},\"image\":{\"@id\":\"https:\\\/\\\/stopcarcinogensatwork.eu\\\/pt-pt\\\/conhecer-as-estrategias-basicas-de-prevencao\\\/#primaryimage\"},\"thumbnailUrl\":\"https:\\\/\\\/stopcarcinogensatwork.eu\\\/wp-content\\\/uploads\\\/2024\\\/08\\\/Stop-Carcinogens-at-Work-icon-1-scaled.png\",\"datePublished\":\"2024-01-31T15:46:56+00:00\",\"dateModified\":\"2025-09-01T16:17:19+00:00\",\"description\":\"O princ\u00edpio STOP descreve a ordem de prioridade das medidas de prote\u00e7\u00e3o ao determinar e aplicar medidas de prote\u00e7\u00e3o.\",\"breadcrumb\":{\"@id\":\"https:\\\/\\\/stopcarcinogensatwork.eu\\\/pt-pt\\\/conhecer-as-estrategias-basicas-de-prevencao\\\/#breadcrumb\"},\"inLanguage\":\"pt-PT\",\"potentialAction\":[{\"@type\":\"ReadAction\",\"target\":[\"https:\\\/\\\/stopcarcinogensatwork.eu\\\/pt-pt\\\/conhecer-as-estrategias-basicas-de-prevencao\\\/\"]}]},{\"@type\":\"ImageObject\",\"inLanguage\":\"pt-PT\",\"@id\":\"https:\\\/\\\/stopcarcinogensatwork.eu\\\/pt-pt\\\/conhecer-as-estrategias-basicas-de-prevencao\\\/#primaryimage\",\"url\":\"https:\\\/\\\/stopcarcinogensatwork.eu\\\/wp-content\\\/uploads\\\/2024\\\/08\\\/Stop-Carcinogens-at-Work-icon-1-scaled.png\",\"contentUrl\":\"https:\\\/\\\/stopcarcinogensatwork.eu\\\/wp-content\\\/uploads\\\/2024\\\/08\\\/Stop-Carcinogens-at-Work-icon-1-scaled.png\",\"width\":3000,\"height\":2509},{\"@type\":\"BreadcrumbList\",\"@id\":\"https:\\\/\\\/stopcarcinogensatwork.eu\\\/pt-pt\\\/conhecer-as-estrategias-basicas-de-prevencao\\\/#breadcrumb\",\"itemListElement\":[{\"@type\":\"ListItem\",\"position\":1,\"name\":\"Home\",\"item\":\"https:\\\/\\\/stopcarcinogensatwork.eu\\\/pt-pt\\\/pagina-inicial\\\/\"},{\"@type\":\"ListItem\",\"position\":2,\"name\":\"Aprende sobre as estrat\u00e9gias b\u00e1sicas de preven\u00e7\u00e3o\"}]},{\"@type\":\"WebSite\",\"@id\":\"https:\\\/\\\/stopcarcinogensatwork.eu\\\/pt-pt\\\/#website\",\"url\":\"https:\\\/\\\/stopcarcinogensatwork.eu\\\/pt-pt\\\/\",\"name\":\"STOP Carcinogens at work\",\"description\":\"Every year, about 100.000 people die from cancer that was caused by exposure to carcinogens at work in Europe.\",\"publisher\":{\"@id\":\"https:\\\/\\\/stopcarcinogensatwork.eu\\\/pt-pt\\\/#organization\"},\"alternateName\":\"Roadmap on Carcinogens\",\"potentialAction\":[{\"@type\":\"SearchAction\",\"target\":{\"@type\":\"EntryPoint\",\"urlTemplate\":\"https:\\\/\\\/stopcarcinogensatwork.eu\\\/pt-pt\\\/?s={search_term_string}\"},\"query-input\":{\"@type\":\"PropertyValueSpecification\",\"valueRequired\":true,\"valueName\":\"search_term_string\"}}],\"inLanguage\":\"pt-PT\"},{\"@type\":\"Organization\",\"@id\":\"https:\\\/\\\/stopcarcinogensatwork.eu\\\/pt-pt\\\/#organization\",\"name\":\"TNO\",\"alternateName\":\"This is a European wide voluntary action scheme\",\"url\":\"https:\\\/\\\/stopcarcinogensatwork.eu\\\/pt-pt\\\/\",\"logo\":{\"@type\":\"ImageObject\",\"inLanguage\":\"pt-PT\",\"@id\":\"https:\\\/\\\/stopcarcinogensatwork.eu\\\/pt-pt\\\/#\\\/schema\\\/logo\\\/image\\\/\",\"url\":\"https:\\\/\\\/stopcarcinogensatwork.eu\\\/wp-content\\\/uploads\\\/2024\\\/08\\\/cropped-FavLarge-1.png\",\"contentUrl\":\"https:\\\/\\\/stopcarcinogensatwork.eu\\\/wp-content\\\/uploads\\\/2024\\\/08\\\/cropped-FavLarge-1.png\",\"width\":512,\"height\":512,\"caption\":\"TNO\"},\"image\":{\"@id\":\"https:\\\/\\\/stopcarcinogensatwork.eu\\\/pt-pt\\\/#\\\/schema\\\/logo\\\/image\\\/\"},\"publishingPrinciples\":\"https:\\\/\\\/stopcarcinogensatwork.eu\\\/homepage\\\/legal\\\/\",\"ownershipFundingInfo\":\"https:\\\/\\\/stopcarcinogensatwork.eu\\\/general\\\/about-us\\\/\"}]}<\/script>\n<!-- \/ Yoast SEO Premium plugin. -->","yoast_head_json":{"title":"STOP Carcinogens at work: Passos Essenciais para a Seguran\u00e7a no Local de Trabalho - STOP carcinogens at work","description":"O princ\u00edpio STOP descreve a ordem de prioridade das medidas de prote\u00e7\u00e3o ao determinar e aplicar medidas de prote\u00e7\u00e3o.","robots":{"index":"index","follow":"follow","max-snippet":"max-snippet:-1","max-image-preview":"max-image-preview:large","max-video-preview":"max-video-preview:-1"},"canonical":"https:\/\/stopcarcinogensatwork.eu\/pt-pt\/conhecer-as-estrategias-basicas-de-prevencao\/","og_locale":"pt_PT","og_type":"article","og_title":"Aprende sobre as estrat\u00e9gias b\u00e1sicas de preven\u00e7\u00e3o","og_description":"O princ\u00edpio STOP descreve a ordem de prioridade das medidas de prote\u00e7\u00e3o ao determinar e aplicar medidas de prote\u00e7\u00e3o.","og_url":"https:\/\/stopcarcinogensatwork.eu\/pt-pt\/conhecer-as-estrategias-basicas-de-prevencao\/","og_site_name":"STOP carcinogens at work","article_modified_time":"2025-09-01T16:17:19+00:00","og_image":[{"width":3000,"height":2509,"url":"https:\/\/stopcarcinogensatwork.eu\/wp-content\/uploads\/2024\/08\/Stop-Carcinogens-at-Work-icon-1-scaled.png","type":"image\/png"}],"twitter_card":"summary_large_image","twitter_misc":{"Tempo estimado de leitura":"2 minutos"},"schema":{"@context":"https:\/\/schema.org","@graph":[{"@type":"WebPage","@id":"https:\/\/stopcarcinogensatwork.eu\/pt-pt\/conhecer-as-estrategias-basicas-de-prevencao\/","url":"https:\/\/stopcarcinogensatwork.eu\/pt-pt\/conhecer-as-estrategias-basicas-de-prevencao\/","name":"STOP Carcinogens at work: Passos Essenciais para a Seguran\u00e7a no Local de Trabalho - STOP carcinogens at work","isPartOf":{"@id":"https:\/\/stopcarcinogensatwork.eu\/pt-pt\/#website"},"primaryImageOfPage":{"@id":"https:\/\/stopcarcinogensatwork.eu\/pt-pt\/conhecer-as-estrategias-basicas-de-prevencao\/#primaryimage"},"image":{"@id":"https:\/\/stopcarcinogensatwork.eu\/pt-pt\/conhecer-as-estrategias-basicas-de-prevencao\/#primaryimage"},"thumbnailUrl":"https:\/\/stopcarcinogensatwork.eu\/wp-content\/uploads\/2024\/08\/Stop-Carcinogens-at-Work-icon-1-scaled.png","datePublished":"2024-01-31T15:46:56+00:00","dateModified":"2025-09-01T16:17:19+00:00","description":"O princ\u00edpio STOP descreve a ordem de prioridade das medidas de prote\u00e7\u00e3o ao determinar e aplicar medidas de prote\u00e7\u00e3o.","breadcrumb":{"@id":"https:\/\/stopcarcinogensatwork.eu\/pt-pt\/conhecer-as-estrategias-basicas-de-prevencao\/#breadcrumb"},"inLanguage":"pt-PT","potentialAction":[{"@type":"ReadAction","target":["https:\/\/stopcarcinogensatwork.eu\/pt-pt\/conhecer-as-estrategias-basicas-de-prevencao\/"]}]},{"@type":"ImageObject","inLanguage":"pt-PT","@id":"https:\/\/stopcarcinogensatwork.eu\/pt-pt\/conhecer-as-estrategias-basicas-de-prevencao\/#primaryimage","url":"https:\/\/stopcarcinogensatwork.eu\/wp-content\/uploads\/2024\/08\/Stop-Carcinogens-at-Work-icon-1-scaled.png","contentUrl":"https:\/\/stopcarcinogensatwork.eu\/wp-content\/uploads\/2024\/08\/Stop-Carcinogens-at-Work-icon-1-scaled.png","width":3000,"height":2509},{"@type":"BreadcrumbList","@id":"https:\/\/stopcarcinogensatwork.eu\/pt-pt\/conhecer-as-estrategias-basicas-de-prevencao\/#breadcrumb","itemListElement":[{"@type":"ListItem","position":1,"name":"Home","item":"https:\/\/stopcarcinogensatwork.eu\/pt-pt\/pagina-inicial\/"},{"@type":"ListItem","position":2,"name":"Aprende sobre as estrat\u00e9gias b\u00e1sicas de preven\u00e7\u00e3o"}]},{"@type":"WebSite","@id":"https:\/\/stopcarcinogensatwork.eu\/pt-pt\/#website","url":"https:\/\/stopcarcinogensatwork.eu\/pt-pt\/","name":"STOP Carcinogens at work","description":"Every year, about 100.000 people die from cancer that was caused by exposure to carcinogens at work in Europe.","publisher":{"@id":"https:\/\/stopcarcinogensatwork.eu\/pt-pt\/#organization"},"alternateName":"Roadmap on Carcinogens","potentialAction":[{"@type":"SearchAction","target":{"@type":"EntryPoint","urlTemplate":"https:\/\/stopcarcinogensatwork.eu\/pt-pt\/?s={search_term_string}"},"query-input":{"@type":"PropertyValueSpecification","valueRequired":true,"valueName":"search_term_string"}}],"inLanguage":"pt-PT"},{"@type":"Organization","@id":"https:\/\/stopcarcinogensatwork.eu\/pt-pt\/#organization","name":"TNO","alternateName":"This is a European wide voluntary action scheme","url":"https:\/\/stopcarcinogensatwork.eu\/pt-pt\/","logo":{"@type":"ImageObject","inLanguage":"pt-PT","@id":"https:\/\/stopcarcinogensatwork.eu\/pt-pt\/#\/schema\/logo\/image\/","url":"https:\/\/stopcarcinogensatwork.eu\/wp-content\/uploads\/2024\/08\/cropped-FavLarge-1.png","contentUrl":"https:\/\/stopcarcinogensatwork.eu\/wp-content\/uploads\/2024\/08\/cropped-FavLarge-1.png","width":512,"height":512,"caption":"TNO"},"image":{"@id":"https:\/\/stopcarcinogensatwork.eu\/pt-pt\/#\/schema\/logo\/image\/"},"publishingPrinciples":"https:\/\/stopcarcinogensatwork.eu\/homepage\/legal\/","ownershipFundingInfo":"https:\/\/stopcarcinogensatwork.eu\/general\/about-us\/"}]}},"_links":{"self":[{"href":"https:\/\/stopcarcinogensatwork.eu\/pt-pt\/wp-json\/wp\/v2\/pages\/60401","targetHints":{"allow":["GET"]}}],"collection":[{"href":"https:\/\/stopcarcinogensatwork.eu\/pt-pt\/wp-json\/wp\/v2\/pages"}],"about":[{"href":"https:\/\/stopcarcinogensatwork.eu\/pt-pt\/wp-json\/wp\/v2\/types\/page"}],"author":[{"embeddable":true,"href":"https:\/\/stopcarcinogensatwork.eu\/pt-pt\/wp-json\/wp\/v2\/users\/1"}],"replies":[{"embeddable":true,"href":"https:\/\/stopcarcinogensatwork.eu\/pt-pt\/wp-json\/wp\/v2\/comments?post=60401"}],"version-history":[{"count":0,"href":"https:\/\/stopcarcinogensatwork.eu\/pt-pt\/wp-json\/wp\/v2\/pages\/60401\/revisions"}],"wp:featuredmedia":[{"embeddable":true,"href":"https:\/\/stopcarcinogensatwork.eu\/pt-pt\/wp-json\/wp\/v2\/media\/18747"}],"wp:attachment":[{"href":"https:\/\/stopcarcinogensatwork.eu\/pt-pt\/wp-json\/wp\/v2\/media?parent=60401"}],"curies":[{"name":"wp","href":"https:\/\/api.w.org\/{rel}","templated":true}]}}