{"id":67848,"date":"2025-06-06T17:45:04","date_gmt":"2025-06-06T17:45:04","guid":{"rendered":"https:\/\/stopcarcinogensatwork.eu\/paginas-de-administracao\/a-pagina-todos\/"},"modified":"2025-06-13T10:24:18","modified_gmt":"2025-06-13T10:24:18","slug":"a-pagina-todos","status":"publish","type":"page","link":"https:\/\/stopcarcinogensatwork.eu\/pt-pt\/paginas-de-administracao\/a-pagina-todos\/","title":{"rendered":"A p\u00e1gina Todos"},"content":{"rendered":"\t\t<div data-elementor-type=\"wp-page\" data-elementor-id=\"67848\" class=\"elementor elementor-67848 elementor-65033\" data-elementor-post-type=\"page\">\n\t\t\t\t<div class=\"elementor-element elementor-element-bbdc449 e-flex e-con-boxed e-con e-parent\" data-id=\"bbdc449\" data-element_type=\"container\" data-e-type=\"container\">\n\t\t\t\t\t<div class=\"e-con-inner\">\n\t\t\t\t<div class=\"elementor-element elementor-element-f6bbbe2 elementor-widget elementor-widget-text-editor\" data-id=\"f6bbbe2\" data-element_type=\"widget\" data-e-type=\"widget\" data-widget_type=\"text-editor.default\">\n\t\t\t\t\t\t\t\t\t<p>Estas <span style=\"text-decoration: underline;\">solu\u00e7\u00f5es<\/span> ou ocupa\u00e7\u00f5es t\u00eam <strong>todos os sectores<\/strong> ou\/e <strong>todos os agentes cancer\u00edgenos<\/strong> selecionados. Podemos ter p\u00e1ginas ou publica\u00e7\u00f5es que tamb\u00e9m o tenham. Mas isso n\u00e3o influencia o sistema. (Al\u00e9m disso, n\u00e3o posso combinar isto nesta consulta).   <\/p>\t\t\t\t\t\t\t\t<\/div>\n\t\t\t\t\t<\/div>\n\t\t\t\t<\/div>\n\t\t<div class=\"elementor-element elementor-element-6da8331 e-flex e-con-boxed e-con e-parent\" data-id=\"6da8331\" data-element_type=\"container\" data-e-type=\"container\">\n\t\t\t\t\t<div class=\"e-con-inner\">\n\t\t\t\t<div class=\"elementor-element elementor-element-1b5e869 elementor-widget elementor-widget-jet-listing-grid\" data-id=\"1b5e869\" data-element_type=\"widget\" data-e-type=\"widget\" data-settings=\"{&quot;columns&quot;:&quot;1&quot;}\" data-widget_type=\"jet-listing-grid.default\">\n\t\t\t\t\t<div class=\"jet-listing-grid jet-listing\"><div class=\"jet-listing-not-found jet-listing-grid__items\" data-nav=\"{&quot;enabled&quot;:false,&quot;type&quot;:null,&quot;more_el&quot;:null,&quot;query&quot;:[],&quot;widget_settings&quot;:{&quot;lisitng_id&quot;:65113,&quot;posts_num&quot;:6,&quot;columns&quot;:1,&quot;columns_tablet&quot;:1,&quot;columns_mobile&quot;:1,&quot;column_min_width&quot;:240,&quot;column_min_width_tablet&quot;:240,&quot;column_min_width_mobile&quot;:240,&quot;inline_columns_css&quot;:false,&quot;is_archive_template&quot;:&quot;&quot;,&quot;post_status&quot;:[&quot;publish&quot;],&quot;use_random_posts_num&quot;:&quot;&quot;,&quot;max_posts_num&quot;:9,&quot;not_found_message&quot;:&quot;N\\u00e3o foram encontrados dados&quot;,&quot;is_masonry&quot;:false,&quot;equal_columns_height&quot;:&quot;&quot;,&quot;use_load_more&quot;:&quot;&quot;,&quot;load_more_id&quot;:&quot;&quot;,&quot;load_more_type&quot;:&quot;click&quot;,&quot;load_more_offset&quot;:null,&quot;use_custom_post_types&quot;:&quot;&quot;,&quot;custom_post_types&quot;:[],&quot;hide_widget_if&quot;:&quot;&quot;,&quot;carousel_enabled&quot;:&quot;&quot;,&quot;slides_to_scroll&quot;:&quot;1&quot;,&quot;arrows&quot;:&quot;true&quot;,&quot;arrow_icon&quot;:&quot;fa fa-angle-left&quot;,&quot;dots&quot;:&quot;&quot;,&quot;autoplay&quot;:&quot;true&quot;,&quot;pause_on_hover&quot;:&quot;true&quot;,&quot;autoplay_speed&quot;:5000,&quot;infinite&quot;:&quot;true&quot;,&quot;center_mode&quot;:&quot;&quot;,&quot;effect&quot;:&quot;slide&quot;,&quot;speed&quot;:500,&quot;inject_alternative_items&quot;:&quot;&quot;,&quot;injection_items&quot;:[],&quot;scroll_slider_enabled&quot;:&quot;&quot;,&quot;scroll_slider_on&quot;:[&quot;desktop&quot;,&quot;tablet&quot;,&quot;mobile&quot;],&quot;custom_query&quot;:&quot;yes&quot;,&quot;custom_query_id&quot;:&quot;142&quot;,&quot;_element_id&quot;:&quot;&quot;,&quot;collapse_first_last_gap&quot;:false,&quot;list_tag_selection&quot;:&quot;&quot;,&quot;list_items_wrapper_tag&quot;:&quot;div&quot;,&quot;list_item_tag&quot;:&quot;div&quot;,&quot;empty_items_wrapper_tag&quot;:&quot;div&quot;}}\" data-listing-source=\"query\" data-listing-id=\"65113\" data-query-id=\"142\" data-queried-id=\"67848|WP_Post\">N\u00e3o foram encontrados dados<\/div><\/div>\t\t\t\t<\/div>\n\t\t\t\t\t<\/div>\n\t\t\t\t<\/div>\n\t\t\t\t<\/div>\n\t\t","protected":false},"excerpt":{"rendered":"<p>Estas solu\u00e7\u00f5es ou ocupa\u00e7\u00f5es t\u00eam todos os sectores ou\/e todos os agentes cancer\u00edgenos selecionados. Podemos ter p\u00e1ginas ou publica\u00e7\u00f5es que tamb\u00e9m o tenham. Mas isso n\u00e3o influencia o sistema. (Al\u00e9m disso, n\u00e3o posso combinar isto nesta consulta). Edit query No Time to Lose Campaign Type is good-practice Non-CMR based lubricants - INTERFLON Type is good-practice [&hellip;]<\/p>\n","protected":false},"author":1,"featured_media":0,"parent":42345,"menu_order":0,"comment_status":"closed","ping_status":"closed","template":"","meta":{"inline_featured_image":false,"footnotes":""},"class_list":["post-67848","page","type-page","status-publish","hentry"],"yoast_head":"<!-- This site is optimized with the Yoast SEO Premium plugin v27.0 (Yoast SEO v27.3) - https:\/\/yoast.com\/product\/yoast-seo-premium-wordpress\/ -->\n<title>A p\u00e1gina Todos - STOP carcinogens at work<\/title>\n<meta name=\"description\" content=\"Every year, more than 100.000 people die in the EU from cancer caused by carcinogens at work. This must STOP!\" \/>\n<meta name=\"robots\" content=\"index, follow, max-snippet:-1, max-image-preview:large, max-video-preview:-1\" \/>\n<link rel=\"canonical\" href=\"https:\/\/stopcarcinogensatwork.eu\/pt-pt\/paginas-de-administracao\/a-pagina-todos\/\" \/>\n<meta property=\"og:locale\" content=\"pt_PT\" \/>\n<meta property=\"og:type\" content=\"article\" \/>\n<meta property=\"og:title\" content=\"A p\u00e1gina Todos\" \/>\n<meta property=\"og:description\" content=\"Every year, more than 100.000 people die in the EU from cancer caused by carcinogens at work. This must STOP!\" \/>\n<meta property=\"og:url\" content=\"https:\/\/stopcarcinogensatwork.eu\/pt-pt\/paginas-de-administracao\/a-pagina-todos\/\" \/>\n<meta property=\"og:site_name\" content=\"STOP carcinogens at work\" \/>\n<meta property=\"article:modified_time\" content=\"2025-06-13T10:24:18+00:00\" \/>\n<meta name=\"twitter:card\" content=\"summary_large_image\" \/>\n<meta name=\"twitter:label1\" content=\"Tempo estimado de leitura\" \/>\n\t<meta name=\"twitter:data1\" content=\"2 minutos\" \/>\n<script type=\"application\/ld+json\" class=\"yoast-schema-graph\">{\"@context\":\"https:\\\/\\\/schema.org\",\"@graph\":[{\"@type\":\"WebPage\",\"@id\":\"https:\\\/\\\/stopcarcinogensatwork.eu\\\/pt-pt\\\/paginas-de-administracao\\\/a-pagina-todos\\\/\",\"url\":\"https:\\\/\\\/stopcarcinogensatwork.eu\\\/pt-pt\\\/paginas-de-administracao\\\/a-pagina-todos\\\/\",\"name\":\"A p\u00e1gina Todos - STOP carcinogens at work\",\"isPartOf\":{\"@id\":\"https:\\\/\\\/stopcarcinogensatwork.eu\\\/pt-pt\\\/#website\"},\"datePublished\":\"2025-06-06T17:45:04+00:00\",\"dateModified\":\"2025-06-13T10:24:18+00:00\",\"description\":\"Every year, more than 100.000 people die in the EU from cancer caused by carcinogens at work. This must STOP!\",\"breadcrumb\":{\"@id\":\"https:\\\/\\\/stopcarcinogensatwork.eu\\\/pt-pt\\\/paginas-de-administracao\\\/a-pagina-todos\\\/#breadcrumb\"},\"inLanguage\":\"pt-PT\",\"potentialAction\":[{\"@type\":\"ReadAction\",\"target\":[\"https:\\\/\\\/stopcarcinogensatwork.eu\\\/pt-pt\\\/paginas-de-administracao\\\/a-pagina-todos\\\/\"]}]},{\"@type\":\"BreadcrumbList\",\"@id\":\"https:\\\/\\\/stopcarcinogensatwork.eu\\\/pt-pt\\\/paginas-de-administracao\\\/a-pagina-todos\\\/#breadcrumb\",\"itemListElement\":[{\"@type\":\"ListItem\",\"position\":1,\"name\":\"Home\",\"item\":\"https:\\\/\\\/stopcarcinogensatwork.eu\\\/pt-pt\\\/pagina-inicial\\\/\"},{\"@type\":\"ListItem\",\"position\":2,\"name\":\"P\u00e1ginas de administra\u00e7\u00e3o\",\"item\":\"https:\\\/\\\/stopcarcinogensatwork.eu\\\/pt-pt\\\/paginas-de-administracao\\\/\"},{\"@type\":\"ListItem\",\"position\":3,\"name\":\"A p\u00e1gina Todos\"}]},{\"@type\":\"WebSite\",\"@id\":\"https:\\\/\\\/stopcarcinogensatwork.eu\\\/pt-pt\\\/#website\",\"url\":\"https:\\\/\\\/stopcarcinogensatwork.eu\\\/pt-pt\\\/\",\"name\":\"STOP Carcinogens at work\",\"description\":\"Every year, about 100.000 people die from cancer that was caused by exposure to carcinogens at work in Europe.\",\"publisher\":{\"@id\":\"https:\\\/\\\/stopcarcinogensatwork.eu\\\/pt-pt\\\/#organization\"},\"alternateName\":\"Roadmap on Carcinogens\",\"potentialAction\":[{\"@type\":\"SearchAction\",\"target\":{\"@type\":\"EntryPoint\",\"urlTemplate\":\"https:\\\/\\\/stopcarcinogensatwork.eu\\\/pt-pt\\\/?s={search_term_string}\"},\"query-input\":{\"@type\":\"PropertyValueSpecification\",\"valueRequired\":true,\"valueName\":\"search_term_string\"}}],\"inLanguage\":\"pt-PT\"},{\"@type\":\"Organization\",\"@id\":\"https:\\\/\\\/stopcarcinogensatwork.eu\\\/pt-pt\\\/#organization\",\"name\":\"TNO\",\"alternateName\":\"This is a European wide voluntary action scheme\",\"url\":\"https:\\\/\\\/stopcarcinogensatwork.eu\\\/pt-pt\\\/\",\"logo\":{\"@type\":\"ImageObject\",\"inLanguage\":\"pt-PT\",\"@id\":\"https:\\\/\\\/stopcarcinogensatwork.eu\\\/pt-pt\\\/#\\\/schema\\\/logo\\\/image\\\/\",\"url\":\"https:\\\/\\\/stopcarcinogensatwork.eu\\\/wp-content\\\/uploads\\\/2024\\\/08\\\/cropped-FavLarge-1.png\",\"contentUrl\":\"https:\\\/\\\/stopcarcinogensatwork.eu\\\/wp-content\\\/uploads\\\/2024\\\/08\\\/cropped-FavLarge-1.png\",\"width\":512,\"height\":512,\"caption\":\"TNO\"},\"image\":{\"@id\":\"https:\\\/\\\/stopcarcinogensatwork.eu\\\/pt-pt\\\/#\\\/schema\\\/logo\\\/image\\\/\"},\"publishingPrinciples\":\"https:\\\/\\\/stopcarcinogensatwork.eu\\\/homepage\\\/legal\\\/\",\"ownershipFundingInfo\":\"https:\\\/\\\/stopcarcinogensatwork.eu\\\/general\\\/about-us\\\/\"}]}<\/script>\n<!-- \/ Yoast SEO Premium plugin. -->","yoast_head_json":{"title":"A p\u00e1gina Todos - STOP carcinogens at work","description":"Every year, more than 100.000 people die in the EU from cancer caused by carcinogens at work. This must STOP!","robots":{"index":"index","follow":"follow","max-snippet":"max-snippet:-1","max-image-preview":"max-image-preview:large","max-video-preview":"max-video-preview:-1"},"canonical":"https:\/\/stopcarcinogensatwork.eu\/pt-pt\/paginas-de-administracao\/a-pagina-todos\/","og_locale":"pt_PT","og_type":"article","og_title":"A p\u00e1gina Todos","og_description":"Every year, more than 100.000 people die in the EU from cancer caused by carcinogens at work. This must STOP!","og_url":"https:\/\/stopcarcinogensatwork.eu\/pt-pt\/paginas-de-administracao\/a-pagina-todos\/","og_site_name":"STOP carcinogens at work","article_modified_time":"2025-06-13T10:24:18+00:00","twitter_card":"summary_large_image","twitter_misc":{"Tempo estimado de leitura":"2 minutos"},"schema":{"@context":"https:\/\/schema.org","@graph":[{"@type":"WebPage","@id":"https:\/\/stopcarcinogensatwork.eu\/pt-pt\/paginas-de-administracao\/a-pagina-todos\/","url":"https:\/\/stopcarcinogensatwork.eu\/pt-pt\/paginas-de-administracao\/a-pagina-todos\/","name":"A p\u00e1gina Todos - STOP carcinogens at work","isPartOf":{"@id":"https:\/\/stopcarcinogensatwork.eu\/pt-pt\/#website"},"datePublished":"2025-06-06T17:45:04+00:00","dateModified":"2025-06-13T10:24:18+00:00","description":"Every year, more than 100.000 people die in the EU from cancer caused by carcinogens at work. This must STOP!","breadcrumb":{"@id":"https:\/\/stopcarcinogensatwork.eu\/pt-pt\/paginas-de-administracao\/a-pagina-todos\/#breadcrumb"},"inLanguage":"pt-PT","potentialAction":[{"@type":"ReadAction","target":["https:\/\/stopcarcinogensatwork.eu\/pt-pt\/paginas-de-administracao\/a-pagina-todos\/"]}]},{"@type":"BreadcrumbList","@id":"https:\/\/stopcarcinogensatwork.eu\/pt-pt\/paginas-de-administracao\/a-pagina-todos\/#breadcrumb","itemListElement":[{"@type":"ListItem","position":1,"name":"Home","item":"https:\/\/stopcarcinogensatwork.eu\/pt-pt\/pagina-inicial\/"},{"@type":"ListItem","position":2,"name":"P\u00e1ginas de administra\u00e7\u00e3o","item":"https:\/\/stopcarcinogensatwork.eu\/pt-pt\/paginas-de-administracao\/"},{"@type":"ListItem","position":3,"name":"A p\u00e1gina Todos"}]},{"@type":"WebSite","@id":"https:\/\/stopcarcinogensatwork.eu\/pt-pt\/#website","url":"https:\/\/stopcarcinogensatwork.eu\/pt-pt\/","name":"STOP Carcinogens at work","description":"Every year, about 100.000 people die from cancer that was caused by exposure to carcinogens at work in Europe.","publisher":{"@id":"https:\/\/stopcarcinogensatwork.eu\/pt-pt\/#organization"},"alternateName":"Roadmap on Carcinogens","potentialAction":[{"@type":"SearchAction","target":{"@type":"EntryPoint","urlTemplate":"https:\/\/stopcarcinogensatwork.eu\/pt-pt\/?s={search_term_string}"},"query-input":{"@type":"PropertyValueSpecification","valueRequired":true,"valueName":"search_term_string"}}],"inLanguage":"pt-PT"},{"@type":"Organization","@id":"https:\/\/stopcarcinogensatwork.eu\/pt-pt\/#organization","name":"TNO","alternateName":"This is a European wide voluntary action scheme","url":"https:\/\/stopcarcinogensatwork.eu\/pt-pt\/","logo":{"@type":"ImageObject","inLanguage":"pt-PT","@id":"https:\/\/stopcarcinogensatwork.eu\/pt-pt\/#\/schema\/logo\/image\/","url":"https:\/\/stopcarcinogensatwork.eu\/wp-content\/uploads\/2024\/08\/cropped-FavLarge-1.png","contentUrl":"https:\/\/stopcarcinogensatwork.eu\/wp-content\/uploads\/2024\/08\/cropped-FavLarge-1.png","width":512,"height":512,"caption":"TNO"},"image":{"@id":"https:\/\/stopcarcinogensatwork.eu\/pt-pt\/#\/schema\/logo\/image\/"},"publishingPrinciples":"https:\/\/stopcarcinogensatwork.eu\/homepage\/legal\/","ownershipFundingInfo":"https:\/\/stopcarcinogensatwork.eu\/general\/about-us\/"}]}},"_links":{"self":[{"href":"https:\/\/stopcarcinogensatwork.eu\/pt-pt\/wp-json\/wp\/v2\/pages\/67848","targetHints":{"allow":["GET"]}}],"collection":[{"href":"https:\/\/stopcarcinogensatwork.eu\/pt-pt\/wp-json\/wp\/v2\/pages"}],"about":[{"href":"https:\/\/stopcarcinogensatwork.eu\/pt-pt\/wp-json\/wp\/v2\/types\/page"}],"author":[{"embeddable":true,"href":"https:\/\/stopcarcinogensatwork.eu\/pt-pt\/wp-json\/wp\/v2\/users\/1"}],"replies":[{"embeddable":true,"href":"https:\/\/stopcarcinogensatwork.eu\/pt-pt\/wp-json\/wp\/v2\/comments?post=67848"}],"version-history":[{"count":0,"href":"https:\/\/stopcarcinogensatwork.eu\/pt-pt\/wp-json\/wp\/v2\/pages\/67848\/revisions"}],"up":[{"embeddable":true,"href":"https:\/\/stopcarcinogensatwork.eu\/pt-pt\/wp-json\/wp\/v2\/pages\/42345"}],"wp:attachment":[{"href":"https:\/\/stopcarcinogensatwork.eu\/pt-pt\/wp-json\/wp\/v2\/media?parent=67848"}],"curies":[{"name":"wp","href":"https:\/\/api.w.org\/{rel}","templated":true}]}}