{"id":92895,"date":"2025-09-01T11:06:42","date_gmt":"2025-09-01T11:06:42","guid":{"rendered":"https:\/\/stopcarcinogensatwork.eu\/geral\/educacao-sobre-as-substancias-cancerigenas-no-trabalho\/"},"modified":"2025-09-01T11:06:42","modified_gmt":"2025-09-01T11:06:42","slug":"educacao-sobre-as-substancias-cancerigenas-no-trabalho","status":"publish","type":"page","link":"https:\/\/stopcarcinogensatwork.eu\/pt-pt\/geral\/educacao-sobre-as-substancias-cancerigenas-no-trabalho\/","title":{"rendered":"Educa\u00e7\u00e3o sobre as subst\u00e2ncias cancer\u00edgenas no trabalho"},"content":{"rendered":"<blockquote><p>\u00c9 importante ensinar as crian\u00e7as e os estudantes sobre as subst\u00e2ncias cancer\u00edgenas numa idade precoce, j\u00e1 na escola prim\u00e1ria e no ensino profissional. Por esta raz\u00e3o, foram desenvolvidos programas educativos. <\/p><\/blockquote>\n<h2>Modelo de aulas sobre agentes cancer\u00edgenos<\/h2>\n<p>Os planos de aula sobre agentes cancer\u00edgenos foram preparados pelo Instituto Nacional de Educa\u00e7\u00e3o da Eslov\u00e9nia e pelo Minist\u00e9rio do Trabalho, da Fam\u00edlia, dos Assuntos Sociais e da Igualdade de Oportunidades da Eslov\u00e9nia. Baseiam-se na legisla\u00e7\u00e3o e na experi\u00eancia eslovenas e foram testados em v\u00e1rias escolas prim\u00e1rias da Eslov\u00e9nia entre 2023 e 2024. Os Estados-Membros da UE podem traduzir e adaptar estes planos de aula para satisfazer as suas pr\u00f3prias necessidades. Os professores podem tamb\u00e9m utilizar o jogo interativo (ver abaixo) em aulas para alunos do ensino secund\u00e1rio.   <\/p>\n<p>Durante estas aulas, os alunos aprendem:<\/p>\n<ul>\n<li>como reconhecer os pictogramas das subst\u00e2ncias perigosas<\/li>\n<li>como escolher m\u00e9todos adequados para se protegerem de subst\u00e2ncias perigosas e como manusear essas subst\u00e2ncias com seguran\u00e7a<\/li>\n<li>sobre os efeitos a longo prazo das subst\u00e2ncias CMR e a forma de os evitar<\/li>\n<li>sobre a ficha de dados de seguran\u00e7a, que funciona como um &#8220;bilhete de identidade&#8221; para as subst\u00e2ncias perigosas<\/li>\n<li>sobre o cancro profissional, os factores que o podem causar e as medidas que podem reduzir a exposi\u00e7\u00e3o a subst\u00e2ncias potencialmente cancer\u00edgenas<\/li>\n<\/ul>\n<p><a href=\"https:\/\/stopcarcinogensatwork.eu\/educational\/lesson-proposal-on-carcinogens-for-students-aged-11-years-minimum-and-over\/\">Proposta de aula sobre agentes cancer\u00edgenos para alunos dos 11 aos 14 anos<\/a><br \/>\n<a href=\"https:\/\/stopcarcinogensatwork.eu\/educational\/9th-grade-of-primary-school-14-years\/\">Proposta de aula sobre agentes cancer\u00edgenos para alunos com idade igual ou superior a 14 anos<\/a><\/p>\n<h2><strong>Jogo interativo<\/strong><strong><br \/>\n<\/strong><\/h2>\n<p>Para ajudar os alunos a compreender como gerir os riscos dos agentes cancer\u00edgenos no local de trabalho, foi criado um jogo interativo.<\/p>\n<p>No jogo, jogas como um conselheiro de preven\u00e7\u00e3o. Tens de identificar situa\u00e7\u00f5es de risco que envolvam subst\u00e2ncias cancer\u00edgenas em diferentes locais de trabalho (um estaleiro de constru\u00e7\u00e3o, um hospital e uma f\u00e1brica) e aconselhar a entidade patronal. Um ponto-chave de aprendizagem \u00e9 o <g id=\"gid_0\">princ\u00edpio STOP<\/g>. Este princ\u00edpio mostra a ordem dos passos a seguir para evitar a exposi\u00e7\u00e3o a subst\u00e2ncias perigosas.   <\/p>\n<p>Para ajudar os professores a incluir o jogo nas suas aulas, est\u00e1 dispon\u00edvel um pacote de informa\u00e7\u00f5es educativas. Explica v\u00e1rios conceitos que tamb\u00e9m aparecem no jogo. <\/p>\n<p>O jogo est\u00e1 dispon\u00edvel em ingl\u00eas, holand\u00eas e franc\u00eas.<\/p>\n<p><a href=\"https:\/\/stopcarcinogensatwork.eu\/pt-pt\/good-practice\/gerir-os-riscos-dos-agentes-cancerigenos-no-local-de-trabalho-atraves-de-um-jogo-educativo\/\">Para o jogo interativo<\/a><\/p>\n","protected":false},"excerpt":{"rendered":"<p>\u00c9 importante ensinar as crian\u00e7as e os estudantes sobre as subst\u00e2ncias cancer\u00edgenas numa idade precoce, j\u00e1 na escola prim\u00e1ria e no ensino profissional. Por esta raz\u00e3o, foram desenvolvidos programas educativos. Modelo de aulas sobre agentes cancer\u00edgenos Os planos de aula sobre agentes cancer\u00edgenos foram preparados pelo Instituto Nacional de Educa\u00e7\u00e3o da Eslov\u00e9nia e pelo Minist\u00e9rio [&hellip;]<\/p>\n","protected":false},"author":1,"featured_media":0,"parent":42341,"menu_order":0,"comment_status":"closed","ping_status":"closed","template":"","meta":{"inline_featured_image":false,"footnotes":""},"class_list":["post-92895","page","type-page","status-publish","hentry"],"yoast_head":"<!-- This site is optimized with the Yoast SEO Premium plugin v27.0 (Yoast SEO v27.3) - https:\/\/yoast.com\/product\/yoast-seo-premium-wordpress\/ -->\n<title>Educa\u00e7\u00e3o sobre as subst\u00e2ncias cancer\u00edgenas no trabalho - STOP carcinogens at work<\/title>\n<meta name=\"description\" content=\"\u00c9 importante ensinar as crian\u00e7as e os estudantes sobre as subst\u00e2ncias cancer\u00edgenas desde cedo, na escola prim\u00e1ria e no ensino profissional.\" \/>\n<meta name=\"robots\" content=\"index, follow, max-snippet:-1, max-image-preview:large, max-video-preview:-1\" \/>\n<link rel=\"canonical\" href=\"https:\/\/stopcarcinogensatwork.eu\/pt-pt\/geral\/educacao-sobre-as-substancias-cancerigenas-no-trabalho\/\" \/>\n<meta property=\"og:locale\" content=\"pt_PT\" \/>\n<meta property=\"og:type\" content=\"article\" \/>\n<meta property=\"og:title\" content=\"Educa\u00e7\u00e3o sobre as subst\u00e2ncias cancer\u00edgenas no trabalho\" \/>\n<meta property=\"og:description\" content=\"\u00c9 importante ensinar as crian\u00e7as e os estudantes sobre as subst\u00e2ncias cancer\u00edgenas desde cedo, na escola prim\u00e1ria e no ensino profissional.\" \/>\n<meta property=\"og:url\" content=\"https:\/\/stopcarcinogensatwork.eu\/pt-pt\/geral\/educacao-sobre-as-substancias-cancerigenas-no-trabalho\/\" \/>\n<meta property=\"og:site_name\" content=\"STOP carcinogens at work\" \/>\n<meta name=\"twitter:card\" content=\"summary_large_image\" \/>\n<meta name=\"twitter:label1\" content=\"Tempo estimado de leitura\" \/>\n\t<meta name=\"twitter:data1\" content=\"2 minutos\" \/>\n<script type=\"application\/ld+json\" class=\"yoast-schema-graph\">{\"@context\":\"https:\\\/\\\/schema.org\",\"@graph\":[{\"@type\":\"WebPage\",\"@id\":\"https:\\\/\\\/stopcarcinogensatwork.eu\\\/pt-pt\\\/geral\\\/educacao-sobre-as-substancias-cancerigenas-no-trabalho\\\/\",\"url\":\"https:\\\/\\\/stopcarcinogensatwork.eu\\\/pt-pt\\\/geral\\\/educacao-sobre-as-substancias-cancerigenas-no-trabalho\\\/\",\"name\":\"Educa\u00e7\u00e3o sobre as subst\u00e2ncias cancer\u00edgenas no trabalho - STOP carcinogens at work\",\"isPartOf\":{\"@id\":\"https:\\\/\\\/stopcarcinogensatwork.eu\\\/pt-pt\\\/#website\"},\"datePublished\":\"2025-09-01T11:06:42+00:00\",\"description\":\"\u00c9 importante ensinar as crian\u00e7as e os estudantes sobre as subst\u00e2ncias cancer\u00edgenas desde cedo, na escola prim\u00e1ria e no ensino profissional.\",\"breadcrumb\":{\"@id\":\"https:\\\/\\\/stopcarcinogensatwork.eu\\\/pt-pt\\\/geral\\\/educacao-sobre-as-substancias-cancerigenas-no-trabalho\\\/#breadcrumb\"},\"inLanguage\":\"pt-PT\",\"potentialAction\":[{\"@type\":\"ReadAction\",\"target\":[\"https:\\\/\\\/stopcarcinogensatwork.eu\\\/pt-pt\\\/geral\\\/educacao-sobre-as-substancias-cancerigenas-no-trabalho\\\/\"]}]},{\"@type\":\"BreadcrumbList\",\"@id\":\"https:\\\/\\\/stopcarcinogensatwork.eu\\\/pt-pt\\\/geral\\\/educacao-sobre-as-substancias-cancerigenas-no-trabalho\\\/#breadcrumb\",\"itemListElement\":[{\"@type\":\"ListItem\",\"position\":1,\"name\":\"Home\",\"item\":\"https:\\\/\\\/stopcarcinogensatwork.eu\\\/pt-pt\\\/pagina-inicial\\\/\"},{\"@type\":\"ListItem\",\"position\":2,\"name\":\"Geral\",\"item\":\"https:\\\/\\\/stopcarcinogensatwork.eu\\\/pt-pt\\\/geral\\\/\"},{\"@type\":\"ListItem\",\"position\":3,\"name\":\"Educa\u00e7\u00e3o sobre as subst\u00e2ncias cancer\u00edgenas no trabalho\"}]},{\"@type\":\"WebSite\",\"@id\":\"https:\\\/\\\/stopcarcinogensatwork.eu\\\/pt-pt\\\/#website\",\"url\":\"https:\\\/\\\/stopcarcinogensatwork.eu\\\/pt-pt\\\/\",\"name\":\"STOP Carcinogens at work\",\"description\":\"Every year, about 100.000 people die from cancer that was caused by exposure to carcinogens at work in Europe.\",\"publisher\":{\"@id\":\"https:\\\/\\\/stopcarcinogensatwork.eu\\\/pt-pt\\\/#organization\"},\"alternateName\":\"Roadmap on Carcinogens\",\"potentialAction\":[{\"@type\":\"SearchAction\",\"target\":{\"@type\":\"EntryPoint\",\"urlTemplate\":\"https:\\\/\\\/stopcarcinogensatwork.eu\\\/pt-pt\\\/?s={search_term_string}\"},\"query-input\":{\"@type\":\"PropertyValueSpecification\",\"valueRequired\":true,\"valueName\":\"search_term_string\"}}],\"inLanguage\":\"pt-PT\"},{\"@type\":\"Organization\",\"@id\":\"https:\\\/\\\/stopcarcinogensatwork.eu\\\/pt-pt\\\/#organization\",\"name\":\"TNO\",\"alternateName\":\"This is a European wide voluntary action scheme\",\"url\":\"https:\\\/\\\/stopcarcinogensatwork.eu\\\/pt-pt\\\/\",\"logo\":{\"@type\":\"ImageObject\",\"inLanguage\":\"pt-PT\",\"@id\":\"https:\\\/\\\/stopcarcinogensatwork.eu\\\/pt-pt\\\/#\\\/schema\\\/logo\\\/image\\\/\",\"url\":\"https:\\\/\\\/stopcarcinogensatwork.eu\\\/wp-content\\\/uploads\\\/2024\\\/08\\\/cropped-FavLarge-1.png\",\"contentUrl\":\"https:\\\/\\\/stopcarcinogensatwork.eu\\\/wp-content\\\/uploads\\\/2024\\\/08\\\/cropped-FavLarge-1.png\",\"width\":512,\"height\":512,\"caption\":\"TNO\"},\"image\":{\"@id\":\"https:\\\/\\\/stopcarcinogensatwork.eu\\\/pt-pt\\\/#\\\/schema\\\/logo\\\/image\\\/\"},\"publishingPrinciples\":\"https:\\\/\\\/stopcarcinogensatwork.eu\\\/homepage\\\/legal\\\/\",\"ownershipFundingInfo\":\"https:\\\/\\\/stopcarcinogensatwork.eu\\\/general\\\/about-us\\\/\"}]}<\/script>\n<!-- \/ Yoast SEO Premium plugin. -->","yoast_head_json":{"title":"Educa\u00e7\u00e3o sobre as subst\u00e2ncias cancer\u00edgenas no trabalho - STOP carcinogens at work","description":"\u00c9 importante ensinar as crian\u00e7as e os estudantes sobre as subst\u00e2ncias cancer\u00edgenas desde cedo, na escola prim\u00e1ria e no ensino profissional.","robots":{"index":"index","follow":"follow","max-snippet":"max-snippet:-1","max-image-preview":"max-image-preview:large","max-video-preview":"max-video-preview:-1"},"canonical":"https:\/\/stopcarcinogensatwork.eu\/pt-pt\/geral\/educacao-sobre-as-substancias-cancerigenas-no-trabalho\/","og_locale":"pt_PT","og_type":"article","og_title":"Educa\u00e7\u00e3o sobre as subst\u00e2ncias cancer\u00edgenas no trabalho","og_description":"\u00c9 importante ensinar as crian\u00e7as e os estudantes sobre as subst\u00e2ncias cancer\u00edgenas desde cedo, na escola prim\u00e1ria e no ensino profissional.","og_url":"https:\/\/stopcarcinogensatwork.eu\/pt-pt\/geral\/educacao-sobre-as-substancias-cancerigenas-no-trabalho\/","og_site_name":"STOP carcinogens at work","twitter_card":"summary_large_image","twitter_misc":{"Tempo estimado de leitura":"2 minutos"},"schema":{"@context":"https:\/\/schema.org","@graph":[{"@type":"WebPage","@id":"https:\/\/stopcarcinogensatwork.eu\/pt-pt\/geral\/educacao-sobre-as-substancias-cancerigenas-no-trabalho\/","url":"https:\/\/stopcarcinogensatwork.eu\/pt-pt\/geral\/educacao-sobre-as-substancias-cancerigenas-no-trabalho\/","name":"Educa\u00e7\u00e3o sobre as subst\u00e2ncias cancer\u00edgenas no trabalho - STOP carcinogens at work","isPartOf":{"@id":"https:\/\/stopcarcinogensatwork.eu\/pt-pt\/#website"},"datePublished":"2025-09-01T11:06:42+00:00","description":"\u00c9 importante ensinar as crian\u00e7as e os estudantes sobre as subst\u00e2ncias cancer\u00edgenas desde cedo, na escola prim\u00e1ria e no ensino profissional.","breadcrumb":{"@id":"https:\/\/stopcarcinogensatwork.eu\/pt-pt\/geral\/educacao-sobre-as-substancias-cancerigenas-no-trabalho\/#breadcrumb"},"inLanguage":"pt-PT","potentialAction":[{"@type":"ReadAction","target":["https:\/\/stopcarcinogensatwork.eu\/pt-pt\/geral\/educacao-sobre-as-substancias-cancerigenas-no-trabalho\/"]}]},{"@type":"BreadcrumbList","@id":"https:\/\/stopcarcinogensatwork.eu\/pt-pt\/geral\/educacao-sobre-as-substancias-cancerigenas-no-trabalho\/#breadcrumb","itemListElement":[{"@type":"ListItem","position":1,"name":"Home","item":"https:\/\/stopcarcinogensatwork.eu\/pt-pt\/pagina-inicial\/"},{"@type":"ListItem","position":2,"name":"Geral","item":"https:\/\/stopcarcinogensatwork.eu\/pt-pt\/geral\/"},{"@type":"ListItem","position":3,"name":"Educa\u00e7\u00e3o sobre as subst\u00e2ncias cancer\u00edgenas no trabalho"}]},{"@type":"WebSite","@id":"https:\/\/stopcarcinogensatwork.eu\/pt-pt\/#website","url":"https:\/\/stopcarcinogensatwork.eu\/pt-pt\/","name":"STOP Carcinogens at work","description":"Every year, about 100.000 people die from cancer that was caused by exposure to carcinogens at work in Europe.","publisher":{"@id":"https:\/\/stopcarcinogensatwork.eu\/pt-pt\/#organization"},"alternateName":"Roadmap on Carcinogens","potentialAction":[{"@type":"SearchAction","target":{"@type":"EntryPoint","urlTemplate":"https:\/\/stopcarcinogensatwork.eu\/pt-pt\/?s={search_term_string}"},"query-input":{"@type":"PropertyValueSpecification","valueRequired":true,"valueName":"search_term_string"}}],"inLanguage":"pt-PT"},{"@type":"Organization","@id":"https:\/\/stopcarcinogensatwork.eu\/pt-pt\/#organization","name":"TNO","alternateName":"This is a European wide voluntary action scheme","url":"https:\/\/stopcarcinogensatwork.eu\/pt-pt\/","logo":{"@type":"ImageObject","inLanguage":"pt-PT","@id":"https:\/\/stopcarcinogensatwork.eu\/pt-pt\/#\/schema\/logo\/image\/","url":"https:\/\/stopcarcinogensatwork.eu\/wp-content\/uploads\/2024\/08\/cropped-FavLarge-1.png","contentUrl":"https:\/\/stopcarcinogensatwork.eu\/wp-content\/uploads\/2024\/08\/cropped-FavLarge-1.png","width":512,"height":512,"caption":"TNO"},"image":{"@id":"https:\/\/stopcarcinogensatwork.eu\/pt-pt\/#\/schema\/logo\/image\/"},"publishingPrinciples":"https:\/\/stopcarcinogensatwork.eu\/homepage\/legal\/","ownershipFundingInfo":"https:\/\/stopcarcinogensatwork.eu\/general\/about-us\/"}]}},"_links":{"self":[{"href":"https:\/\/stopcarcinogensatwork.eu\/pt-pt\/wp-json\/wp\/v2\/pages\/92895","targetHints":{"allow":["GET"]}}],"collection":[{"href":"https:\/\/stopcarcinogensatwork.eu\/pt-pt\/wp-json\/wp\/v2\/pages"}],"about":[{"href":"https:\/\/stopcarcinogensatwork.eu\/pt-pt\/wp-json\/wp\/v2\/types\/page"}],"author":[{"embeddable":true,"href":"https:\/\/stopcarcinogensatwork.eu\/pt-pt\/wp-json\/wp\/v2\/users\/1"}],"replies":[{"embeddable":true,"href":"https:\/\/stopcarcinogensatwork.eu\/pt-pt\/wp-json\/wp\/v2\/comments?post=92895"}],"version-history":[{"count":0,"href":"https:\/\/stopcarcinogensatwork.eu\/pt-pt\/wp-json\/wp\/v2\/pages\/92895\/revisions"}],"up":[{"embeddable":true,"href":"https:\/\/stopcarcinogensatwork.eu\/pt-pt\/wp-json\/wp\/v2\/pages\/42341"}],"wp:attachment":[{"href":"https:\/\/stopcarcinogensatwork.eu\/pt-pt\/wp-json\/wp\/v2\/media?parent=92895"}],"curies":[{"name":"wp","href":"https:\/\/api.w.org\/{rel}","templated":true}]}}