{"id":76552,"date":"2024-02-05T13:42:42","date_gmt":"2024-02-05T13:42:42","guid":{"rendered":"https:\/\/stopcarcinogensatwork.eu\/o-casovnem-nacrtu-za-rakotvorne-snovi\/"},"modified":"2025-11-27T13:57:39","modified_gmt":"2025-11-27T13:57:39","slug":"o-casovnem-nacrtu-za-rakotvorne-snovi","status":"publish","type":"page","link":"https:\/\/stopcarcinogensatwork.eu\/sl\/splosno\/o-casovnem-nacrtu-za-rakotvorne-snovi\/","title":{"rendered":"O \u010dasovnem na\u010drtu za rakotvorne snovi"},"content":{"rendered":"<blockquote><p>To spletno mesto je nastalo na pobudo Roadmap on Carcinogens: Vklju\u010dujejo se v sistem prostovoljnega ukrepanja na evropski ravni za boj proti poklicnemu raku. Naslednji partnerji (<a href=\"https:\/\/stopcarcinogensatwork.eu\/sl\/predstavitev-roadmap-on-carcinogens-3-0\/\">so se zavezali), da bodo<\/a> dejavni in prevzemajo vodilno vlogo v tem programu za prepre\u010devanje exposure-a rakotvornih snovi na delovnem mestu: <\/p>\n<p><img fetchpriority=\"high\" decoding=\"async\" class=\"alignnone size-full wp-image-92758\" src=\"https:\/\/stopcarcinogensatwork.eu\/wp-content\/uploads\/2025\/11\/partners.jpg\" alt=\"\" width=\"2560\" height=\"967\" srcset=\"https:\/\/stopcarcinogensatwork.eu\/wp-content\/uploads\/2025\/11\/partners.jpg 2560w, https:\/\/stopcarcinogensatwork.eu\/wp-content\/uploads\/2025\/11\/partners-300x113.jpg 300w, https:\/\/stopcarcinogensatwork.eu\/wp-content\/uploads\/2025\/11\/partners-768x290.jpg 768w, https:\/\/stopcarcinogensatwork.eu\/wp-content\/uploads\/2025\/11\/partners-1536x580.jpg 1536w, https:\/\/stopcarcinogensatwork.eu\/wp-content\/uploads\/2025\/11\/partners-2048x774.jpg 2048w\" sizes=\"(max-width: 2560px) 100vw, 2560px\" \/><\/p><\/blockquote>\n<ul>\n<li><a href=\"https:\/\/www.bma.gv.at\/en.html\" target=\"_blank\" rel=\"noopener\">Avstrija: Zvezno ministrstvo za delo, socialne zadeve, zdravje, oskrbo in varstvo potro\u0161nikov<\/a><\/li>\n<li><a href=\"https:\/\/employment.belgium.be\/en\/themes\" target=\"_blank\" rel=\"noopener\">Belgija: Zaposlovanje, delo in socialni dialog<\/a><\/li>\n<li><a href=\"https:\/\/stm.fi\/en\/frontpage\" target=\"_blank\" rel=\"noopener\">Finska: Ministrstvo za socialne zadeve in zdravje<\/a><\/li>\n<li><a href=\"https:\/\/travail-emploi.gouv.fr\/\" target=\"_blank\" rel=\"noopener\">Francija: Ministrstvo za delo, zdravje in solidarnost<\/a><\/li>\n<li><a href=\"https:\/\/www.bmas.de\/EN\/Home\/home.html\" target=\"_blank\" rel=\"noopener\">Nem\u010dija: Zvezno ministrstvo za delo in socialne zadeve<\/a><\/li>\n<li><a href=\"http:\/\/hsa.ie\/\" target=\"_blank\" rel=\"noopener\">Irska: Organ za zdravje in varnost<\/a><\/li>\n<li><a href=\"https:\/\/www.government.nl\/ministries\/ministry-of-social-affairs-and-employment\" target=\"_blank\" rel=\"noopener\">Nizozemska: Ministrstvo za socialne zadeve in zaposlovanje<\/a><\/li>\n<li><a href=\"https:\/\/stami.no\/en\/\" target=\"_blank\" rel=\"noopener\">Norve\u0161ka: Norve\u0161ki nacionalni in\u0161titut za poklicno zdravje (STAMI)<\/a><\/li>\n<li><a href=\"https:\/\/portal.act.gov.pt\/Pages\/Home.aspx\" target=\"_blank\" rel=\"noopener\">Portugalska: Organ za delovne pogoje<\/a><\/li>\n<li><a href=\"https:\/\/www.gov.si\/en\/state-authorities\/ministries\/ministry-of-labour-family-social-affairs-and-equal-opportunities\/\" target=\"_blank\" rel=\"noopener\">Slovenija: Ministrstvo za delo, dru\u017eino, socialne zadeve in enake mo\u017enosti<\/a><\/li>\n<li><a href=\"https:\/\/www.mites.gob.es\/en\/\" target=\"_blank\" rel=\"noopener\">\u0160panija: \u0160pansko ministrstvo za delo in socialno gospodarstvo<\/a><\/li>\n<li><a href=\"https:\/\/www.businesseurope.eu\/\" target=\"_blank\" rel=\"noopener\">BusinessEurope (evropski delodajalci)<\/a><\/li>\n<li><a href=\"https:\/\/www.etuc.org\/\" target=\"_blank\" rel=\"noopener\">Evropska konfederacija sindikatov &#8211; ETUC (evropski zaposleni)<\/a><\/li>\n<li><a href=\"https:\/\/osha.europa.eu\/en\/themes\/dangerous-substances\/roadmap-to-carcinogens\" target=\"_blank\" rel=\"noopener\">Evropska agencija za varnost in zdravje pri delu &#8211; EU-OSHA<\/a><\/li>\n<li><a href=\"https:\/\/echa.europa.eu\/\" target=\"_blank\" rel=\"noopener\">Evropska agencija za kemikalije &#8211; ECHA<\/a><\/li>\n<li><a href=\"https:\/\/ec.europa.eu\/info\/departments\/employment-social-affairs-and-inclusion_en\" target=\"_blank\" rel=\"noopener\">Evropska komisija<\/a><\/li>\n<\/ul>\n<p>&nbsp;<\/p>\n<p>Poleg tega \u0161tevilni prijatelji (podjetja in organizacije) \u017ee podpirajo Roadmap on Carcinogens in delijo na\u0161e sporo\u010dilo. Postanite njihov prijatelj tako, da <a href=\"https:\/\/laposta.nl\/f\/ss69p5fpqabo\" target=\"_blank\" rel=\"noopener\">se prijavite na e-novice.<\/a> <\/p>\n<h2>Pomen na\u0161ega potovanja<\/h2>\n<p>Vsako leto v EU pribli\u017eno 120.000 ljudi zboli za rakom zaradi exposure-a rakotvornih snovi pri delu. Pribli\u017eno 100.000 ljudi umre zaradi poklicnega raka. Zavedati se je treba, da je to nepotrebno! Nastane zaradi na\u010dina dela in odlo\u010ditev, ki jih sprejemamo. Dobra novica je, da lahko v zvezi s tem nekaj storimo. Klju\u010dna beseda je preventiva, torej da nismo izpostavljeni rakotvorne snovi.     <\/p>\n<p>Roadmap on Carcinogens je pomagati evropskim podjetjem in zaposlenim, da ukrepajo tako, da:<\/p>\n<ul>\n<li><strong>ozave\u0161\u010danje: obve\u0161\u010danje<\/strong> podjetij in zaposlenih o tveganjih exposure-a rakotvorne snovi in potrebi po preventivnih ukrepih ter predstavljanje dejstev.<\/li>\n<li><strong>Zagotavljanje pomo\u010di: ponujanje<\/strong> re\u0161itev in orodij za podjetja in zaposlene, da bi se izognili exposure rakotvornih snovi na delovnem mestu in \u010dim bolj zmanj\u0161ali njen vpliv na delovno silo.<\/li>\n<\/ul>\n<h2>Sedanji na\u010drti predvidevajo dejavnosti do konca leta 2027.<\/h2>\n<p>V drugi fazi na\u010drta za obdobje 2020-2024 smo izvedli 12 izzivov. Rezultati so bili ali bodo vklju\u010deni v spletno stran.   <strong><a href=\"https:\/\/stopcarcinogensatwork.eu\/sl\/splosno\/o-casovnem-nacrtu-za-rakotvorne-snovi\/izzivi\/\">Ve\u010d informacij o teh projektih je na voljo tukaj.<\/a><\/strong><\/p>\n<p><a href=\"https:\/\/stopcarcinogensatwork.eu\/wp-content\/uploads\/2025\/05\/RoC3.0_Strategy_final.pdf\">Na tej povezavi si lahko ogledate tudi na\u0161o novo strategijo RoC3.0 za obdobje 2025-2027.<\/a><\/p>\n<h2>Za svoje spletno mesto uporabljamo orodje za prevajanje z umetno inteligenco<\/h2>\n<p>Za svoje spletno mesto uporabljamo orodje za prevajanje, ki ga poganja umetna inteligenca, rojeni govorci pa pregledujejo in popravljajo morebitne neto\u010dnosti. Ta pristop zagotavlja u\u010dinkovitost in kakovost, saj se sistem umetne inteligence s\u010dasoma nenehno izbolj\u0161uje. Menimo, da ta metoda ponuja naju\u010dinkovitej\u0161i in stro\u0161kovno najugodnej\u0161i na\u010din, da je na\u0161e spletno mesto dostopno v ve\u010d jezikih, kar nam pomaga dose\u010di \u0161ir\u0161e ob\u010dinstvo posameznikov in organizacij. \u010ce imate kakr\u0161ne koli povratne informacije ali predloge v zvezi z na\u0161im postopkom prevajanja, vas bomo z veseljem sprejeli. Svoje misli nam sporo\u010dite po elektronski po\u0161ti.    <\/p>\n<h2>Vpra\u0161anja in pripombe<\/h2>\n<p>\u010ce \u017eelite dodatne informacije ali imate kakr\u0161na koli vpra\u0161anja, nam pi\u0161ite na:  <a href=\"mailto:info@stopcarcinogensatwork.eu\">info@stopcarcinogensatwork.eu<\/a><\/p>\n<p>&nbsp;<\/p>\n","protected":false},"excerpt":{"rendered":"<p>To spletno mesto je nastalo na pobudo Roadmap on Carcinogens: Vklju\u010dujejo se v sistem prostovoljnega ukrepanja na evropski ravni za boj proti poklicnemu raku. Naslednji partnerji (so se zavezali), da bodo dejavni in prevzemajo vodilno vlogo v tem programu za prepre\u010devanje exposure-a rakotvornih snovi na delovnem mestu: Avstrija: Zvezno ministrstvo za delo, socialne zadeve, zdravje, [&hellip;]<\/p>\n","protected":false},"author":1,"featured_media":0,"parent":77158,"menu_order":0,"comment_status":"closed","ping_status":"closed","template":"","meta":{"inline_featured_image":false,"footnotes":""},"class_list":["post-76552","page","type-page","status-publish","hentry"],"yoast_head":"<!-- This site is optimized with the Yoast SEO Premium plugin v27.0 (Yoast SEO v27.3) - https:\/\/yoast.com\/product\/yoast-seo-premium-wordpress\/ -->\n<title>O \u010dasovnem na\u010drtu za rakotvorne snovi - STOP carcinogens at work<\/title>\n<meta name=\"description\" content=\"To spleti\u0161\u010de je prostovoljna shema EU za prepre\u010devanje exposure zaposlenih rakotvorne snovi na delovnem mestu.\" \/>\n<meta name=\"robots\" content=\"index, follow, max-snippet:-1, max-image-preview:large, max-video-preview:-1\" \/>\n<link rel=\"canonical\" href=\"https:\/\/stopcarcinogensatwork.eu\/sl\/splosno\/o-casovnem-nacrtu-za-rakotvorne-snovi\/\" \/>\n<meta property=\"og:locale\" content=\"sl_SI\" \/>\n<meta property=\"og:type\" content=\"article\" \/>\n<meta property=\"og:title\" content=\"O \u010dasovnem na\u010drtu za rakotvorne snovi\" \/>\n<meta property=\"og:description\" content=\"To spleti\u0161\u010de je prostovoljna shema EU za prepre\u010devanje exposure zaposlenih rakotvorne snovi na delovnem mestu.\" \/>\n<meta property=\"og:url\" content=\"https:\/\/stopcarcinogensatwork.eu\/sl\/splosno\/o-casovnem-nacrtu-za-rakotvorne-snovi\/\" \/>\n<meta property=\"og:site_name\" content=\"STOP carcinogens at work\" \/>\n<meta property=\"article:modified_time\" content=\"2025-11-27T13:57:39+00:00\" \/>\n<meta property=\"og:image\" content=\"https:\/\/stopcarcinogensatwork.eu\/wp-content\/uploads\/2025\/11\/partners.jpg\" \/>\n\t<meta property=\"og:image:width\" content=\"2560\" \/>\n\t<meta property=\"og:image:height\" content=\"967\" \/>\n\t<meta property=\"og:image:type\" content=\"image\/jpeg\" \/>\n<meta name=\"twitter:card\" content=\"summary_large_image\" \/>\n<meta name=\"twitter:label1\" content=\"Est. reading time\" \/>\n\t<meta name=\"twitter:data1\" content=\"3 minute\" \/>\n<script type=\"application\/ld+json\" class=\"yoast-schema-graph\">{\"@context\":\"https:\\\/\\\/schema.org\",\"@graph\":[{\"@type\":\"WebPage\",\"@id\":\"https:\\\/\\\/stopcarcinogensatwork.eu\\\/sl\\\/splosno\\\/o-casovnem-nacrtu-za-rakotvorne-snovi\\\/\",\"url\":\"https:\\\/\\\/stopcarcinogensatwork.eu\\\/sl\\\/splosno\\\/o-casovnem-nacrtu-za-rakotvorne-snovi\\\/\",\"name\":\"O \u010dasovnem na\u010drtu za rakotvorne snovi - STOP carcinogens at work\",\"isPartOf\":{\"@id\":\"https:\\\/\\\/stopcarcinogensatwork.eu\\\/sl\\\/#website\"},\"primaryImageOfPage\":{\"@id\":\"https:\\\/\\\/stopcarcinogensatwork.eu\\\/sl\\\/splosno\\\/o-casovnem-nacrtu-za-rakotvorne-snovi\\\/#primaryimage\"},\"image\":{\"@id\":\"https:\\\/\\\/stopcarcinogensatwork.eu\\\/sl\\\/splosno\\\/o-casovnem-nacrtu-za-rakotvorne-snovi\\\/#primaryimage\"},\"thumbnailUrl\":\"https:\\\/\\\/stopcarcinogensatwork.eu\\\/wp-content\\\/uploads\\\/2025\\\/11\\\/partners.jpg\",\"datePublished\":\"2024-02-05T13:42:42+00:00\",\"dateModified\":\"2025-11-27T13:57:39+00:00\",\"description\":\"To spleti\u0161\u010de je prostovoljna shema EU za prepre\u010devanje exposure zaposlenih rakotvorne snovi na delovnem mestu.\",\"breadcrumb\":{\"@id\":\"https:\\\/\\\/stopcarcinogensatwork.eu\\\/sl\\\/splosno\\\/o-casovnem-nacrtu-za-rakotvorne-snovi\\\/#breadcrumb\"},\"inLanguage\":\"sl-SI\",\"potentialAction\":[{\"@type\":\"ReadAction\",\"target\":[\"https:\\\/\\\/stopcarcinogensatwork.eu\\\/sl\\\/splosno\\\/o-casovnem-nacrtu-za-rakotvorne-snovi\\\/\"]}]},{\"@type\":\"ImageObject\",\"inLanguage\":\"sl-SI\",\"@id\":\"https:\\\/\\\/stopcarcinogensatwork.eu\\\/sl\\\/splosno\\\/o-casovnem-nacrtu-za-rakotvorne-snovi\\\/#primaryimage\",\"url\":\"https:\\\/\\\/stopcarcinogensatwork.eu\\\/wp-content\\\/uploads\\\/2025\\\/11\\\/partners.jpg\",\"contentUrl\":\"https:\\\/\\\/stopcarcinogensatwork.eu\\\/wp-content\\\/uploads\\\/2025\\\/11\\\/partners.jpg\"},{\"@type\":\"BreadcrumbList\",\"@id\":\"https:\\\/\\\/stopcarcinogensatwork.eu\\\/sl\\\/splosno\\\/o-casovnem-nacrtu-za-rakotvorne-snovi\\\/#breadcrumb\",\"itemListElement\":[{\"@type\":\"ListItem\",\"position\":1,\"name\":\"Home\",\"item\":\"https:\\\/\\\/stopcarcinogensatwork.eu\\\/sl\\\/stop-carcinogens-at-work\\\/\"},{\"@type\":\"ListItem\",\"position\":2,\"name\":\"Splo\u0161no\",\"item\":\"https:\\\/\\\/stopcarcinogensatwork.eu\\\/sl\\\/splosno\\\/\"},{\"@type\":\"ListItem\",\"position\":3,\"name\":\"O \u010dasovnem na\u010drtu za rakotvorne snovi\"}]},{\"@type\":\"WebSite\",\"@id\":\"https:\\\/\\\/stopcarcinogensatwork.eu\\\/sl\\\/#website\",\"url\":\"https:\\\/\\\/stopcarcinogensatwork.eu\\\/sl\\\/\",\"name\":\"STOP Carcinogens at work\",\"description\":\"Every year, about 100.000 people die from cancer that was caused by exposure to carcinogens at work in Europe.\",\"publisher\":{\"@id\":\"https:\\\/\\\/stopcarcinogensatwork.eu\\\/sl\\\/#organization\"},\"alternateName\":\"Roadmap on Carcinogens\",\"potentialAction\":[{\"@type\":\"SearchAction\",\"target\":{\"@type\":\"EntryPoint\",\"urlTemplate\":\"https:\\\/\\\/stopcarcinogensatwork.eu\\\/sl\\\/?s={search_term_string}\"},\"query-input\":{\"@type\":\"PropertyValueSpecification\",\"valueRequired\":true,\"valueName\":\"search_term_string\"}}],\"inLanguage\":\"sl-SI\"},{\"@type\":\"Organization\",\"@id\":\"https:\\\/\\\/stopcarcinogensatwork.eu\\\/sl\\\/#organization\",\"name\":\"TNO\",\"alternateName\":\"This is a European wide voluntary action scheme\",\"url\":\"https:\\\/\\\/stopcarcinogensatwork.eu\\\/sl\\\/\",\"logo\":{\"@type\":\"ImageObject\",\"inLanguage\":\"sl-SI\",\"@id\":\"https:\\\/\\\/stopcarcinogensatwork.eu\\\/sl\\\/#\\\/schema\\\/logo\\\/image\\\/\",\"url\":\"https:\\\/\\\/stopcarcinogensatwork.eu\\\/wp-content\\\/uploads\\\/2024\\\/08\\\/cropped-FavLarge-1.png\",\"contentUrl\":\"https:\\\/\\\/stopcarcinogensatwork.eu\\\/wp-content\\\/uploads\\\/2024\\\/08\\\/cropped-FavLarge-1.png\",\"width\":512,\"height\":512,\"caption\":\"TNO\"},\"image\":{\"@id\":\"https:\\\/\\\/stopcarcinogensatwork.eu\\\/sl\\\/#\\\/schema\\\/logo\\\/image\\\/\"},\"publishingPrinciples\":\"https:\\\/\\\/stopcarcinogensatwork.eu\\\/homepage\\\/legal\\\/\",\"ownershipFundingInfo\":\"https:\\\/\\\/stopcarcinogensatwork.eu\\\/general\\\/about-us\\\/\"}]}<\/script>\n<!-- \/ Yoast SEO Premium plugin. -->","yoast_head_json":{"title":"O \u010dasovnem na\u010drtu za rakotvorne snovi - STOP carcinogens at work","description":"To spleti\u0161\u010de je prostovoljna shema EU za prepre\u010devanje exposure zaposlenih rakotvorne snovi na delovnem mestu.","robots":{"index":"index","follow":"follow","max-snippet":"max-snippet:-1","max-image-preview":"max-image-preview:large","max-video-preview":"max-video-preview:-1"},"canonical":"https:\/\/stopcarcinogensatwork.eu\/sl\/splosno\/o-casovnem-nacrtu-za-rakotvorne-snovi\/","og_locale":"sl_SI","og_type":"article","og_title":"O \u010dasovnem na\u010drtu za rakotvorne snovi","og_description":"To spleti\u0161\u010de je prostovoljna shema EU za prepre\u010devanje exposure zaposlenih rakotvorne snovi na delovnem mestu.","og_url":"https:\/\/stopcarcinogensatwork.eu\/sl\/splosno\/o-casovnem-nacrtu-za-rakotvorne-snovi\/","og_site_name":"STOP carcinogens at work","article_modified_time":"2025-11-27T13:57:39+00:00","og_image":[{"width":2560,"height":967,"url":"https:\/\/stopcarcinogensatwork.eu\/wp-content\/uploads\/2025\/11\/partners.jpg","type":"image\/jpeg"}],"twitter_card":"summary_large_image","twitter_misc":{"Est. reading time":"3 minute"},"schema":{"@context":"https:\/\/schema.org","@graph":[{"@type":"WebPage","@id":"https:\/\/stopcarcinogensatwork.eu\/sl\/splosno\/o-casovnem-nacrtu-za-rakotvorne-snovi\/","url":"https:\/\/stopcarcinogensatwork.eu\/sl\/splosno\/o-casovnem-nacrtu-za-rakotvorne-snovi\/","name":"O \u010dasovnem na\u010drtu za rakotvorne snovi - STOP carcinogens at work","isPartOf":{"@id":"https:\/\/stopcarcinogensatwork.eu\/sl\/#website"},"primaryImageOfPage":{"@id":"https:\/\/stopcarcinogensatwork.eu\/sl\/splosno\/o-casovnem-nacrtu-za-rakotvorne-snovi\/#primaryimage"},"image":{"@id":"https:\/\/stopcarcinogensatwork.eu\/sl\/splosno\/o-casovnem-nacrtu-za-rakotvorne-snovi\/#primaryimage"},"thumbnailUrl":"https:\/\/stopcarcinogensatwork.eu\/wp-content\/uploads\/2025\/11\/partners.jpg","datePublished":"2024-02-05T13:42:42+00:00","dateModified":"2025-11-27T13:57:39+00:00","description":"To spleti\u0161\u010de je prostovoljna shema EU za prepre\u010devanje exposure zaposlenih rakotvorne snovi na delovnem mestu.","breadcrumb":{"@id":"https:\/\/stopcarcinogensatwork.eu\/sl\/splosno\/o-casovnem-nacrtu-za-rakotvorne-snovi\/#breadcrumb"},"inLanguage":"sl-SI","potentialAction":[{"@type":"ReadAction","target":["https:\/\/stopcarcinogensatwork.eu\/sl\/splosno\/o-casovnem-nacrtu-za-rakotvorne-snovi\/"]}]},{"@type":"ImageObject","inLanguage":"sl-SI","@id":"https:\/\/stopcarcinogensatwork.eu\/sl\/splosno\/o-casovnem-nacrtu-za-rakotvorne-snovi\/#primaryimage","url":"https:\/\/stopcarcinogensatwork.eu\/wp-content\/uploads\/2025\/11\/partners.jpg","contentUrl":"https:\/\/stopcarcinogensatwork.eu\/wp-content\/uploads\/2025\/11\/partners.jpg"},{"@type":"BreadcrumbList","@id":"https:\/\/stopcarcinogensatwork.eu\/sl\/splosno\/o-casovnem-nacrtu-za-rakotvorne-snovi\/#breadcrumb","itemListElement":[{"@type":"ListItem","position":1,"name":"Home","item":"https:\/\/stopcarcinogensatwork.eu\/sl\/stop-carcinogens-at-work\/"},{"@type":"ListItem","position":2,"name":"Splo\u0161no","item":"https:\/\/stopcarcinogensatwork.eu\/sl\/splosno\/"},{"@type":"ListItem","position":3,"name":"O \u010dasovnem na\u010drtu za rakotvorne snovi"}]},{"@type":"WebSite","@id":"https:\/\/stopcarcinogensatwork.eu\/sl\/#website","url":"https:\/\/stopcarcinogensatwork.eu\/sl\/","name":"STOP Carcinogens at work","description":"Every year, about 100.000 people die from cancer that was caused by exposure to carcinogens at work in Europe.","publisher":{"@id":"https:\/\/stopcarcinogensatwork.eu\/sl\/#organization"},"alternateName":"Roadmap on Carcinogens","potentialAction":[{"@type":"SearchAction","target":{"@type":"EntryPoint","urlTemplate":"https:\/\/stopcarcinogensatwork.eu\/sl\/?s={search_term_string}"},"query-input":{"@type":"PropertyValueSpecification","valueRequired":true,"valueName":"search_term_string"}}],"inLanguage":"sl-SI"},{"@type":"Organization","@id":"https:\/\/stopcarcinogensatwork.eu\/sl\/#organization","name":"TNO","alternateName":"This is a European wide voluntary action scheme","url":"https:\/\/stopcarcinogensatwork.eu\/sl\/","logo":{"@type":"ImageObject","inLanguage":"sl-SI","@id":"https:\/\/stopcarcinogensatwork.eu\/sl\/#\/schema\/logo\/image\/","url":"https:\/\/stopcarcinogensatwork.eu\/wp-content\/uploads\/2024\/08\/cropped-FavLarge-1.png","contentUrl":"https:\/\/stopcarcinogensatwork.eu\/wp-content\/uploads\/2024\/08\/cropped-FavLarge-1.png","width":512,"height":512,"caption":"TNO"},"image":{"@id":"https:\/\/stopcarcinogensatwork.eu\/sl\/#\/schema\/logo\/image\/"},"publishingPrinciples":"https:\/\/stopcarcinogensatwork.eu\/homepage\/legal\/","ownershipFundingInfo":"https:\/\/stopcarcinogensatwork.eu\/general\/about-us\/"}]}},"_links":{"self":[{"href":"https:\/\/stopcarcinogensatwork.eu\/sl\/wp-json\/wp\/v2\/pages\/76552","targetHints":{"allow":["GET"]}}],"collection":[{"href":"https:\/\/stopcarcinogensatwork.eu\/sl\/wp-json\/wp\/v2\/pages"}],"about":[{"href":"https:\/\/stopcarcinogensatwork.eu\/sl\/wp-json\/wp\/v2\/types\/page"}],"author":[{"embeddable":true,"href":"https:\/\/stopcarcinogensatwork.eu\/sl\/wp-json\/wp\/v2\/users\/1"}],"replies":[{"embeddable":true,"href":"https:\/\/stopcarcinogensatwork.eu\/sl\/wp-json\/wp\/v2\/comments?post=76552"}],"version-history":[{"count":0,"href":"https:\/\/stopcarcinogensatwork.eu\/sl\/wp-json\/wp\/v2\/pages\/76552\/revisions"}],"up":[{"embeddable":true,"href":"https:\/\/stopcarcinogensatwork.eu\/sl\/wp-json\/wp\/v2\/pages\/77158"}],"wp:attachment":[{"href":"https:\/\/stopcarcinogensatwork.eu\/sl\/wp-json\/wp\/v2\/media?parent=76552"}],"curies":[{"name":"wp","href":"https:\/\/api.w.org\/{rel}","templated":true}]}}