{"id":77134,"date":"2024-02-17T16:45:26","date_gmt":"2024-02-17T16:45:26","guid":{"rendered":"https:\/\/stopcarcinogensatwork.eu\/t-tehnicni-ukrepi\/"},"modified":"2025-09-04T10:16:38","modified_gmt":"2025-09-04T10:16:38","slug":"t-tehnicni-ukrepi","status":"publish","type":"page","link":"https:\/\/stopcarcinogensatwork.eu\/sl\/spoznajte-osnovne-strategije-preprecevanja\/t-tehnicni-ukrepi\/","title":{"rendered":"T &#8211; Tehni\u010dni ukrepi"},"content":{"rendered":"<blockquote><p>STOP sledi hierarhiji nadzora. Pri rakotvornih snoveh je korak navzdol v hierarhiji dovoljen le, \u010de zaradi tehni\u010dnih omejitev ne morete popolnoma odpraviti izpostavljenosti. Tu se bomo osredoto\u010dili na drugo stopnjo, T za tehni\u010dne ukrepe. Pred T upo\u0161tevajte S. Upo\u0161tevajte tudi, da lahko uporabite kombinacijo ukrepov.   <\/p><\/blockquote>\n<p>Tehni\u010dni ukrepi vklju\u010dujejo mehanske naprave ali postopke, ki odpravljajo ali zmanj\u0161ujejo izpostavljenost rakotvornim snovem. Ti tehni\u010dni ukrepi lahko vklju\u010dujejo ograjevanje, uporabo prezra\u010devanja in\/ali avtomatizacijo procesov. <\/p>\n<p>Kaj je treba upo\u0161tevati pri ocenjevanju ukrepov, ki jih je treba izvesti:<\/p>\n<ul>\n<li>Opredelite vse tehni\u010dne re\u0161itve (npr. enkapsulacija ali prezra\u010devanje), ki so \u017ee vzpostavljene, in ocenite njihovo u\u010dinkovitost\/u\u010dinkovitost (vklju\u010dno z na\u010drti vzdr\u017eevanja).<\/li>\n<li>Po potrebi preu\u010dite druge razpolo\u017eljive tehni\u010dne re\u0161itve, ki bi lahko izbolj\u0161ale nadzor: pridobite opis re\u0161itve, njeno primernost u\u010dinkovitost in uspe\u0161nost.<\/li>\n<li>Upo\u0161tevajte mo\u017een skupni u\u010dinek tehni\u010dnih re\u0161itev.<\/li>\n<li>Od ponudnika opreme zahtevajte uporabni\u0161ki priro\u010dnik.<\/li>\n<li>poskrbite, da bodo va\u0161i zaposleni (vklju\u010dno s \u010distilci in vzdr\u017eevalci) ustrezno usposobljeni za tehni\u010dne ukrepe.<\/li>\n<li>zaposlenim zagotovite jasna navodila za pravilno uporabo teh tehni\u010dnih ukrepov: po mo\u017enosti s ponazorili.<\/li>\n<\/ul>\n<h2>Nekateri tehni\u010dni ukrepi, ki jih je treba upo\u0161tevati<\/h2>\n<p>Pri dolo\u010danju in uporabi najbolj\u0161ih tehni\u010dnih ukrepov ne pozabite upo\u0161tevati posebnosti delovnega mesta (npr. prostori s stalno prezra\u010devalno opremo, objekti na prostem).<\/p>\n<p>Na voljo so razli\u010dni tehni\u010dni ukrepi, ki jih je mogo\u010de uporabiti glede na razmere na delovnem mestu. V tem letaku je naveden \u0161irok nabor primerov, pri \u010demer ne smete pozabiti, da so na voljo tudi druge mo\u017ene re\u0161itve. <\/p>\n<h3>Zaprti sistemi<\/h3>\n<p>Zaprti sistemi so zelo u\u010dinkovit tehni\u010dni za\u0161\u010ditni ukrep. Zaprti sistemi lahko vklju\u010dujejo enkapsulacijo, integrirane sisteme za odsesavanje kot sestavni tehni\u010dni del delovne opreme ali zelo u\u010dinkovite sisteme za odsesavanje. <\/p>\n<h3>Zadr\u017eevanje<\/h3>\n<p>Delno zaprti sistemi omogo\u010dajo dostop do procesa, hkrati pa prepre\u010dujejo spro\u0161\u010danje rakotvornih snovi ali zmanj\u0161ujejo izpostavljenost. Ti sistemi so obi\u010dajno kombinirani z ekstrakcijskimi prezra\u010devalnimi sistemi ali sistemi za pretok zraka, npr. prezra\u010devana delovna miza, digestorij. <\/p>\n<h3>Prezra\u010devanje<\/h3>\n<p>Ocenite u\u010dinkovitost morebitnega \u017ee obstoje\u010dega prezra\u010devalnega sistema in izvedljivost strukture delovnega mesta za uvedbo novega prezra\u010devalnega sistema.<\/p>\n<p>Pri iskanju u\u010dinkovitega in uspe\u0161nega prezra\u010devanja se lahko spodaj navedene mo\u017enosti uporabijo posami\u010dno ali v kombinaciji:<\/p>\n<ol>\n<li>Prezra\u010devanje z naravnim red\u010denjem<\/li>\n<li>Mehansko prezra\u010devanje z red\u010denjem<\/li>\n<li>Mehansko izpu\u0161no prezra\u010devanje<\/li>\n<\/ol>\n<p>Obrnite se na dobavitelje, da vam zagotovijo tehni\u010dne specifikacije razli\u010dnih prezra\u010devalnih sistemov.<\/p>\n<h3>Uporaba razli\u010dnih metod dela<\/h3>\n<p>Sprememba delovnih metod je lahko tudi mo\u017enost za zmanj\u0161anje izpostavljenosti pri delu zaradi brizganja teko\u010din ali nastajanja prahu. Razmislite lahko o razli\u010dnih alternativnih metodah, kot so \u010drpanje namesto polivanja, sesanje ali vla\u017eilni sistemi namesto pometanja. <\/p>\n<h3>Uporaba rakotvorne snovi v druga\u010dni obliki<\/h3>\n<p>Pri odlo\u010danju o tehni\u010dnih ukrepih, ki jih je treba izvesti, se lahko upo\u0161teva tudi fizikalna oblika rakotvorne snovi. Pra\u0161ki so bolj izpostavljeni vi\u0161jim ravnem izpostavljenosti, zato lahko stisnjena oblika (kot so peleti ali tablete) ali gel zmanj\u0161a izpostavljenost zaposlenega. Ocenite mo\u017enost uporabe rakotvorne snovi v obliki, ki bi lahko povzro\u010dila manj\u0161o izpostavljenost.  <\/p>\n<p>Na\u010din pakiranja rakotvorne snovi lahko vpliva na raven izpostavljenosti. Na primer, uporaba topne embala\u017ee ali zmanj\u0161anje njene velikosti lahko zmanj\u0161a izpostavljenost. <\/p>\n","protected":false},"excerpt":{"rendered":"<p>STOP sledi hierarhiji nadzora. Pri rakotvornih snoveh je korak navzdol v hierarhiji dovoljen le, \u010de zaradi tehni\u010dnih omejitev ne morete popolnoma odpraviti izpostavljenosti. Tu se bomo osredoto\u010dili na drugo stopnjo, T za tehni\u010dne ukrepe. Pred T upo\u0161tevajte S. Upo\u0161tevajte tudi, da lahko uporabite kombinacijo ukrepov. Tehni\u010dni ukrepi vklju\u010dujejo mehanske naprave ali postopke, ki odpravljajo ali [&hellip;]<\/p>\n","protected":false},"author":1,"featured_media":0,"parent":84929,"menu_order":0,"comment_status":"closed","ping_status":"closed","template":"","meta":{"inline_featured_image":false,"footnotes":""},"class_list":["post-77134","page","type-page","status-publish","hentry"],"yoast_head":"<!-- This site is optimized with the Yoast SEO Premium plugin v27.0 (Yoast SEO v27.4) - https:\/\/yoast.com\/product\/yoast-seo-premium-wordpress\/ -->\n<title>T - Tehni\u010dni ukrepi - STOP carcinogens at work<\/title>\n<meta name=\"description\" content=\"Every year, more than 100.000 people die in the EU from cancer caused by carcinogens at work. This must STOP!\" \/>\n<meta name=\"robots\" content=\"index, follow, max-snippet:-1, max-image-preview:large, max-video-preview:-1\" \/>\n<link rel=\"canonical\" href=\"https:\/\/stopcarcinogensatwork.eu\/sl\/spoznajte-osnovne-strategije-preprecevanja\/t-tehnicni-ukrepi\/\" \/>\n<meta property=\"og:locale\" content=\"sl_SI\" \/>\n<meta property=\"og:type\" content=\"article\" \/>\n<meta property=\"og:title\" content=\"T - Tehni\u010dni ukrepi\" \/>\n<meta property=\"og:description\" content=\"Every year, more than 100.000 people die in the EU from cancer caused by carcinogens at work. This must STOP!\" \/>\n<meta property=\"og:url\" content=\"https:\/\/stopcarcinogensatwork.eu\/sl\/spoznajte-osnovne-strategije-preprecevanja\/t-tehnicni-ukrepi\/\" \/>\n<meta property=\"og:site_name\" content=\"STOP carcinogens at work\" \/>\n<meta property=\"article:modified_time\" content=\"2025-09-04T10:16:38+00:00\" \/>\n<meta name=\"twitter:card\" content=\"summary_large_image\" \/>\n<meta name=\"twitter:label1\" content=\"Est. reading time\" \/>\n\t<meta name=\"twitter:data1\" content=\"3 minute\" \/>\n<script type=\"application\/ld+json\" class=\"yoast-schema-graph\">{\"@context\":\"https:\\\/\\\/schema.org\",\"@graph\":[{\"@type\":\"WebPage\",\"@id\":\"https:\\\/\\\/stopcarcinogensatwork.eu\\\/sl\\\/spoznajte-osnovne-strategije-preprecevanja\\\/t-tehnicni-ukrepi\\\/\",\"url\":\"https:\\\/\\\/stopcarcinogensatwork.eu\\\/sl\\\/spoznajte-osnovne-strategije-preprecevanja\\\/t-tehnicni-ukrepi\\\/\",\"name\":\"T - Tehni\u010dni ukrepi - STOP carcinogens at work\",\"isPartOf\":{\"@id\":\"https:\\\/\\\/stopcarcinogensatwork.eu\\\/sl\\\/#website\"},\"datePublished\":\"2024-02-17T16:45:26+00:00\",\"dateModified\":\"2025-09-04T10:16:38+00:00\",\"description\":\"Every year, more than 100.000 people die in the EU from cancer caused by carcinogens at work. This must STOP!\",\"breadcrumb\":{\"@id\":\"https:\\\/\\\/stopcarcinogensatwork.eu\\\/sl\\\/spoznajte-osnovne-strategije-preprecevanja\\\/t-tehnicni-ukrepi\\\/#breadcrumb\"},\"inLanguage\":\"sl-SI\",\"potentialAction\":[{\"@type\":\"ReadAction\",\"target\":[\"https:\\\/\\\/stopcarcinogensatwork.eu\\\/sl\\\/spoznajte-osnovne-strategije-preprecevanja\\\/t-tehnicni-ukrepi\\\/\"]}]},{\"@type\":\"BreadcrumbList\",\"@id\":\"https:\\\/\\\/stopcarcinogensatwork.eu\\\/sl\\\/spoznajte-osnovne-strategije-preprecevanja\\\/t-tehnicni-ukrepi\\\/#breadcrumb\",\"itemListElement\":[{\"@type\":\"ListItem\",\"position\":1,\"name\":\"Home\",\"item\":\"https:\\\/\\\/stopcarcinogensatwork.eu\\\/sl\\\/stop-carcinogens-at-work\\\/\"},{\"@type\":\"ListItem\",\"position\":2,\"name\":\"Spoznajte osnovne strategije prepre\u010devanja\",\"item\":\"https:\\\/\\\/stopcarcinogensatwork.eu\\\/sl\\\/spoznajte-osnovne-strategije-preprecevanja\\\/\"},{\"@type\":\"ListItem\",\"position\":3,\"name\":\"T &#8211; Tehni\u010dni ukrepi\"}]},{\"@type\":\"WebSite\",\"@id\":\"https:\\\/\\\/stopcarcinogensatwork.eu\\\/sl\\\/#website\",\"url\":\"https:\\\/\\\/stopcarcinogensatwork.eu\\\/sl\\\/\",\"name\":\"STOP Carcinogens at work\",\"description\":\"Every year, about 100.000 people die from cancer that was caused by exposure to carcinogens at work in Europe.\",\"publisher\":{\"@id\":\"https:\\\/\\\/stopcarcinogensatwork.eu\\\/sl\\\/#organization\"},\"alternateName\":\"Roadmap on Carcinogens\",\"potentialAction\":[{\"@type\":\"SearchAction\",\"target\":{\"@type\":\"EntryPoint\",\"urlTemplate\":\"https:\\\/\\\/stopcarcinogensatwork.eu\\\/sl\\\/?s={search_term_string}\"},\"query-input\":{\"@type\":\"PropertyValueSpecification\",\"valueRequired\":true,\"valueName\":\"search_term_string\"}}],\"inLanguage\":\"sl-SI\"},{\"@type\":\"Organization\",\"@id\":\"https:\\\/\\\/stopcarcinogensatwork.eu\\\/sl\\\/#organization\",\"name\":\"TNO\",\"alternateName\":\"This is a European wide voluntary action scheme\",\"url\":\"https:\\\/\\\/stopcarcinogensatwork.eu\\\/sl\\\/\",\"logo\":{\"@type\":\"ImageObject\",\"inLanguage\":\"sl-SI\",\"@id\":\"https:\\\/\\\/stopcarcinogensatwork.eu\\\/sl\\\/#\\\/schema\\\/logo\\\/image\\\/\",\"url\":\"https:\\\/\\\/stopcarcinogensatwork.eu\\\/wp-content\\\/uploads\\\/2024\\\/08\\\/cropped-FavLarge-1.png\",\"contentUrl\":\"https:\\\/\\\/stopcarcinogensatwork.eu\\\/wp-content\\\/uploads\\\/2024\\\/08\\\/cropped-FavLarge-1.png\",\"width\":512,\"height\":512,\"caption\":\"TNO\"},\"image\":{\"@id\":\"https:\\\/\\\/stopcarcinogensatwork.eu\\\/sl\\\/#\\\/schema\\\/logo\\\/image\\\/\"},\"publishingPrinciples\":\"https:\\\/\\\/stopcarcinogensatwork.eu\\\/homepage\\\/legal\\\/\",\"ownershipFundingInfo\":\"https:\\\/\\\/stopcarcinogensatwork.eu\\\/general\\\/about-us\\\/\"}]}<\/script>\n<!-- \/ Yoast SEO Premium plugin. -->","yoast_head_json":{"title":"T - Tehni\u010dni ukrepi - STOP carcinogens at work","description":"Every year, more than 100.000 people die in the EU from cancer caused by carcinogens at work. This must STOP!","robots":{"index":"index","follow":"follow","max-snippet":"max-snippet:-1","max-image-preview":"max-image-preview:large","max-video-preview":"max-video-preview:-1"},"canonical":"https:\/\/stopcarcinogensatwork.eu\/sl\/spoznajte-osnovne-strategije-preprecevanja\/t-tehnicni-ukrepi\/","og_locale":"sl_SI","og_type":"article","og_title":"T - Tehni\u010dni ukrepi","og_description":"Every year, more than 100.000 people die in the EU from cancer caused by carcinogens at work. This must STOP!","og_url":"https:\/\/stopcarcinogensatwork.eu\/sl\/spoznajte-osnovne-strategije-preprecevanja\/t-tehnicni-ukrepi\/","og_site_name":"STOP carcinogens at work","article_modified_time":"2025-09-04T10:16:38+00:00","twitter_card":"summary_large_image","twitter_misc":{"Est. reading time":"3 minute"},"schema":{"@context":"https:\/\/schema.org","@graph":[{"@type":"WebPage","@id":"https:\/\/stopcarcinogensatwork.eu\/sl\/spoznajte-osnovne-strategije-preprecevanja\/t-tehnicni-ukrepi\/","url":"https:\/\/stopcarcinogensatwork.eu\/sl\/spoznajte-osnovne-strategije-preprecevanja\/t-tehnicni-ukrepi\/","name":"T - Tehni\u010dni ukrepi - STOP carcinogens at work","isPartOf":{"@id":"https:\/\/stopcarcinogensatwork.eu\/sl\/#website"},"datePublished":"2024-02-17T16:45:26+00:00","dateModified":"2025-09-04T10:16:38+00:00","description":"Every year, more than 100.000 people die in the EU from cancer caused by carcinogens at work. This must STOP!","breadcrumb":{"@id":"https:\/\/stopcarcinogensatwork.eu\/sl\/spoznajte-osnovne-strategije-preprecevanja\/t-tehnicni-ukrepi\/#breadcrumb"},"inLanguage":"sl-SI","potentialAction":[{"@type":"ReadAction","target":["https:\/\/stopcarcinogensatwork.eu\/sl\/spoznajte-osnovne-strategije-preprecevanja\/t-tehnicni-ukrepi\/"]}]},{"@type":"BreadcrumbList","@id":"https:\/\/stopcarcinogensatwork.eu\/sl\/spoznajte-osnovne-strategije-preprecevanja\/t-tehnicni-ukrepi\/#breadcrumb","itemListElement":[{"@type":"ListItem","position":1,"name":"Home","item":"https:\/\/stopcarcinogensatwork.eu\/sl\/stop-carcinogens-at-work\/"},{"@type":"ListItem","position":2,"name":"Spoznajte osnovne strategije prepre\u010devanja","item":"https:\/\/stopcarcinogensatwork.eu\/sl\/spoznajte-osnovne-strategije-preprecevanja\/"},{"@type":"ListItem","position":3,"name":"T &#8211; Tehni\u010dni ukrepi"}]},{"@type":"WebSite","@id":"https:\/\/stopcarcinogensatwork.eu\/sl\/#website","url":"https:\/\/stopcarcinogensatwork.eu\/sl\/","name":"STOP Carcinogens at work","description":"Every year, about 100.000 people die from cancer that was caused by exposure to carcinogens at work in Europe.","publisher":{"@id":"https:\/\/stopcarcinogensatwork.eu\/sl\/#organization"},"alternateName":"Roadmap on Carcinogens","potentialAction":[{"@type":"SearchAction","target":{"@type":"EntryPoint","urlTemplate":"https:\/\/stopcarcinogensatwork.eu\/sl\/?s={search_term_string}"},"query-input":{"@type":"PropertyValueSpecification","valueRequired":true,"valueName":"search_term_string"}}],"inLanguage":"sl-SI"},{"@type":"Organization","@id":"https:\/\/stopcarcinogensatwork.eu\/sl\/#organization","name":"TNO","alternateName":"This is a European wide voluntary action scheme","url":"https:\/\/stopcarcinogensatwork.eu\/sl\/","logo":{"@type":"ImageObject","inLanguage":"sl-SI","@id":"https:\/\/stopcarcinogensatwork.eu\/sl\/#\/schema\/logo\/image\/","url":"https:\/\/stopcarcinogensatwork.eu\/wp-content\/uploads\/2024\/08\/cropped-FavLarge-1.png","contentUrl":"https:\/\/stopcarcinogensatwork.eu\/wp-content\/uploads\/2024\/08\/cropped-FavLarge-1.png","width":512,"height":512,"caption":"TNO"},"image":{"@id":"https:\/\/stopcarcinogensatwork.eu\/sl\/#\/schema\/logo\/image\/"},"publishingPrinciples":"https:\/\/stopcarcinogensatwork.eu\/homepage\/legal\/","ownershipFundingInfo":"https:\/\/stopcarcinogensatwork.eu\/general\/about-us\/"}]}},"_links":{"self":[{"href":"https:\/\/stopcarcinogensatwork.eu\/sl\/wp-json\/wp\/v2\/pages\/77134","targetHints":{"allow":["GET"]}}],"collection":[{"href":"https:\/\/stopcarcinogensatwork.eu\/sl\/wp-json\/wp\/v2\/pages"}],"about":[{"href":"https:\/\/stopcarcinogensatwork.eu\/sl\/wp-json\/wp\/v2\/types\/page"}],"author":[{"embeddable":true,"href":"https:\/\/stopcarcinogensatwork.eu\/sl\/wp-json\/wp\/v2\/users\/1"}],"replies":[{"embeddable":true,"href":"https:\/\/stopcarcinogensatwork.eu\/sl\/wp-json\/wp\/v2\/comments?post=77134"}],"version-history":[{"count":0,"href":"https:\/\/stopcarcinogensatwork.eu\/sl\/wp-json\/wp\/v2\/pages\/77134\/revisions"}],"up":[{"embeddable":true,"href":"https:\/\/stopcarcinogensatwork.eu\/sl\/wp-json\/wp\/v2\/pages\/84929"}],"wp:attachment":[{"href":"https:\/\/stopcarcinogensatwork.eu\/sl\/wp-json\/wp\/v2\/media?parent=77134"}],"curies":[{"name":"wp","href":"https:\/\/api.w.org\/{rel}","templated":true}]}}