{"id":77139,"date":"2024-03-06T08:45:07","date_gmt":"2024-03-06T08:45:07","guid":{"rendered":"https:\/\/stopcarcinogensatwork.eu\/s-zamenjava\/"},"modified":"2025-09-04T10:16:39","modified_gmt":"2025-09-04T10:16:39","slug":"s-zamenjava","status":"publish","type":"page","link":"https:\/\/stopcarcinogensatwork.eu\/sl\/spoznajte-osnovne-strategije-preprecevanja\/s-zamenjava\/","title":{"rendered":"S &#8211; zamenjava"},"content":{"rendered":"<blockquote><p>Na\u010delo STOP opisuje prednostni vrstni red za\u0161\u010ditnih ukrepov. Delodajalec mora pri dolo\u010danju in uporabi za\u0161\u010ditnih ukrepov upo\u0161tevati ta prednostni vrstni red. Tu se bomo osredoto\u010dili na prvo stopnjo, S za zamenjavo. Najprej upo\u0161tevajte S. Upo\u0161tevajte tudi, da se lahko uporabi kombinacija ukrepov.    <\/p><\/blockquote>\n<p>Nadome\u0161\u010danje rakotvornih snovi je lahko izziv. Na voljo mora biti tehni\u010dno enakovredna alternativa, ki je izvedljiva. Tveganje, ki ga povzro\u010da alternativa, mora biti manj\u0161e od tveganja, ki ga povzro\u010da nadome\u0161\u010dena rakotvorna snovi. \u010ce ocena ne omogo\u010da zamenjave dolo\u010dene rakotvorne snovi, je treba razloge za to pregledno dokumentirati.   <\/p>\n<p>Na splo\u0161no uspe\u0161na zamenjava zmanj\u0161uje tveganja za zaposlene in delodajalcem omogo\u010da izvajanje manj zahtevnih ukrepov za obvladovanje tveganja. Pri popolni odpravi izpostavljenosti rakotvorne snovi ne bi bil potreben niti register izpostavljenosti niti shranjevanje do 40 let. S tem bi se lahko zmanj\u0161ali stro\u0161ki, npr. za varnostno opremo, odpadke, zdravstvene preglede. Predvsem pa nadomestitev koristi zdravju zaposlenih.   <\/p>\n<p>Pri ocenjevanju zamenjave,<\/p>\n<ul>\n<li>Preverite pravne obveznosti, ki bi lahko omejile ali omejujejo uporabo rakotvorne snovi. Primer je avtorizacija v skladu z uredbo REACH. <\/li>\n<li>Dolo\u010dite rakotvorne snovi z najve\u010djim tveganjem na delovnem mestu in jih najprej upo\u0161tevajte.<\/li>\n<li>Ugotovite, ali ima uporabljena rakotvorne snovi vlogo v kon\u010dni zmesi ali izdelku. \u010ce je tako, je te rakotvorne snovi obi\u010dajno te\u017eje zamenjati, zato bo morda treba spremeniti zasnovo zmesi ali izdelka ali pa bo treba izvesti obse\u017enej\u0161e spremembe celotnega proizvodnega postopka. <\/li>\n<li>Ugotovite, katera merila va\u0161a stranka resni\u010dno potrebuje in kje so ta merila prilagodljiva, da omogo\u010dajo spremembe.<\/li>\n<li>Dolo\u010dite merila za zamenjavo, ki so pomembna za vas in va\u0161e podjetje. Zavedajte se, da veliko varnej\u0161e alternative ne smete zanemariti samo zaradi stro\u0161kov. <\/li>\n<li>Ugotovite, kdo mora biti vklju\u010den v va\u0161o dobavno verigo.<\/li>\n<li>Zberite informacije o razpolo\u017eljivih alternativah in se odlo\u010dajte na podlagi informacij. Re\u0161itve so morda \u017ee na voljo. <\/li>\n<li>Upo\u0161tevajte trajnostne vidike, npr. oglji\u010dni odtis, emisije toplogrednih plinov, mo\u017enost recikliranja, ki postajajo vse pomembnej\u0161i.<\/li>\n<li>Ni nujno, da je alternativa univerzalna re\u0161itev. Namesto tega razmislite o kombinaciji ve\u010d vrst ukrepov. <\/li>\n<\/ul>\n<h2>Nekateri ukrepi, ki jih je treba upo\u0161tevati<\/h2>\n<h3>Alternativne snovi ali zmesi<\/h3>\n<p>Pogosto je zamenjavo z alternativno snovjo ali zmesjo la\u017eje izvesti v \u017ee uveljavljenih proizvodnih postopkih in lahko zahteva le manj\u0161e prilagoditve. Vendar se izognite ob\u017ealovanja vredni zamenjavi z nadomestnimi snovmi iz iste kemijske skupine in s podobnim toksikolo\u0161kim profilom. Informacije o kemijskih lastnostih, in sicer o parnem tlaku, in razvrstitvi so na voljo v varnostnem listu va\u0161ega dobavitelja in v posebnih podatkovnih zbirkah o kemikalijah, npr. pri agenciji ECHA.  <\/p>\n<p>Primer: krom (III) namesto kroma (VI) pri povr\u0161inski obdelavi dekorativnega kromiranja.<\/p>\n<h3>Tehni\u010dne alternative<\/h3>\n<p>S tehni\u010dnimi alternativami se isti rezultat dose\u017ee z druga\u010dnim postopkom. Na primer uporaba fizikalnega postopka namesto kemi\u010dnega. Spremembe postopkov pogosto zahtevajo uporabo alternativnih snovi. Spremenijo se lahko tudi lastnosti kon\u010dnega izdelka ali materiala.   <\/p>\n<p>Primer: fizikalno nana\u0161anje iz par (PVD) namesto kromiranja s kromom (VI) za nekatere uporabe.<\/p>\n<h3>Funkcionalne alternative<\/h3>\n<p>\u010ce se osredoto\u010dite na funkcijo v kon\u010dni me\u0161anici ali izdelku, lahko upo\u0161tevate \u0161ir\u0161i nabor alternativ, vendar bo morda treba spremeniti zasnovo. Dolo\u010dena funkcija se lahko zagotovi z alternativo, \u010de je verjetna in izvedljiva. <\/p>\n<p>Primer: nadomestitev obdelave povr\u0161ine s kromom (VI) z za\u0161\u010dito povr\u0161ine z voskom ali polirnim sredstvom, ki prepre\u010duje hitro korozijo zaradi izpostavljenosti kisiku in vodi.<\/p>\n","protected":false},"excerpt":{"rendered":"<p>Na\u010delo STOP opisuje prednostni vrstni red za\u0161\u010ditnih ukrepov. Delodajalec mora pri dolo\u010danju in uporabi za\u0161\u010ditnih ukrepov upo\u0161tevati ta prednostni vrstni red. Tu se bomo osredoto\u010dili na prvo stopnjo, S za zamenjavo. Najprej upo\u0161tevajte S. Upo\u0161tevajte tudi, da se lahko uporabi kombinacija ukrepov. Nadome\u0161\u010danje rakotvornih snovi je lahko izziv. Na voljo mora biti tehni\u010dno enakovredna alternativa, [&hellip;]<\/p>\n","protected":false},"author":1,"featured_media":0,"parent":84929,"menu_order":0,"comment_status":"closed","ping_status":"closed","template":"","meta":{"inline_featured_image":false,"footnotes":""},"class_list":["post-77139","page","type-page","status-publish","hentry"],"yoast_head":"<!-- This site is optimized with the Yoast SEO Premium plugin v27.0 (Yoast SEO v27.3) - https:\/\/yoast.com\/product\/yoast-seo-premium-wordpress\/ -->\n<title>S - zamenjava - STOP carcinogens at work<\/title>\n<meta name=\"description\" content=\"Every year, more than 100.000 people die in the EU from cancer caused by carcinogens at work. This must STOP!\" \/>\n<meta name=\"robots\" content=\"index, follow, max-snippet:-1, max-image-preview:large, max-video-preview:-1\" \/>\n<link rel=\"canonical\" href=\"https:\/\/stopcarcinogensatwork.eu\/sl\/spoznajte-osnovne-strategije-preprecevanja\/s-zamenjava\/\" \/>\n<meta property=\"og:locale\" content=\"sl_SI\" \/>\n<meta property=\"og:type\" content=\"article\" \/>\n<meta property=\"og:title\" content=\"S - zamenjava\" \/>\n<meta property=\"og:description\" content=\"Every year, more than 100.000 people die in the EU from cancer caused by carcinogens at work. This must STOP!\" \/>\n<meta property=\"og:url\" content=\"https:\/\/stopcarcinogensatwork.eu\/sl\/spoznajte-osnovne-strategije-preprecevanja\/s-zamenjava\/\" \/>\n<meta property=\"og:site_name\" content=\"STOP carcinogens at work\" \/>\n<meta property=\"article:modified_time\" content=\"2025-09-04T10:16:39+00:00\" \/>\n<meta name=\"twitter:card\" content=\"summary_large_image\" \/>\n<meta name=\"twitter:label1\" content=\"Est. reading time\" \/>\n\t<meta name=\"twitter:data1\" content=\"3 minute\" \/>\n<script type=\"application\/ld+json\" class=\"yoast-schema-graph\">{\"@context\":\"https:\\\/\\\/schema.org\",\"@graph\":[{\"@type\":\"WebPage\",\"@id\":\"https:\\\/\\\/stopcarcinogensatwork.eu\\\/sl\\\/spoznajte-osnovne-strategije-preprecevanja\\\/s-zamenjava\\\/\",\"url\":\"https:\\\/\\\/stopcarcinogensatwork.eu\\\/sl\\\/spoznajte-osnovne-strategije-preprecevanja\\\/s-zamenjava\\\/\",\"name\":\"S - zamenjava - STOP carcinogens at work\",\"isPartOf\":{\"@id\":\"https:\\\/\\\/stopcarcinogensatwork.eu\\\/sl\\\/#website\"},\"datePublished\":\"2024-03-06T08:45:07+00:00\",\"dateModified\":\"2025-09-04T10:16:39+00:00\",\"description\":\"Every year, more than 100.000 people die in the EU from cancer caused by carcinogens at work. This must STOP!\",\"breadcrumb\":{\"@id\":\"https:\\\/\\\/stopcarcinogensatwork.eu\\\/sl\\\/spoznajte-osnovne-strategije-preprecevanja\\\/s-zamenjava\\\/#breadcrumb\"},\"inLanguage\":\"sl-SI\",\"potentialAction\":[{\"@type\":\"ReadAction\",\"target\":[\"https:\\\/\\\/stopcarcinogensatwork.eu\\\/sl\\\/spoznajte-osnovne-strategije-preprecevanja\\\/s-zamenjava\\\/\"]}]},{\"@type\":\"BreadcrumbList\",\"@id\":\"https:\\\/\\\/stopcarcinogensatwork.eu\\\/sl\\\/spoznajte-osnovne-strategije-preprecevanja\\\/s-zamenjava\\\/#breadcrumb\",\"itemListElement\":[{\"@type\":\"ListItem\",\"position\":1,\"name\":\"Home\",\"item\":\"https:\\\/\\\/stopcarcinogensatwork.eu\\\/sl\\\/stop-carcinogens-at-work\\\/\"},{\"@type\":\"ListItem\",\"position\":2,\"name\":\"Spoznajte osnovne strategije prepre\u010devanja\",\"item\":\"https:\\\/\\\/stopcarcinogensatwork.eu\\\/sl\\\/spoznajte-osnovne-strategije-preprecevanja\\\/\"},{\"@type\":\"ListItem\",\"position\":3,\"name\":\"S &#8211; zamenjava\"}]},{\"@type\":\"WebSite\",\"@id\":\"https:\\\/\\\/stopcarcinogensatwork.eu\\\/sl\\\/#website\",\"url\":\"https:\\\/\\\/stopcarcinogensatwork.eu\\\/sl\\\/\",\"name\":\"STOP Carcinogens at work\",\"description\":\"Every year, about 100.000 people die from cancer that was caused by exposure to carcinogens at work in Europe.\",\"publisher\":{\"@id\":\"https:\\\/\\\/stopcarcinogensatwork.eu\\\/sl\\\/#organization\"},\"alternateName\":\"Roadmap on Carcinogens\",\"potentialAction\":[{\"@type\":\"SearchAction\",\"target\":{\"@type\":\"EntryPoint\",\"urlTemplate\":\"https:\\\/\\\/stopcarcinogensatwork.eu\\\/sl\\\/?s={search_term_string}\"},\"query-input\":{\"@type\":\"PropertyValueSpecification\",\"valueRequired\":true,\"valueName\":\"search_term_string\"}}],\"inLanguage\":\"sl-SI\"},{\"@type\":\"Organization\",\"@id\":\"https:\\\/\\\/stopcarcinogensatwork.eu\\\/sl\\\/#organization\",\"name\":\"TNO\",\"alternateName\":\"This is a European wide voluntary action scheme\",\"url\":\"https:\\\/\\\/stopcarcinogensatwork.eu\\\/sl\\\/\",\"logo\":{\"@type\":\"ImageObject\",\"inLanguage\":\"sl-SI\",\"@id\":\"https:\\\/\\\/stopcarcinogensatwork.eu\\\/sl\\\/#\\\/schema\\\/logo\\\/image\\\/\",\"url\":\"https:\\\/\\\/stopcarcinogensatwork.eu\\\/wp-content\\\/uploads\\\/2024\\\/08\\\/cropped-FavLarge-1.png\",\"contentUrl\":\"https:\\\/\\\/stopcarcinogensatwork.eu\\\/wp-content\\\/uploads\\\/2024\\\/08\\\/cropped-FavLarge-1.png\",\"width\":512,\"height\":512,\"caption\":\"TNO\"},\"image\":{\"@id\":\"https:\\\/\\\/stopcarcinogensatwork.eu\\\/sl\\\/#\\\/schema\\\/logo\\\/image\\\/\"},\"publishingPrinciples\":\"https:\\\/\\\/stopcarcinogensatwork.eu\\\/homepage\\\/legal\\\/\",\"ownershipFundingInfo\":\"https:\\\/\\\/stopcarcinogensatwork.eu\\\/general\\\/about-us\\\/\"}]}<\/script>\n<!-- \/ Yoast SEO Premium plugin. -->","yoast_head_json":{"title":"S - zamenjava - STOP carcinogens at work","description":"Every year, more than 100.000 people die in the EU from cancer caused by carcinogens at work. This must STOP!","robots":{"index":"index","follow":"follow","max-snippet":"max-snippet:-1","max-image-preview":"max-image-preview:large","max-video-preview":"max-video-preview:-1"},"canonical":"https:\/\/stopcarcinogensatwork.eu\/sl\/spoznajte-osnovne-strategije-preprecevanja\/s-zamenjava\/","og_locale":"sl_SI","og_type":"article","og_title":"S - zamenjava","og_description":"Every year, more than 100.000 people die in the EU from cancer caused by carcinogens at work. This must STOP!","og_url":"https:\/\/stopcarcinogensatwork.eu\/sl\/spoznajte-osnovne-strategije-preprecevanja\/s-zamenjava\/","og_site_name":"STOP carcinogens at work","article_modified_time":"2025-09-04T10:16:39+00:00","twitter_card":"summary_large_image","twitter_misc":{"Est. reading time":"3 minute"},"schema":{"@context":"https:\/\/schema.org","@graph":[{"@type":"WebPage","@id":"https:\/\/stopcarcinogensatwork.eu\/sl\/spoznajte-osnovne-strategije-preprecevanja\/s-zamenjava\/","url":"https:\/\/stopcarcinogensatwork.eu\/sl\/spoznajte-osnovne-strategije-preprecevanja\/s-zamenjava\/","name":"S - zamenjava - STOP carcinogens at work","isPartOf":{"@id":"https:\/\/stopcarcinogensatwork.eu\/sl\/#website"},"datePublished":"2024-03-06T08:45:07+00:00","dateModified":"2025-09-04T10:16:39+00:00","description":"Every year, more than 100.000 people die in the EU from cancer caused by carcinogens at work. This must STOP!","breadcrumb":{"@id":"https:\/\/stopcarcinogensatwork.eu\/sl\/spoznajte-osnovne-strategije-preprecevanja\/s-zamenjava\/#breadcrumb"},"inLanguage":"sl-SI","potentialAction":[{"@type":"ReadAction","target":["https:\/\/stopcarcinogensatwork.eu\/sl\/spoznajte-osnovne-strategije-preprecevanja\/s-zamenjava\/"]}]},{"@type":"BreadcrumbList","@id":"https:\/\/stopcarcinogensatwork.eu\/sl\/spoznajte-osnovne-strategije-preprecevanja\/s-zamenjava\/#breadcrumb","itemListElement":[{"@type":"ListItem","position":1,"name":"Home","item":"https:\/\/stopcarcinogensatwork.eu\/sl\/stop-carcinogens-at-work\/"},{"@type":"ListItem","position":2,"name":"Spoznajte osnovne strategije prepre\u010devanja","item":"https:\/\/stopcarcinogensatwork.eu\/sl\/spoznajte-osnovne-strategije-preprecevanja\/"},{"@type":"ListItem","position":3,"name":"S &#8211; zamenjava"}]},{"@type":"WebSite","@id":"https:\/\/stopcarcinogensatwork.eu\/sl\/#website","url":"https:\/\/stopcarcinogensatwork.eu\/sl\/","name":"STOP Carcinogens at work","description":"Every year, about 100.000 people die from cancer that was caused by exposure to carcinogens at work in Europe.","publisher":{"@id":"https:\/\/stopcarcinogensatwork.eu\/sl\/#organization"},"alternateName":"Roadmap on Carcinogens","potentialAction":[{"@type":"SearchAction","target":{"@type":"EntryPoint","urlTemplate":"https:\/\/stopcarcinogensatwork.eu\/sl\/?s={search_term_string}"},"query-input":{"@type":"PropertyValueSpecification","valueRequired":true,"valueName":"search_term_string"}}],"inLanguage":"sl-SI"},{"@type":"Organization","@id":"https:\/\/stopcarcinogensatwork.eu\/sl\/#organization","name":"TNO","alternateName":"This is a European wide voluntary action scheme","url":"https:\/\/stopcarcinogensatwork.eu\/sl\/","logo":{"@type":"ImageObject","inLanguage":"sl-SI","@id":"https:\/\/stopcarcinogensatwork.eu\/sl\/#\/schema\/logo\/image\/","url":"https:\/\/stopcarcinogensatwork.eu\/wp-content\/uploads\/2024\/08\/cropped-FavLarge-1.png","contentUrl":"https:\/\/stopcarcinogensatwork.eu\/wp-content\/uploads\/2024\/08\/cropped-FavLarge-1.png","width":512,"height":512,"caption":"TNO"},"image":{"@id":"https:\/\/stopcarcinogensatwork.eu\/sl\/#\/schema\/logo\/image\/"},"publishingPrinciples":"https:\/\/stopcarcinogensatwork.eu\/homepage\/legal\/","ownershipFundingInfo":"https:\/\/stopcarcinogensatwork.eu\/general\/about-us\/"}]}},"_links":{"self":[{"href":"https:\/\/stopcarcinogensatwork.eu\/sl\/wp-json\/wp\/v2\/pages\/77139","targetHints":{"allow":["GET"]}}],"collection":[{"href":"https:\/\/stopcarcinogensatwork.eu\/sl\/wp-json\/wp\/v2\/pages"}],"about":[{"href":"https:\/\/stopcarcinogensatwork.eu\/sl\/wp-json\/wp\/v2\/types\/page"}],"author":[{"embeddable":true,"href":"https:\/\/stopcarcinogensatwork.eu\/sl\/wp-json\/wp\/v2\/users\/1"}],"replies":[{"embeddable":true,"href":"https:\/\/stopcarcinogensatwork.eu\/sl\/wp-json\/wp\/v2\/comments?post=77139"}],"version-history":[{"count":0,"href":"https:\/\/stopcarcinogensatwork.eu\/sl\/wp-json\/wp\/v2\/pages\/77139\/revisions"}],"up":[{"embeddable":true,"href":"https:\/\/stopcarcinogensatwork.eu\/sl\/wp-json\/wp\/v2\/pages\/84929"}],"wp:attachment":[{"href":"https:\/\/stopcarcinogensatwork.eu\/sl\/wp-json\/wp\/v2\/media?parent=77139"}],"curies":[{"name":"wp","href":"https:\/\/api.w.org\/{rel}","templated":true}]}}