{"id":77146,"date":"2024-03-06T10:59:51","date_gmt":"2024-03-06T10:59:51","guid":{"rendered":"https:\/\/stopcarcinogensatwork.eu\/p-osebna-varovalna-oprema\/"},"modified":"2025-09-04T10:16:35","modified_gmt":"2025-09-04T10:16:35","slug":"p-osebna-varovalna-oprema","status":"publish","type":"page","link":"https:\/\/stopcarcinogensatwork.eu\/sl\/spoznajte-osnovne-strategije-preprecevanja\/p-osebna-varovalna-oprema\/","title":{"rendered":"P &#8211; Osebna varovalna oprema"},"content":{"rendered":"<blockquote><p>STOP sledi hierarhiji nadzora. Pri rakotvornih snoveh je korak navzdol v hierarhiji dovoljen le, \u010de zaradi tehni\u010dnih omejitev ne morete popolnoma odpraviti izpostavljenosti. Tu se bomo osredoto\u010dili na P za osebno varovalno opremo. Pred P upo\u0161tevajte S, T in O. Upo\u0161tevajte tudi, da lahko uporabite kombinacijo ukrepov.   <\/p><\/blockquote>\n<p>V\u010dasih zamenjava ni mogo\u010da, tehni\u010dni in organizacijski ukrepi pa ne zadostujejo za zmanj\u0161anje ravni izpostavljenosti. Takrat morate uporabiti osebno varovalno opremo. Osebna varovalna oprema (OVO) pomaga prepre\u010diti dostop rakotvornih snovi do plju\u010d, ko\u017ee in o\u010di. Osebna varovalna oprema se lahko uporablja le kot dodatek k ukrepom, ki so vi\u0161je v hierarhiji, in velja za zadnjo mo\u017enost.   <\/p>\n<p>Osebna varovalna oprema je vsaka oprema, ki je zasnovana in izdelana tako, da jo oseba nosi ali dr\u017ei za za\u0161\u010dito pred enim ali ve\u010d tveganji za zdravje ali varnost te osebe.<\/p>\n<p>Kaj je treba upo\u0161tevati pri izbiri osebne varovalne opreme:<\/p>\n<ul>\n<li>nevarne lastnosti rakotvornih snovi na delovnem mestu<\/li>\n<li>Informacije o osebni varovalni opremi, ki so na voljo v varnostnih listih<\/li>\n<li>Rezultati ocene tveganja na delovnem mestu<\/li>\n<li>individualne zna\u010dilnosti zaposlenih, npr. telesna vi\u0161ina, velikost \u010devljev.<\/li>\n<\/ul>\n<p>Uporaba ustrezne osebne varovalne opreme za rakotvorne snovi, prisotne na delovnem mestu, je bistvenega pomena. Upo\u0161tevajte, da je pogosto potrebna ve\u010d kot ena osebna varovalna oprema. <\/p>\n<h2>Izbira ustrezne osebne varovalne opreme<\/h2>\n<h3>Osnovne smernice<\/h3>\n<p>Delodajalci morajo zagotoviti, da je osebna varovalna oprema primerna za zmanj\u0161anje poklicnih tveganj glede na vrsto, pogostost in trajanje izpostavljenosti. Pri tem morajo upo\u0161tevati dejavnik ustrezne za\u0161\u010dite in morebitno pove\u010danje drugih poklicnih tveganj. <\/p>\n<p>Osebna varovalna oprema se mora pravilno prilegati predvidenemu uporabniku, da bi bila u\u010dinkovita (zavedajte se, da lahko dlake na obrazu ogrozijo pravilno prileganje in delovanje). Upo\u0161tevati je treba tudi ergonomijo in alergije zaposlenih (npr. na lateks). Poleg tega morate razmisliti, v kak\u0161nih pogojih se bodo uporabljala, da se odlo\u010dite v skladu z njimi.  <\/p>\n<p>Pri izbiri najprimernej\u0161e osebne varovalne opreme obvezno vklju\u010dite zaposlene. Udobna in dobro prilegajo\u010da se osebna varovalna oprema bo zaposlenim olaj\u0161ala njeno uporabo. <\/p>\n<p>Osebna varovalna oprema mora imeti oznako CE, ki potrjuje, da je v skladu z zakonodajo EU.<\/p>\n<p>Delodajalci morajo poskrbeti, da so zaposleni seznanjeni s tem, katera osebna varovalna oprema morajo uporabljati pri posameznih nalogah in kako jih pravilno uporabljati.<\/p>\n<h3>\u010ci\u0161\u010denje, shranjevanje in vzdr\u017eevanje<\/h3>\n<p>Na delovnih obmo\u010djih, kjer je obvezna uporaba osebne varovalne opreme, morate zagotoviti, da:<\/p>\n<ul>\n<li>Zagotovljeni so lo\u010deni prostori za shranjevanje delovne ali za\u0161\u010ditne obleke in za obla\u010dila za vsakdanjo rabo.<\/li>\n<li>Za\u0161\u010ditno opremo je treba po vsaki uporabi preveriti in o\u010distiti ter ustrezno shraniti na dobro dolo\u010denem mestu.<\/li>\n<li>Po\u0161kodovana oprema se pred nadaljnjo uporabo popravi ali zamenja.<\/li>\n<li>\u010ce naj bi se osebna varovalna oprema ponovno uporabila, jo je treba zlahka o\u010distiti in\/ali razku\u017eiti.<\/li>\n<\/ul>\n<p>Notranje politike bi morale dolo\u010diti postopke, ki jih morajo zaposleni upo\u0161tevati v zvezi z za\u0161\u010ditno opremo, ki jo potrebujejo, in sicer kako jo pravilno uporabljati, \u010distiti, vzdr\u017eevati in shranjevati.<\/p>\n<h3>Navedite osebno varovalno opremo<\/h3>\n<p>Rezultati ocene tveganja na delovnem mestu in navodila za zaposlene morajo jasno navajati, katero osebno varovalno opremo morajo zaposleni uporabljati za vsako nalogo, kar pomeni, da je treba jasno navesti raven za\u0161\u010dite posamezne osebne varovalne opreme in njene tehni\u010dne specifikacije. Ni dovolj, da se nejasno omeni, da je treba pri dolo\u010deni nalogi uporabljati npr. rokavice, ampak je treba navesti vrsto rokavic, ki jih je treba uporabljati. <\/p>\n<h3>  Prakti\u010dni nasveti<\/h3>\n<ul>\n<li>Prepri\u010dajte se, da se osebna varovalna oprema za enkratno uporabo ne uporablja ponovno.<\/li>\n<li>Za ve\u010djo skladnost je treba zmanj\u0161ati \u0161tevilo razli\u010dnih vrst osebne varovalne opreme (rokavice, maske itd.) &#8211; lahko se uporabi sistem barvnih oznak.<\/li>\n<li>Prepri\u010dajte se, da je osebna varovalna oprema ustrezno prilagojena velikosti vsakega zaposlenega &#8211; ohlapna osebna varovalna oprema lahko pove\u010da tveganje izpostavljenosti in nesre\u010d, npr. \u010de so v stroju vrte\u010di se deli.<\/li>\n<li>Delo z osebno varovalno opremo (npr. za\u0161\u010dito dihal) je lahko za zaposlene zahtevno in stresno &#8211; pri izbiri ustrezne osebne varovalne opreme razmislite o razli\u010dnih re\u0161itvah (npr. uporaba respiratorja za \u010di\u0161\u010denje zraka s pogonom namesto filtrirne maske).<\/li>\n<li>Pri izbiri je treba upo\u0161tevati tudi sestavo materiala in te\u017eo osebne varovalne opreme (npr. raje naravna vlakna, izogibanje te\u017ekim delovnim \u010devljem).<\/li>\n<li>Pri odstranjevanju osebne varovalne opreme upo\u0161tevajte ustrezne postopke za prepre\u010devanje kontaminacije &#8211; tj. kako jo pravilno odstraniti, v kak\u0161nem vrstnem redu in kako jo shraniti (npr. za\u0161\u010ditno obleko odstranite, preden odstranite opremo za za\u0161\u010dito dihal (RPE), RPE shranite nad obleko in z odprtino, obrnjeno navzdol).<\/li>\n<li>Osebne varovalne opreme na splo\u0161no ne smete odnesti domov &#8211; zavedajte se, da lahko oku\u017eena osebna varovalna oprema (npr. obla\u010dila, \u0161kornji) po\u0161koduje va\u0161e dru\u017einske \u010dlane.<\/li>\n<li>Kon\u010dni stro\u0161ek osebne varovalne opreme ne vklju\u010duje le nakupne cene, temve\u010d tudi \u0161tevilo zamenjav, ki jih bo treba opraviti.<\/li>\n<li>\u010ce je potrebno, si pod za\u0161\u010ditnimi rokavicami nadenite bomba\u017ene rokavice, da zmanj\u0161ate transpiracijo.<\/li>\n<li>In ne pozabite, da ena velikost ne ustreza vsem zaposlenim!<\/li>\n<\/ul>\n","protected":false},"excerpt":{"rendered":"<p>STOP sledi hierarhiji nadzora. Pri rakotvornih snoveh je korak navzdol v hierarhiji dovoljen le, \u010de zaradi tehni\u010dnih omejitev ne morete popolnoma odpraviti izpostavljenosti. Tu se bomo osredoto\u010dili na P za osebno varovalno opremo. Pred P upo\u0161tevajte S, T in O. Upo\u0161tevajte tudi, da lahko uporabite kombinacijo ukrepov. V\u010dasih zamenjava ni mogo\u010da, tehni\u010dni in organizacijski ukrepi [&hellip;]<\/p>\n","protected":false},"author":1,"featured_media":0,"parent":84929,"menu_order":0,"comment_status":"closed","ping_status":"closed","template":"","meta":{"inline_featured_image":false,"footnotes":""},"class_list":["post-77146","page","type-page","status-publish","hentry"],"yoast_head":"<!-- This site is optimized with the Yoast SEO Premium plugin v27.0 (Yoast SEO v27.3) - https:\/\/yoast.com\/product\/yoast-seo-premium-wordpress\/ -->\n<title>P - Osebna varovalna oprema - STOP carcinogens at work<\/title>\n<meta name=\"description\" content=\"Every year, more than 100.000 people die in the EU from cancer caused by carcinogens at work. This must STOP!\" \/>\n<meta name=\"robots\" content=\"index, follow, max-snippet:-1, max-image-preview:large, max-video-preview:-1\" \/>\n<link rel=\"canonical\" href=\"https:\/\/stopcarcinogensatwork.eu\/sl\/spoznajte-osnovne-strategije-preprecevanja\/p-osebna-varovalna-oprema\/\" \/>\n<meta property=\"og:locale\" content=\"sl_SI\" \/>\n<meta property=\"og:type\" content=\"article\" \/>\n<meta property=\"og:title\" content=\"P - Osebna varovalna oprema\" \/>\n<meta property=\"og:description\" content=\"Every year, more than 100.000 people die in the EU from cancer caused by carcinogens at work. This must STOP!\" \/>\n<meta property=\"og:url\" content=\"https:\/\/stopcarcinogensatwork.eu\/sl\/spoznajte-osnovne-strategije-preprecevanja\/p-osebna-varovalna-oprema\/\" \/>\n<meta property=\"og:site_name\" content=\"STOP carcinogens at work\" \/>\n<meta property=\"article:modified_time\" content=\"2025-09-04T10:16:35+00:00\" \/>\n<meta name=\"twitter:card\" content=\"summary_large_image\" \/>\n<meta name=\"twitter:label1\" content=\"Est. reading time\" \/>\n\t<meta name=\"twitter:data1\" content=\"4 minute\" \/>\n<script type=\"application\/ld+json\" class=\"yoast-schema-graph\">{\"@context\":\"https:\\\/\\\/schema.org\",\"@graph\":[{\"@type\":\"WebPage\",\"@id\":\"https:\\\/\\\/stopcarcinogensatwork.eu\\\/sl\\\/spoznajte-osnovne-strategije-preprecevanja\\\/p-osebna-varovalna-oprema\\\/\",\"url\":\"https:\\\/\\\/stopcarcinogensatwork.eu\\\/sl\\\/spoznajte-osnovne-strategije-preprecevanja\\\/p-osebna-varovalna-oprema\\\/\",\"name\":\"P - Osebna varovalna oprema - STOP carcinogens at work\",\"isPartOf\":{\"@id\":\"https:\\\/\\\/stopcarcinogensatwork.eu\\\/sl\\\/#website\"},\"datePublished\":\"2024-03-06T10:59:51+00:00\",\"dateModified\":\"2025-09-04T10:16:35+00:00\",\"description\":\"Every year, more than 100.000 people die in the EU from cancer caused by carcinogens at work. This must STOP!\",\"breadcrumb\":{\"@id\":\"https:\\\/\\\/stopcarcinogensatwork.eu\\\/sl\\\/spoznajte-osnovne-strategije-preprecevanja\\\/p-osebna-varovalna-oprema\\\/#breadcrumb\"},\"inLanguage\":\"sl-SI\",\"potentialAction\":[{\"@type\":\"ReadAction\",\"target\":[\"https:\\\/\\\/stopcarcinogensatwork.eu\\\/sl\\\/spoznajte-osnovne-strategije-preprecevanja\\\/p-osebna-varovalna-oprema\\\/\"]}]},{\"@type\":\"BreadcrumbList\",\"@id\":\"https:\\\/\\\/stopcarcinogensatwork.eu\\\/sl\\\/spoznajte-osnovne-strategije-preprecevanja\\\/p-osebna-varovalna-oprema\\\/#breadcrumb\",\"itemListElement\":[{\"@type\":\"ListItem\",\"position\":1,\"name\":\"Home\",\"item\":\"https:\\\/\\\/stopcarcinogensatwork.eu\\\/sl\\\/stop-carcinogens-at-work\\\/\"},{\"@type\":\"ListItem\",\"position\":2,\"name\":\"Spoznajte osnovne strategije prepre\u010devanja\",\"item\":\"https:\\\/\\\/stopcarcinogensatwork.eu\\\/sl\\\/spoznajte-osnovne-strategije-preprecevanja\\\/\"},{\"@type\":\"ListItem\",\"position\":3,\"name\":\"P &#8211; Osebna varovalna oprema\"}]},{\"@type\":\"WebSite\",\"@id\":\"https:\\\/\\\/stopcarcinogensatwork.eu\\\/sl\\\/#website\",\"url\":\"https:\\\/\\\/stopcarcinogensatwork.eu\\\/sl\\\/\",\"name\":\"STOP Carcinogens at work\",\"description\":\"Every year, about 100.000 people die from cancer that was caused by exposure to carcinogens at work in Europe.\",\"publisher\":{\"@id\":\"https:\\\/\\\/stopcarcinogensatwork.eu\\\/sl\\\/#organization\"},\"alternateName\":\"Roadmap on Carcinogens\",\"potentialAction\":[{\"@type\":\"SearchAction\",\"target\":{\"@type\":\"EntryPoint\",\"urlTemplate\":\"https:\\\/\\\/stopcarcinogensatwork.eu\\\/sl\\\/?s={search_term_string}\"},\"query-input\":{\"@type\":\"PropertyValueSpecification\",\"valueRequired\":true,\"valueName\":\"search_term_string\"}}],\"inLanguage\":\"sl-SI\"},{\"@type\":\"Organization\",\"@id\":\"https:\\\/\\\/stopcarcinogensatwork.eu\\\/sl\\\/#organization\",\"name\":\"TNO\",\"alternateName\":\"This is a European wide voluntary action scheme\",\"url\":\"https:\\\/\\\/stopcarcinogensatwork.eu\\\/sl\\\/\",\"logo\":{\"@type\":\"ImageObject\",\"inLanguage\":\"sl-SI\",\"@id\":\"https:\\\/\\\/stopcarcinogensatwork.eu\\\/sl\\\/#\\\/schema\\\/logo\\\/image\\\/\",\"url\":\"https:\\\/\\\/stopcarcinogensatwork.eu\\\/wp-content\\\/uploads\\\/2024\\\/08\\\/cropped-FavLarge-1.png\",\"contentUrl\":\"https:\\\/\\\/stopcarcinogensatwork.eu\\\/wp-content\\\/uploads\\\/2024\\\/08\\\/cropped-FavLarge-1.png\",\"width\":512,\"height\":512,\"caption\":\"TNO\"},\"image\":{\"@id\":\"https:\\\/\\\/stopcarcinogensatwork.eu\\\/sl\\\/#\\\/schema\\\/logo\\\/image\\\/\"},\"publishingPrinciples\":\"https:\\\/\\\/stopcarcinogensatwork.eu\\\/homepage\\\/legal\\\/\",\"ownershipFundingInfo\":\"https:\\\/\\\/stopcarcinogensatwork.eu\\\/general\\\/about-us\\\/\"}]}<\/script>\n<!-- \/ Yoast SEO Premium plugin. -->","yoast_head_json":{"title":"P - Osebna varovalna oprema - STOP carcinogens at work","description":"Every year, more than 100.000 people die in the EU from cancer caused by carcinogens at work. This must STOP!","robots":{"index":"index","follow":"follow","max-snippet":"max-snippet:-1","max-image-preview":"max-image-preview:large","max-video-preview":"max-video-preview:-1"},"canonical":"https:\/\/stopcarcinogensatwork.eu\/sl\/spoznajte-osnovne-strategije-preprecevanja\/p-osebna-varovalna-oprema\/","og_locale":"sl_SI","og_type":"article","og_title":"P - Osebna varovalna oprema","og_description":"Every year, more than 100.000 people die in the EU from cancer caused by carcinogens at work. This must STOP!","og_url":"https:\/\/stopcarcinogensatwork.eu\/sl\/spoznajte-osnovne-strategije-preprecevanja\/p-osebna-varovalna-oprema\/","og_site_name":"STOP carcinogens at work","article_modified_time":"2025-09-04T10:16:35+00:00","twitter_card":"summary_large_image","twitter_misc":{"Est. reading time":"4 minute"},"schema":{"@context":"https:\/\/schema.org","@graph":[{"@type":"WebPage","@id":"https:\/\/stopcarcinogensatwork.eu\/sl\/spoznajte-osnovne-strategije-preprecevanja\/p-osebna-varovalna-oprema\/","url":"https:\/\/stopcarcinogensatwork.eu\/sl\/spoznajte-osnovne-strategije-preprecevanja\/p-osebna-varovalna-oprema\/","name":"P - Osebna varovalna oprema - STOP carcinogens at work","isPartOf":{"@id":"https:\/\/stopcarcinogensatwork.eu\/sl\/#website"},"datePublished":"2024-03-06T10:59:51+00:00","dateModified":"2025-09-04T10:16:35+00:00","description":"Every year, more than 100.000 people die in the EU from cancer caused by carcinogens at work. This must STOP!","breadcrumb":{"@id":"https:\/\/stopcarcinogensatwork.eu\/sl\/spoznajte-osnovne-strategije-preprecevanja\/p-osebna-varovalna-oprema\/#breadcrumb"},"inLanguage":"sl-SI","potentialAction":[{"@type":"ReadAction","target":["https:\/\/stopcarcinogensatwork.eu\/sl\/spoznajte-osnovne-strategije-preprecevanja\/p-osebna-varovalna-oprema\/"]}]},{"@type":"BreadcrumbList","@id":"https:\/\/stopcarcinogensatwork.eu\/sl\/spoznajte-osnovne-strategije-preprecevanja\/p-osebna-varovalna-oprema\/#breadcrumb","itemListElement":[{"@type":"ListItem","position":1,"name":"Home","item":"https:\/\/stopcarcinogensatwork.eu\/sl\/stop-carcinogens-at-work\/"},{"@type":"ListItem","position":2,"name":"Spoznajte osnovne strategije prepre\u010devanja","item":"https:\/\/stopcarcinogensatwork.eu\/sl\/spoznajte-osnovne-strategije-preprecevanja\/"},{"@type":"ListItem","position":3,"name":"P &#8211; Osebna varovalna oprema"}]},{"@type":"WebSite","@id":"https:\/\/stopcarcinogensatwork.eu\/sl\/#website","url":"https:\/\/stopcarcinogensatwork.eu\/sl\/","name":"STOP Carcinogens at work","description":"Every year, about 100.000 people die from cancer that was caused by exposure to carcinogens at work in Europe.","publisher":{"@id":"https:\/\/stopcarcinogensatwork.eu\/sl\/#organization"},"alternateName":"Roadmap on Carcinogens","potentialAction":[{"@type":"SearchAction","target":{"@type":"EntryPoint","urlTemplate":"https:\/\/stopcarcinogensatwork.eu\/sl\/?s={search_term_string}"},"query-input":{"@type":"PropertyValueSpecification","valueRequired":true,"valueName":"search_term_string"}}],"inLanguage":"sl-SI"},{"@type":"Organization","@id":"https:\/\/stopcarcinogensatwork.eu\/sl\/#organization","name":"TNO","alternateName":"This is a European wide voluntary action scheme","url":"https:\/\/stopcarcinogensatwork.eu\/sl\/","logo":{"@type":"ImageObject","inLanguage":"sl-SI","@id":"https:\/\/stopcarcinogensatwork.eu\/sl\/#\/schema\/logo\/image\/","url":"https:\/\/stopcarcinogensatwork.eu\/wp-content\/uploads\/2024\/08\/cropped-FavLarge-1.png","contentUrl":"https:\/\/stopcarcinogensatwork.eu\/wp-content\/uploads\/2024\/08\/cropped-FavLarge-1.png","width":512,"height":512,"caption":"TNO"},"image":{"@id":"https:\/\/stopcarcinogensatwork.eu\/sl\/#\/schema\/logo\/image\/"},"publishingPrinciples":"https:\/\/stopcarcinogensatwork.eu\/homepage\/legal\/","ownershipFundingInfo":"https:\/\/stopcarcinogensatwork.eu\/general\/about-us\/"}]}},"_links":{"self":[{"href":"https:\/\/stopcarcinogensatwork.eu\/sl\/wp-json\/wp\/v2\/pages\/77146","targetHints":{"allow":["GET"]}}],"collection":[{"href":"https:\/\/stopcarcinogensatwork.eu\/sl\/wp-json\/wp\/v2\/pages"}],"about":[{"href":"https:\/\/stopcarcinogensatwork.eu\/sl\/wp-json\/wp\/v2\/types\/page"}],"author":[{"embeddable":true,"href":"https:\/\/stopcarcinogensatwork.eu\/sl\/wp-json\/wp\/v2\/users\/1"}],"replies":[{"embeddable":true,"href":"https:\/\/stopcarcinogensatwork.eu\/sl\/wp-json\/wp\/v2\/comments?post=77146"}],"version-history":[{"count":0,"href":"https:\/\/stopcarcinogensatwork.eu\/sl\/wp-json\/wp\/v2\/pages\/77146\/revisions"}],"up":[{"embeddable":true,"href":"https:\/\/stopcarcinogensatwork.eu\/sl\/wp-json\/wp\/v2\/pages\/84929"}],"wp:attachment":[{"href":"https:\/\/stopcarcinogensatwork.eu\/sl\/wp-json\/wp\/v2\/media?parent=77146"}],"curies":[{"name":"wp","href":"https:\/\/api.w.org\/{rel}","templated":true}]}}