{"id":77148,"date":"2024-03-06T11:27:48","date_gmt":"2024-03-06T11:27:48","guid":{"rendered":"https:\/\/stopcarcinogensatwork.eu\/o-organizacijski-ukrepi\/"},"modified":"2025-09-04T10:16:36","modified_gmt":"2025-09-04T10:16:36","slug":"o-organizacijski-ukrepi","status":"publish","type":"page","link":"https:\/\/stopcarcinogensatwork.eu\/sl\/spoznajte-osnovne-strategije-preprecevanja\/o-organizacijski-ukrepi\/","title":{"rendered":"O &#8211; Organizacijski ukrepi"},"content":{"rendered":"<blockquote><p>STOP sledi hierarhiji nadzora. Pri rakotvornih snoveh je korak navzdol v hierarhiji dovoljen le, \u010de zaradi tehni\u010dnih omejitev ne morete popolnoma odpraviti izpostavljenosti. Tu se bomo osredoto\u010dili na tretjo stopnjo, O za organizacijske ukrepe. Pred O upo\u0161tevajte S in T. Upo\u0161tevajte tudi, da lahko uporabite kombinacijo ukrepov.   <\/p><\/blockquote>\n<p>Organizacijski ukrepi so sestavljeni iz organizacijskih metod in postopkov, notranjih politik in rednih kontrol, vzpostavljenih za preverjanje njihovega izvajanja, vklju\u010dno z na\u010drti vzdr\u017eevanja. Pri izvajanju organizacijskih ukrepov je treba med drugim upo\u0161tevati posebnosti delovnega mesta, zaposlenega, opremo, naloge in okolico. <\/p>\n<p>Kaj je treba upo\u0161tevati pri ocenjevanju ukrepov, ki jih je treba izvesti:<\/p>\n<ul>\n<li>Dolo\u010dite vsa delovna in dru\u017eabna obmo\u010dja.<\/li>\n<li>Upo\u0161tevajte vrsto in stopnjo izpostavljenosti za vsako delovno podro\u010dje.<\/li>\n<li>Dolo\u010dite zaposlene, ki potrebujejo dostop do posameznega delovnega obmo\u010dja.<\/li>\n<li>Upo\u0161tevajte povpre\u010dni \u010das, ki ga mora posamezni zaposleni porabiti za vsako delovno podro\u010dje.<\/li>\n<li>Pridobite opis vsakega ukrepa, njegovo primernost, u\u010dinkovitost in uspe\u0161nost ter preu\u010dite mo\u017een skupni u\u010dinek razli\u010dnih ukrepov za izbolj\u0161anje obvladovanja tveganja.<\/li>\n<li>Zahteve za vzdr\u017eevanje<\/li>\n<\/ul>\n<h2>Nekateri organizacijski ukrepi, ki jih je treba upo\u0161tevati<\/h2>\n<h3>Omejitev dostopa do ogro\u017eenih obmo\u010dij<\/h3>\n<p>Ob upo\u0161tevanju rezultatov ocene tveganja morajo delodajalci omejiti dostop do dolo\u010denih delovnih obmo\u010dij, in sicer strogo le za tiste zaposlene, ki morajo biti tam prisotni. Za omejitev dostopa zaposlenih se lahko postavijo fizi\u010dne ovire, na primer vrata, za katera je potrebno dovoljenje. Tak\u0161na obmo\u010dja se lahko ozna\u010dijo z znaki.  <\/p>\n<p>Drug pomemben vidik je omejitev \u010dasa, ki ga zaposleni pre\u017eivijo na tem delovnem obmo\u010dju. To je mogo\u010de dose\u010di z rotacijo nalog, ki jih mora zaposleni opraviti, ali z omejitvijo \u010dasa v eni izmeni. <\/p>\n<p>Pri na\u010drtovanju postavitve upo\u0161tevajte vsa obmo\u010dja, npr. lokacijo skupnih prostorov (kot so menza, garderobe ali prostori za po\u010ditek) glede na delovna obmo\u010dja. Delovni prostori naj ne bodo neposredno povezani z dru\u017eabnimi prostori. <\/p>\n<h3>Higiena in individualna za\u0161\u010dita<\/h3>\n<p>Na delovnih obmo\u010djih, kjer obstaja nevarnost onesna\u017eenja, morate izvajati ukrepe, s katerimi zagotovite, da:<\/p>\n<ul>\n<li>Vse kemikalije na delovnem mestu so ustrezno ozna\u010dene, name\u0161\u010deni pa so tudi ustrezni opozorilni in varnostni znaki in signali.<\/li>\n<li>Delovno mesto je \u010disto in urejeno.<\/li>\n<li>Zaposleni ne jedo, ne pijejo in ne kadijo.<\/li>\n<li>Zaposleni so opremljeni z ustreznimi za\u0161\u010ditnimi obla\u010dili ali drugimi ustreznimi posebnimi obla\u010dili.<\/li>\n<li>Zagotovljeni so lo\u010deni prostori za shranjevanje delovne ali za\u0161\u010ditne obleke in za obla\u010dila za vsakdanjo rabo.<\/li>\n<li>Zaposlenim so na voljo ustrezni in zadostni prostori za umivanje in strani\u0161\u010de.<\/li>\n<li>Za\u0161\u010ditna oprema je ustrezno shranjena na dobro dolo\u010denem mestu.<\/li>\n<li>Zdravstveni nadzor je organiziran, njegovi rezultati pa se upo\u0161tevajo.<\/li>\n<\/ul>\n<p>Z notranjimi pravili lahko dolo\u010dite, kje lahko zaposleni jedo, pijejo ali kadijo. Poleg tega lahko te politike dolo\u010dajo postopke, ki jih morajo zaposleni upo\u0161tevati v zvezi z za\u0161\u010ditno opremo, ki jo potrebujejo, in sicer kako jo pravilno uporabljati, \u010distiti, vzdr\u017eevati in shranjevati. <\/p>\n<p>Vklju\u010dite lahko preproste higienske ukrepe in zaposlene opozorite na njihov pomen. Na primer, da si umivajo roke pred jedjo, da si \u010distijo noge, ko vstopajo v prostore in jih zapu\u0161\u010dajo, ter da dolo\u010dijo poti, po katerih morajo zaposleni dostopati do nekaterih kontaminiranih delovnih prostorov. <\/p>\n<h3>Informiranje in usposabljanje zaposlenih<\/h3>\n<p>Delodajalci morajo zagotoviti, da so zaposleni seznanjeni z rezultati ocene tveganja, vklju\u010dno z uporabljenimi kemikalijami, njihovimi nevarnimi lastnostmi in na\u010dinom uporabe varnostnih listov, in sicer o ukrepih prve pomo\u010di ali nadzoru izpostavljenosti\/osebni za\u0161\u010diti.<\/p>\n<p>Poleg tega je treba zaposlenim zagotoviti jasna navodila o ukrepih, kot so tehni\u010dni ukrepi, notranje politike ali varnostni delovni postopki, po mo\u017enosti s slikovnim gradivom, shemami ali videoposnetki.<\/p>\n<ul>\n<li>Upo\u0161tevati je treba naloge in raven znanja zaposlenih ter ustrezno prilagoditi jezik in vsebino informacij in usposabljanja.<\/li>\n<li>Zaposlene je treba redno obve\u0161\u010dati in usposabljati ter jih posodabljati, kadar koli se pogoji spremenijo.<\/li>\n<li>Glede na vrsto informacij\/zahtev po usposabljanju jih lahko zagotovite sami in\/ali poi\u0161\u010dete zunanje strokovno znanje.<\/li>\n<\/ul>\n","protected":false},"excerpt":{"rendered":"<p>STOP sledi hierarhiji nadzora. Pri rakotvornih snoveh je korak navzdol v hierarhiji dovoljen le, \u010de zaradi tehni\u010dnih omejitev ne morete popolnoma odpraviti izpostavljenosti. Tu se bomo osredoto\u010dili na tretjo stopnjo, O za organizacijske ukrepe. Pred O upo\u0161tevajte S in T. Upo\u0161tevajte tudi, da lahko uporabite kombinacijo ukrepov. Organizacijski ukrepi so sestavljeni iz organizacijskih metod in [&hellip;]<\/p>\n","protected":false},"author":1,"featured_media":0,"parent":84929,"menu_order":0,"comment_status":"closed","ping_status":"closed","template":"","meta":{"inline_featured_image":false,"footnotes":""},"class_list":["post-77148","page","type-page","status-publish","hentry"],"yoast_head":"<!-- This site is optimized with the Yoast SEO Premium plugin v27.0 (Yoast SEO v27.3) - https:\/\/yoast.com\/product\/yoast-seo-premium-wordpress\/ -->\n<title>O - Organizacijski ukrepi - STOP carcinogens at work<\/title>\n<meta name=\"description\" content=\"Every year, more than 100.000 people die in the EU from cancer caused by carcinogens at work. This must STOP!\" \/>\n<meta name=\"robots\" content=\"index, follow, max-snippet:-1, max-image-preview:large, max-video-preview:-1\" \/>\n<link rel=\"canonical\" href=\"https:\/\/stopcarcinogensatwork.eu\/sl\/spoznajte-osnovne-strategije-preprecevanja\/o-organizacijski-ukrepi\/\" \/>\n<meta property=\"og:locale\" content=\"sl_SI\" \/>\n<meta property=\"og:type\" content=\"article\" \/>\n<meta property=\"og:title\" content=\"O - Organizacijski ukrepi\" \/>\n<meta property=\"og:description\" content=\"Every year, more than 100.000 people die in the EU from cancer caused by carcinogens at work. This must STOP!\" \/>\n<meta property=\"og:url\" content=\"https:\/\/stopcarcinogensatwork.eu\/sl\/spoznajte-osnovne-strategije-preprecevanja\/o-organizacijski-ukrepi\/\" \/>\n<meta property=\"og:site_name\" content=\"STOP carcinogens at work\" \/>\n<meta property=\"article:modified_time\" content=\"2025-09-04T10:16:36+00:00\" \/>\n<meta name=\"twitter:card\" content=\"summary_large_image\" \/>\n<meta name=\"twitter:label1\" content=\"Est. reading time\" \/>\n\t<meta name=\"twitter:data1\" content=\"3 minute\" \/>\n<script type=\"application\/ld+json\" class=\"yoast-schema-graph\">{\"@context\":\"https:\\\/\\\/schema.org\",\"@graph\":[{\"@type\":\"WebPage\",\"@id\":\"https:\\\/\\\/stopcarcinogensatwork.eu\\\/sl\\\/spoznajte-osnovne-strategije-preprecevanja\\\/o-organizacijski-ukrepi\\\/\",\"url\":\"https:\\\/\\\/stopcarcinogensatwork.eu\\\/sl\\\/spoznajte-osnovne-strategije-preprecevanja\\\/o-organizacijski-ukrepi\\\/\",\"name\":\"O - Organizacijski ukrepi - STOP carcinogens at work\",\"isPartOf\":{\"@id\":\"https:\\\/\\\/stopcarcinogensatwork.eu\\\/sl\\\/#website\"},\"datePublished\":\"2024-03-06T11:27:48+00:00\",\"dateModified\":\"2025-09-04T10:16:36+00:00\",\"description\":\"Every year, more than 100.000 people die in the EU from cancer caused by carcinogens at work. This must STOP!\",\"breadcrumb\":{\"@id\":\"https:\\\/\\\/stopcarcinogensatwork.eu\\\/sl\\\/spoznajte-osnovne-strategije-preprecevanja\\\/o-organizacijski-ukrepi\\\/#breadcrumb\"},\"inLanguage\":\"sl-SI\",\"potentialAction\":[{\"@type\":\"ReadAction\",\"target\":[\"https:\\\/\\\/stopcarcinogensatwork.eu\\\/sl\\\/spoznajte-osnovne-strategije-preprecevanja\\\/o-organizacijski-ukrepi\\\/\"]}]},{\"@type\":\"BreadcrumbList\",\"@id\":\"https:\\\/\\\/stopcarcinogensatwork.eu\\\/sl\\\/spoznajte-osnovne-strategije-preprecevanja\\\/o-organizacijski-ukrepi\\\/#breadcrumb\",\"itemListElement\":[{\"@type\":\"ListItem\",\"position\":1,\"name\":\"Home\",\"item\":\"https:\\\/\\\/stopcarcinogensatwork.eu\\\/sl\\\/stop-carcinogens-at-work\\\/\"},{\"@type\":\"ListItem\",\"position\":2,\"name\":\"Spoznajte osnovne strategije prepre\u010devanja\",\"item\":\"https:\\\/\\\/stopcarcinogensatwork.eu\\\/sl\\\/spoznajte-osnovne-strategije-preprecevanja\\\/\"},{\"@type\":\"ListItem\",\"position\":3,\"name\":\"O &#8211; Organizacijski ukrepi\"}]},{\"@type\":\"WebSite\",\"@id\":\"https:\\\/\\\/stopcarcinogensatwork.eu\\\/sl\\\/#website\",\"url\":\"https:\\\/\\\/stopcarcinogensatwork.eu\\\/sl\\\/\",\"name\":\"STOP Carcinogens at work\",\"description\":\"Every year, about 100.000 people die from cancer that was caused by exposure to carcinogens at work in Europe.\",\"publisher\":{\"@id\":\"https:\\\/\\\/stopcarcinogensatwork.eu\\\/sl\\\/#organization\"},\"alternateName\":\"Roadmap on Carcinogens\",\"potentialAction\":[{\"@type\":\"SearchAction\",\"target\":{\"@type\":\"EntryPoint\",\"urlTemplate\":\"https:\\\/\\\/stopcarcinogensatwork.eu\\\/sl\\\/?s={search_term_string}\"},\"query-input\":{\"@type\":\"PropertyValueSpecification\",\"valueRequired\":true,\"valueName\":\"search_term_string\"}}],\"inLanguage\":\"sl-SI\"},{\"@type\":\"Organization\",\"@id\":\"https:\\\/\\\/stopcarcinogensatwork.eu\\\/sl\\\/#organization\",\"name\":\"TNO\",\"alternateName\":\"This is a European wide voluntary action scheme\",\"url\":\"https:\\\/\\\/stopcarcinogensatwork.eu\\\/sl\\\/\",\"logo\":{\"@type\":\"ImageObject\",\"inLanguage\":\"sl-SI\",\"@id\":\"https:\\\/\\\/stopcarcinogensatwork.eu\\\/sl\\\/#\\\/schema\\\/logo\\\/image\\\/\",\"url\":\"https:\\\/\\\/stopcarcinogensatwork.eu\\\/wp-content\\\/uploads\\\/2024\\\/08\\\/cropped-FavLarge-1.png\",\"contentUrl\":\"https:\\\/\\\/stopcarcinogensatwork.eu\\\/wp-content\\\/uploads\\\/2024\\\/08\\\/cropped-FavLarge-1.png\",\"width\":512,\"height\":512,\"caption\":\"TNO\"},\"image\":{\"@id\":\"https:\\\/\\\/stopcarcinogensatwork.eu\\\/sl\\\/#\\\/schema\\\/logo\\\/image\\\/\"},\"publishingPrinciples\":\"https:\\\/\\\/stopcarcinogensatwork.eu\\\/homepage\\\/legal\\\/\",\"ownershipFundingInfo\":\"https:\\\/\\\/stopcarcinogensatwork.eu\\\/general\\\/about-us\\\/\"}]}<\/script>\n<!-- \/ Yoast SEO Premium plugin. -->","yoast_head_json":{"title":"O - Organizacijski ukrepi - STOP carcinogens at work","description":"Every year, more than 100.000 people die in the EU from cancer caused by carcinogens at work. This must STOP!","robots":{"index":"index","follow":"follow","max-snippet":"max-snippet:-1","max-image-preview":"max-image-preview:large","max-video-preview":"max-video-preview:-1"},"canonical":"https:\/\/stopcarcinogensatwork.eu\/sl\/spoznajte-osnovne-strategije-preprecevanja\/o-organizacijski-ukrepi\/","og_locale":"sl_SI","og_type":"article","og_title":"O - Organizacijski ukrepi","og_description":"Every year, more than 100.000 people die in the EU from cancer caused by carcinogens at work. This must STOP!","og_url":"https:\/\/stopcarcinogensatwork.eu\/sl\/spoznajte-osnovne-strategije-preprecevanja\/o-organizacijski-ukrepi\/","og_site_name":"STOP carcinogens at work","article_modified_time":"2025-09-04T10:16:36+00:00","twitter_card":"summary_large_image","twitter_misc":{"Est. reading time":"3 minute"},"schema":{"@context":"https:\/\/schema.org","@graph":[{"@type":"WebPage","@id":"https:\/\/stopcarcinogensatwork.eu\/sl\/spoznajte-osnovne-strategije-preprecevanja\/o-organizacijski-ukrepi\/","url":"https:\/\/stopcarcinogensatwork.eu\/sl\/spoznajte-osnovne-strategije-preprecevanja\/o-organizacijski-ukrepi\/","name":"O - Organizacijski ukrepi - STOP carcinogens at work","isPartOf":{"@id":"https:\/\/stopcarcinogensatwork.eu\/sl\/#website"},"datePublished":"2024-03-06T11:27:48+00:00","dateModified":"2025-09-04T10:16:36+00:00","description":"Every year, more than 100.000 people die in the EU from cancer caused by carcinogens at work. This must STOP!","breadcrumb":{"@id":"https:\/\/stopcarcinogensatwork.eu\/sl\/spoznajte-osnovne-strategije-preprecevanja\/o-organizacijski-ukrepi\/#breadcrumb"},"inLanguage":"sl-SI","potentialAction":[{"@type":"ReadAction","target":["https:\/\/stopcarcinogensatwork.eu\/sl\/spoznajte-osnovne-strategije-preprecevanja\/o-organizacijski-ukrepi\/"]}]},{"@type":"BreadcrumbList","@id":"https:\/\/stopcarcinogensatwork.eu\/sl\/spoznajte-osnovne-strategije-preprecevanja\/o-organizacijski-ukrepi\/#breadcrumb","itemListElement":[{"@type":"ListItem","position":1,"name":"Home","item":"https:\/\/stopcarcinogensatwork.eu\/sl\/stop-carcinogens-at-work\/"},{"@type":"ListItem","position":2,"name":"Spoznajte osnovne strategije prepre\u010devanja","item":"https:\/\/stopcarcinogensatwork.eu\/sl\/spoznajte-osnovne-strategije-preprecevanja\/"},{"@type":"ListItem","position":3,"name":"O &#8211; Organizacijski ukrepi"}]},{"@type":"WebSite","@id":"https:\/\/stopcarcinogensatwork.eu\/sl\/#website","url":"https:\/\/stopcarcinogensatwork.eu\/sl\/","name":"STOP Carcinogens at work","description":"Every year, about 100.000 people die from cancer that was caused by exposure to carcinogens at work in Europe.","publisher":{"@id":"https:\/\/stopcarcinogensatwork.eu\/sl\/#organization"},"alternateName":"Roadmap on Carcinogens","potentialAction":[{"@type":"SearchAction","target":{"@type":"EntryPoint","urlTemplate":"https:\/\/stopcarcinogensatwork.eu\/sl\/?s={search_term_string}"},"query-input":{"@type":"PropertyValueSpecification","valueRequired":true,"valueName":"search_term_string"}}],"inLanguage":"sl-SI"},{"@type":"Organization","@id":"https:\/\/stopcarcinogensatwork.eu\/sl\/#organization","name":"TNO","alternateName":"This is a European wide voluntary action scheme","url":"https:\/\/stopcarcinogensatwork.eu\/sl\/","logo":{"@type":"ImageObject","inLanguage":"sl-SI","@id":"https:\/\/stopcarcinogensatwork.eu\/sl\/#\/schema\/logo\/image\/","url":"https:\/\/stopcarcinogensatwork.eu\/wp-content\/uploads\/2024\/08\/cropped-FavLarge-1.png","contentUrl":"https:\/\/stopcarcinogensatwork.eu\/wp-content\/uploads\/2024\/08\/cropped-FavLarge-1.png","width":512,"height":512,"caption":"TNO"},"image":{"@id":"https:\/\/stopcarcinogensatwork.eu\/sl\/#\/schema\/logo\/image\/"},"publishingPrinciples":"https:\/\/stopcarcinogensatwork.eu\/homepage\/legal\/","ownershipFundingInfo":"https:\/\/stopcarcinogensatwork.eu\/general\/about-us\/"}]}},"_links":{"self":[{"href":"https:\/\/stopcarcinogensatwork.eu\/sl\/wp-json\/wp\/v2\/pages\/77148","targetHints":{"allow":["GET"]}}],"collection":[{"href":"https:\/\/stopcarcinogensatwork.eu\/sl\/wp-json\/wp\/v2\/pages"}],"about":[{"href":"https:\/\/stopcarcinogensatwork.eu\/sl\/wp-json\/wp\/v2\/types\/page"}],"author":[{"embeddable":true,"href":"https:\/\/stopcarcinogensatwork.eu\/sl\/wp-json\/wp\/v2\/users\/1"}],"replies":[{"embeddable":true,"href":"https:\/\/stopcarcinogensatwork.eu\/sl\/wp-json\/wp\/v2\/comments?post=77148"}],"version-history":[{"count":0,"href":"https:\/\/stopcarcinogensatwork.eu\/sl\/wp-json\/wp\/v2\/pages\/77148\/revisions"}],"up":[{"embeddable":true,"href":"https:\/\/stopcarcinogensatwork.eu\/sl\/wp-json\/wp\/v2\/pages\/84929"}],"wp:attachment":[{"href":"https:\/\/stopcarcinogensatwork.eu\/sl\/wp-json\/wp\/v2\/media?parent=77148"}],"curies":[{"name":"wp","href":"https:\/\/api.w.org\/{rel}","templated":true}]}}