{"id":77164,"date":"2024-04-25T14:29:54","date_gmt":"2024-04-25T14:29:54","guid":{"rendered":"https:\/\/stopcarcinogensatwork.eu\/izjava-o-omejitvi-odgovornosti-in-zasebnost\/"},"modified":"2025-08-19T09:29:57","modified_gmt":"2025-08-19T09:29:57","slug":"izjava-o-omejitvi-odgovornosti-in-zasebnost","status":"publish","type":"page","link":"https:\/\/stopcarcinogensatwork.eu\/sl\/stop-carcinogens-at-work\/izjava-o-omejitvi-odgovornosti-in-zasebnost\/","title":{"rendered":"Izjava o omejitvi odgovornosti in zasebnost"},"content":{"rendered":"<h3>Pi\u0161kotki in zasebnost<\/h3>\n<p>Zana\u0161amo se na na\u0161 legitimni interes za razumevanje in izbolj\u0161anje delovanja in uporabnosti spletnega mesta. Ker so podatki v celoti anonimizirani in se uporabljajo le v zbirni obliki, za pi\u0161kotke ne nastavljamo pojavne pasice s soglasjem. Na\u0161o uporabo pi\u0161kotkov lahko vedno potrdite na: <a href=\"https:\/\/2gdpr.com\" target=\"_blank\" rel=\"noopener\">https:\/\/2gdpr.com<\/a>. To so pi\u0161kotki, ki jih uporabljamo:   <\/p>\n<h4>1. Nujni pi\u0161kotki<\/h4>\n<p>Ti pi\u0161kotki so nujni za osnovno delovanje na\u0161ega spletnega mesta. Omogo\u010dajo osnovne funkcije, kot so navigacija po strani, izbira jezika in dostop do varnih obmo\u010dij. Brez njih spletno mesto ne more pravilno delovati.  <\/p>\n<ul>\n<li>Ime pi\u0161kotka: wp-wpml_current_language\n<ul>\n<li>Ponudnik: ta spletna stran<\/li>\n<li>Namen: Zapomni si va\u0161o trenutno jezikovno izbiro.<\/li>\n<li>Trajanje: seja<\/li>\n<\/ul>\n<\/li>\n<\/ul>\n<h4>2. Analiti\u010dni pi\u0161kotki<\/h4>\n<p>S storitvijo Google Analytics zbiramo anonimne, zbirne statisti\u010dne podatke o tem, kako obiskovalci uporabljajo na\u0161e spletno mesto (na primer: ogledi strani, trajanje seje, najbolj obiskane strani). Omogo\u010dili smo anonimizacijo IP, zato se nikoli ne bele\u017ei celoten naslov IP. <\/p>\n<ul>\n<li>Ime pi\u0161kotka: _ga_*\n<ul>\n<li>Ponudnik: google-analytics.com<\/li>\n<li>Namen: \u0161teje oglede strani in razlikuje edinstvene obiskovalce.<\/li>\n<li>Trajanje: 1 leto 1 mesec 4 dni<\/li>\n<\/ul>\n<\/li>\n<li>Ime pi\u0161kotka: _ga\n<ul>\n<li>Ponudnik: ta spletna stran<\/li>\n<li>Namen: Izra\u010dunava podatke o obiskovalcih in sejah za analitiko spletnega mesta.<\/li>\n<li>Trajanje: 1 leto 1 mesec 4 dni<\/li>\n<\/ul>\n<\/li>\n<\/ul>\n<h4><b>Kako nadzirati ali izbrisati pi\u0161kotke<\/b><\/h4>\n<ol>\n<li><strong>Nastavitve brskalnika:<\/strong> Ve\u010dina brskalnikov omogo\u010da zavrnitev ali izbris pi\u0161kotkov v meniju &#8220;Nastavitve&#8221; ali &#8220;Nastavitve&#8221;.<\/li>\n<li><strong>Odjava storitve Google Analytics: namestite lahko <\/strong>tudi uradni Googlov dodatek za brskalnik, s katerim popolnoma blokirate storitev Analytics: https:\/\/tools.google.com\/dlpage\/gaoptout.<\/li>\n<\/ol>\n<p class=\"p3\">\u010ce te pi\u0161kotke onemogo\u010dite, deli spletnega<strong> mesta morda ne bodo delovali, kot je bilo predvideno <\/strong>, in ne bomo mogli ugotoviti, kako ste na\u0161li ali uporabljate na\u0161o vsebino.<\/p>\n<h3>Izjava o omejitvi odgovornosti<\/h3>\n<h4>Informacije na tem spletnem mestu<\/h4>\n<p>\u0160est pobudnikov \u010dasovnega na\u010drta za rakotvorne snovi vzdr\u017euje to spletno mesto, da bi javnosti olaj\u0161ali dostop do informacij o akcijskem na\u010drtu za prepre\u010devanje in obvladovanje tveganj zaradi poklicne izpostavljenosti rakotvornim snovem. Na\u0161 cilj je, da so te informacije pravo\u010dasne in to\u010dne. \u010ce bomo opozorjeni na napake, jih bomo posku\u0161ali popraviti. Vendar pa pobudniki ne prevzemajo nobene odgovornosti v zvezi z informacijami na tem spleti\u0161\u010du.   <\/p>\n<p>Te informacije so:<\/p>\n<ul>\n<li>je le splo\u0161ne narave in ni namenjen obravnavi posebnih okoli\u0161\u010din katerega koli posameznika ali subjekta;<\/li>\n<li>ni nujno iz\u010drpna, popolna, to\u010dna ali posodobljena;<\/li>\n<li>deloma prihajajo od tretjih oseb, za katere pobudniki ne prevzemajo nobene odgovornosti;<\/li>\n<li>v\u010dasih so povezani z zunanjimi spletnimi mesti, nad katerimi pobudniki nimajo nadzora in za katere ne prevzemajo nobene odgovornosti;<\/li>\n<li>ni strokovni ali pravni nasvet (\u010de potrebujete poseben nasvet, se vedno posvetujte z ustrezno usposobljenim strokovnjakom).<\/li>\n<\/ul>\n<p>Na\u0161 cilj je \u010dim bolj zmanj\u0161ati motnje zaradi tehni\u010dnih napak. Vendar so bili nekateri podatki ali informacije na na\u0161em spletnem mestu morda ustvarjeni ali strukturirani v datotekah ali formatih, ki niso brez napak, zato ne moremo zagotoviti, da na\u0161e storitve ne bodo prekinjene ali druga\u010de prizadete zaradi tak\u0161nih te\u017eav. Pobudniki ne prevzemajo nobene odgovornosti v zvezi s tak\u0161nimi te\u017eavami, ki nastanejo zaradi uporabe tega spletnega mesta ali povezanih zunanjih spletnih mest.  <\/p>\n<h4>Za svoje spletno mesto uporabljamo orodje za prevajanje z umetno inteligenco<\/h4>\n<p>Za svoje spletno mesto uporabljamo orodje za prevajanje, ki ga poganja umetna inteligenca, rojeni govorci pa pregledujejo in popravljajo morebitne neto\u010dnosti. Ta pristop zagotavlja u\u010dinkovitost in kakovost, saj se sistem umetne inteligence s\u010dasoma nenehno izbolj\u0161uje. Menimo, da ta metoda ponuja naju\u010dinkovitej\u0161i in stro\u0161kovno najugodnej\u0161i na\u010din, da je na\u0161e spletno mesto dostopno v ve\u010d jezikih, kar nam pomaga dose\u010di \u0161ir\u0161e ob\u010dinstvo posameznikov in organizacij. \u010ce imate kakr\u0161ne koli povratne informacije ali predloge v zvezi z na\u0161im postopkom prevajanja, vas bomo z veseljem sprejeli. Svoje misli nam sporo\u010dite po elektronski po\u0161ti.    <\/p>\n<h3>Avtorske pravice<\/h3>\n<p>Razmno\u017eevanje je dovoljeno pod pogojem, da je naveden vir, razen \u010de je navedeno druga\u010de.<\/p>\n<p>Kadar je treba za razmno\u017eevanje ali uporabo besedilnih in ve\u010dpredstavnostnih informacij (zvok, slike, programska oprema itd.) pridobiti predhodno dovoljenje, tak\u0161no dovoljenje razveljavi zgoraj navedeno splo\u0161no dovoljenje in jasno navede morebitne omejitve uporabe.<\/p>\n","protected":false},"excerpt":{"rendered":"<p>Pi\u0161kotki in zasebnost Zana\u0161amo se na na\u0161 legitimni interes za razumevanje in izbolj\u0161anje delovanja in uporabnosti spletnega mesta. Ker so podatki v celoti anonimizirani in se uporabljajo le v zbirni obliki, za pi\u0161kotke ne nastavljamo pojavne pasice s soglasjem. Na\u0161o uporabo pi\u0161kotkov lahko vedno potrdite na: https:\/\/2gdpr.com. To so pi\u0161kotki, ki jih uporabljamo: 1. Nujni [&hellip;]<\/p>\n","protected":false},"author":1,"featured_media":0,"parent":82388,"menu_order":0,"comment_status":"closed","ping_status":"closed","template":"","meta":{"inline_featured_image":false,"footnotes":""},"class_list":["post-77164","page","type-page","status-publish","hentry"],"yoast_head":"<!-- This site is optimized with the Yoast SEO Premium plugin v27.0 (Yoast SEO v27.3) - https:\/\/yoast.com\/product\/yoast-seo-premium-wordpress\/ -->\n<title>Izjava o omejitvi odgovornosti in zasebnost - STOP carcinogens at work<\/title>\n<meta name=\"description\" content=\"Every year, more than 100.000 people die in the EU from cancer caused by carcinogens at work. This must STOP!\" \/>\n<meta name=\"robots\" content=\"noindex, nofollow\" \/>\n<meta property=\"og:locale\" content=\"sl_SI\" \/>\n<meta property=\"og:type\" content=\"article\" \/>\n<meta property=\"og:title\" content=\"Izjava o omejitvi odgovornosti in zasebnost\" \/>\n<meta property=\"og:description\" content=\"Every year, more than 100.000 people die in the EU from cancer caused by carcinogens at work. This must STOP!\" \/>\n<meta property=\"og:url\" content=\"https:\/\/stopcarcinogensatwork.eu\/sl\/stop-carcinogens-at-work\/izjava-o-omejitvi-odgovornosti-in-zasebnost\/\" \/>\n<meta property=\"og:site_name\" content=\"STOP carcinogens at work\" \/>\n<meta property=\"article:modified_time\" content=\"2025-08-19T09:29:57+00:00\" \/>\n<meta name=\"twitter:card\" content=\"summary_large_image\" \/>\n<meta name=\"twitter:label1\" content=\"Est. reading time\" \/>\n\t<meta name=\"twitter:data1\" content=\"3 minute\" \/>\n<script type=\"application\/ld+json\" class=\"yoast-schema-graph\">{\"@context\":\"https:\\\/\\\/schema.org\",\"@graph\":[{\"@type\":\"WebPage\",\"@id\":\"https:\\\/\\\/stopcarcinogensatwork.eu\\\/sl\\\/stop-carcinogens-at-work\\\/izjava-o-omejitvi-odgovornosti-in-zasebnost\\\/\",\"url\":\"https:\\\/\\\/stopcarcinogensatwork.eu\\\/sl\\\/stop-carcinogens-at-work\\\/izjava-o-omejitvi-odgovornosti-in-zasebnost\\\/\",\"name\":\"Izjava o omejitvi odgovornosti in zasebnost - STOP carcinogens at work\",\"isPartOf\":{\"@id\":\"https:\\\/\\\/stopcarcinogensatwork.eu\\\/sl\\\/#website\"},\"datePublished\":\"2024-04-25T14:29:54+00:00\",\"dateModified\":\"2025-08-19T09:29:57+00:00\",\"description\":\"Every year, more than 100.000 people die in the EU from cancer caused by carcinogens at work. This must STOP!\",\"breadcrumb\":{\"@id\":\"https:\\\/\\\/stopcarcinogensatwork.eu\\\/sl\\\/stop-carcinogens-at-work\\\/izjava-o-omejitvi-odgovornosti-in-zasebnost\\\/#breadcrumb\"},\"inLanguage\":\"sl-SI\",\"potentialAction\":[{\"@type\":\"ReadAction\",\"target\":[\"https:\\\/\\\/stopcarcinogensatwork.eu\\\/sl\\\/stop-carcinogens-at-work\\\/izjava-o-omejitvi-odgovornosti-in-zasebnost\\\/\"]}]},{\"@type\":\"BreadcrumbList\",\"@id\":\"https:\\\/\\\/stopcarcinogensatwork.eu\\\/sl\\\/stop-carcinogens-at-work\\\/izjava-o-omejitvi-odgovornosti-in-zasebnost\\\/#breadcrumb\",\"itemListElement\":[{\"@type\":\"ListItem\",\"position\":1,\"name\":\"Home\",\"item\":\"https:\\\/\\\/stopcarcinogensatwork.eu\\\/sl\\\/stop-carcinogens-at-work\\\/\"},{\"@type\":\"ListItem\",\"position\":2,\"name\":\"STOP Carcinogens at work\",\"item\":\"https:\\\/\\\/stopcarcinogensatwork.eu\\\/sl\\\/stop-carcinogens-at-work\\\/\"},{\"@type\":\"ListItem\",\"position\":3,\"name\":\"Izjava o omejitvi odgovornosti in zasebnost\"}]},{\"@type\":\"WebSite\",\"@id\":\"https:\\\/\\\/stopcarcinogensatwork.eu\\\/sl\\\/#website\",\"url\":\"https:\\\/\\\/stopcarcinogensatwork.eu\\\/sl\\\/\",\"name\":\"STOP Carcinogens at work\",\"description\":\"Every year, about 100.000 people die from cancer that was caused by exposure to carcinogens at work in Europe.\",\"publisher\":{\"@id\":\"https:\\\/\\\/stopcarcinogensatwork.eu\\\/sl\\\/#organization\"},\"alternateName\":\"Roadmap on Carcinogens\",\"potentialAction\":[{\"@type\":\"SearchAction\",\"target\":{\"@type\":\"EntryPoint\",\"urlTemplate\":\"https:\\\/\\\/stopcarcinogensatwork.eu\\\/sl\\\/?s={search_term_string}\"},\"query-input\":{\"@type\":\"PropertyValueSpecification\",\"valueRequired\":true,\"valueName\":\"search_term_string\"}}],\"inLanguage\":\"sl-SI\"},{\"@type\":\"Organization\",\"@id\":\"https:\\\/\\\/stopcarcinogensatwork.eu\\\/sl\\\/#organization\",\"name\":\"TNO\",\"alternateName\":\"This is a European wide voluntary action scheme\",\"url\":\"https:\\\/\\\/stopcarcinogensatwork.eu\\\/sl\\\/\",\"logo\":{\"@type\":\"ImageObject\",\"inLanguage\":\"sl-SI\",\"@id\":\"https:\\\/\\\/stopcarcinogensatwork.eu\\\/sl\\\/#\\\/schema\\\/logo\\\/image\\\/\",\"url\":\"https:\\\/\\\/stopcarcinogensatwork.eu\\\/wp-content\\\/uploads\\\/2024\\\/08\\\/cropped-FavLarge-1.png\",\"contentUrl\":\"https:\\\/\\\/stopcarcinogensatwork.eu\\\/wp-content\\\/uploads\\\/2024\\\/08\\\/cropped-FavLarge-1.png\",\"width\":512,\"height\":512,\"caption\":\"TNO\"},\"image\":{\"@id\":\"https:\\\/\\\/stopcarcinogensatwork.eu\\\/sl\\\/#\\\/schema\\\/logo\\\/image\\\/\"},\"publishingPrinciples\":\"https:\\\/\\\/stopcarcinogensatwork.eu\\\/homepage\\\/legal\\\/\",\"ownershipFundingInfo\":\"https:\\\/\\\/stopcarcinogensatwork.eu\\\/general\\\/about-us\\\/\"}]}<\/script>\n<!-- \/ Yoast SEO Premium plugin. -->","yoast_head_json":{"title":"Izjava o omejitvi odgovornosti in zasebnost - STOP carcinogens at work","description":"Every year, more than 100.000 people die in the EU from cancer caused by carcinogens at work. This must STOP!","robots":{"index":"noindex","follow":"nofollow"},"og_locale":"sl_SI","og_type":"article","og_title":"Izjava o omejitvi odgovornosti in zasebnost","og_description":"Every year, more than 100.000 people die in the EU from cancer caused by carcinogens at work. This must STOP!","og_url":"https:\/\/stopcarcinogensatwork.eu\/sl\/stop-carcinogens-at-work\/izjava-o-omejitvi-odgovornosti-in-zasebnost\/","og_site_name":"STOP carcinogens at work","article_modified_time":"2025-08-19T09:29:57+00:00","twitter_card":"summary_large_image","twitter_misc":{"Est. reading time":"3 minute"},"schema":{"@context":"https:\/\/schema.org","@graph":[{"@type":"WebPage","@id":"https:\/\/stopcarcinogensatwork.eu\/sl\/stop-carcinogens-at-work\/izjava-o-omejitvi-odgovornosti-in-zasebnost\/","url":"https:\/\/stopcarcinogensatwork.eu\/sl\/stop-carcinogens-at-work\/izjava-o-omejitvi-odgovornosti-in-zasebnost\/","name":"Izjava o omejitvi odgovornosti in zasebnost - STOP carcinogens at work","isPartOf":{"@id":"https:\/\/stopcarcinogensatwork.eu\/sl\/#website"},"datePublished":"2024-04-25T14:29:54+00:00","dateModified":"2025-08-19T09:29:57+00:00","description":"Every year, more than 100.000 people die in the EU from cancer caused by carcinogens at work. This must STOP!","breadcrumb":{"@id":"https:\/\/stopcarcinogensatwork.eu\/sl\/stop-carcinogens-at-work\/izjava-o-omejitvi-odgovornosti-in-zasebnost\/#breadcrumb"},"inLanguage":"sl-SI","potentialAction":[{"@type":"ReadAction","target":["https:\/\/stopcarcinogensatwork.eu\/sl\/stop-carcinogens-at-work\/izjava-o-omejitvi-odgovornosti-in-zasebnost\/"]}]},{"@type":"BreadcrumbList","@id":"https:\/\/stopcarcinogensatwork.eu\/sl\/stop-carcinogens-at-work\/izjava-o-omejitvi-odgovornosti-in-zasebnost\/#breadcrumb","itemListElement":[{"@type":"ListItem","position":1,"name":"Home","item":"https:\/\/stopcarcinogensatwork.eu\/sl\/stop-carcinogens-at-work\/"},{"@type":"ListItem","position":2,"name":"STOP Carcinogens at work","item":"https:\/\/stopcarcinogensatwork.eu\/sl\/stop-carcinogens-at-work\/"},{"@type":"ListItem","position":3,"name":"Izjava o omejitvi odgovornosti in zasebnost"}]},{"@type":"WebSite","@id":"https:\/\/stopcarcinogensatwork.eu\/sl\/#website","url":"https:\/\/stopcarcinogensatwork.eu\/sl\/","name":"STOP Carcinogens at work","description":"Every year, about 100.000 people die from cancer that was caused by exposure to carcinogens at work in Europe.","publisher":{"@id":"https:\/\/stopcarcinogensatwork.eu\/sl\/#organization"},"alternateName":"Roadmap on Carcinogens","potentialAction":[{"@type":"SearchAction","target":{"@type":"EntryPoint","urlTemplate":"https:\/\/stopcarcinogensatwork.eu\/sl\/?s={search_term_string}"},"query-input":{"@type":"PropertyValueSpecification","valueRequired":true,"valueName":"search_term_string"}}],"inLanguage":"sl-SI"},{"@type":"Organization","@id":"https:\/\/stopcarcinogensatwork.eu\/sl\/#organization","name":"TNO","alternateName":"This is a European wide voluntary action scheme","url":"https:\/\/stopcarcinogensatwork.eu\/sl\/","logo":{"@type":"ImageObject","inLanguage":"sl-SI","@id":"https:\/\/stopcarcinogensatwork.eu\/sl\/#\/schema\/logo\/image\/","url":"https:\/\/stopcarcinogensatwork.eu\/wp-content\/uploads\/2024\/08\/cropped-FavLarge-1.png","contentUrl":"https:\/\/stopcarcinogensatwork.eu\/wp-content\/uploads\/2024\/08\/cropped-FavLarge-1.png","width":512,"height":512,"caption":"TNO"},"image":{"@id":"https:\/\/stopcarcinogensatwork.eu\/sl\/#\/schema\/logo\/image\/"},"publishingPrinciples":"https:\/\/stopcarcinogensatwork.eu\/homepage\/legal\/","ownershipFundingInfo":"https:\/\/stopcarcinogensatwork.eu\/general\/about-us\/"}]}},"_links":{"self":[{"href":"https:\/\/stopcarcinogensatwork.eu\/sl\/wp-json\/wp\/v2\/pages\/77164","targetHints":{"allow":["GET"]}}],"collection":[{"href":"https:\/\/stopcarcinogensatwork.eu\/sl\/wp-json\/wp\/v2\/pages"}],"about":[{"href":"https:\/\/stopcarcinogensatwork.eu\/sl\/wp-json\/wp\/v2\/types\/page"}],"author":[{"embeddable":true,"href":"https:\/\/stopcarcinogensatwork.eu\/sl\/wp-json\/wp\/v2\/users\/1"}],"replies":[{"embeddable":true,"href":"https:\/\/stopcarcinogensatwork.eu\/sl\/wp-json\/wp\/v2\/comments?post=77164"}],"version-history":[{"count":0,"href":"https:\/\/stopcarcinogensatwork.eu\/sl\/wp-json\/wp\/v2\/pages\/77164\/revisions"}],"up":[{"embeddable":true,"href":"https:\/\/stopcarcinogensatwork.eu\/sl\/wp-json\/wp\/v2\/pages\/82388"}],"wp:attachment":[{"href":"https:\/\/stopcarcinogensatwork.eu\/sl\/wp-json\/wp\/v2\/media?parent=77164"}],"curies":[{"name":"wp","href":"https:\/\/api.w.org\/{rel}","templated":true}]}}