{"id":77165,"date":"2024-08-31T07:07:44","date_gmt":"2024-08-31T07:07:44","guid":{"rendered":"https:\/\/stopcarcinogensatwork.eu\/splosno\/o-casovnem-nacrtu-za-rakotvorne-snovi\/izzivi\/"},"modified":"2025-10-21T10:26:25","modified_gmt":"2025-10-21T10:26:25","slug":"izzivi","status":"publish","type":"page","link":"https:\/\/stopcarcinogensatwork.eu\/sl\/splosno\/o-casovnem-nacrtu-za-rakotvorne-snovi\/izzivi\/","title":{"rendered":"Izzivi"},"content":{"rendered":"<p><img fetchpriority=\"high\" decoding=\"async\" class=\"alignnone wp-image-20623 size-full\" src=\"https:\/\/stopcarcinogensatwork.eu\/wp-content\/uploads\/2024\/08\/Pillars.png\" alt=\"\" width=\"1384\" height=\"736\" srcset=\"https:\/\/stopcarcinogensatwork.eu\/wp-content\/uploads\/2024\/08\/Pillars.png 1384w, https:\/\/stopcarcinogensatwork.eu\/wp-content\/uploads\/2024\/08\/Pillars-300x160.png 300w, https:\/\/stopcarcinogensatwork.eu\/wp-content\/uploads\/2024\/08\/Pillars-768x408.png 768w\" sizes=\"(max-width: 1384px) 100vw, 1384px\" \/><\/p>\n<blockquote><p>Z letom 2021 se je v okviru Roadmap on Carcinogens za\u010delo izvajati dvanajst izzivov za doseganje nadaljnjega u\u010dinka, da bi pomagali prepre\u010diti izpostavljenost zaposlenih rakotvornim snovem (celotno<a href=\"https:\/\/stopcarcinogensatwork.eu\/wp-content\/uploads\/2024\/09\/200903_RoC2.0_Strategy.pdf\" target=\"_blank\" rel=\"noopener\">strategijo preberitetukaj).<\/a><\/p><\/blockquote>\n<p>Za obdobje 2020-2024 so v Roadmap on Carcinogens dolo\u010deni naslednji \u0161tirje cilji:<\/p>\n<ul>\n<li><strong>Steber 1: ozave\u0161\u010danje<\/strong> podjetij in zaposlenih o tveganjih izpostavljenosti rakotvornim snovem ter o potrebi po preventivnih ukrepih prek Evrope.<\/li>\n<li><strong>2. steber: zagotavljanje<\/strong> pomo\u010di podjetjem in zaposlenim pri prepre\u010devanju izpostavljenosti rakotvornim snovem na delovnem mestu in zmanj\u0161evanju njenega vpliva na delovno silo.<\/li>\n<li><strong>3. steber: vklju\u010devanje<\/strong> industrije in sektorjev ter ve\u010dja vklju\u010denost ustreznih strani za pove\u010danje na\u0161ih prizadevanj po vsej Evropi.<\/li>\n<li><strong>Steber 4: Usmerjanje<\/strong> inovacij za premostitev vrzeli med ugotovitvami raziskav in potrebami podjetij.<\/li>\n<\/ul>\n<p>Ti stebri so razdeljeni na 12 izzivov. Izvajanje teh izzivov bo prispevalo k doseganju teh ciljev. Vsak izziv vodi ekipa partnerjev iz na\u010drta.  <\/p>\n<h3>Izziv 1.1 &#8211; bolj\u0161i podatki<\/h3>\n<p>Bolj\u0161i in podrobnej\u0161i podatki o izpostavljenosti rakotvornim snovem so nujni za ozave\u0161\u010danje o potrebi po ukrepanju in za spremljanje &#8211; zlasti na dolgi rok -, ali lahko opazimo zmanj\u0161anje uporabe rakotvornih snovi v delavnicah.<\/p>\n<p><strong>Rezultati:<\/strong><\/p>\n<ul>\n<li><a href=\"https:\/\/stopcarcinogensatwork.eu\/wp-content\/uploads\/2024\/08\/Ch1.1_Conclusion_Report_20230125.pdf\" target=\"_blank\" rel=\"noopener\">Na voljo je podrobno poro\u010dilo (pdf).<\/a><\/li>\n<li><a href=\"https:\/\/stopcarcinogensatwork.eu\/sl\/zbirke-podatkov-o-meritvah-izpostavljenosti-poklicnim-rakotvornim-snovem\/\" target=\"_blank\" rel=\"noopener\">Pregled podatkovnih zbirk za merjenje izpostavljenosti je <strong>na voljo na tem spletnem mestu<\/strong>.<\/a><\/li>\n<li><a href=\"https:\/\/stopcarcinogensatwork.eu\/sl\/registri-o-zaposlenih-izpostavljenih-rakotvornim-snovem\/\" target=\"_blank\" rel=\"noopener\">Pregled registrov o zaposlenih, izpostavljenih rakotvornim snovem, je <strong>na voljo na tem spleti\u0161\u010du<\/strong>.<\/a><\/li>\n<li><a href=\"https:\/\/stopcarcinogensatwork.eu\/wp-content\/uploads\/2024\/08\/Ch1.1_joint_research_projects_v2.1.pdf\" target=\"_blank\" rel=\"noopener\">Skupni raziskovalni projekti, ki zagotavljajo podatke o izpostavljenosti poklicnim rakotvornim snovem (pdf)<\/a><\/li>\n<\/ul>\n<h3>Izziv 1.2 &#8211; Izobra\u017eevanje je klju\u010dnega pomena<\/h3>\n<p>V skladu z geslom &#8220;starega psa ne more\u0161 nau\u010diti novih trikov&#8221; je treba za\u010deti z dejavnostmi ozave\u0161\u010danja v osnovnih \u0161olah in jih bolje vklju\u010diti v poklicno izobra\u017eevanje.<\/p>\n<p><strong>Rezultati:<\/strong><\/p>\n<ul>\n<li>Kmalu bo na voljo niz izobra\u017eevalnih predstavitev za osnovno\u0161olske u\u010ditelje.<\/li>\n<li>Razvito je bilo orodje za igrifikacijo, ki je <a href=\"https:\/\/stopcarcinogensatwork.eu\/sl\/good-practice\/obvladovanje-tveganj-zaradi-rakotvornih-snovi-na-delovnem-mestu-s-pomocjo-izobrazevalne-igre\/\" target=\"_blank\" rel=\"noopener\"><strong>na voljo na spletni strani . <\/strong><strong>na voljo na tej spletni strani.<\/strong><\/a><\/li>\n<\/ul>\n<h3>Izziv 2.1 &#8211; Strategije nadome\u0161\u010danja<\/h3>\n<p>Nadome\u0161\u010danje z varnej\u0161imi alternativami je na vrhu hierarhije ukrepov za prepre\u010devanje izpostavljenosti povzro\u010diteljem raka pri delu, zbiranje primerov nadome\u0161\u010danja in inovacij pa bo podjetjem v pomo\u010d pri iskanju uspe\u0161nega na\u010drta nadome\u0161\u010danja.<\/p>\n<ul>\n<li>Celoviti povzetki za alternative iz vlog za avtorizacijo na podlagi uredbe REACH so na tem spleti\u0161\u010du na voljo pod vsakim Faktom.<\/li>\n<li><a href=\"https:\/\/stopcarcinogensatwork.eu\/sl\/splosno\/o-casovnem-nacrtu-za-rakotvorne-snovi\/izzivi\/mozne-alternative-za-krom\/\" target=\"_blank\" rel=\"noopener\">Mo\u017ene alternative kromovemu trioksidu kot sredstvu za galvanizacijo za uporabo v splo\u0161ni proizvodnji so na voljo tukaj<\/a><\/li>\n<\/ul>\n<h3>Izziv 2.2 &#8211; Smernice za obvladovanje tveganja<\/h3>\n<p>Cilj tega izziva je bil zagotoviti smernice za obvladovanje tveganja in ozave\u0161\u010danje o strategijah za zmanj\u0161anje tveganja v skladu z na\u010delom STOP. Poleg oblikovanja letakov o slednjih je skupina za izziv pregledala \u0161tevilne liste s smernicami za obvladovanje tveganj za posamezne naloge, da bi zbrala splo\u0161ne zna\u010dilnosti za predlogo. Ta podpira oblikovanje kontrolnih listov (CGS) in pomaga sporo\u010dati najpomembnej\u0161e vidike za obvladovanje tveganja rakotvornih snovi. <a href=\"https:\/\/stopcarcinogensatwork.eu\/sl\/spoznajte-osnovne-strategije-preprecevanja\/\" target=\"_blank\" rel=\"noopener\">Vsebina listov S &#8211; T &#8211; O &#8211; P je vklju\u010dena na spletni strani<\/a>.<br \/>\nVe\u010d rezultatov izziva bo kmalu na voljo:  <\/p>\n<ul>\n<li><a href=\"https:\/\/stopcarcinogensatwork.eu\/sl\/spoznajte-osnovne-strategije-preprecevanja\/\" target=\"_blank\" rel=\"noopener\">Letaki S &#8211; T &#8211; O &#8211; P, ki jih je mogo\u010de prenesti<\/a>.<\/li>\n<li>Platforma, ki jo lahko institucije uporabljajo za ustvarjanje<a href=\"https:\/\/stopcarcinogensatwork.eu\/sl\/splosno\/sodelujte-z-nami\/\" target=\"_blank\" rel=\"noopener\"> CGS na podlagi predloge, ki jo je razvila skupina za re\u0161evanje izzivov.<\/a> Pridobljene CGS za delodajalce bodo objavljene na spletnem mestu. <\/li>\n<li><a href=\"https:\/\/stopcarcinogensatwork.eu\/wp-content\/uploads\/2025\/05\/Ch22_Conclusion_Report_20250521.pdf\" target=\"_blank\" rel=\"noopener\">Poro\u010dilo o izzivih 2.2<\/a><\/li>\n<\/ul>\n<h3>Izziv 2.3 &#8211; Sredstva za podjetja<\/h3>\n<p>Znano je, da imajo razli\u010dne organizacije, kot so dr\u017eave \u010dlanice, industrijske ali sektorske organizacije, nacionalne pobude za socialno varnost, zavarovanje in druge, \u017ee vzpostavljene sklade ali posebne dav\u010dne ukrepe, ki spodbujajo podjetja k vlaganju v varnost in zdravje pri delu.<\/p>\n<ul>\n<li><a href=\"https:\/\/stopcarcinogensatwork.eu\/wp-content\/uploads\/2025\/05\/Final-report-RoC-Ch2.3andCh3.1-BusinessEurope.pdf\">Poro\u010dilo o izzivih 2.3 in 3.1<\/a><\/li>\n<\/ul>\n<h3>Izziv 3.1 &#8211; Vklju\u010devanje industrij in sektorjev<\/h3>\n<p>\u010cim ve\u010d medpano\u017enih in sektorskih organizacij se bo pridru\u017eilo Roadmap on Carcinogens, tem ve\u010d koristi bodo imela podjetja od na\u010drtovanih in pojasnjenih re\u0161itev.<\/p>\n<ul>\n<li><a href=\"https:\/\/stopcarcinogensatwork.eu\/wp-content\/uploads\/2025\/05\/Final-report-RoC-Ch2.3andCh3.1-BusinessEurope.pdf\">Poro\u010dilo o izzivih 2.3 in 3.1<\/a><\/li>\n<\/ul>\n<h3>Izziv 3.2 &#8211; Vklju\u010devanje organizacij za poklicno preventivo<\/h3>\n<p>Vklju\u010devanje zainteresiranih strani, kot so organizacije za poklicno preventivo, je \u0161e en element, ki prispeva k podpori podjetjem z zagotavljanjem orodij za samoocenjevanje skladnosti z zakonskimi dolo\u010dbami in uvedbo ustreznih ukrepov za obvladovanje tveganja.<\/p>\n<ul>\n<li><a href=\"https:\/\/stopcarcinogensatwork.eu\/wp-content\/uploads\/2025\/05\/PDF250528_Ch3.2_Conclusion_Report.pdf\" target=\"_blank\" rel=\"noopener\">Povzetek poro\u010dila o projektu je na voljo tukaj.<\/a><\/li>\n<li><a href=\"https:\/\/stopcarcinogensatwork.eu\/sl\/iskanje-poklicev\/\" target=\"_blank\" rel=\"noopener\"><strong>To je pomembna integracija na spletnem mestu.<\/strong>  Tukaj preverite, ali se v va\u0161em poklicu pojavljajo rakotvorne snovi.<\/a><\/li>\n<\/ul>\n<h3>Izziv 3.3 &#8211; Sodelovanje z in\u0161pektorati<\/h3>\n<p>Uveljavitev je pomembno orodje za zagotavljanje skladnosti. Kako lahko izvr\u0161ilni organi in na\u010drt sodelujejo drug z drugim? <\/p>\n<ul>\n<li><a href=\"https:\/\/stopcarcinogensatwork.eu\/sl\/splosno\/sodelujte-z-nami\/\" target=\"_blank\" rel=\"noopener\">Vklju\u010deno na tem spletnem mestu<\/a><\/li>\n<\/ul>\n<h3>Izziv 3.4 &#8211; Opolnomo\u010denje zaposlenih<\/h3>\n<p>Zaposleni se morajo zavedati svojih pravic in obveznosti, da lahko prispevajo k delodajal\u010devi oceni tveganja in uvedejo ustrezne preventivne ukrepe za odpravo ali zmanj\u0161anje izpostavljenosti rakotvorne snovi.<\/p>\n<ul>\n<li>Napovedano bo<\/li>\n<\/ul>\n<h3>Izziv 4.1 &#8211; Premostitev vrzeli<\/h3>\n<p>Za prepre\u010devanje izpostavljenosti rakotvornim snovem v celotnem \u017eivljenjskem ciklu snovi ali materialov so bistvenega pomena inovacije, ki so usmerjene v izpolnjevanje dejanskih potreb na delovnem mestu &#8211; to znanje mora biti splo\u0161no znano.<\/p>\n<p><a href=\"https:\/\/stopcarcinogensatwork.eu\/wp-content\/uploads\/2024\/08\/Ch4.1_Preparatory_Report_211216-NEW.pdf\" target=\"_blank\" rel=\"noopener\">&#8211; Na voljo je podrobno poro\u010dilo, vklju\u010dno s sklopom OnePagers, ki povzema potencialno povezavo z raziskovalno skupnostjo<\/a>.<\/p>\n<h3>Izziv 4.2 &#8211; Rakotvorne snovi, ki nastajajo v procesih<\/h3>\n<p>Rakotvorne snovi, ki nastajajo pri procesih, so stranski produkt delovnega procesa. Tem je treba posvetiti posebno pozornost, saj nimajo oznak in morda niso omenjeni v varnostnih listih. <\/p>\n<ul>\n<li><a href=\"https:\/\/stopcarcinogensatwork.eu\/wp-content\/uploads\/2024\/08\/Silica-Dust-in-Construction.pdf\" target=\"_blank\" rel=\"noopener\">Na voljo je podrobno poro\u010dilo o avstrijski in\u0161pekcijski kampanji o prahu iz silicijevega dioksida<\/a><\/li>\n<li><a href=\"https:\/\/stopcarcinogensatwork.eu\/wp-content\/uploads\/2024\/08\/Mineral-Dusts-in-Mining.pdf\" target=\"_blank\" rel=\"noopener\">Na voljo je poro\u010dilo o mineralnem prahu v rudarstvu<\/a><\/li>\n<li><a href=\"https:\/\/stopcarcinogensatwork.eu\/wp-content\/uploads\/2024\/09\/TNO2023_R10498_RoC_Challenge_4.2-1.pdf\" target=\"_blank\" rel=\"noopener\">Na voljo je poro\u010dilo o snoveh, ki nastajajo v procesu<\/a><\/li>\n<li>Na tem spletnem mestu <a href=\"https:\/\/stopcarcinogensatwork.eu\/sl\/fact\/zgorevanje-proces\/\" target=\"_blank\" rel=\"noopener\">so<\/a> na voljo informativni listi o <a href=\"https:\/\/stopcarcinogensatwork.eu\/sl\/fact\/abrazija-proces\/\" target=\"_blank\" rel=\"noopener\">abraziji in<\/a> izgorevanju.<\/li>\n<\/ul>\n<h3>Izziv 4.3 &#8211; Postopki varnega dela<\/h3>\n<p>&#8220;Postopki varnega dela&#8221; se lahko uvedejo kot sprejeta alternativa za skupine podjetij, ki opravljajo isto dejavnost, namesto da bi izvajali meritve in jih primerjali z mejnimi vrednostmi za vsako podjetje, za vsako dejavnost in za vsako snov.<\/p>\n<ul>\n<li><a href=\"https:\/\/stopcarcinogensatwork.eu\/wp-content\/uploads\/2024\/08\/TNO2023-R10499_RoC-Ch4.3_TNO-Report-general-challenge-report_getekend.pdf\" target=\"_blank\" rel=\"noopener\">Podrobno poro\u010dilo je na voljo tukaj.<\/a><\/li>\n<\/ul>\n<h3>Kon\u010dno poro\u010dilo projekta ROC2.0<\/h3>\n<p>Objavljen je povzetek vseh dejavnosti in dose\u017ekov drugega Roadmap on Carcinogens (RoC2.0)<a href=\"https:\/\/stopcarcinogensatwork.eu\/wp-content\/uploads\/2025\/10\/250922_RoC2.0_wrap_up_FINAL.pdf\">  v tem poro\u010dilu.<\/a><\/p>\n","protected":false},"excerpt":{"rendered":"<p>Z letom 2021 se je v okviru Roadmap on Carcinogens za\u010delo izvajati dvanajst izzivov za doseganje nadaljnjega u\u010dinka, da bi pomagali prepre\u010diti izpostavljenost zaposlenih rakotvornim snovem (celotnostrategijo preberitetukaj). Za obdobje 2020-2024 so v Roadmap on Carcinogens dolo\u010deni naslednji \u0161tirje cilji: Steber 1: ozave\u0161\u010danje podjetij in zaposlenih o tveganjih izpostavljenosti rakotvornim snovem ter o potrebi po [&hellip;]<\/p>\n","protected":false},"author":1,"featured_media":0,"parent":76552,"menu_order":0,"comment_status":"closed","ping_status":"closed","template":"","meta":{"inline_featured_image":false,"footnotes":""},"class_list":["post-77165","page","type-page","status-publish","hentry"],"yoast_head":"<!-- This site is optimized with the Yoast SEO Premium plugin v27.0 (Yoast SEO v27.3) - https:\/\/yoast.com\/product\/yoast-seo-premium-wordpress\/ -->\n<title>Izzivi - STOP carcinogens at work<\/title>\n<meta name=\"description\" content=\"Every year, more than 100.000 people die in the EU from cancer caused by carcinogens at work. This must STOP!\" \/>\n<meta name=\"robots\" content=\"index, follow, max-snippet:-1, max-image-preview:large, max-video-preview:-1\" \/>\n<link rel=\"canonical\" href=\"https:\/\/stopcarcinogensatwork.eu\/sl\/splosno\/o-casovnem-nacrtu-za-rakotvorne-snovi\/izzivi\/\" \/>\n<meta property=\"og:locale\" content=\"sl_SI\" \/>\n<meta property=\"og:type\" content=\"article\" \/>\n<meta property=\"og:title\" content=\"Izzivi\" \/>\n<meta property=\"og:description\" content=\"Every year, more than 100.000 people die in the EU from cancer caused by carcinogens at work. This must STOP!\" \/>\n<meta property=\"og:url\" content=\"https:\/\/stopcarcinogensatwork.eu\/sl\/splosno\/o-casovnem-nacrtu-za-rakotvorne-snovi\/izzivi\/\" \/>\n<meta property=\"og:site_name\" content=\"STOP carcinogens at work\" \/>\n<meta property=\"article:modified_time\" content=\"2025-10-21T10:26:25+00:00\" \/>\n<meta property=\"og:image\" content=\"https:\/\/stopcarcinogensatwork.eu\/wp-content\/uploads\/2024\/08\/Pillars.png\" \/>\n<meta name=\"twitter:card\" content=\"summary_large_image\" \/>\n<meta name=\"twitter:label1\" content=\"Est. reading time\" \/>\n\t<meta name=\"twitter:data1\" content=\"5 minut\" \/>\n<script type=\"application\/ld+json\" class=\"yoast-schema-graph\">{\"@context\":\"https:\\\/\\\/schema.org\",\"@graph\":[{\"@type\":\"WebPage\",\"@id\":\"https:\\\/\\\/stopcarcinogensatwork.eu\\\/sl\\\/splosno\\\/o-casovnem-nacrtu-za-rakotvorne-snovi\\\/izzivi\\\/\",\"url\":\"https:\\\/\\\/stopcarcinogensatwork.eu\\\/sl\\\/splosno\\\/o-casovnem-nacrtu-za-rakotvorne-snovi\\\/izzivi\\\/\",\"name\":\"Izzivi - STOP carcinogens at work\",\"isPartOf\":{\"@id\":\"https:\\\/\\\/stopcarcinogensatwork.eu\\\/sl\\\/#website\"},\"primaryImageOfPage\":{\"@id\":\"https:\\\/\\\/stopcarcinogensatwork.eu\\\/sl\\\/splosno\\\/o-casovnem-nacrtu-za-rakotvorne-snovi\\\/izzivi\\\/#primaryimage\"},\"image\":{\"@id\":\"https:\\\/\\\/stopcarcinogensatwork.eu\\\/sl\\\/splosno\\\/o-casovnem-nacrtu-za-rakotvorne-snovi\\\/izzivi\\\/#primaryimage\"},\"thumbnailUrl\":\"https:\\\/\\\/stopcarcinogensatwork.eu\\\/wp-content\\\/uploads\\\/2024\\\/08\\\/Pillars.png\",\"datePublished\":\"2024-08-31T07:07:44+00:00\",\"dateModified\":\"2025-10-21T10:26:25+00:00\",\"description\":\"Every year, more than 100.000 people die in the EU from cancer caused by carcinogens at work. This must STOP!\",\"breadcrumb\":{\"@id\":\"https:\\\/\\\/stopcarcinogensatwork.eu\\\/sl\\\/splosno\\\/o-casovnem-nacrtu-za-rakotvorne-snovi\\\/izzivi\\\/#breadcrumb\"},\"inLanguage\":\"sl-SI\",\"potentialAction\":[{\"@type\":\"ReadAction\",\"target\":[\"https:\\\/\\\/stopcarcinogensatwork.eu\\\/sl\\\/splosno\\\/o-casovnem-nacrtu-za-rakotvorne-snovi\\\/izzivi\\\/\"]}]},{\"@type\":\"ImageObject\",\"inLanguage\":\"sl-SI\",\"@id\":\"https:\\\/\\\/stopcarcinogensatwork.eu\\\/sl\\\/splosno\\\/o-casovnem-nacrtu-za-rakotvorne-snovi\\\/izzivi\\\/#primaryimage\",\"url\":\"https:\\\/\\\/stopcarcinogensatwork.eu\\\/wp-content\\\/uploads\\\/2024\\\/08\\\/Pillars.png\",\"contentUrl\":\"https:\\\/\\\/stopcarcinogensatwork.eu\\\/wp-content\\\/uploads\\\/2024\\\/08\\\/Pillars.png\"},{\"@type\":\"BreadcrumbList\",\"@id\":\"https:\\\/\\\/stopcarcinogensatwork.eu\\\/sl\\\/splosno\\\/o-casovnem-nacrtu-za-rakotvorne-snovi\\\/izzivi\\\/#breadcrumb\",\"itemListElement\":[{\"@type\":\"ListItem\",\"position\":1,\"name\":\"Home\",\"item\":\"https:\\\/\\\/stopcarcinogensatwork.eu\\\/sl\\\/stop-carcinogens-at-work\\\/\"},{\"@type\":\"ListItem\",\"position\":2,\"name\":\"Splo\u0161no\",\"item\":\"https:\\\/\\\/stopcarcinogensatwork.eu\\\/sl\\\/splosno\\\/\"},{\"@type\":\"ListItem\",\"position\":3,\"name\":\"O \u010dasovnem na\u010drtu za rakotvorne snovi\",\"item\":\"https:\\\/\\\/stopcarcinogensatwork.eu\\\/sl\\\/splosno\\\/o-casovnem-nacrtu-za-rakotvorne-snovi\\\/\"},{\"@type\":\"ListItem\",\"position\":4,\"name\":\"Izzivi\"}]},{\"@type\":\"WebSite\",\"@id\":\"https:\\\/\\\/stopcarcinogensatwork.eu\\\/sl\\\/#website\",\"url\":\"https:\\\/\\\/stopcarcinogensatwork.eu\\\/sl\\\/\",\"name\":\"STOP Carcinogens at work\",\"description\":\"Every year, about 100.000 people die from cancer that was caused by exposure to carcinogens at work in Europe.\",\"publisher\":{\"@id\":\"https:\\\/\\\/stopcarcinogensatwork.eu\\\/sl\\\/#organization\"},\"alternateName\":\"Roadmap on Carcinogens\",\"potentialAction\":[{\"@type\":\"SearchAction\",\"target\":{\"@type\":\"EntryPoint\",\"urlTemplate\":\"https:\\\/\\\/stopcarcinogensatwork.eu\\\/sl\\\/?s={search_term_string}\"},\"query-input\":{\"@type\":\"PropertyValueSpecification\",\"valueRequired\":true,\"valueName\":\"search_term_string\"}}],\"inLanguage\":\"sl-SI\"},{\"@type\":\"Organization\",\"@id\":\"https:\\\/\\\/stopcarcinogensatwork.eu\\\/sl\\\/#organization\",\"name\":\"TNO\",\"alternateName\":\"This is a European wide voluntary action scheme\",\"url\":\"https:\\\/\\\/stopcarcinogensatwork.eu\\\/sl\\\/\",\"logo\":{\"@type\":\"ImageObject\",\"inLanguage\":\"sl-SI\",\"@id\":\"https:\\\/\\\/stopcarcinogensatwork.eu\\\/sl\\\/#\\\/schema\\\/logo\\\/image\\\/\",\"url\":\"https:\\\/\\\/stopcarcinogensatwork.eu\\\/wp-content\\\/uploads\\\/2024\\\/08\\\/cropped-FavLarge-1.png\",\"contentUrl\":\"https:\\\/\\\/stopcarcinogensatwork.eu\\\/wp-content\\\/uploads\\\/2024\\\/08\\\/cropped-FavLarge-1.png\",\"width\":512,\"height\":512,\"caption\":\"TNO\"},\"image\":{\"@id\":\"https:\\\/\\\/stopcarcinogensatwork.eu\\\/sl\\\/#\\\/schema\\\/logo\\\/image\\\/\"},\"publishingPrinciples\":\"https:\\\/\\\/stopcarcinogensatwork.eu\\\/homepage\\\/legal\\\/\",\"ownershipFundingInfo\":\"https:\\\/\\\/stopcarcinogensatwork.eu\\\/general\\\/about-us\\\/\"}]}<\/script>\n<!-- \/ Yoast SEO Premium plugin. -->","yoast_head_json":{"title":"Izzivi - STOP carcinogens at work","description":"Every year, more than 100.000 people die in the EU from cancer caused by carcinogens at work. This must STOP!","robots":{"index":"index","follow":"follow","max-snippet":"max-snippet:-1","max-image-preview":"max-image-preview:large","max-video-preview":"max-video-preview:-1"},"canonical":"https:\/\/stopcarcinogensatwork.eu\/sl\/splosno\/o-casovnem-nacrtu-za-rakotvorne-snovi\/izzivi\/","og_locale":"sl_SI","og_type":"article","og_title":"Izzivi","og_description":"Every year, more than 100.000 people die in the EU from cancer caused by carcinogens at work. This must STOP!","og_url":"https:\/\/stopcarcinogensatwork.eu\/sl\/splosno\/o-casovnem-nacrtu-za-rakotvorne-snovi\/izzivi\/","og_site_name":"STOP carcinogens at work","article_modified_time":"2025-10-21T10:26:25+00:00","og_image":[{"url":"https:\/\/stopcarcinogensatwork.eu\/wp-content\/uploads\/2024\/08\/Pillars.png","type":"","width":"","height":""}],"twitter_card":"summary_large_image","twitter_misc":{"Est. reading time":"5 minut"},"schema":{"@context":"https:\/\/schema.org","@graph":[{"@type":"WebPage","@id":"https:\/\/stopcarcinogensatwork.eu\/sl\/splosno\/o-casovnem-nacrtu-za-rakotvorne-snovi\/izzivi\/","url":"https:\/\/stopcarcinogensatwork.eu\/sl\/splosno\/o-casovnem-nacrtu-za-rakotvorne-snovi\/izzivi\/","name":"Izzivi - STOP carcinogens at work","isPartOf":{"@id":"https:\/\/stopcarcinogensatwork.eu\/sl\/#website"},"primaryImageOfPage":{"@id":"https:\/\/stopcarcinogensatwork.eu\/sl\/splosno\/o-casovnem-nacrtu-za-rakotvorne-snovi\/izzivi\/#primaryimage"},"image":{"@id":"https:\/\/stopcarcinogensatwork.eu\/sl\/splosno\/o-casovnem-nacrtu-za-rakotvorne-snovi\/izzivi\/#primaryimage"},"thumbnailUrl":"https:\/\/stopcarcinogensatwork.eu\/wp-content\/uploads\/2024\/08\/Pillars.png","datePublished":"2024-08-31T07:07:44+00:00","dateModified":"2025-10-21T10:26:25+00:00","description":"Every year, more than 100.000 people die in the EU from cancer caused by carcinogens at work. This must STOP!","breadcrumb":{"@id":"https:\/\/stopcarcinogensatwork.eu\/sl\/splosno\/o-casovnem-nacrtu-za-rakotvorne-snovi\/izzivi\/#breadcrumb"},"inLanguage":"sl-SI","potentialAction":[{"@type":"ReadAction","target":["https:\/\/stopcarcinogensatwork.eu\/sl\/splosno\/o-casovnem-nacrtu-za-rakotvorne-snovi\/izzivi\/"]}]},{"@type":"ImageObject","inLanguage":"sl-SI","@id":"https:\/\/stopcarcinogensatwork.eu\/sl\/splosno\/o-casovnem-nacrtu-za-rakotvorne-snovi\/izzivi\/#primaryimage","url":"https:\/\/stopcarcinogensatwork.eu\/wp-content\/uploads\/2024\/08\/Pillars.png","contentUrl":"https:\/\/stopcarcinogensatwork.eu\/wp-content\/uploads\/2024\/08\/Pillars.png"},{"@type":"BreadcrumbList","@id":"https:\/\/stopcarcinogensatwork.eu\/sl\/splosno\/o-casovnem-nacrtu-za-rakotvorne-snovi\/izzivi\/#breadcrumb","itemListElement":[{"@type":"ListItem","position":1,"name":"Home","item":"https:\/\/stopcarcinogensatwork.eu\/sl\/stop-carcinogens-at-work\/"},{"@type":"ListItem","position":2,"name":"Splo\u0161no","item":"https:\/\/stopcarcinogensatwork.eu\/sl\/splosno\/"},{"@type":"ListItem","position":3,"name":"O \u010dasovnem na\u010drtu za rakotvorne snovi","item":"https:\/\/stopcarcinogensatwork.eu\/sl\/splosno\/o-casovnem-nacrtu-za-rakotvorne-snovi\/"},{"@type":"ListItem","position":4,"name":"Izzivi"}]},{"@type":"WebSite","@id":"https:\/\/stopcarcinogensatwork.eu\/sl\/#website","url":"https:\/\/stopcarcinogensatwork.eu\/sl\/","name":"STOP Carcinogens at work","description":"Every year, about 100.000 people die from cancer that was caused by exposure to carcinogens at work in Europe.","publisher":{"@id":"https:\/\/stopcarcinogensatwork.eu\/sl\/#organization"},"alternateName":"Roadmap on Carcinogens","potentialAction":[{"@type":"SearchAction","target":{"@type":"EntryPoint","urlTemplate":"https:\/\/stopcarcinogensatwork.eu\/sl\/?s={search_term_string}"},"query-input":{"@type":"PropertyValueSpecification","valueRequired":true,"valueName":"search_term_string"}}],"inLanguage":"sl-SI"},{"@type":"Organization","@id":"https:\/\/stopcarcinogensatwork.eu\/sl\/#organization","name":"TNO","alternateName":"This is a European wide voluntary action scheme","url":"https:\/\/stopcarcinogensatwork.eu\/sl\/","logo":{"@type":"ImageObject","inLanguage":"sl-SI","@id":"https:\/\/stopcarcinogensatwork.eu\/sl\/#\/schema\/logo\/image\/","url":"https:\/\/stopcarcinogensatwork.eu\/wp-content\/uploads\/2024\/08\/cropped-FavLarge-1.png","contentUrl":"https:\/\/stopcarcinogensatwork.eu\/wp-content\/uploads\/2024\/08\/cropped-FavLarge-1.png","width":512,"height":512,"caption":"TNO"},"image":{"@id":"https:\/\/stopcarcinogensatwork.eu\/sl\/#\/schema\/logo\/image\/"},"publishingPrinciples":"https:\/\/stopcarcinogensatwork.eu\/homepage\/legal\/","ownershipFundingInfo":"https:\/\/stopcarcinogensatwork.eu\/general\/about-us\/"}]}},"_links":{"self":[{"href":"https:\/\/stopcarcinogensatwork.eu\/sl\/wp-json\/wp\/v2\/pages\/77165","targetHints":{"allow":["GET"]}}],"collection":[{"href":"https:\/\/stopcarcinogensatwork.eu\/sl\/wp-json\/wp\/v2\/pages"}],"about":[{"href":"https:\/\/stopcarcinogensatwork.eu\/sl\/wp-json\/wp\/v2\/types\/page"}],"author":[{"embeddable":true,"href":"https:\/\/stopcarcinogensatwork.eu\/sl\/wp-json\/wp\/v2\/users\/1"}],"replies":[{"embeddable":true,"href":"https:\/\/stopcarcinogensatwork.eu\/sl\/wp-json\/wp\/v2\/comments?post=77165"}],"version-history":[{"count":0,"href":"https:\/\/stopcarcinogensatwork.eu\/sl\/wp-json\/wp\/v2\/pages\/77165\/revisions"}],"up":[{"embeddable":true,"href":"https:\/\/stopcarcinogensatwork.eu\/sl\/wp-json\/wp\/v2\/pages\/76552"}],"wp:attachment":[{"href":"https:\/\/stopcarcinogensatwork.eu\/sl\/wp-json\/wp\/v2\/media?parent=77165"}],"curies":[{"name":"wp","href":"https:\/\/api.w.org\/{rel}","templated":true}]}}