{"id":77180,"date":"2024-12-30T09:48:30","date_gmt":"2024-12-30T09:48:30","guid":{"rendered":"https:\/\/stopcarcinogensatwork.eu\/splosno\/o-casovnem-nacrtu-za-rakotvorne-snovi\/izzivi\/mozne-alternative-za-krom\/"},"modified":"2025-09-04T10:16:49","modified_gmt":"2025-09-04T10:16:49","slug":"mozne-alternative-za-krom","status":"publish","type":"page","link":"https:\/\/stopcarcinogensatwork.eu\/sl\/splosno\/o-casovnem-nacrtu-za-rakotvorne-snovi\/izzivi\/mozne-alternative-za-krom\/","title":{"rendered":"Mo\u017ene alternative za krom"},"content":{"rendered":"<ol>\n<li><a href=\"https:\/\/stopcarcinogensatwork.eu\/good-practice\/substituting-chromium-trioxide-for-plastic-substrate-etching-in-electroplating-pre-treatment\/\" target=\"_blank\" rel=\"noopener\">Nadome\u0161\u010danje kromovega trioksida za jedkanje plasti\u010dnih substratov pri predhodni obdelavi galvanizacije<\/a><\/li>\n<li><a href=\"https:\/\/stopcarcinogensatwork.eu\/good-practice\/possible-alternatives-for-chromium-trioxide-as-a-plating-agent-for-sanitary-materials\/\" target=\"_blank\" rel=\"noopener\">Mo\u017ene alternative kromovemu trioksidu kot sredstvu za galvanizacijo sanitarnih materialov<\/a><\/li>\n<li><a href=\"https:\/\/stopcarcinogensatwork.eu\/good-practice\/substitution-of-sodium-dichromate-for-passivation-of-electrolytic-tinplate-etp\/\" target=\"_blank\" rel=\"noopener\">Zamenjava natrijevega dikromata za pasivacijo elektrolitske plo\u010devine (ETP)<\/a><\/li>\n<li><a href=\"https:\/\/stopcarcinogensatwork.eu\/good-practice\/substitution-of-sodium-chromate-as-an-anticorrosion-agent-of-the-carbon-steel-in-sealed-circuit-of-gas-absorption-appliances\/\" target=\"_blank\" rel=\"noopener\">Nadomestitev natrijevega kromata kot antikorozijskega sredstva za ogljikovo jeklo v zaprtem krogu naprav za absorpcijo plina<\/a><\/li>\n<li><a href=\"https:\/\/stopcarcinogensatwork.eu\/good-practice\/substitution-of-chromium-vi-trioxide-for-surface-treatments-in-the-aviation-and-aerospace-industry\/\" target=\"_blank\" rel=\"noopener\">Nadome\u0161\u010danje kromovega (VI) trioksida za povr\u0161insko obdelavo v letalski in vesoljski industriji<\/a><\/li>\n<li><a href=\"https:\/\/stopcarcinogensatwork.eu\/good-practice\/substituting-chromium-trioxide-based-functional-chrome-plating-of-dental-instruments-for-dental-treatment\/\" target=\"_blank\" rel=\"noopener\">Nadome\u0161\u010danje funkcionalnega kromovega prevle\u010denja zobozdravstvenih instrumentov s kromovim trioksidom za zobozdravstveno zdravljenje<\/a><\/li>\n<li><a href=\"https:\/\/stopcarcinogensatwork.eu\/good-practice\/substituting-chromium-vi-trioxide-for-electrolytic-chromium-coating-of-steel-eccs\/\" target=\"_blank\" rel=\"noopener\">Nadome\u0161\u010danje kromovega (VI) trioksida za elektrolitsko kromovo prevleko jekla (ECCS)<\/a><\/li>\n<li><a href=\"https:\/\/stopcarcinogensatwork.eu\/good-practice\/substitution-of-chromium-vi-trioxide-for-passivation-of-electrolytic-tinplate-etp\/\" target=\"_blank\" rel=\"noopener\">Zamenjava kromovega (VI) trioksida za pasivacijo elektrolitske kositrne plo\u0161\u010de (ETP)<\/a><\/li>\n<li><a href=\"https:\/\/stopcarcinogensatwork.eu\/good-practice\/substituting-chromium-trioxide-for-plastic-substrate-etching-in-electroplating-pre-treatment\/\" target=\"_blank\" rel=\"noopener\">Nadome\u0161\u010danje kromovega trioksida za jedkanje plasti\u010dnih substratov pri predhodni obdelavi galvanizacije<\/a><\/li>\n<li><a href=\"https:\/\/stopcarcinogensatwork.eu\/good-practice\/echa-substitutions-for-trichloroethylene\/\" target=\"_blank\" rel=\"noopener\">Nadome\u0161\u010danje trikloroetilenov v proizvodnji materiala alkantaro<\/a><\/li>\n<li><a href=\"https:\/\/stopcarcinogensatwork.eu\/good-practice\/possible-alternatives-for-chromium-trioxide-as-a-plating-agent-for-use-in-general-manufacturing\/\" target=\"_blank\" rel=\"noopener\">Mo\u017ene alternative kromovemu trioksidu kot galvanskemu sredstvu za uporabo v splo\u0161ni proizvodnji<\/a><\/li>\n<li><a href=\"https:\/\/stopcarcinogensatwork.eu\/good-practice\/substituting-22-dichloro-44-methylenedianiline-moca-in-polyurethanes-manufacturing\/\" target=\"_blank\" rel=\"noopener\">Nadome\u0161\u010danje 2,2&#8242;-dikloro-4,4&#8242;-metilendianilina (MOCA) v proizvodnji poliuretanov<\/a><\/li>\n<li><a href=\"https:\/\/stopcarcinogensatwork.eu\/good-practice\/possible-alternatives-for-chromium-trioxide-as-a-plating-agent-for-use-in-general-manufacturing\/\" target=\"_blank\" rel=\"noopener\">Mo\u017ene alternative kromovemu trioksidu kot galvanskemu sredstvu za uporabo v splo\u0161ni proizvodnji<\/a><\/li>\n<\/ol>\n","protected":false},"excerpt":{"rendered":"<p>Nadome\u0161\u010danje kromovega trioksida za jedkanje plasti\u010dnih substratov pri predhodni obdelavi galvanizacije Mo\u017ene alternative kromovemu trioksidu kot sredstvu za galvanizacijo sanitarnih materialov Zamenjava natrijevega dikromata za pasivacijo elektrolitske plo\u010devine (ETP) Nadomestitev natrijevega kromata kot antikorozijskega sredstva za ogljikovo jeklo v zaprtem krogu naprav za absorpcijo plina Nadome\u0161\u010danje kromovega (VI) trioksida za povr\u0161insko obdelavo v letalski in [&hellip;]<\/p>\n","protected":false},"author":1,"featured_media":0,"parent":77165,"menu_order":0,"comment_status":"closed","ping_status":"closed","template":"","meta":{"inline_featured_image":false,"footnotes":""},"class_list":["post-77180","page","type-page","status-publish","hentry"],"yoast_head":"<!-- This site is optimized with the Yoast SEO Premium plugin v27.0 (Yoast SEO v27.3) - https:\/\/yoast.com\/product\/yoast-seo-premium-wordpress\/ -->\n<title>Mo\u017ene alternative za krom - STOP carcinogens at work<\/title>\n<meta name=\"description\" content=\"Every year, more than 100.000 people die in the EU from cancer caused by carcinogens at work. This must STOP!\" \/>\n<meta name=\"robots\" content=\"index, follow, max-snippet:-1, max-image-preview:large, max-video-preview:-1\" \/>\n<link rel=\"canonical\" href=\"https:\/\/stopcarcinogensatwork.eu\/sl\/splosno\/o-casovnem-nacrtu-za-rakotvorne-snovi\/izzivi\/mozne-alternative-za-krom\/\" \/>\n<meta property=\"og:locale\" content=\"sl_SI\" \/>\n<meta property=\"og:type\" content=\"article\" \/>\n<meta property=\"og:title\" content=\"Mo\u017ene alternative za krom\" \/>\n<meta property=\"og:description\" content=\"Every year, more than 100.000 people die in the EU from cancer caused by carcinogens at work. This must STOP!\" \/>\n<meta property=\"og:url\" content=\"https:\/\/stopcarcinogensatwork.eu\/sl\/splosno\/o-casovnem-nacrtu-za-rakotvorne-snovi\/izzivi\/mozne-alternative-za-krom\/\" \/>\n<meta property=\"og:site_name\" content=\"STOP carcinogens at work\" \/>\n<meta property=\"article:modified_time\" content=\"2025-09-04T10:16:49+00:00\" \/>\n<meta name=\"twitter:card\" content=\"summary_large_image\" \/>\n<meta name=\"twitter:label1\" content=\"Est. reading time\" \/>\n\t<meta name=\"twitter:data1\" content=\"1 minuta\" \/>\n<script type=\"application\/ld+json\" class=\"yoast-schema-graph\">{\"@context\":\"https:\\\/\\\/schema.org\",\"@graph\":[{\"@type\":\"WebPage\",\"@id\":\"https:\\\/\\\/stopcarcinogensatwork.eu\\\/sl\\\/splosno\\\/o-casovnem-nacrtu-za-rakotvorne-snovi\\\/izzivi\\\/mozne-alternative-za-krom\\\/\",\"url\":\"https:\\\/\\\/stopcarcinogensatwork.eu\\\/sl\\\/splosno\\\/o-casovnem-nacrtu-za-rakotvorne-snovi\\\/izzivi\\\/mozne-alternative-za-krom\\\/\",\"name\":\"Mo\u017ene alternative za krom - STOP carcinogens at work\",\"isPartOf\":{\"@id\":\"https:\\\/\\\/stopcarcinogensatwork.eu\\\/sl\\\/#website\"},\"datePublished\":\"2024-12-30T09:48:30+00:00\",\"dateModified\":\"2025-09-04T10:16:49+00:00\",\"description\":\"Every year, more than 100.000 people die in the EU from cancer caused by carcinogens at work. This must STOP!\",\"breadcrumb\":{\"@id\":\"https:\\\/\\\/stopcarcinogensatwork.eu\\\/sl\\\/splosno\\\/o-casovnem-nacrtu-za-rakotvorne-snovi\\\/izzivi\\\/mozne-alternative-za-krom\\\/#breadcrumb\"},\"inLanguage\":\"sl-SI\",\"potentialAction\":[{\"@type\":\"ReadAction\",\"target\":[\"https:\\\/\\\/stopcarcinogensatwork.eu\\\/sl\\\/splosno\\\/o-casovnem-nacrtu-za-rakotvorne-snovi\\\/izzivi\\\/mozne-alternative-za-krom\\\/\"]}]},{\"@type\":\"BreadcrumbList\",\"@id\":\"https:\\\/\\\/stopcarcinogensatwork.eu\\\/sl\\\/splosno\\\/o-casovnem-nacrtu-za-rakotvorne-snovi\\\/izzivi\\\/mozne-alternative-za-krom\\\/#breadcrumb\",\"itemListElement\":[{\"@type\":\"ListItem\",\"position\":1,\"name\":\"Home\",\"item\":\"https:\\\/\\\/stopcarcinogensatwork.eu\\\/sl\\\/stop-carcinogens-at-work\\\/\"},{\"@type\":\"ListItem\",\"position\":2,\"name\":\"Splo\u0161no\",\"item\":\"https:\\\/\\\/stopcarcinogensatwork.eu\\\/sl\\\/splosno\\\/\"},{\"@type\":\"ListItem\",\"position\":3,\"name\":\"O \u010dasovnem na\u010drtu za rakotvorne snovi\",\"item\":\"https:\\\/\\\/stopcarcinogensatwork.eu\\\/sl\\\/splosno\\\/o-casovnem-nacrtu-za-rakotvorne-snovi\\\/\"},{\"@type\":\"ListItem\",\"position\":4,\"name\":\"Izzivi\",\"item\":\"https:\\\/\\\/stopcarcinogensatwork.eu\\\/sl\\\/general\\\/about-us\\\/challenges\\\/\"},{\"@type\":\"ListItem\",\"position\":5,\"name\":\"Mo\u017ene alternative za krom\"}]},{\"@type\":\"WebSite\",\"@id\":\"https:\\\/\\\/stopcarcinogensatwork.eu\\\/sl\\\/#website\",\"url\":\"https:\\\/\\\/stopcarcinogensatwork.eu\\\/sl\\\/\",\"name\":\"STOP Carcinogens at work\",\"description\":\"Every year, about 100.000 people die from cancer that was caused by exposure to carcinogens at work in Europe.\",\"publisher\":{\"@id\":\"https:\\\/\\\/stopcarcinogensatwork.eu\\\/sl\\\/#organization\"},\"alternateName\":\"Roadmap on Carcinogens\",\"potentialAction\":[{\"@type\":\"SearchAction\",\"target\":{\"@type\":\"EntryPoint\",\"urlTemplate\":\"https:\\\/\\\/stopcarcinogensatwork.eu\\\/sl\\\/?s={search_term_string}\"},\"query-input\":{\"@type\":\"PropertyValueSpecification\",\"valueRequired\":true,\"valueName\":\"search_term_string\"}}],\"inLanguage\":\"sl-SI\"},{\"@type\":\"Organization\",\"@id\":\"https:\\\/\\\/stopcarcinogensatwork.eu\\\/sl\\\/#organization\",\"name\":\"TNO\",\"alternateName\":\"This is a European wide voluntary action scheme\",\"url\":\"https:\\\/\\\/stopcarcinogensatwork.eu\\\/sl\\\/\",\"logo\":{\"@type\":\"ImageObject\",\"inLanguage\":\"sl-SI\",\"@id\":\"https:\\\/\\\/stopcarcinogensatwork.eu\\\/sl\\\/#\\\/schema\\\/logo\\\/image\\\/\",\"url\":\"https:\\\/\\\/stopcarcinogensatwork.eu\\\/wp-content\\\/uploads\\\/2024\\\/08\\\/cropped-FavLarge-1.png\",\"contentUrl\":\"https:\\\/\\\/stopcarcinogensatwork.eu\\\/wp-content\\\/uploads\\\/2024\\\/08\\\/cropped-FavLarge-1.png\",\"width\":512,\"height\":512,\"caption\":\"TNO\"},\"image\":{\"@id\":\"https:\\\/\\\/stopcarcinogensatwork.eu\\\/sl\\\/#\\\/schema\\\/logo\\\/image\\\/\"},\"publishingPrinciples\":\"https:\\\/\\\/stopcarcinogensatwork.eu\\\/homepage\\\/legal\\\/\",\"ownershipFundingInfo\":\"https:\\\/\\\/stopcarcinogensatwork.eu\\\/general\\\/about-us\\\/\"}]}<\/script>\n<!-- \/ Yoast SEO Premium plugin. -->","yoast_head_json":{"title":"Mo\u017ene alternative za krom - STOP carcinogens at work","description":"Every year, more than 100.000 people die in the EU from cancer caused by carcinogens at work. This must STOP!","robots":{"index":"index","follow":"follow","max-snippet":"max-snippet:-1","max-image-preview":"max-image-preview:large","max-video-preview":"max-video-preview:-1"},"canonical":"https:\/\/stopcarcinogensatwork.eu\/sl\/splosno\/o-casovnem-nacrtu-za-rakotvorne-snovi\/izzivi\/mozne-alternative-za-krom\/","og_locale":"sl_SI","og_type":"article","og_title":"Mo\u017ene alternative za krom","og_description":"Every year, more than 100.000 people die in the EU from cancer caused by carcinogens at work. This must STOP!","og_url":"https:\/\/stopcarcinogensatwork.eu\/sl\/splosno\/o-casovnem-nacrtu-za-rakotvorne-snovi\/izzivi\/mozne-alternative-za-krom\/","og_site_name":"STOP carcinogens at work","article_modified_time":"2025-09-04T10:16:49+00:00","twitter_card":"summary_large_image","twitter_misc":{"Est. reading time":"1 minuta"},"schema":{"@context":"https:\/\/schema.org","@graph":[{"@type":"WebPage","@id":"https:\/\/stopcarcinogensatwork.eu\/sl\/splosno\/o-casovnem-nacrtu-za-rakotvorne-snovi\/izzivi\/mozne-alternative-za-krom\/","url":"https:\/\/stopcarcinogensatwork.eu\/sl\/splosno\/o-casovnem-nacrtu-za-rakotvorne-snovi\/izzivi\/mozne-alternative-za-krom\/","name":"Mo\u017ene alternative za krom - STOP carcinogens at work","isPartOf":{"@id":"https:\/\/stopcarcinogensatwork.eu\/sl\/#website"},"datePublished":"2024-12-30T09:48:30+00:00","dateModified":"2025-09-04T10:16:49+00:00","description":"Every year, more than 100.000 people die in the EU from cancer caused by carcinogens at work. This must STOP!","breadcrumb":{"@id":"https:\/\/stopcarcinogensatwork.eu\/sl\/splosno\/o-casovnem-nacrtu-za-rakotvorne-snovi\/izzivi\/mozne-alternative-za-krom\/#breadcrumb"},"inLanguage":"sl-SI","potentialAction":[{"@type":"ReadAction","target":["https:\/\/stopcarcinogensatwork.eu\/sl\/splosno\/o-casovnem-nacrtu-za-rakotvorne-snovi\/izzivi\/mozne-alternative-za-krom\/"]}]},{"@type":"BreadcrumbList","@id":"https:\/\/stopcarcinogensatwork.eu\/sl\/splosno\/o-casovnem-nacrtu-za-rakotvorne-snovi\/izzivi\/mozne-alternative-za-krom\/#breadcrumb","itemListElement":[{"@type":"ListItem","position":1,"name":"Home","item":"https:\/\/stopcarcinogensatwork.eu\/sl\/stop-carcinogens-at-work\/"},{"@type":"ListItem","position":2,"name":"Splo\u0161no","item":"https:\/\/stopcarcinogensatwork.eu\/sl\/splosno\/"},{"@type":"ListItem","position":3,"name":"O \u010dasovnem na\u010drtu za rakotvorne snovi","item":"https:\/\/stopcarcinogensatwork.eu\/sl\/splosno\/o-casovnem-nacrtu-za-rakotvorne-snovi\/"},{"@type":"ListItem","position":4,"name":"Izzivi","item":"https:\/\/stopcarcinogensatwork.eu\/sl\/general\/about-us\/challenges\/"},{"@type":"ListItem","position":5,"name":"Mo\u017ene alternative za krom"}]},{"@type":"WebSite","@id":"https:\/\/stopcarcinogensatwork.eu\/sl\/#website","url":"https:\/\/stopcarcinogensatwork.eu\/sl\/","name":"STOP Carcinogens at work","description":"Every year, about 100.000 people die from cancer that was caused by exposure to carcinogens at work in Europe.","publisher":{"@id":"https:\/\/stopcarcinogensatwork.eu\/sl\/#organization"},"alternateName":"Roadmap on Carcinogens","potentialAction":[{"@type":"SearchAction","target":{"@type":"EntryPoint","urlTemplate":"https:\/\/stopcarcinogensatwork.eu\/sl\/?s={search_term_string}"},"query-input":{"@type":"PropertyValueSpecification","valueRequired":true,"valueName":"search_term_string"}}],"inLanguage":"sl-SI"},{"@type":"Organization","@id":"https:\/\/stopcarcinogensatwork.eu\/sl\/#organization","name":"TNO","alternateName":"This is a European wide voluntary action scheme","url":"https:\/\/stopcarcinogensatwork.eu\/sl\/","logo":{"@type":"ImageObject","inLanguage":"sl-SI","@id":"https:\/\/stopcarcinogensatwork.eu\/sl\/#\/schema\/logo\/image\/","url":"https:\/\/stopcarcinogensatwork.eu\/wp-content\/uploads\/2024\/08\/cropped-FavLarge-1.png","contentUrl":"https:\/\/stopcarcinogensatwork.eu\/wp-content\/uploads\/2024\/08\/cropped-FavLarge-1.png","width":512,"height":512,"caption":"TNO"},"image":{"@id":"https:\/\/stopcarcinogensatwork.eu\/sl\/#\/schema\/logo\/image\/"},"publishingPrinciples":"https:\/\/stopcarcinogensatwork.eu\/homepage\/legal\/","ownershipFundingInfo":"https:\/\/stopcarcinogensatwork.eu\/general\/about-us\/"}]}},"_links":{"self":[{"href":"https:\/\/stopcarcinogensatwork.eu\/sl\/wp-json\/wp\/v2\/pages\/77180","targetHints":{"allow":["GET"]}}],"collection":[{"href":"https:\/\/stopcarcinogensatwork.eu\/sl\/wp-json\/wp\/v2\/pages"}],"about":[{"href":"https:\/\/stopcarcinogensatwork.eu\/sl\/wp-json\/wp\/v2\/types\/page"}],"author":[{"embeddable":true,"href":"https:\/\/stopcarcinogensatwork.eu\/sl\/wp-json\/wp\/v2\/users\/1"}],"replies":[{"embeddable":true,"href":"https:\/\/stopcarcinogensatwork.eu\/sl\/wp-json\/wp\/v2\/comments?post=77180"}],"version-history":[{"count":0,"href":"https:\/\/stopcarcinogensatwork.eu\/sl\/wp-json\/wp\/v2\/pages\/77180\/revisions"}],"up":[{"embeddable":true,"href":"https:\/\/stopcarcinogensatwork.eu\/sl\/wp-json\/wp\/v2\/pages\/77165"}],"wp:attachment":[{"href":"https:\/\/stopcarcinogensatwork.eu\/sl\/wp-json\/wp\/v2\/media?parent=77180"}],"curies":[{"name":"wp","href":"https:\/\/api.w.org\/{rel}","templated":true}]}}