{"id":84919,"date":"2023-08-15T07:25:38","date_gmt":"2023-08-15T07:25:38","guid":{"rendered":"https:\/\/stopcarcinogensatwork.eu\/splosno\/uvod-o-rakotvornih-snoveh\/"},"modified":"2023-08-15T07:25:38","modified_gmt":"2023-08-15T07:25:38","slug":"uvod-o-rakotvornih-snoveh","status":"publish","type":"page","link":"https:\/\/stopcarcinogensatwork.eu\/sl\/splosno\/uvod-o-rakotvornih-snoveh\/","title":{"rendered":"Uvod o rakotvornih snoveh"},"content":{"rendered":"<blockquote><p>Rakotvorne snovi ali karcinogeni so povzro\u010ditelji raka. Znan primer je azbest, snov, ki je odgovorna za tiso\u010de \u017ertev, ki trpijo in umrejo zaradi izpostavljenosti azbestnim delcem. \u0160tevilne druge rakotvorne snovi so manj znane, vendar upo\u0161tevajte: tudi naravni izdelki, kot je lesni prah, lahko povzro\u010dijo raka. Prepri\u010dajte se, da veste, s \u010dim delate!   <\/p><\/blockquote>\n<h2>Vrste rakotvornih snovi<\/h2>\n<h3>Povzro\u010ditelji raka se ka\u017eejo v razli\u010dnih oblikah:<\/h3>\n<ul>\n<li>Videz: Rakotvorne snovi se lahko pojavijo v izdelkih, ki se uporabljajo v podjetjih, vklju\u010dno s kemi\u010dnimi razli\u010dicami, kot so nekateri pesticidi in industrijske barve. Lahko pa so tudi posledica procesa (rakotvorne snovi, ki nastajajo v procesu), kot so emisije dizelskih motorjev ali hlapi, ki nastanejo pri varjenju. <\/li>\n<li>Nekatere rakotvorne snovi se lahko vdihavajo in vstopajo na primer v krvni obtok in organe, vklju\u010dno z mo\u017egani. Drugi lahko vstopijo skozi ko\u017eo. Ko rakotvorne snovi vstopijo v telo, lahko po\u0161kodujejo DNK zaposlenih ali spremenijo na\u010din delovanja in razmno\u017eevanja telesnih celic. To lahko privede do raka in drugih zdravstvenih te\u017eav.   <\/li>\n<li>Naravni izdelki: Tudi naravni izdelki lahko povzro\u010dijo raka pri veliki in dolgotrajni izpostavljenosti, na primer lesni prah in silicijev dioksid ter kremen v nekaterih vrstah kamna.<\/li>\n<\/ul>\n<p><a href=\"https:\/\/stopcarcinogensatwork.eu\/search\/\">Za podrobnosti o razli\u010dnih rakotvornih snoveh preverite informativne liste<\/a>.<\/p>\n<h2>Zakonodaja o rakotvornih snoveh<\/h2>\n<p>Za za\u0161\u010dito zaposlenih pred izpostavljenostjo dejavnikom, ki povzro\u010dajo raka, je EU pripravila Direktivo o <a href=\"https:\/\/osha.europa.eu\/nl\/legislation\/directive\/directive-200437ec-carcinogens-or-mutagens-work\">rakotvornih in mutagenih snoveh ter snoveh, strupenih za razmno\u017eevanje.<\/a> V tej direktivi so predpisani naslednji postopki: <\/p>\n<ul>\n<li><strong>Ocena tveganja:<\/strong> Delodajalec mora preveriti in obvladati tveganje izpostavljenosti snovem, ki povzro\u010dajo raka, mutagene (spreminjajo gene) ali reprotoksi\u010dne (\u0161kodljive za razmno\u017eevanje) (CMR). To preverjanje je treba izvajati redno. <\/li>\n<li><strong>Preventivni ukrepi:<\/strong> Zaposleni ne smejo biti izpostavljeni CMR. Delodajalec mora uporabljati varnej\u0161e snovi, \u010de je to mogo\u010de. \u010ce uporaba zaprtega sistema ni mogo\u010da, je treba izpostavljenost \u010dim bolj zmanj\u0161ati. Izpostavljenost ne sme presegati dovoljene meje rakotvorne snovi (preberite ve\u010d: na\u010delo STOP).   <\/li>\n<li><strong>Informacije in usposabljanje:<\/strong> Delodajalec mora zagotoviti ustrezno usposabljanje o zdravstvenih tveganjih, prepre\u010devanju izpostavljenosti, higienskih pravilih, za\u0161\u010ditni opremi in ravnanju v primeru nezgod.<\/li>\n<li><strong>Zdravstveni nadzor:<\/strong> \u010ce je dolo\u010dena biolo\u0161ka mejna vrednost (glej spodaj), so potrebni zdravstveni pregledi. Zaposlene je treba o tem obvestiti, preden za\u010dnejo opravljati tvegano nalogo. <\/li>\n<\/ul>\n<h2>Mejne vrednosti poklicne izpostavljenosti<\/h2>\n<p>Regulativni organi na ravni EU in nacionalni ravni dolo\u010dajo mejne vrednosti izpostavljenosti nevarnim snovem, kot so rakotvorne snovi. Te mejne vrednosti poklicne izpostavljenosti (OEL) so predpisane vrednosti, ki ozna\u010dujejo ravni izpostavljenosti, ki veljajo za varne (zdravstvene) za kemi\u010dno snov v zraku na delovnem mestu. V bistvu slu\u017eijo kot varnostni standardi za varovanje zdravja zaposlenih. Preverite <a href=\"https:\/\/stopcarcinogensatwork.eu\/search\/\">informativne liste za<\/a> poklicno izpostavljenost .   <\/p>\n<p>Informacije na tej strani so bile pridobljene na naslednjih spletnih straneh:<\/p>\n<ul>\n<li><a href=\"https:\/\/osha.europa.eu\/nl\/legislation\/directive\/directive-200437ec-carcinogens-or-mutagens-work\" target=\"_blank\" rel=\"noopener\">OSHA<\/a><\/li>\n<li><a href=\"http:\/\/www.cancer.org\">www.cancer.org<\/a><\/li>\n<li><a href=\"http:\/\/www.rivm.nl\">www.rivm.nl<\/a><\/li>\n<li><a href=\"http:\/\/monographs.iarc.fr\/\">monografije.iarc.fr<\/a><\/li>\n<\/ul>\n","protected":false},"excerpt":{"rendered":"<p>Rakotvorne snovi ali karcinogeni so povzro\u010ditelji raka. Znan primer je azbest, snov, ki je odgovorna za tiso\u010de \u017ertev, ki trpijo in umrejo zaradi izpostavljenosti azbestnim delcem. \u0160tevilne druge rakotvorne snovi so manj znane, vendar upo\u0161tevajte: tudi naravni izdelki, kot je lesni prah, lahko povzro\u010dijo raka. Prepri\u010dajte se, da veste, s \u010dim delate! Vrste rakotvornih snovi [&hellip;]<\/p>\n","protected":false},"author":1,"featured_media":0,"parent":77158,"menu_order":0,"comment_status":"closed","ping_status":"closed","template":"","meta":{"inline_featured_image":false,"footnotes":""},"class_list":["post-84919","page","type-page","status-publish","hentry"],"yoast_head":"<!-- This site is optimized with the Yoast SEO Premium plugin v27.0 (Yoast SEO v27.3) - https:\/\/yoast.com\/product\/yoast-seo-premium-wordpress\/ -->\n<title>Uvod o rakotvornih snoveh - STOP carcinogens at work<\/title>\n<meta name=\"description\" content=\"Letno v Evropi zaradi raka, ki so ga povzro\u010dile rakotvorne snovi pri delu, umre pribli\u017eno 100.000 ljudi. Prepre\u010dite izpostavljenost pri delu.\" \/>\n<meta name=\"robots\" content=\"index, follow, max-snippet:-1, max-image-preview:large, max-video-preview:-1\" \/>\n<link rel=\"canonical\" href=\"https:\/\/stopcarcinogensatwork.eu\/sl\/splosno\/uvod-o-rakotvornih-snoveh\/\" \/>\n<meta property=\"og:locale\" content=\"sl_SI\" \/>\n<meta property=\"og:type\" content=\"article\" \/>\n<meta property=\"og:title\" content=\"Uvod o rakotvornih snoveh\" \/>\n<meta property=\"og:description\" content=\"Letno v Evropi zaradi raka, ki so ga povzro\u010dile rakotvorne snovi pri delu, umre pribli\u017eno 100.000 ljudi. Prepre\u010dite izpostavljenost pri delu.\" \/>\n<meta property=\"og:url\" content=\"https:\/\/stopcarcinogensatwork.eu\/sl\/splosno\/uvod-o-rakotvornih-snoveh\/\" \/>\n<meta property=\"og:site_name\" content=\"STOP carcinogens at work\" \/>\n<meta name=\"twitter:card\" content=\"summary_large_image\" \/>\n<meta name=\"twitter:label1\" content=\"Est. reading time\" \/>\n\t<meta name=\"twitter:data1\" content=\"2 minuti\" \/>\n<script type=\"application\/ld+json\" class=\"yoast-schema-graph\">{\"@context\":\"https:\\\/\\\/schema.org\",\"@graph\":[{\"@type\":\"WebPage\",\"@id\":\"https:\\\/\\\/stopcarcinogensatwork.eu\\\/sl\\\/splosno\\\/uvod-o-rakotvornih-snoveh\\\/\",\"url\":\"https:\\\/\\\/stopcarcinogensatwork.eu\\\/sl\\\/splosno\\\/uvod-o-rakotvornih-snoveh\\\/\",\"name\":\"Uvod o rakotvornih snoveh - STOP carcinogens at work\",\"isPartOf\":{\"@id\":\"https:\\\/\\\/stopcarcinogensatwork.eu\\\/sl\\\/#website\"},\"datePublished\":\"2023-08-15T07:25:38+00:00\",\"description\":\"Letno v Evropi zaradi raka, ki so ga povzro\u010dile rakotvorne snovi pri delu, umre pribli\u017eno 100.000 ljudi. Prepre\u010dite izpostavljenost pri delu.\",\"breadcrumb\":{\"@id\":\"https:\\\/\\\/stopcarcinogensatwork.eu\\\/sl\\\/splosno\\\/uvod-o-rakotvornih-snoveh\\\/#breadcrumb\"},\"inLanguage\":\"sl-SI\",\"potentialAction\":[{\"@type\":\"ReadAction\",\"target\":[\"https:\\\/\\\/stopcarcinogensatwork.eu\\\/sl\\\/splosno\\\/uvod-o-rakotvornih-snoveh\\\/\"]}]},{\"@type\":\"BreadcrumbList\",\"@id\":\"https:\\\/\\\/stopcarcinogensatwork.eu\\\/sl\\\/splosno\\\/uvod-o-rakotvornih-snoveh\\\/#breadcrumb\",\"itemListElement\":[{\"@type\":\"ListItem\",\"position\":1,\"name\":\"Home\",\"item\":\"https:\\\/\\\/stopcarcinogensatwork.eu\\\/sl\\\/stop-carcinogens-at-work\\\/\"},{\"@type\":\"ListItem\",\"position\":2,\"name\":\"Splo\u0161no\",\"item\":\"https:\\\/\\\/stopcarcinogensatwork.eu\\\/sl\\\/splosno\\\/\"},{\"@type\":\"ListItem\",\"position\":3,\"name\":\"Uvod o rakotvornih snoveh\"}]},{\"@type\":\"WebSite\",\"@id\":\"https:\\\/\\\/stopcarcinogensatwork.eu\\\/sl\\\/#website\",\"url\":\"https:\\\/\\\/stopcarcinogensatwork.eu\\\/sl\\\/\",\"name\":\"STOP Carcinogens at work\",\"description\":\"Every year, about 100.000 people die from cancer that was caused by exposure to carcinogens at work in Europe.\",\"publisher\":{\"@id\":\"https:\\\/\\\/stopcarcinogensatwork.eu\\\/sl\\\/#organization\"},\"alternateName\":\"Roadmap on Carcinogens\",\"potentialAction\":[{\"@type\":\"SearchAction\",\"target\":{\"@type\":\"EntryPoint\",\"urlTemplate\":\"https:\\\/\\\/stopcarcinogensatwork.eu\\\/sl\\\/?s={search_term_string}\"},\"query-input\":{\"@type\":\"PropertyValueSpecification\",\"valueRequired\":true,\"valueName\":\"search_term_string\"}}],\"inLanguage\":\"sl-SI\"},{\"@type\":\"Organization\",\"@id\":\"https:\\\/\\\/stopcarcinogensatwork.eu\\\/sl\\\/#organization\",\"name\":\"TNO\",\"alternateName\":\"This is a European wide voluntary action scheme\",\"url\":\"https:\\\/\\\/stopcarcinogensatwork.eu\\\/sl\\\/\",\"logo\":{\"@type\":\"ImageObject\",\"inLanguage\":\"sl-SI\",\"@id\":\"https:\\\/\\\/stopcarcinogensatwork.eu\\\/sl\\\/#\\\/schema\\\/logo\\\/image\\\/\",\"url\":\"https:\\\/\\\/stopcarcinogensatwork.eu\\\/wp-content\\\/uploads\\\/2024\\\/08\\\/cropped-FavLarge-1.png\",\"contentUrl\":\"https:\\\/\\\/stopcarcinogensatwork.eu\\\/wp-content\\\/uploads\\\/2024\\\/08\\\/cropped-FavLarge-1.png\",\"width\":512,\"height\":512,\"caption\":\"TNO\"},\"image\":{\"@id\":\"https:\\\/\\\/stopcarcinogensatwork.eu\\\/sl\\\/#\\\/schema\\\/logo\\\/image\\\/\"},\"publishingPrinciples\":\"https:\\\/\\\/stopcarcinogensatwork.eu\\\/homepage\\\/legal\\\/\",\"ownershipFundingInfo\":\"https:\\\/\\\/stopcarcinogensatwork.eu\\\/general\\\/about-us\\\/\"}]}<\/script>\n<!-- \/ Yoast SEO Premium plugin. -->","yoast_head_json":{"title":"Uvod o rakotvornih snoveh - STOP carcinogens at work","description":"Letno v Evropi zaradi raka, ki so ga povzro\u010dile rakotvorne snovi pri delu, umre pribli\u017eno 100.000 ljudi. Prepre\u010dite izpostavljenost pri delu.","robots":{"index":"index","follow":"follow","max-snippet":"max-snippet:-1","max-image-preview":"max-image-preview:large","max-video-preview":"max-video-preview:-1"},"canonical":"https:\/\/stopcarcinogensatwork.eu\/sl\/splosno\/uvod-o-rakotvornih-snoveh\/","og_locale":"sl_SI","og_type":"article","og_title":"Uvod o rakotvornih snoveh","og_description":"Letno v Evropi zaradi raka, ki so ga povzro\u010dile rakotvorne snovi pri delu, umre pribli\u017eno 100.000 ljudi. Prepre\u010dite izpostavljenost pri delu.","og_url":"https:\/\/stopcarcinogensatwork.eu\/sl\/splosno\/uvod-o-rakotvornih-snoveh\/","og_site_name":"STOP carcinogens at work","twitter_card":"summary_large_image","twitter_misc":{"Est. reading time":"2 minuti"},"schema":{"@context":"https:\/\/schema.org","@graph":[{"@type":"WebPage","@id":"https:\/\/stopcarcinogensatwork.eu\/sl\/splosno\/uvod-o-rakotvornih-snoveh\/","url":"https:\/\/stopcarcinogensatwork.eu\/sl\/splosno\/uvod-o-rakotvornih-snoveh\/","name":"Uvod o rakotvornih snoveh - STOP carcinogens at work","isPartOf":{"@id":"https:\/\/stopcarcinogensatwork.eu\/sl\/#website"},"datePublished":"2023-08-15T07:25:38+00:00","description":"Letno v Evropi zaradi raka, ki so ga povzro\u010dile rakotvorne snovi pri delu, umre pribli\u017eno 100.000 ljudi. Prepre\u010dite izpostavljenost pri delu.","breadcrumb":{"@id":"https:\/\/stopcarcinogensatwork.eu\/sl\/splosno\/uvod-o-rakotvornih-snoveh\/#breadcrumb"},"inLanguage":"sl-SI","potentialAction":[{"@type":"ReadAction","target":["https:\/\/stopcarcinogensatwork.eu\/sl\/splosno\/uvod-o-rakotvornih-snoveh\/"]}]},{"@type":"BreadcrumbList","@id":"https:\/\/stopcarcinogensatwork.eu\/sl\/splosno\/uvod-o-rakotvornih-snoveh\/#breadcrumb","itemListElement":[{"@type":"ListItem","position":1,"name":"Home","item":"https:\/\/stopcarcinogensatwork.eu\/sl\/stop-carcinogens-at-work\/"},{"@type":"ListItem","position":2,"name":"Splo\u0161no","item":"https:\/\/stopcarcinogensatwork.eu\/sl\/splosno\/"},{"@type":"ListItem","position":3,"name":"Uvod o rakotvornih snoveh"}]},{"@type":"WebSite","@id":"https:\/\/stopcarcinogensatwork.eu\/sl\/#website","url":"https:\/\/stopcarcinogensatwork.eu\/sl\/","name":"STOP Carcinogens at work","description":"Every year, about 100.000 people die from cancer that was caused by exposure to carcinogens at work in Europe.","publisher":{"@id":"https:\/\/stopcarcinogensatwork.eu\/sl\/#organization"},"alternateName":"Roadmap on Carcinogens","potentialAction":[{"@type":"SearchAction","target":{"@type":"EntryPoint","urlTemplate":"https:\/\/stopcarcinogensatwork.eu\/sl\/?s={search_term_string}"},"query-input":{"@type":"PropertyValueSpecification","valueRequired":true,"valueName":"search_term_string"}}],"inLanguage":"sl-SI"},{"@type":"Organization","@id":"https:\/\/stopcarcinogensatwork.eu\/sl\/#organization","name":"TNO","alternateName":"This is a European wide voluntary action scheme","url":"https:\/\/stopcarcinogensatwork.eu\/sl\/","logo":{"@type":"ImageObject","inLanguage":"sl-SI","@id":"https:\/\/stopcarcinogensatwork.eu\/sl\/#\/schema\/logo\/image\/","url":"https:\/\/stopcarcinogensatwork.eu\/wp-content\/uploads\/2024\/08\/cropped-FavLarge-1.png","contentUrl":"https:\/\/stopcarcinogensatwork.eu\/wp-content\/uploads\/2024\/08\/cropped-FavLarge-1.png","width":512,"height":512,"caption":"TNO"},"image":{"@id":"https:\/\/stopcarcinogensatwork.eu\/sl\/#\/schema\/logo\/image\/"},"publishingPrinciples":"https:\/\/stopcarcinogensatwork.eu\/homepage\/legal\/","ownershipFundingInfo":"https:\/\/stopcarcinogensatwork.eu\/general\/about-us\/"}]}},"_links":{"self":[{"href":"https:\/\/stopcarcinogensatwork.eu\/sl\/wp-json\/wp\/v2\/pages\/84919","targetHints":{"allow":["GET"]}}],"collection":[{"href":"https:\/\/stopcarcinogensatwork.eu\/sl\/wp-json\/wp\/v2\/pages"}],"about":[{"href":"https:\/\/stopcarcinogensatwork.eu\/sl\/wp-json\/wp\/v2\/types\/page"}],"author":[{"embeddable":true,"href":"https:\/\/stopcarcinogensatwork.eu\/sl\/wp-json\/wp\/v2\/users\/1"}],"replies":[{"embeddable":true,"href":"https:\/\/stopcarcinogensatwork.eu\/sl\/wp-json\/wp\/v2\/comments?post=84919"}],"version-history":[{"count":0,"href":"https:\/\/stopcarcinogensatwork.eu\/sl\/wp-json\/wp\/v2\/pages\/84919\/revisions"}],"up":[{"embeddable":true,"href":"https:\/\/stopcarcinogensatwork.eu\/sl\/wp-json\/wp\/v2\/pages\/77158"}],"wp:attachment":[{"href":"https:\/\/stopcarcinogensatwork.eu\/sl\/wp-json\/wp\/v2\/media?parent=84919"}],"curies":[{"name":"wp","href":"https:\/\/api.w.org\/{rel}","templated":true}]}}