{"id":84929,"date":"2024-01-31T15:46:56","date_gmt":"2024-01-31T15:46:56","guid":{"rendered":"https:\/\/stopcarcinogensatwork.eu\/spoznajte-osnovne-strategije-preprecevanja\/"},"modified":"2025-09-04T15:52:32","modified_gmt":"2025-09-04T15:52:32","slug":"spoznajte-osnovne-strategije-preprecevanja","status":"publish","type":"page","link":"https:\/\/stopcarcinogensatwork.eu\/sl\/spoznajte-osnovne-strategije-preprecevanja\/","title":{"rendered":"Spoznajte osnovne strategije prepre\u010devanja"},"content":{"rendered":"<blockquote><p>\u010ce so rakotvorne snovi prisotne na delovnem mestu, mora delodajalec storiti vse, kar je v njegovi mo\u010di, da prepre\u010di stik zaposlenih z njimi. Spodbujajte kulturo varnosti in zdravja pri delu na svojem delovnem mestu! <\/p><\/blockquote>\n<h1>Splo\u0161ni pristop k obvladovanju tveganja za rakotvorne snovi<\/h1>\n<p class=\"p2\"><i>V skladu z opredelitvijo pojma &#8220;rakotvorne snovi&#8221; iz \u010dlena 2(a) direktive CMR.  <\/i><\/p>\n<p>Prvi koraki v boju proti izpostavljenosti rakotvornim snovem na delovnem mestu morajo vedno vklju\u010devati:<\/p>\n<ul>\n<li>Ne pozabite, da morajo biti vedno izpolnjeni minimalni standardi za organizacijo dela in varnostne zahteve. Vendar pa ti morda ne bodo zadostovali in bodo morda potrebni dodatni ukrepi. <\/li>\n<li>Navedite vse uporabljene rakotvorne snovi in njihove koli\u010dine<\/li>\n<li>Zberite njihove varnostne liste.<\/li>\n<li>Opi\u0161ite naloge, pri katerih se uporabljajo, in upo\u0161tevajte vse mo\u017ene rakotvorne snovi, ki lahko nastanejo pri postopku.<\/li>\n<li>Opredelitev zaposlenih, ki so lahko izpostavljeni in koliko \u010dasa.<\/li>\n<li>Pri pripravi ocene tveganja na delovnem mestu upo\u0161tevajte vse zgoraj navedeno.<\/li>\n<\/ul>\n<p>Ko dajete navodila svojim zaposlenim, ne pozabite:<\/p>\n<ul>\n<li>Vedno uporabljajte preprost in jasen jezik, kratke in jedrnate stavke.<\/li>\n<li>Pri pisnih navodilih si prizadevajte za \u010disto obliko.<\/li>\n<li>\u010ce je mogo\u010de, vklju\u010dite ilustracije\/sheme.<\/li>\n<\/ul>\n<h2><strong>Na\u010delo S.T.O.P.: kaj morate upo\u0161tevati<\/strong><\/h2>\n<p>Na\u010delo STOP opisuje prednostni vrstni red za\u0161\u010ditnih ukrepov. Delodajalec mora pri dolo\u010danju in uporabi za\u0161\u010ditnih ukrepov upo\u0161tevati ta prednostni vrstni red. Posamezne \u010drke S-T-O-P pomenijo razli\u010dne vrste za\u0161\u010ditnih ukrepov:  <\/p>\n<p><strong>S &#8230; Nadome\u0161\u010danje &#8211; zamenjava<\/strong> nevarnih snovi z manj nevarnimi snovmi ali postopki. Nadomestitev je vedno prvi ukrep, ki ga je treba upo\u0161tevati. <\/p>\n<p><a href=\"https:\/\/stopcarcinogensatwork.eu\/sl\/spoznajte-osnovne-strategije-preprecevanja\/s-zamenjava\/\">Preberite ve\u010d o <strong>nadome\u0161\u010danju<\/strong><\/a><\/p>\n<p><strong>T &#8230; Tehni\u010dni ukrepi &#8211; od<\/strong> zaprtih sistemov do u\u010dinkovitega odsesavanja zraka &#8211; \u0161tevilne tehnike pomagajo mo\u010dno zmanj\u0161ati izpostavljenost rakotvornim snovem.<\/p>\n<p><a href=\"https:\/\/stopcarcinogensatwork.eu\/sl\/spoznajte-osnovne-strategije-preprecevanja\/t-tehnicni-ukrepi\/\">Preberite ve\u010d o <strong>tehni\u010dnih ukrepih<\/strong><\/a><\/p>\n<p><strong>O &#8230; Organizacijski ukrepi &#8211; lahko so sestavljeni<\/strong> iz notranjih politik in\/ali organizacijskih metod. Ti ukrepi se lahko uporabljajo le za zagotavljanje dodatne za\u0161\u010dite. Upo\u0161tevati jih je treba tudi za nujne primere in za zaposlene, ki opravljajo redna \u010distilna in vzdr\u017eevalna dela.  <\/p>\n<p><a href=\"https:\/\/stopcarcinogensatwork.eu\/sl\/spoznajte-osnovne-strategije-preprecevanja\/o-organizacijski-ukrepi\/\">Preberite ve\u010d o <strong>organizacijskih ukrepih<\/strong><\/a><\/p>\n<p><strong>P &#8230; Osoba varovalna oprema &#8211; v\u010dasih<\/strong> zamenjava ni mogo\u010da, tehni\u010dni in organizacijski ukrepi pa ne zadostujejo. Takrat je treba uporabiti osebno varovalno opremo. <\/p>\n<p><a href=\"https:\/\/stopcarcinogensatwork.eu\/sl\/spoznajte-osnovne-strategije-preprecevanja\/p-osebna-varovalna-oprema\/\">Preberite ve\u010d o <strong>osebni varovalni opremi<\/strong><\/a><\/p>\n","protected":false},"excerpt":{"rendered":"<p>\u010ce so rakotvorne snovi prisotne na delovnem mestu, mora delodajalec storiti vse, kar je v njegovi mo\u010di, da prepre\u010di stik zaposlenih z njimi. Spodbujajte kulturo varnosti in zdravja pri delu na svojem delovnem mestu! Splo\u0161ni pristop k obvladovanju tveganja za rakotvorne snovi V skladu z opredelitvijo pojma &#8220;rakotvorne snovi&#8221; iz \u010dlena 2(a) direktive CMR. Prvi [&hellip;]<\/p>\n","protected":false},"author":1,"featured_media":84936,"parent":0,"menu_order":0,"comment_status":"closed","ping_status":"closed","template":"","meta":{"inline_featured_image":false,"footnotes":""},"class_list":["post-84929","page","type-page","status-publish","hentry"],"yoast_head":"<!-- This site is optimized with the Yoast SEO Premium plugin v27.0 (Yoast SEO v27.3) - https:\/\/yoast.com\/product\/yoast-seo-premium-wordpress\/ -->\n<title>Ustavite rakotvorne snovi pri delu: -% %%site%%% Osnovni koraki za varnost na delovnem mestu -% %%site%%%<\/title>\n<meta name=\"description\" content=\"Na\u010delo STOP opisuje prednostni vrstni red za\u0161\u010ditnih ukrepov pri dolo\u010danju in uporabi za\u0161\u010ditnih ukrepov.\" \/>\n<meta name=\"robots\" content=\"index, follow, max-snippet:-1, max-image-preview:large, max-video-preview:-1\" \/>\n<link rel=\"canonical\" href=\"https:\/\/stopcarcinogensatwork.eu\/sl\/spoznajte-osnovne-strategije-preprecevanja\/\" \/>\n<meta property=\"og:locale\" content=\"sl_SI\" \/>\n<meta property=\"og:type\" content=\"article\" \/>\n<meta property=\"og:title\" content=\"Spoznajte osnovne strategije prepre\u010devanja\" \/>\n<meta property=\"og:description\" content=\"Na\u010delo STOP opisuje prednostni vrstni red za\u0161\u010ditnih ukrepov pri dolo\u010danju in uporabi za\u0161\u010ditnih ukrepov.\" \/>\n<meta property=\"og:url\" content=\"https:\/\/stopcarcinogensatwork.eu\/sl\/spoznajte-osnovne-strategije-preprecevanja\/\" \/>\n<meta property=\"og:site_name\" content=\"STOP carcinogens at work\" \/>\n<meta property=\"article:modified_time\" content=\"2025-09-04T15:52:32+00:00\" \/>\n<meta property=\"og:image\" content=\"https:\/\/stopcarcinogensatwork.eu\/wp-content\/uploads\/2024\/08\/Stop-Carcinogens-at-Work-icon-1-scaled.png\" \/>\n\t<meta property=\"og:image:width\" content=\"2560\" \/>\n\t<meta property=\"og:image:height\" content=\"2141\" \/>\n\t<meta property=\"og:image:type\" content=\"image\/png\" \/>\n<meta name=\"twitter:card\" content=\"summary_large_image\" \/>\n<meta name=\"twitter:label1\" content=\"Est. reading time\" \/>\n\t<meta name=\"twitter:data1\" content=\"2 minuti\" \/>\n<script type=\"application\/ld+json\" class=\"yoast-schema-graph\">{\"@context\":\"https:\\\/\\\/schema.org\",\"@graph\":[{\"@type\":\"WebPage\",\"@id\":\"https:\\\/\\\/stopcarcinogensatwork.eu\\\/sl\\\/spoznajte-osnovne-strategije-preprecevanja\\\/\",\"url\":\"https:\\\/\\\/stopcarcinogensatwork.eu\\\/sl\\\/spoznajte-osnovne-strategije-preprecevanja\\\/\",\"name\":\"Ustavite rakotvorne snovi pri delu: -% %%site%%% Osnovni koraki za varnost na delovnem mestu -% %%site%%%\",\"isPartOf\":{\"@id\":\"https:\\\/\\\/stopcarcinogensatwork.eu\\\/sl\\\/#website\"},\"primaryImageOfPage\":{\"@id\":\"https:\\\/\\\/stopcarcinogensatwork.eu\\\/sl\\\/spoznajte-osnovne-strategije-preprecevanja\\\/#primaryimage\"},\"image\":{\"@id\":\"https:\\\/\\\/stopcarcinogensatwork.eu\\\/sl\\\/spoznajte-osnovne-strategije-preprecevanja\\\/#primaryimage\"},\"thumbnailUrl\":\"https:\\\/\\\/stopcarcinogensatwork.eu\\\/wp-content\\\/uploads\\\/2024\\\/08\\\/Stop-Carcinogens-at-Work-icon-1-scaled.png\",\"datePublished\":\"2024-01-31T15:46:56+00:00\",\"dateModified\":\"2025-09-04T15:52:32+00:00\",\"description\":\"Na\u010delo STOP opisuje prednostni vrstni red za\u0161\u010ditnih ukrepov pri dolo\u010danju in uporabi za\u0161\u010ditnih ukrepov.\",\"breadcrumb\":{\"@id\":\"https:\\\/\\\/stopcarcinogensatwork.eu\\\/sl\\\/spoznajte-osnovne-strategije-preprecevanja\\\/#breadcrumb\"},\"inLanguage\":\"sl-SI\",\"potentialAction\":[{\"@type\":\"ReadAction\",\"target\":[\"https:\\\/\\\/stopcarcinogensatwork.eu\\\/sl\\\/spoznajte-osnovne-strategije-preprecevanja\\\/\"]}]},{\"@type\":\"ImageObject\",\"inLanguage\":\"sl-SI\",\"@id\":\"https:\\\/\\\/stopcarcinogensatwork.eu\\\/sl\\\/spoznajte-osnovne-strategije-preprecevanja\\\/#primaryimage\",\"url\":\"https:\\\/\\\/stopcarcinogensatwork.eu\\\/wp-content\\\/uploads\\\/2024\\\/08\\\/Stop-Carcinogens-at-Work-icon-1-scaled.png\",\"contentUrl\":\"https:\\\/\\\/stopcarcinogensatwork.eu\\\/wp-content\\\/uploads\\\/2024\\\/08\\\/Stop-Carcinogens-at-Work-icon-1-scaled.png\",\"width\":2560,\"height\":2141},{\"@type\":\"BreadcrumbList\",\"@id\":\"https:\\\/\\\/stopcarcinogensatwork.eu\\\/sl\\\/spoznajte-osnovne-strategije-preprecevanja\\\/#breadcrumb\",\"itemListElement\":[{\"@type\":\"ListItem\",\"position\":1,\"name\":\"Home\",\"item\":\"https:\\\/\\\/stopcarcinogensatwork.eu\\\/sl\\\/stop-carcinogens-at-work\\\/\"},{\"@type\":\"ListItem\",\"position\":2,\"name\":\"Spoznajte osnovne strategije prepre\u010devanja\"}]},{\"@type\":\"WebSite\",\"@id\":\"https:\\\/\\\/stopcarcinogensatwork.eu\\\/sl\\\/#website\",\"url\":\"https:\\\/\\\/stopcarcinogensatwork.eu\\\/sl\\\/\",\"name\":\"STOP Carcinogens at work\",\"description\":\"Every year, about 100.000 people die from cancer that was caused by exposure to carcinogens at work in Europe.\",\"publisher\":{\"@id\":\"https:\\\/\\\/stopcarcinogensatwork.eu\\\/sl\\\/#organization\"},\"alternateName\":\"Roadmap on Carcinogens\",\"potentialAction\":[{\"@type\":\"SearchAction\",\"target\":{\"@type\":\"EntryPoint\",\"urlTemplate\":\"https:\\\/\\\/stopcarcinogensatwork.eu\\\/sl\\\/?s={search_term_string}\"},\"query-input\":{\"@type\":\"PropertyValueSpecification\",\"valueRequired\":true,\"valueName\":\"search_term_string\"}}],\"inLanguage\":\"sl-SI\"},{\"@type\":\"Organization\",\"@id\":\"https:\\\/\\\/stopcarcinogensatwork.eu\\\/sl\\\/#organization\",\"name\":\"TNO\",\"alternateName\":\"This is a European wide voluntary action scheme\",\"url\":\"https:\\\/\\\/stopcarcinogensatwork.eu\\\/sl\\\/\",\"logo\":{\"@type\":\"ImageObject\",\"inLanguage\":\"sl-SI\",\"@id\":\"https:\\\/\\\/stopcarcinogensatwork.eu\\\/sl\\\/#\\\/schema\\\/logo\\\/image\\\/\",\"url\":\"https:\\\/\\\/stopcarcinogensatwork.eu\\\/wp-content\\\/uploads\\\/2024\\\/08\\\/cropped-FavLarge-1.png\",\"contentUrl\":\"https:\\\/\\\/stopcarcinogensatwork.eu\\\/wp-content\\\/uploads\\\/2024\\\/08\\\/cropped-FavLarge-1.png\",\"width\":512,\"height\":512,\"caption\":\"TNO\"},\"image\":{\"@id\":\"https:\\\/\\\/stopcarcinogensatwork.eu\\\/sl\\\/#\\\/schema\\\/logo\\\/image\\\/\"},\"publishingPrinciples\":\"https:\\\/\\\/stopcarcinogensatwork.eu\\\/homepage\\\/legal\\\/\",\"ownershipFundingInfo\":\"https:\\\/\\\/stopcarcinogensatwork.eu\\\/general\\\/about-us\\\/\"}]}<\/script>\n<!-- \/ Yoast SEO Premium plugin. -->","yoast_head_json":{"title":"Ustavite rakotvorne snovi pri delu: -% %%site%%% Osnovni koraki za varnost na delovnem mestu -% %%site%%%","description":"Na\u010delo STOP opisuje prednostni vrstni red za\u0161\u010ditnih ukrepov pri dolo\u010danju in uporabi za\u0161\u010ditnih ukrepov.","robots":{"index":"index","follow":"follow","max-snippet":"max-snippet:-1","max-image-preview":"max-image-preview:large","max-video-preview":"max-video-preview:-1"},"canonical":"https:\/\/stopcarcinogensatwork.eu\/sl\/spoznajte-osnovne-strategije-preprecevanja\/","og_locale":"sl_SI","og_type":"article","og_title":"Spoznajte osnovne strategije prepre\u010devanja","og_description":"Na\u010delo STOP opisuje prednostni vrstni red za\u0161\u010ditnih ukrepov pri dolo\u010danju in uporabi za\u0161\u010ditnih ukrepov.","og_url":"https:\/\/stopcarcinogensatwork.eu\/sl\/spoznajte-osnovne-strategije-preprecevanja\/","og_site_name":"STOP carcinogens at work","article_modified_time":"2025-09-04T15:52:32+00:00","og_image":[{"width":2560,"height":2141,"url":"https:\/\/stopcarcinogensatwork.eu\/wp-content\/uploads\/2024\/08\/Stop-Carcinogens-at-Work-icon-1-scaled.png","type":"image\/png"}],"twitter_card":"summary_large_image","twitter_misc":{"Est. reading time":"2 minuti"},"schema":{"@context":"https:\/\/schema.org","@graph":[{"@type":"WebPage","@id":"https:\/\/stopcarcinogensatwork.eu\/sl\/spoznajte-osnovne-strategije-preprecevanja\/","url":"https:\/\/stopcarcinogensatwork.eu\/sl\/spoznajte-osnovne-strategije-preprecevanja\/","name":"Ustavite rakotvorne snovi pri delu: -% %%site%%% Osnovni koraki za varnost na delovnem mestu -% %%site%%%","isPartOf":{"@id":"https:\/\/stopcarcinogensatwork.eu\/sl\/#website"},"primaryImageOfPage":{"@id":"https:\/\/stopcarcinogensatwork.eu\/sl\/spoznajte-osnovne-strategije-preprecevanja\/#primaryimage"},"image":{"@id":"https:\/\/stopcarcinogensatwork.eu\/sl\/spoznajte-osnovne-strategije-preprecevanja\/#primaryimage"},"thumbnailUrl":"https:\/\/stopcarcinogensatwork.eu\/wp-content\/uploads\/2024\/08\/Stop-Carcinogens-at-Work-icon-1-scaled.png","datePublished":"2024-01-31T15:46:56+00:00","dateModified":"2025-09-04T15:52:32+00:00","description":"Na\u010delo STOP opisuje prednostni vrstni red za\u0161\u010ditnih ukrepov pri dolo\u010danju in uporabi za\u0161\u010ditnih ukrepov.","breadcrumb":{"@id":"https:\/\/stopcarcinogensatwork.eu\/sl\/spoznajte-osnovne-strategije-preprecevanja\/#breadcrumb"},"inLanguage":"sl-SI","potentialAction":[{"@type":"ReadAction","target":["https:\/\/stopcarcinogensatwork.eu\/sl\/spoznajte-osnovne-strategije-preprecevanja\/"]}]},{"@type":"ImageObject","inLanguage":"sl-SI","@id":"https:\/\/stopcarcinogensatwork.eu\/sl\/spoznajte-osnovne-strategije-preprecevanja\/#primaryimage","url":"https:\/\/stopcarcinogensatwork.eu\/wp-content\/uploads\/2024\/08\/Stop-Carcinogens-at-Work-icon-1-scaled.png","contentUrl":"https:\/\/stopcarcinogensatwork.eu\/wp-content\/uploads\/2024\/08\/Stop-Carcinogens-at-Work-icon-1-scaled.png","width":2560,"height":2141},{"@type":"BreadcrumbList","@id":"https:\/\/stopcarcinogensatwork.eu\/sl\/spoznajte-osnovne-strategije-preprecevanja\/#breadcrumb","itemListElement":[{"@type":"ListItem","position":1,"name":"Home","item":"https:\/\/stopcarcinogensatwork.eu\/sl\/stop-carcinogens-at-work\/"},{"@type":"ListItem","position":2,"name":"Spoznajte osnovne strategije prepre\u010devanja"}]},{"@type":"WebSite","@id":"https:\/\/stopcarcinogensatwork.eu\/sl\/#website","url":"https:\/\/stopcarcinogensatwork.eu\/sl\/","name":"STOP Carcinogens at work","description":"Every year, about 100.000 people die from cancer that was caused by exposure to carcinogens at work in Europe.","publisher":{"@id":"https:\/\/stopcarcinogensatwork.eu\/sl\/#organization"},"alternateName":"Roadmap on Carcinogens","potentialAction":[{"@type":"SearchAction","target":{"@type":"EntryPoint","urlTemplate":"https:\/\/stopcarcinogensatwork.eu\/sl\/?s={search_term_string}"},"query-input":{"@type":"PropertyValueSpecification","valueRequired":true,"valueName":"search_term_string"}}],"inLanguage":"sl-SI"},{"@type":"Organization","@id":"https:\/\/stopcarcinogensatwork.eu\/sl\/#organization","name":"TNO","alternateName":"This is a European wide voluntary action scheme","url":"https:\/\/stopcarcinogensatwork.eu\/sl\/","logo":{"@type":"ImageObject","inLanguage":"sl-SI","@id":"https:\/\/stopcarcinogensatwork.eu\/sl\/#\/schema\/logo\/image\/","url":"https:\/\/stopcarcinogensatwork.eu\/wp-content\/uploads\/2024\/08\/cropped-FavLarge-1.png","contentUrl":"https:\/\/stopcarcinogensatwork.eu\/wp-content\/uploads\/2024\/08\/cropped-FavLarge-1.png","width":512,"height":512,"caption":"TNO"},"image":{"@id":"https:\/\/stopcarcinogensatwork.eu\/sl\/#\/schema\/logo\/image\/"},"publishingPrinciples":"https:\/\/stopcarcinogensatwork.eu\/homepage\/legal\/","ownershipFundingInfo":"https:\/\/stopcarcinogensatwork.eu\/general\/about-us\/"}]}},"_links":{"self":[{"href":"https:\/\/stopcarcinogensatwork.eu\/sl\/wp-json\/wp\/v2\/pages\/84929","targetHints":{"allow":["GET"]}}],"collection":[{"href":"https:\/\/stopcarcinogensatwork.eu\/sl\/wp-json\/wp\/v2\/pages"}],"about":[{"href":"https:\/\/stopcarcinogensatwork.eu\/sl\/wp-json\/wp\/v2\/types\/page"}],"author":[{"embeddable":true,"href":"https:\/\/stopcarcinogensatwork.eu\/sl\/wp-json\/wp\/v2\/users\/1"}],"replies":[{"embeddable":true,"href":"https:\/\/stopcarcinogensatwork.eu\/sl\/wp-json\/wp\/v2\/comments?post=84929"}],"version-history":[{"count":0,"href":"https:\/\/stopcarcinogensatwork.eu\/sl\/wp-json\/wp\/v2\/pages\/84929\/revisions"}],"wp:featuredmedia":[{"embeddable":true,"href":"https:\/\/stopcarcinogensatwork.eu\/sl\/wp-json\/wp\/v2\/media\/84936"}],"wp:attachment":[{"href":"https:\/\/stopcarcinogensatwork.eu\/sl\/wp-json\/wp\/v2\/media?parent=84929"}],"curies":[{"name":"wp","href":"https:\/\/api.w.org\/{rel}","templated":true}]}}