{"id":92881,"date":"2025-09-01T11:06:42","date_gmt":"2025-09-01T11:06:42","guid":{"rendered":"https:\/\/stopcarcinogensatwork.eu\/splosno\/izobrazevanje-o-rakotvornih-snoveh-pri-delu\/"},"modified":"2026-04-28T08:25:37","modified_gmt":"2026-04-28T08:25:37","slug":"izobrazevanje-o-rakotvornih-snoveh-pri-delu","status":"publish","type":"page","link":"https:\/\/stopcarcinogensatwork.eu\/sl\/splosno\/izobrazevanje-o-rakotvornih-snoveh-pri-delu\/","title":{"rendered":"Izobra\u017eevanje o rakotvornih snoveh pri delu"},"content":{"rendered":"<blockquote><p>Pomembno je, da otroke in \u0161tudente \u017ee zgodaj, v osnovni \u0161oli in poklicnem izobra\u017eevanju, pou\u010dimo o snoveh, ki povzro\u010dajo raka. Zato so bili razviti programi za izobra\u017eevanje. <\/p><\/blockquote>\n<h2>Vzor\u010dne lekcije o rakotvornih snovih<\/h2>\n<p>U\u010dne na\u010drte o rakotvornih snovih sta pripravila Zavod RS za izobra\u017eevanje in Ministrstvo za delo, dru\u017eino, socialne zadeve in enake mo\u017enosti. Temeljijo na slovenski zakonodaji in izku\u0161njah ter so bili med letoma 2023 in 2024 preizku\u0161eni v ve\u010d osnovnih \u0161olah v Sloveniji. Dr\u017eave \u010dlanice EU lahko te u\u010dne na\u010drte prevedejo in prilagodijo svojim potrebam. U\u010ditelji lahko pri pouku za srednje\u0161olce uporabijo tudi interaktivno igro (glej spodaj).   <\/p>\n<p>Pri teh urah se u\u010denci nau\u010dijo:<\/p>\n<ul>\n<li>kako prepoznati piktograme za nevarne snovi.<\/li>\n<li>kako izbrati ustrezne metode za za\u0161\u010dito pred nevarnimi snovmi in kako varno ravnati s temi snovmi.<\/li>\n<li>o dolgoro\u010dnih u\u010dinkih snovi CMR in kako jih prepre\u010diti.<\/li>\n<li>o varnostnem listu, ki deluje kot &#8220;osebna izkaznica&#8221; za nevarne snovi.<\/li>\n<li>o poklicnem raku, dejavnikih, ki ga lahko povzro\u010dijo, in ukrepih za zmanj\u0161anje exposure-ja do snovi, ki lahko povzro\u010dijo raka.<\/li>\n<\/ul>\n<p><a href=\"https:\/\/stopcarcinogensatwork.eu\/educational\/lesson-proposal-on-carcinogens-for-students-aged-11-years-minimum-and-over\/\">Predlog pouka o rakotvornih snoveh za u\u010dence, stare od 11 do 14 let<\/a><br \/>\n<a href=\"https:\/\/stopcarcinogensatwork.eu\/educational\/9th-grade-of-primary-school-14-years\/\">Predlog pouka o rakotvornih snovih za u\u010dence, stare najmanj 14 let in ve\u010d<\/a><\/p>\n<h2><strong>Interaktivna igra<\/strong><strong><br \/>\n<\/strong><\/h2>\n<p>Da bi u\u010dencem pomagali razumeti, kako obvladovati tveganja zaradi rakotvornih snovi na delovnem mestu, je bila ustvarjena interaktivna igra.<\/p>\n<p>V igri igrate kot svetovalec za preventivo. Na razli\u010dnih delovnih mestih (gradbeni\u0161tvo, bolni\u0161nica, tovarna) morate prepoznati nevarne situacije, ki vklju\u010dujejo rakotvorne snovi, in svetovati delodajalcu. Ena od klju\u010dnih u\u010dnih to\u010dk je <a href=\"https:\/\/stopcarcinogensatwork.eu\/sl\/spoznajte-osnovne-strategije-preprecevanja\/\">na\u010delo STOP.<\/a> To na\u010delo prikazuje vrstni red ukrepov za prepre\u010devanje izpostavljenosti nevarnim snovem.   <\/p>\n<p>Za pomo\u010d u\u010diteljem pri vklju\u010devanju igre v pouk je na voljo paket informacij o izobra\u017eevanju. V njem je razlo\u017eenih ve\u010d pojmov, ki se pojavljajo tudi v igri. <\/p>\n<p>Igra je na voljo v angle\u0161\u010dini, nizozem\u0161\u010dini in franco\u0161\u010dini.<\/p>\n<p><a href=\"https:\/\/stopcarcinogensatwork.eu\/sl\/good-practice\/obvladovanje-tveganj-zaradi-rakotvornih-snovi-na-delovnem-mestu-s-pomocjo-izobrazevalne-igre\/\">Za interaktivno igro<\/a><\/p>\n","protected":false},"excerpt":{"rendered":"<p>Pomembno je, da otroke in \u0161tudente \u017ee zgodaj, v osnovni \u0161oli in poklicnem izobra\u017eevanju, pou\u010dimo o snoveh, ki povzro\u010dajo raka. Zato so bili razviti programi za izobra\u017eevanje. Vzor\u010dne lekcije o rakotvornih snovih U\u010dne na\u010drte o rakotvornih snovih sta pripravila Zavod RS za izobra\u017eevanje in Ministrstvo za delo, dru\u017eino, socialne zadeve in enake mo\u017enosti. Temeljijo na [&hellip;]<\/p>\n","protected":false},"author":1,"featured_media":0,"parent":77158,"menu_order":0,"comment_status":"closed","ping_status":"closed","template":"","meta":{"inline_featured_image":false,"footnotes":""},"class_list":["post-92881","page","type-page","status-publish","hentry"],"yoast_head":"<!-- This site is optimized with the Yoast SEO Premium plugin v27.4 (Yoast SEO v27.6) - https:\/\/yoast.com\/product\/yoast-seo-premium-wordpress\/ -->\n<title>Izobra\u017eevanje o rakotvornih snoveh pri delu - STOP carcinogens at work<\/title>\n<meta name=\"description\" content=\"Pomembno je, da otroke in \u0161tudente \u017ee v zgodnjem otro\u0161tvu, v osnovni \u0161oli in poklicnem izobra\u017eevanju, pou\u010dimo o snoveh, ki povzro\u010dajo raka.\" \/>\n<meta name=\"robots\" content=\"index, follow, max-snippet:-1, max-image-preview:large, max-video-preview:-1\" \/>\n<link rel=\"canonical\" href=\"https:\/\/stopcarcinogensatwork.eu\/sl\/splosno\/izobrazevanje-o-rakotvornih-snoveh-pri-delu\/\" \/>\n<meta property=\"og:locale\" content=\"sl_SI\" \/>\n<meta property=\"og:type\" content=\"article\" \/>\n<meta property=\"og:title\" content=\"Izobra\u017eevanje o rakotvornih snoveh pri delu\" \/>\n<meta property=\"og:description\" content=\"Pomembno je, da otroke in \u0161tudente \u017ee v zgodnjem otro\u0161tvu, v osnovni \u0161oli in poklicnem izobra\u017eevanju, pou\u010dimo o snoveh, ki povzro\u010dajo raka.\" \/>\n<meta property=\"og:url\" content=\"https:\/\/stopcarcinogensatwork.eu\/sl\/splosno\/izobrazevanje-o-rakotvornih-snoveh-pri-delu\/\" \/>\n<meta property=\"og:site_name\" content=\"STOP carcinogens at work\" \/>\n<meta property=\"article:modified_time\" content=\"2026-04-28T08:25:37+00:00\" \/>\n<meta name=\"twitter:card\" content=\"summary_large_image\" \/>\n<meta name=\"twitter:label1\" content=\"Est. reading time\" \/>\n\t<meta name=\"twitter:data1\" content=\"2 minuti\" \/>\n<script type=\"application\/ld+json\" class=\"yoast-schema-graph\">{\"@context\":\"https:\\\/\\\/schema.org\",\"@graph\":[{\"@type\":\"WebPage\",\"@id\":\"https:\\\/\\\/stopcarcinogensatwork.eu\\\/sl\\\/splosno\\\/izobrazevanje-o-rakotvornih-snoveh-pri-delu\\\/\",\"url\":\"https:\\\/\\\/stopcarcinogensatwork.eu\\\/sl\\\/splosno\\\/izobrazevanje-o-rakotvornih-snoveh-pri-delu\\\/\",\"name\":\"Izobra\u017eevanje o rakotvornih snoveh pri delu - STOP carcinogens at work\",\"isPartOf\":{\"@id\":\"https:\\\/\\\/stopcarcinogensatwork.eu\\\/sl\\\/#website\"},\"datePublished\":\"2025-09-01T11:06:42+00:00\",\"dateModified\":\"2026-04-28T08:25:37+00:00\",\"description\":\"Pomembno je, da otroke in \u0161tudente \u017ee v zgodnjem otro\u0161tvu, v osnovni \u0161oli in poklicnem izobra\u017eevanju, pou\u010dimo o snoveh, ki povzro\u010dajo raka.\",\"breadcrumb\":{\"@id\":\"https:\\\/\\\/stopcarcinogensatwork.eu\\\/sl\\\/splosno\\\/izobrazevanje-o-rakotvornih-snoveh-pri-delu\\\/#breadcrumb\"},\"inLanguage\":\"sl-SI\",\"potentialAction\":[{\"@type\":\"ReadAction\",\"target\":[\"https:\\\/\\\/stopcarcinogensatwork.eu\\\/sl\\\/splosno\\\/izobrazevanje-o-rakotvornih-snoveh-pri-delu\\\/\"]}]},{\"@type\":\"BreadcrumbList\",\"@id\":\"https:\\\/\\\/stopcarcinogensatwork.eu\\\/sl\\\/splosno\\\/izobrazevanje-o-rakotvornih-snoveh-pri-delu\\\/#breadcrumb\",\"itemListElement\":[{\"@type\":\"ListItem\",\"position\":1,\"name\":\"Home\",\"item\":\"https:\\\/\\\/stopcarcinogensatwork.eu\\\/sl\\\/stop-rakotvorne-snovi-na-delovnem-mestu-posodobitev\\\/\"},{\"@type\":\"ListItem\",\"position\":2,\"name\":\"Splo\u0161no\",\"item\":\"https:\\\/\\\/stopcarcinogensatwork.eu\\\/sl\\\/splosno\\\/\"},{\"@type\":\"ListItem\",\"position\":3,\"name\":\"Izobra\u017eevanje o rakotvornih snoveh pri delu\"}]},{\"@type\":\"WebSite\",\"@id\":\"https:\\\/\\\/stopcarcinogensatwork.eu\\\/sl\\\/#website\",\"url\":\"https:\\\/\\\/stopcarcinogensatwork.eu\\\/sl\\\/\",\"name\":\"STOP Carcinogens at work\",\"description\":\"Every year, about 100.000 people die from cancer that was caused by exposure to carcinogens at work in Europe.\",\"publisher\":{\"@id\":\"https:\\\/\\\/stopcarcinogensatwork.eu\\\/sl\\\/#organization\"},\"alternateName\":\"Roadmap on Carcinogens\",\"potentialAction\":[{\"@type\":\"SearchAction\",\"target\":{\"@type\":\"EntryPoint\",\"urlTemplate\":\"https:\\\/\\\/stopcarcinogensatwork.eu\\\/sl\\\/?s={search_term_string}\"},\"query-input\":{\"@type\":\"PropertyValueSpecification\",\"valueRequired\":true,\"valueName\":\"search_term_string\"}}],\"inLanguage\":\"sl-SI\"},{\"@type\":\"Organization\",\"@id\":\"https:\\\/\\\/stopcarcinogensatwork.eu\\\/sl\\\/#organization\",\"name\":\"TNO\",\"alternateName\":\"This is a European wide voluntary action scheme\",\"url\":\"https:\\\/\\\/stopcarcinogensatwork.eu\\\/sl\\\/\",\"logo\":{\"@type\":\"ImageObject\",\"inLanguage\":\"sl-SI\",\"@id\":\"https:\\\/\\\/stopcarcinogensatwork.eu\\\/sl\\\/#\\\/schema\\\/logo\\\/image\\\/\",\"url\":\"https:\\\/\\\/stopcarcinogensatwork.eu\\\/wp-content\\\/uploads\\\/2024\\\/08\\\/cropped-FavLarge-1.png\",\"contentUrl\":\"https:\\\/\\\/stopcarcinogensatwork.eu\\\/wp-content\\\/uploads\\\/2024\\\/08\\\/cropped-FavLarge-1.png\",\"width\":512,\"height\":512,\"caption\":\"TNO\"},\"image\":{\"@id\":\"https:\\\/\\\/stopcarcinogensatwork.eu\\\/sl\\\/#\\\/schema\\\/logo\\\/image\\\/\"},\"publishingPrinciples\":\"https:\\\/\\\/stopcarcinogensatwork.eu\\\/homepage\\\/legal\\\/\",\"ownershipFundingInfo\":\"https:\\\/\\\/stopcarcinogensatwork.eu\\\/general\\\/about-us\\\/\"}]}<\/script>\n<!-- \/ Yoast SEO Premium plugin. -->","yoast_head_json":{"title":"Izobra\u017eevanje o rakotvornih snoveh pri delu - STOP carcinogens at work","description":"Pomembno je, da otroke in \u0161tudente \u017ee v zgodnjem otro\u0161tvu, v osnovni \u0161oli in poklicnem izobra\u017eevanju, pou\u010dimo o snoveh, ki povzro\u010dajo raka.","robots":{"index":"index","follow":"follow","max-snippet":"max-snippet:-1","max-image-preview":"max-image-preview:large","max-video-preview":"max-video-preview:-1"},"canonical":"https:\/\/stopcarcinogensatwork.eu\/sl\/splosno\/izobrazevanje-o-rakotvornih-snoveh-pri-delu\/","og_locale":"sl_SI","og_type":"article","og_title":"Izobra\u017eevanje o rakotvornih snoveh pri delu","og_description":"Pomembno je, da otroke in \u0161tudente \u017ee v zgodnjem otro\u0161tvu, v osnovni \u0161oli in poklicnem izobra\u017eevanju, pou\u010dimo o snoveh, ki povzro\u010dajo raka.","og_url":"https:\/\/stopcarcinogensatwork.eu\/sl\/splosno\/izobrazevanje-o-rakotvornih-snoveh-pri-delu\/","og_site_name":"STOP carcinogens at work","article_modified_time":"2026-04-28T08:25:37+00:00","twitter_card":"summary_large_image","twitter_misc":{"Est. reading time":"2 minuti"},"schema":{"@context":"https:\/\/schema.org","@graph":[{"@type":"WebPage","@id":"https:\/\/stopcarcinogensatwork.eu\/sl\/splosno\/izobrazevanje-o-rakotvornih-snoveh-pri-delu\/","url":"https:\/\/stopcarcinogensatwork.eu\/sl\/splosno\/izobrazevanje-o-rakotvornih-snoveh-pri-delu\/","name":"Izobra\u017eevanje o rakotvornih snoveh pri delu - STOP carcinogens at work","isPartOf":{"@id":"https:\/\/stopcarcinogensatwork.eu\/sl\/#website"},"datePublished":"2025-09-01T11:06:42+00:00","dateModified":"2026-04-28T08:25:37+00:00","description":"Pomembno je, da otroke in \u0161tudente \u017ee v zgodnjem otro\u0161tvu, v osnovni \u0161oli in poklicnem izobra\u017eevanju, pou\u010dimo o snoveh, ki povzro\u010dajo raka.","breadcrumb":{"@id":"https:\/\/stopcarcinogensatwork.eu\/sl\/splosno\/izobrazevanje-o-rakotvornih-snoveh-pri-delu\/#breadcrumb"},"inLanguage":"sl-SI","potentialAction":[{"@type":"ReadAction","target":["https:\/\/stopcarcinogensatwork.eu\/sl\/splosno\/izobrazevanje-o-rakotvornih-snoveh-pri-delu\/"]}]},{"@type":"BreadcrumbList","@id":"https:\/\/stopcarcinogensatwork.eu\/sl\/splosno\/izobrazevanje-o-rakotvornih-snoveh-pri-delu\/#breadcrumb","itemListElement":[{"@type":"ListItem","position":1,"name":"Home","item":"https:\/\/stopcarcinogensatwork.eu\/sl\/stop-rakotvorne-snovi-na-delovnem-mestu-posodobitev\/"},{"@type":"ListItem","position":2,"name":"Splo\u0161no","item":"https:\/\/stopcarcinogensatwork.eu\/sl\/splosno\/"},{"@type":"ListItem","position":3,"name":"Izobra\u017eevanje o rakotvornih snoveh pri delu"}]},{"@type":"WebSite","@id":"https:\/\/stopcarcinogensatwork.eu\/sl\/#website","url":"https:\/\/stopcarcinogensatwork.eu\/sl\/","name":"STOP Carcinogens at work","description":"Every year, about 100.000 people die from cancer that was caused by exposure to carcinogens at work in Europe.","publisher":{"@id":"https:\/\/stopcarcinogensatwork.eu\/sl\/#organization"},"alternateName":"Roadmap on Carcinogens","potentialAction":[{"@type":"SearchAction","target":{"@type":"EntryPoint","urlTemplate":"https:\/\/stopcarcinogensatwork.eu\/sl\/?s={search_term_string}"},"query-input":{"@type":"PropertyValueSpecification","valueRequired":true,"valueName":"search_term_string"}}],"inLanguage":"sl-SI"},{"@type":"Organization","@id":"https:\/\/stopcarcinogensatwork.eu\/sl\/#organization","name":"TNO","alternateName":"This is a European wide voluntary action scheme","url":"https:\/\/stopcarcinogensatwork.eu\/sl\/","logo":{"@type":"ImageObject","inLanguage":"sl-SI","@id":"https:\/\/stopcarcinogensatwork.eu\/sl\/#\/schema\/logo\/image\/","url":"https:\/\/stopcarcinogensatwork.eu\/wp-content\/uploads\/2024\/08\/cropped-FavLarge-1.png","contentUrl":"https:\/\/stopcarcinogensatwork.eu\/wp-content\/uploads\/2024\/08\/cropped-FavLarge-1.png","width":512,"height":512,"caption":"TNO"},"image":{"@id":"https:\/\/stopcarcinogensatwork.eu\/sl\/#\/schema\/logo\/image\/"},"publishingPrinciples":"https:\/\/stopcarcinogensatwork.eu\/homepage\/legal\/","ownershipFundingInfo":"https:\/\/stopcarcinogensatwork.eu\/general\/about-us\/"}]}},"_links":{"self":[{"href":"https:\/\/stopcarcinogensatwork.eu\/sl\/wp-json\/wp\/v2\/pages\/92881","targetHints":{"allow":["GET"]}}],"collection":[{"href":"https:\/\/stopcarcinogensatwork.eu\/sl\/wp-json\/wp\/v2\/pages"}],"about":[{"href":"https:\/\/stopcarcinogensatwork.eu\/sl\/wp-json\/wp\/v2\/types\/page"}],"author":[{"embeddable":true,"href":"https:\/\/stopcarcinogensatwork.eu\/sl\/wp-json\/wp\/v2\/users\/1"}],"replies":[{"embeddable":true,"href":"https:\/\/stopcarcinogensatwork.eu\/sl\/wp-json\/wp\/v2\/comments?post=92881"}],"version-history":[{"count":0,"href":"https:\/\/stopcarcinogensatwork.eu\/sl\/wp-json\/wp\/v2\/pages\/92881\/revisions"}],"up":[{"embeddable":true,"href":"https:\/\/stopcarcinogensatwork.eu\/sl\/wp-json\/wp\/v2\/pages\/77158"}],"wp:attachment":[{"href":"https:\/\/stopcarcinogensatwork.eu\/sl\/wp-json\/wp\/v2\/media?parent=92881"}],"curies":[{"name":"wp","href":"https:\/\/api.w.org\/{rel}","templated":true}]}}