{"id":57384,"date":"2024-03-06T11:27:48","date_gmt":"2024-03-06T11:27:48","guid":{"rendered":"https:\/\/stopcarcinogensatwork.eu\/o-organizasyonel-onlemler\/"},"modified":"2025-06-13T09:57:02","modified_gmt":"2025-06-13T09:57:02","slug":"o-organizasyonel-onlemler","status":"publish","type":"page","link":"https:\/\/stopcarcinogensatwork.eu\/tr\/temel-onleme-stratejileri-hakkinda-bilgi-edinin\/o-organizasyonel-onlemler\/","title":{"rendered":"O - Organizasyonel \u00f6nlemler"},"content":{"rendered":"<blockquote><p>STOP bir kontrol hiyerar\u015fisi izler. Kanserojenler i\u00e7in, hiyerar\u015fide bir ad\u0131m a\u015fa\u011f\u0131ya inmeye yaln\u0131zca teknik s\u0131n\u0131rlamalar maruziyeti tamamen ortadan kald\u0131rman\u0131z\u0131 engelledi\u011finde izin verilir. Burada \u00fc\u00e7\u00fcnc\u00fc seviyeye, organizasyonel \u00f6nlemler i\u00e7in O&#8217;ya odaklanaca\u011f\u0131z. L\u00fctfen O&#8217;dan \u00f6nce S ve T&#8217;yi dikkate al\u0131n. Ayr\u0131ca \u00f6nlemlerin bir kombinasyonunun kullan\u0131labilece\u011fini unutmay\u0131n.   <\/p><\/blockquote>\n<p>Organizasyonel \u00f6nlemler, bak\u0131m planlar\u0131 da dahil olmak \u00fczere, bunlar\u0131n uyguland\u0131\u011f\u0131n\u0131 do\u011frulamak i\u00e7in belirlenen organizasyonel y\u00f6ntemler ve prosed\u00fcrler, i\u00e7 politikalar ve d\u00fczenli kontrollerden olu\u015fur. Uygulanacak organizasyonel \u00f6nlemler, di\u011ferlerinin yan\u0131 s\u0131ra, i\u015fyerinin \u00f6zelliklerini, \u00e7al\u0131\u015fan\u0131n bilgi birikimini, ekipman\u0131, g\u00f6revleri ve \u00e7evreyi dikkate almal\u0131d\u0131r. <\/p>\n<p>Uygulanacak tedbir(ler) de\u011ferlendirilirken nelere dikkat edilmelidir?<\/p>\n<ul>\n<li>T\u00fcm \u00e7al\u0131\u015fma ve sosyal alanlar\u0131 belirleyin<\/li>\n<li>\u00c7al\u0131\u015fma alanlar\u0131n\u0131n her biri i\u00e7in maruziyet t\u00fcr\u00fcn\u00fc ve seviyesini g\u00f6z \u00f6n\u00fcnde bulundurun<\/li>\n<li>Her bir \u00e7al\u0131\u015fma alan\u0131na eri\u015fmesi gereken \u00e7al\u0131\u015fanlar\u0131 belirleyin<\/li>\n<li>Bireysel bir \u00e7al\u0131\u015fan\u0131n her bir \u00e7al\u0131\u015fma alan\u0131nda ge\u00e7irmesi gereken ortalama s\u00fcreyi g\u00f6z \u00f6n\u00fcnde bulundurun<\/li>\n<li>Her bir \u00f6nlemin tan\u0131m\u0131n\u0131, uygunluk etkinli\u011fini ve verimlili\u011fini elde edin ve risk kontrol\u00fcn\u00fc iyile\u015ftirmek i\u00e7in farkl\u0131 \u00f6nlemlerin olas\u0131 birle\u015fik etkisini g\u00f6z \u00f6n\u00fcnde bulundurun<\/li>\n<li>Bak\u0131m gereksinimleri<\/li>\n<\/ul>\n<h2>Dikkate al\u0131nmas\u0131 gereken baz\u0131 kurumsal \u00f6nlemler<\/h2>\n<h3>Riskli alanlara eri\u015fimin s\u0131n\u0131rland\u0131r\u0131lmas\u0131<\/h3>\n<p>\u0130\u015fverenler, risk de\u011ferlendirme sonu\u00e7lar\u0131n\u0131 dikkate alarak, belirli \u00e7al\u0131\u015fma alanlar\u0131na eri\u015fimi s\u0131n\u0131rland\u0131rmal\u0131 ve bu eri\u015fimi yaln\u0131zca orada bulunmas\u0131 gereken \u00e7al\u0131\u015fanlarla kesin olarak s\u0131n\u0131rland\u0131rmal\u0131d\u0131r. \u00c7al\u0131\u015fanlar\u0131n eri\u015fimini s\u0131n\u0131rland\u0131rmak i\u00e7in fiziksel bariyerler, \u00f6rne\u011fin izin gerektiren kap\u0131lar konulabilir. Bu t\u00fcr alanlar\u0131 tan\u0131mlamak i\u00e7in i\u015faretler kullan\u0131labilir.  <\/p>\n<p>Bir di\u011fer \u00f6nemli husus da \u00e7al\u0131\u015fanlar\u0131n o \u00e7al\u0131\u015fma alan\u0131nda ge\u00e7irdikleri s\u00fcrenin s\u0131n\u0131rland\u0131r\u0131lmas\u0131d\u0131r. Bu, \u00e7al\u0131\u015fan\u0131n yerine getirmesi gereken g\u00f6revleri rotasyona tabi tutarak veya vardiya ba\u015f\u0131na d\u00fc\u015fen s\u00fcreyi s\u0131n\u0131rland\u0131rarak yap\u0131labilir. <\/p>\n<p>Yerle\u015fim plan\u0131n\u0131 tasarlarken t\u00fcm alanlar\u0131 dikkate ald\u0131\u011f\u0131n\u0131zdan emin olun, \u00f6rne\u011fin ortak alanlar\u0131n (kantin, kilitli dolaplar veya dinlenme alanlar\u0131 gibi) \u00e7al\u0131\u015fma alanlar\u0131na g\u00f6re konumu. \u00c7al\u0131\u015fma alanlar\u0131 sosyal alanlarla do\u011frudan ba\u011flant\u0131l\u0131 olmamal\u0131d\u0131r. <\/p>\n<h3>Hijyen ve bireysel koruma<\/h3>\n<p>Kirlenme riskinin oldu\u011fu \u00e7al\u0131\u015fma alanlar\u0131nda bunu sa\u011flamak i\u00e7in \u00f6nlemler alman\u0131z gerekir:<\/p>\n<ul>\n<li>\u0130\u015fyerindeki t\u00fcm kimyasallar uygun \u015fekilde etiketlenmi\u015ftir ve yeterli uyar\u0131 ve g\u00fcvenlik i\u015faretleri ve sinyalleri mevcuttur<\/li>\n<li>\u0130\u015fyeri temiz ve d\u00fczenli tutulur<\/li>\n<li>\u00c7al\u0131\u015fanlar yemez, i\u00e7mez veya sigara i\u00e7mez<\/li>\n<li>\u00c7al\u0131\u015fanlara uygun koruyucu giysiler veya di\u011fer uygun \u00f6zel giysiler sa\u011flan\u0131r<\/li>\n<li>\u0130\u015f k\u0131yafetleri veya koruyucu k\u0131yafetler ve sokak k\u0131yafetleri i\u00e7in ayr\u0131 saklama yerleri sa\u011flanm\u0131\u015ft\u0131r<\/li>\n<li>\u00c7al\u0131\u015fanlara uygun ve yeterli y\u0131kama ve tuvalet olanaklar\u0131 sa\u011flan\u0131r<\/li>\n<li>Koruyucu ekipman iyi tan\u0131mlanm\u0131\u015f bir yerde uygun \u015fekilde saklan\u0131r<\/li>\n<li>Sa\u011fl\u0131k g\u00f6zetimi d\u00fczenlenir ve sonu\u00e7lar\u0131 dikkate al\u0131n\u0131r<\/li>\n<\/ul>\n<p>\u0130\u00e7 politikalar \u00e7al\u0131\u015fanlar\u0131n yemek yiyebilecekleri, i\u00e7ebilecekleri veya sigara i\u00e7ebilecekleri yerleri tan\u0131mlayabilir. Ayr\u0131ca bu politikalar, \u00e7al\u0131\u015fanlar\u0131n ihtiya\u00e7 duyduklar\u0131 koruyucu ekipmanla ilgili olarak uymalar\u0131 gereken prosed\u00fcrleri, yani bu ekipman\u0131n do\u011fru \u015fekilde nas\u0131l kullan\u0131laca\u011f\u0131n\u0131, temizlenece\u011fini, bak\u0131m\u0131n\u0131n yap\u0131laca\u011f\u0131n\u0131 ve saklanaca\u011f\u0131n\u0131 belirleyebilir. <\/p>\n<p>\u00c7al\u0131\u015fanlara \u00f6nemlerini hat\u0131rlatmak i\u00e7in basit hijyen \u00f6nlemleri dahil edilebilir. \u00d6rne\u011fin, yemekten \u00f6nce ellerini y\u0131kamalar\u0131, tesislere girerken ve \u00e7\u0131karken ayaklar\u0131n\u0131 temizlemeleri ve \u00e7al\u0131\u015fanlar\u0131n baz\u0131 kontamine \u00e7al\u0131\u015fma alanlar\u0131na eri\u015fmek i\u00e7in kullanmalar\u0131 gereken rotalar\u0131 tan\u0131mlamalar\u0131 gibi. <\/p>\n<h3>\u00c7al\u0131\u015fanlar i\u00e7in bilgi ve e\u011fitim<\/h3>\n<p>\u0130\u015fverenler, kullan\u0131lan kimyasallar, bunlar\u0131n tehlikeli \u00f6zellikleri ve g\u00fcvenlik bilgi formlar\u0131n\u0131n nas\u0131l kullan\u0131laca\u011f\u0131, yani ilk yard\u0131m \u00f6nlemleri veya maruziyet kontrolleri\/ki\u015fisel koruyucu da dahil olmak \u00fczere, \u00e7al\u0131\u015fanlar\u0131n risk de\u011ferlendirmesinden elde edilen sonu\u00e7lar hakk\u0131nda bilgilendirilmesini sa\u011flamal\u0131d\u0131r.<\/p>\n<p>Ayr\u0131ca, \u00e7al\u0131\u015fanlara teknik \u00f6nlemler, i\u00e7 politikalar veya g\u00fcvenlik \u00e7al\u0131\u015fma prosed\u00fcrleri gibi mevcut \u00f6nlemler hakk\u0131nda, m\u00fcmk\u00fcnse resimler, \u015femalar veya videolarla a\u00e7\u0131k talimatlar verilmelidir.<\/p>\n<ul>\n<li>\u00c7al\u0131\u015fanlar\u0131n g\u00f6revleri ve bilgi d\u00fczeyleri dikkate al\u0131nmal\u0131 ve sa\u011flanan bilgi ve e\u011fitimin dili ve i\u00e7eri\u011fi buna g\u00f6re uyarlanmal\u0131d\u0131r.<\/li>\n<li>\u00c7al\u0131\u015fanlar\u0131n bilgilendirilmesi ve e\u011fitimi d\u00fczenli olarak sa\u011flanmal\u0131 ve ko\u015fullar de\u011fi\u015fti\u011finde g\u00fcncellenmelidir.<\/li>\n<li>Bilgi\/e\u011fitim gereksinimlerinin t\u00fcr\u00fcne ba\u011fl\u0131 olarak, bunlar\u0131 kurum i\u00e7inde sa\u011flayabilir ve\/veya d\u0131\u015far\u0131dan uzman bulabilirsiniz.<\/li>\n<\/ul>\n","protected":false},"excerpt":{"rendered":"<p>STOP bir kontrol hiyerar\u015fisi izler. Kanserojenler i\u00e7in, hiyerar\u015fide bir ad\u0131m a\u015fa\u011f\u0131ya inmeye yaln\u0131zca teknik s\u0131n\u0131rlamalar maruziyeti tamamen ortadan kald\u0131rman\u0131z\u0131 engelledi\u011finde izin verilir. Burada \u00fc\u00e7\u00fcnc\u00fc seviyeye, organizasyonel \u00f6nlemler i\u00e7in O&#8217;ya odaklanaca\u011f\u0131z. L\u00fctfen O&#8217;dan \u00f6nce S ve T&#8217;yi dikkate al\u0131n. Ayr\u0131ca \u00f6nlemlerin bir kombinasyonunun kullan\u0131labilece\u011fini unutmay\u0131n. Organizasyonel \u00f6nlemler, bak\u0131m planlar\u0131 da dahil olmak \u00fczere, bunlar\u0131n uyguland\u0131\u011f\u0131n\u0131 do\u011frulamak [&hellip;]<\/p>\n","protected":false},"author":1,"featured_media":0,"parent":57398,"menu_order":0,"comment_status":"closed","ping_status":"closed","template":"","meta":{"inline_featured_image":false,"footnotes":""},"class_list":["post-57384","page","type-page","status-publish","hentry"],"yoast_head":"<!-- This site is optimized with the Yoast SEO Premium plugin v27.0 (Yoast SEO v27.3) - https:\/\/yoast.com\/product\/yoast-seo-premium-wordpress\/ -->\n<title>O - Organizasyonel \u00f6nlemler - STOP carcinogens at work<\/title>\n<meta name=\"description\" content=\"Every year, more than 100.000 people die in the EU from cancer caused by carcinogens at work. This must STOP!\" \/>\n<meta name=\"robots\" content=\"index, follow, max-snippet:-1, max-image-preview:large, max-video-preview:-1\" \/>\n<link rel=\"canonical\" href=\"https:\/\/stopcarcinogensatwork.eu\/tr\/temel-onleme-stratejileri-hakkinda-bilgi-edinin\/o-organizasyonel-onlemler\/\" \/>\n<meta property=\"og:locale\" content=\"tr_TR\" \/>\n<meta property=\"og:type\" content=\"article\" \/>\n<meta property=\"og:title\" content=\"O - Organizasyonel \u00f6nlemler\" \/>\n<meta property=\"og:description\" content=\"Every year, more than 100.000 people die in the EU from cancer caused by carcinogens at work. This must STOP!\" \/>\n<meta property=\"og:url\" content=\"https:\/\/stopcarcinogensatwork.eu\/tr\/temel-onleme-stratejileri-hakkinda-bilgi-edinin\/o-organizasyonel-onlemler\/\" \/>\n<meta property=\"og:site_name\" content=\"STOP carcinogens at work\" \/>\n<meta property=\"article:modified_time\" content=\"2025-06-13T09:57:02+00:00\" \/>\n<meta name=\"twitter:card\" content=\"summary_large_image\" \/>\n<meta name=\"twitter:label1\" content=\"Tahmini okuma s\u00fcresi\" \/>\n\t<meta name=\"twitter:data1\" content=\"4 dakika\" \/>\n<script type=\"application\/ld+json\" class=\"yoast-schema-graph\">{\"@context\":\"https:\\\/\\\/schema.org\",\"@graph\":[{\"@type\":\"WebPage\",\"@id\":\"https:\\\/\\\/stopcarcinogensatwork.eu\\\/tr\\\/temel-onleme-stratejileri-hakkinda-bilgi-edinin\\\/o-organizasyonel-onlemler\\\/\",\"url\":\"https:\\\/\\\/stopcarcinogensatwork.eu\\\/tr\\\/temel-onleme-stratejileri-hakkinda-bilgi-edinin\\\/o-organizasyonel-onlemler\\\/\",\"name\":\"O - Organizasyonel \u00f6nlemler - STOP carcinogens at work\",\"isPartOf\":{\"@id\":\"https:\\\/\\\/stopcarcinogensatwork.eu\\\/tr\\\/#website\"},\"datePublished\":\"2024-03-06T11:27:48+00:00\",\"dateModified\":\"2025-06-13T09:57:02+00:00\",\"description\":\"Every year, more than 100.000 people die in the EU from cancer caused by carcinogens at work. This must STOP!\",\"breadcrumb\":{\"@id\":\"https:\\\/\\\/stopcarcinogensatwork.eu\\\/tr\\\/temel-onleme-stratejileri-hakkinda-bilgi-edinin\\\/o-organizasyonel-onlemler\\\/#breadcrumb\"},\"inLanguage\":\"tr\",\"potentialAction\":[{\"@type\":\"ReadAction\",\"target\":[\"https:\\\/\\\/stopcarcinogensatwork.eu\\\/tr\\\/temel-onleme-stratejileri-hakkinda-bilgi-edinin\\\/o-organizasyonel-onlemler\\\/\"]}]},{\"@type\":\"BreadcrumbList\",\"@id\":\"https:\\\/\\\/stopcarcinogensatwork.eu\\\/tr\\\/temel-onleme-stratejileri-hakkinda-bilgi-edinin\\\/o-organizasyonel-onlemler\\\/#breadcrumb\",\"itemListElement\":[{\"@type\":\"ListItem\",\"position\":1,\"name\":\"Home\",\"item\":\"https:\\\/\\\/stopcarcinogensatwork.eu\\\/tr\\\/isyerinde-kanserojenleri-durdurun\\\/\"},{\"@type\":\"ListItem\",\"position\":2,\"name\":\"Temel \u00f6nleme stratejileri hakk\u0131nda bilgi edinin\",\"item\":\"https:\\\/\\\/stopcarcinogensatwork.eu\\\/tr\\\/temel-onleme-stratejileri-hakkinda-bilgi-edinin\\\/\"},{\"@type\":\"ListItem\",\"position\":3,\"name\":\"O - Organizasyonel \u00f6nlemler\"}]},{\"@type\":\"WebSite\",\"@id\":\"https:\\\/\\\/stopcarcinogensatwork.eu\\\/tr\\\/#website\",\"url\":\"https:\\\/\\\/stopcarcinogensatwork.eu\\\/tr\\\/\",\"name\":\"STOP Carcinogens at work\",\"description\":\"Every year, about 100.000 people die from cancer that was caused by exposure to carcinogens at work in Europe.\",\"publisher\":{\"@id\":\"https:\\\/\\\/stopcarcinogensatwork.eu\\\/tr\\\/#organization\"},\"alternateName\":\"Roadmap on Carcinogens\",\"potentialAction\":[{\"@type\":\"SearchAction\",\"target\":{\"@type\":\"EntryPoint\",\"urlTemplate\":\"https:\\\/\\\/stopcarcinogensatwork.eu\\\/tr\\\/?s={search_term_string}\"},\"query-input\":{\"@type\":\"PropertyValueSpecification\",\"valueRequired\":true,\"valueName\":\"search_term_string\"}}],\"inLanguage\":\"tr\"},{\"@type\":\"Organization\",\"@id\":\"https:\\\/\\\/stopcarcinogensatwork.eu\\\/tr\\\/#organization\",\"name\":\"TNO\",\"alternateName\":\"This is a European wide voluntary action scheme\",\"url\":\"https:\\\/\\\/stopcarcinogensatwork.eu\\\/tr\\\/\",\"logo\":{\"@type\":\"ImageObject\",\"inLanguage\":\"tr\",\"@id\":\"https:\\\/\\\/stopcarcinogensatwork.eu\\\/tr\\\/#\\\/schema\\\/logo\\\/image\\\/\",\"url\":\"https:\\\/\\\/stopcarcinogensatwork.eu\\\/wp-content\\\/uploads\\\/2024\\\/08\\\/cropped-FavLarge-1.png\",\"contentUrl\":\"https:\\\/\\\/stopcarcinogensatwork.eu\\\/wp-content\\\/uploads\\\/2024\\\/08\\\/cropped-FavLarge-1.png\",\"width\":512,\"height\":512,\"caption\":\"TNO\"},\"image\":{\"@id\":\"https:\\\/\\\/stopcarcinogensatwork.eu\\\/tr\\\/#\\\/schema\\\/logo\\\/image\\\/\"},\"publishingPrinciples\":\"https:\\\/\\\/stopcarcinogensatwork.eu\\\/homepage\\\/legal\\\/\",\"ownershipFundingInfo\":\"https:\\\/\\\/stopcarcinogensatwork.eu\\\/general\\\/about-us\\\/\"}]}<\/script>\n<!-- \/ Yoast SEO Premium plugin. -->","yoast_head_json":{"title":"O - Organizasyonel \u00f6nlemler - STOP carcinogens at work","description":"Every year, more than 100.000 people die in the EU from cancer caused by carcinogens at work. This must STOP!","robots":{"index":"index","follow":"follow","max-snippet":"max-snippet:-1","max-image-preview":"max-image-preview:large","max-video-preview":"max-video-preview:-1"},"canonical":"https:\/\/stopcarcinogensatwork.eu\/tr\/temel-onleme-stratejileri-hakkinda-bilgi-edinin\/o-organizasyonel-onlemler\/","og_locale":"tr_TR","og_type":"article","og_title":"O - Organizasyonel \u00f6nlemler","og_description":"Every year, more than 100.000 people die in the EU from cancer caused by carcinogens at work. This must STOP!","og_url":"https:\/\/stopcarcinogensatwork.eu\/tr\/temel-onleme-stratejileri-hakkinda-bilgi-edinin\/o-organizasyonel-onlemler\/","og_site_name":"STOP carcinogens at work","article_modified_time":"2025-06-13T09:57:02+00:00","twitter_card":"summary_large_image","twitter_misc":{"Tahmini okuma s\u00fcresi":"4 dakika"},"schema":{"@context":"https:\/\/schema.org","@graph":[{"@type":"WebPage","@id":"https:\/\/stopcarcinogensatwork.eu\/tr\/temel-onleme-stratejileri-hakkinda-bilgi-edinin\/o-organizasyonel-onlemler\/","url":"https:\/\/stopcarcinogensatwork.eu\/tr\/temel-onleme-stratejileri-hakkinda-bilgi-edinin\/o-organizasyonel-onlemler\/","name":"O - Organizasyonel \u00f6nlemler - STOP carcinogens at work","isPartOf":{"@id":"https:\/\/stopcarcinogensatwork.eu\/tr\/#website"},"datePublished":"2024-03-06T11:27:48+00:00","dateModified":"2025-06-13T09:57:02+00:00","description":"Every year, more than 100.000 people die in the EU from cancer caused by carcinogens at work. This must STOP!","breadcrumb":{"@id":"https:\/\/stopcarcinogensatwork.eu\/tr\/temel-onleme-stratejileri-hakkinda-bilgi-edinin\/o-organizasyonel-onlemler\/#breadcrumb"},"inLanguage":"tr","potentialAction":[{"@type":"ReadAction","target":["https:\/\/stopcarcinogensatwork.eu\/tr\/temel-onleme-stratejileri-hakkinda-bilgi-edinin\/o-organizasyonel-onlemler\/"]}]},{"@type":"BreadcrumbList","@id":"https:\/\/stopcarcinogensatwork.eu\/tr\/temel-onleme-stratejileri-hakkinda-bilgi-edinin\/o-organizasyonel-onlemler\/#breadcrumb","itemListElement":[{"@type":"ListItem","position":1,"name":"Home","item":"https:\/\/stopcarcinogensatwork.eu\/tr\/isyerinde-kanserojenleri-durdurun\/"},{"@type":"ListItem","position":2,"name":"Temel \u00f6nleme stratejileri hakk\u0131nda bilgi edinin","item":"https:\/\/stopcarcinogensatwork.eu\/tr\/temel-onleme-stratejileri-hakkinda-bilgi-edinin\/"},{"@type":"ListItem","position":3,"name":"O - Organizasyonel \u00f6nlemler"}]},{"@type":"WebSite","@id":"https:\/\/stopcarcinogensatwork.eu\/tr\/#website","url":"https:\/\/stopcarcinogensatwork.eu\/tr\/","name":"STOP Carcinogens at work","description":"Every year, about 100.000 people die from cancer that was caused by exposure to carcinogens at work in Europe.","publisher":{"@id":"https:\/\/stopcarcinogensatwork.eu\/tr\/#organization"},"alternateName":"Roadmap on Carcinogens","potentialAction":[{"@type":"SearchAction","target":{"@type":"EntryPoint","urlTemplate":"https:\/\/stopcarcinogensatwork.eu\/tr\/?s={search_term_string}"},"query-input":{"@type":"PropertyValueSpecification","valueRequired":true,"valueName":"search_term_string"}}],"inLanguage":"tr"},{"@type":"Organization","@id":"https:\/\/stopcarcinogensatwork.eu\/tr\/#organization","name":"TNO","alternateName":"This is a European wide voluntary action scheme","url":"https:\/\/stopcarcinogensatwork.eu\/tr\/","logo":{"@type":"ImageObject","inLanguage":"tr","@id":"https:\/\/stopcarcinogensatwork.eu\/tr\/#\/schema\/logo\/image\/","url":"https:\/\/stopcarcinogensatwork.eu\/wp-content\/uploads\/2024\/08\/cropped-FavLarge-1.png","contentUrl":"https:\/\/stopcarcinogensatwork.eu\/wp-content\/uploads\/2024\/08\/cropped-FavLarge-1.png","width":512,"height":512,"caption":"TNO"},"image":{"@id":"https:\/\/stopcarcinogensatwork.eu\/tr\/#\/schema\/logo\/image\/"},"publishingPrinciples":"https:\/\/stopcarcinogensatwork.eu\/homepage\/legal\/","ownershipFundingInfo":"https:\/\/stopcarcinogensatwork.eu\/general\/about-us\/"}]}},"_links":{"self":[{"href":"https:\/\/stopcarcinogensatwork.eu\/tr\/wp-json\/wp\/v2\/pages\/57384","targetHints":{"allow":["GET"]}}],"collection":[{"href":"https:\/\/stopcarcinogensatwork.eu\/tr\/wp-json\/wp\/v2\/pages"}],"about":[{"href":"https:\/\/stopcarcinogensatwork.eu\/tr\/wp-json\/wp\/v2\/types\/page"}],"author":[{"embeddable":true,"href":"https:\/\/stopcarcinogensatwork.eu\/tr\/wp-json\/wp\/v2\/users\/1"}],"replies":[{"embeddable":true,"href":"https:\/\/stopcarcinogensatwork.eu\/tr\/wp-json\/wp\/v2\/comments?post=57384"}],"version-history":[{"count":0,"href":"https:\/\/stopcarcinogensatwork.eu\/tr\/wp-json\/wp\/v2\/pages\/57384\/revisions"}],"up":[{"embeddable":true,"href":"https:\/\/stopcarcinogensatwork.eu\/tr\/wp-json\/wp\/v2\/pages\/57398"}],"wp:attachment":[{"href":"https:\/\/stopcarcinogensatwork.eu\/tr\/wp-json\/wp\/v2\/media?parent=57384"}],"curies":[{"name":"wp","href":"https:\/\/api.w.org\/{rel}","templated":true}]}}