{"id":57387,"date":"2024-03-06T08:45:07","date_gmt":"2024-03-06T08:45:07","guid":{"rendered":"https:\/\/stopcarcinogensatwork.eu\/s-ikame\/"},"modified":"2025-06-13T09:57:01","modified_gmt":"2025-06-13T09:57:01","slug":"s-ikame","status":"publish","type":"page","link":"https:\/\/stopcarcinogensatwork.eu\/tr\/temel-onleme-stratejileri-hakkinda-bilgi-edinin\/s-ikame\/","title":{"rendered":"S - \u0130kame"},"content":{"rendered":"<blockquote><p>STOP ilkesi koruyucu \u00f6nlemlerin \u00f6ncelik s\u0131ras\u0131n\u0131 tan\u0131mlar. \u0130\u015fveren, koruyucu \u00f6nlemleri belirlerken ve uygularken bu \u00f6ncelik s\u0131ras\u0131na uymal\u0131d\u0131r. Burada ilk seviye olan ikame i\u00e7in S \u201cye odaklanaca\u011f\u0131z. L\u00fctfen \u00f6nce S\u201d yi dikkate al\u0131n. Ayr\u0131ca, \u00f6nlemlerin bir kombinasyonunun kullan\u0131labilece\u011fini de unutmay\u0131n.    <\/p><\/blockquote>\n<p>Kanserojen maddelerin ikamesi zor olabilir. Teknik olarak e\u015fde\u011fer bir alternatifin mevcut ve uygulanabilir olmas\u0131 gerekir. Alternatiften kaynaklanan risk, de\u011fi\u015ftirilen kanserojenden daha d\u00fc\u015f\u00fck olmal\u0131d\u0131r. Bir de\u011ferlendirme belirli bir kanserojenin ikame edilmesine izin vermiyorsa, nedenlerin \u015feffaf bir \u015fekilde belgelenmesi gerekir.   <\/p>\n<p>Genel olarak, ba\u015far\u0131l\u0131 ikame \u00e7al\u0131\u015fanlar i\u00e7in riskleri azalt\u0131r ve i\u015fverenlere daha az talepkar risk y\u00f6netimi \u00f6nlemleri uygulama imkan\u0131 sunar. Bir kanserojene maruziyet tamamen ortadan kald\u0131r\u0131ld\u0131\u011f\u0131nda, bir maruziyet kayd\u0131na veya 40 y\u0131la kadar saklanmas\u0131na gerek kalmayacakt\u0131r. \u00d6rne\u011fin g\u00fcvenlik ekipman\u0131, at\u0131k, t\u0131bbi muayene gibi maliyetleri azaltabilir. Hepsinden \u00f6nemlisi, ikame i\u015f\u00e7i sa\u011fl\u0131\u011f\u0131na fayda sa\u011flar.   <\/p>\n<p>\u0130kame de\u011ferlendirilirken,<\/p>\n<ul>\n<li>Kanserojen maddenin kullan\u0131m\u0131n\u0131 k\u0131s\u0131tlayabilecek veya s\u0131n\u0131rlayabilecek yasal y\u00fck\u00fcml\u00fcl\u00fckleri kontrol edin. REACH kapsam\u0131nda izin verilmesi buna bir \u00f6rnektir. <\/li>\n<li>\u0130\u015fyerinde en y\u00fcksek riske sahip kanserojen maddeleri belirleyin ve \u00f6ncelikle bunlar\u0131 dikkate al\u0131n.<\/li>\n<li>Kullan\u0131lan kanserojenin nihai kar\u0131\u015f\u0131m veya \u00fcr\u00fcnde bir i\u015flevi olup olmad\u0131\u011f\u0131n\u0131 \u00f6\u011frenin. E\u011fer \u00f6yleyse, bu kanserojenlerin de\u011fi\u015ftirilmesi genellikle daha zordur ve kar\u0131\u015f\u0131m\u0131n\u0131z\u0131n veya \u00fcr\u00fcn\u00fcn\u00fcz\u00fcn yeniden tasarlanmas\u0131n\u0131 veya t\u00fcm \u00fcretim s\u00fcrecinde daha kapsaml\u0131 de\u011fi\u015fiklikler yap\u0131lmas\u0131n\u0131 gerektirebilir. <\/li>\n<li>M\u00fc\u015fterinizin ger\u00e7ekten hangi kriterlere ihtiya\u00e7 duydu\u011funu ve bu kriterlerin de\u011fi\u015fikliklere izin verecek esneklikte oldu\u011funu \u00f6\u011frenin.<\/li>\n<li>Sizin ve i\u015fletmeniz i\u00e7in uygun olan ikame kriterlerini belirleyin. \u00c7ok daha g\u00fcvenli bir alternatifin sadece maliyetler nedeniyle g\u00f6z ard\u0131 edilmemesi gerekti\u011finin fark\u0131nda olun. <\/li>\n<li>Tedarik zincirinize kimlerin dahil olmas\u0131 gerekti\u011fini belirleyin.<\/li>\n<li>Mevcut alternatifler hakk\u0131nda bilgi toplay\u0131n ve bilin\u00e7li kararlar verin. \u00c7\u00f6z\u00fcmler halihaz\u0131rda mevcut olabilir. <\/li>\n<li>Giderek daha \u00f6nemli hale gelen karbon ayak izi, sera gaz\u0131 emisyonu, geri d\u00f6n\u00fc\u015ft\u00fcr\u00fclebilirlik gibi s\u00fcrd\u00fcr\u00fclebilirlik unsurlar\u0131n\u0131 g\u00f6z \u00f6n\u00fcnde bulundurun.<\/li>\n<li>Bir alternatifin evrensel bir \u00e7\u00f6z\u00fcm olmas\u0131 gerekmez. Bunun yerine, \u00e7e\u015fitli \u00f6nlem t\u00fcrlerinin kombinasyonunu d\u00fc\u015f\u00fcn\u00fcn. <\/li>\n<\/ul>\n<h2>Dikkate al\u0131nmas\u0131 gereken baz\u0131 \u00f6nlemler<\/h2>\n<h3>Alternatif maddeler veya kar\u0131\u015f\u0131mlar<\/h3>\n<p>Genellikle alternatif bir madde veya kar\u0131\u015f\u0131mla ikame, halihaz\u0131rda kurulu \u00fcretim s\u00fcre\u00e7lerinde daha kolay uygulanabilir ve sadece k\u00fc\u00e7\u00fck ayarlamalar gerektirebilir. Ancak, ayn\u0131 kimyasal grup i\u00e7inde ve benzer toksikolojik profile sahip alternatiflerle ikame ederek \u00fcz\u00fcc\u00fc ikamelerden ka\u00e7\u0131n\u0131n. Kimyasal \u00f6zellikler, yani buhar bas\u0131nc\u0131 ve s\u0131n\u0131fland\u0131rma hakk\u0131ndaki bilgiler tedarik\u00e7inizin g\u00fcvenlik bilgi formunda ve ECHA gibi \u00f6zel kimyasal veri tabanlar\u0131nda mevcuttur.  <\/p>\n<p>\u00d6rnek: dekoratif krom kaplaman\u0131n y\u00fczey i\u015fleminde krom (VI) yerine krom (III).<\/p>\n<h3>Teknik alternatifler<\/h3>\n<p>Teknik alternatifler ayn\u0131 sonuca farkl\u0131 bir s\u00fcre\u00e7le ula\u015f\u0131r. \u00d6rne\u011fin, kimyasal bir s\u00fcre\u00e7 yerine fiziksel bir s\u00fcrecin kullan\u0131lmas\u0131. Proses de\u011fi\u015fiklikleri genellikle alternatif maddelerin uygulanmas\u0131n\u0131 gerektirir. Nihai \u00fcr\u00fcn\u00fcn veya malzemenin \u00f6zellikleri de de\u011fi\u015febilir.   <\/p>\n<p>\u00d6rnek: belirli kullan\u0131mlar i\u00e7in krom (VI) ile krom kaplama yerine fiziksel buhar biriktirme (PVD).<\/p>\n<h3>\u0130\u015flevsel alternatifler<\/h3>\n<p>Nihai kar\u0131\u015f\u0131m veya \u00fcr\u00fcndeki i\u015fleve odaklanmak, daha geni\u015f bir alternatif yelpazesinin de\u011ferlendirilmesine yard\u0131mc\u0131 olabilir ancak yeniden tasar\u0131m gerektirebilir. Belirli bir i\u015flev, makul ve uygulanabilir oldu\u011fu s\u00fcrece bir alternatifle sa\u011flanabilir. <\/p>\n<p>\u00d6rnek: Krom (VI) ile y\u00fczey i\u015fleminin, y\u00fczeyin bir mum veya cila ile korunmas\u0131 ile de\u011fi\u015ftirilmesi, oksijen ve suya maruz kalma yoluyla h\u0131zl\u0131 korozyonun \u00f6nlenmesi.<\/p>\n","protected":false},"excerpt":{"rendered":"<p>STOP ilkesi koruyucu \u00f6nlemlerin \u00f6ncelik s\u0131ras\u0131n\u0131 tan\u0131mlar. \u0130\u015fveren, koruyucu \u00f6nlemleri belirlerken ve uygularken bu \u00f6ncelik s\u0131ras\u0131na uymal\u0131d\u0131r. Burada ilk seviye olan ikame i\u00e7in S \u201cye odaklanaca\u011f\u0131z. L\u00fctfen \u00f6nce S\u201d yi dikkate al\u0131n. Ayr\u0131ca, \u00f6nlemlerin bir kombinasyonunun kullan\u0131labilece\u011fini de unutmay\u0131n. Kanserojen maddelerin ikamesi zor olabilir. Teknik olarak e\u015fde\u011fer bir alternatifin mevcut ve uygulanabilir olmas\u0131 gerekir. Alternatiften [&hellip;]<\/p>\n","protected":false},"author":1,"featured_media":0,"parent":57398,"menu_order":0,"comment_status":"closed","ping_status":"closed","template":"","meta":{"inline_featured_image":false,"footnotes":""},"class_list":["post-57387","page","type-page","status-publish","hentry"],"yoast_head":"<!-- This site is optimized with the Yoast SEO Premium plugin v27.0 (Yoast SEO v27.3) - https:\/\/yoast.com\/product\/yoast-seo-premium-wordpress\/ -->\n<title>S - \u0130kame - STOP carcinogens at work<\/title>\n<meta name=\"description\" content=\"Every year, more than 100.000 people die in the EU from cancer caused by carcinogens at work. This must STOP!\" \/>\n<meta name=\"robots\" content=\"index, follow, max-snippet:-1, max-image-preview:large, max-video-preview:-1\" \/>\n<link rel=\"canonical\" href=\"https:\/\/stopcarcinogensatwork.eu\/tr\/temel-onleme-stratejileri-hakkinda-bilgi-edinin\/s-ikame\/\" \/>\n<meta property=\"og:locale\" content=\"tr_TR\" \/>\n<meta property=\"og:type\" content=\"article\" \/>\n<meta property=\"og:title\" content=\"S - \u0130kame\" \/>\n<meta property=\"og:description\" content=\"Every year, more than 100.000 people die in the EU from cancer caused by carcinogens at work. This must STOP!\" \/>\n<meta property=\"og:url\" content=\"https:\/\/stopcarcinogensatwork.eu\/tr\/temel-onleme-stratejileri-hakkinda-bilgi-edinin\/s-ikame\/\" \/>\n<meta property=\"og:site_name\" content=\"STOP carcinogens at work\" \/>\n<meta property=\"article:modified_time\" content=\"2025-06-13T09:57:01+00:00\" \/>\n<meta name=\"twitter:card\" content=\"summary_large_image\" \/>\n<meta name=\"twitter:label1\" content=\"Tahmini okuma s\u00fcresi\" \/>\n\t<meta name=\"twitter:data1\" content=\"3 dakika\" \/>\n<script type=\"application\/ld+json\" class=\"yoast-schema-graph\">{\"@context\":\"https:\\\/\\\/schema.org\",\"@graph\":[{\"@type\":\"WebPage\",\"@id\":\"https:\\\/\\\/stopcarcinogensatwork.eu\\\/tr\\\/temel-onleme-stratejileri-hakkinda-bilgi-edinin\\\/s-ikame\\\/\",\"url\":\"https:\\\/\\\/stopcarcinogensatwork.eu\\\/tr\\\/temel-onleme-stratejileri-hakkinda-bilgi-edinin\\\/s-ikame\\\/\",\"name\":\"S - \u0130kame - STOP carcinogens at work\",\"isPartOf\":{\"@id\":\"https:\\\/\\\/stopcarcinogensatwork.eu\\\/tr\\\/#website\"},\"datePublished\":\"2024-03-06T08:45:07+00:00\",\"dateModified\":\"2025-06-13T09:57:01+00:00\",\"description\":\"Every year, more than 100.000 people die in the EU from cancer caused by carcinogens at work. This must STOP!\",\"breadcrumb\":{\"@id\":\"https:\\\/\\\/stopcarcinogensatwork.eu\\\/tr\\\/temel-onleme-stratejileri-hakkinda-bilgi-edinin\\\/s-ikame\\\/#breadcrumb\"},\"inLanguage\":\"tr\",\"potentialAction\":[{\"@type\":\"ReadAction\",\"target\":[\"https:\\\/\\\/stopcarcinogensatwork.eu\\\/tr\\\/temel-onleme-stratejileri-hakkinda-bilgi-edinin\\\/s-ikame\\\/\"]}]},{\"@type\":\"BreadcrumbList\",\"@id\":\"https:\\\/\\\/stopcarcinogensatwork.eu\\\/tr\\\/temel-onleme-stratejileri-hakkinda-bilgi-edinin\\\/s-ikame\\\/#breadcrumb\",\"itemListElement\":[{\"@type\":\"ListItem\",\"position\":1,\"name\":\"Home\",\"item\":\"https:\\\/\\\/stopcarcinogensatwork.eu\\\/tr\\\/isyerinde-kanserojenleri-durdurun\\\/\"},{\"@type\":\"ListItem\",\"position\":2,\"name\":\"Temel \u00f6nleme stratejileri hakk\u0131nda bilgi edinin\",\"item\":\"https:\\\/\\\/stopcarcinogensatwork.eu\\\/tr\\\/temel-onleme-stratejileri-hakkinda-bilgi-edinin\\\/\"},{\"@type\":\"ListItem\",\"position\":3,\"name\":\"S - \u0130kame\"}]},{\"@type\":\"WebSite\",\"@id\":\"https:\\\/\\\/stopcarcinogensatwork.eu\\\/tr\\\/#website\",\"url\":\"https:\\\/\\\/stopcarcinogensatwork.eu\\\/tr\\\/\",\"name\":\"STOP Carcinogens at work\",\"description\":\"Every year, about 100.000 people die from cancer that was caused by exposure to carcinogens at work in Europe.\",\"publisher\":{\"@id\":\"https:\\\/\\\/stopcarcinogensatwork.eu\\\/tr\\\/#organization\"},\"alternateName\":\"Roadmap on Carcinogens\",\"potentialAction\":[{\"@type\":\"SearchAction\",\"target\":{\"@type\":\"EntryPoint\",\"urlTemplate\":\"https:\\\/\\\/stopcarcinogensatwork.eu\\\/tr\\\/?s={search_term_string}\"},\"query-input\":{\"@type\":\"PropertyValueSpecification\",\"valueRequired\":true,\"valueName\":\"search_term_string\"}}],\"inLanguage\":\"tr\"},{\"@type\":\"Organization\",\"@id\":\"https:\\\/\\\/stopcarcinogensatwork.eu\\\/tr\\\/#organization\",\"name\":\"TNO\",\"alternateName\":\"This is a European wide voluntary action scheme\",\"url\":\"https:\\\/\\\/stopcarcinogensatwork.eu\\\/tr\\\/\",\"logo\":{\"@type\":\"ImageObject\",\"inLanguage\":\"tr\",\"@id\":\"https:\\\/\\\/stopcarcinogensatwork.eu\\\/tr\\\/#\\\/schema\\\/logo\\\/image\\\/\",\"url\":\"https:\\\/\\\/stopcarcinogensatwork.eu\\\/wp-content\\\/uploads\\\/2024\\\/08\\\/cropped-FavLarge-1.png\",\"contentUrl\":\"https:\\\/\\\/stopcarcinogensatwork.eu\\\/wp-content\\\/uploads\\\/2024\\\/08\\\/cropped-FavLarge-1.png\",\"width\":512,\"height\":512,\"caption\":\"TNO\"},\"image\":{\"@id\":\"https:\\\/\\\/stopcarcinogensatwork.eu\\\/tr\\\/#\\\/schema\\\/logo\\\/image\\\/\"},\"publishingPrinciples\":\"https:\\\/\\\/stopcarcinogensatwork.eu\\\/homepage\\\/legal\\\/\",\"ownershipFundingInfo\":\"https:\\\/\\\/stopcarcinogensatwork.eu\\\/general\\\/about-us\\\/\"}]}<\/script>\n<!-- \/ Yoast SEO Premium plugin. -->","yoast_head_json":{"title":"S - \u0130kame - STOP carcinogens at work","description":"Every year, more than 100.000 people die in the EU from cancer caused by carcinogens at work. This must STOP!","robots":{"index":"index","follow":"follow","max-snippet":"max-snippet:-1","max-image-preview":"max-image-preview:large","max-video-preview":"max-video-preview:-1"},"canonical":"https:\/\/stopcarcinogensatwork.eu\/tr\/temel-onleme-stratejileri-hakkinda-bilgi-edinin\/s-ikame\/","og_locale":"tr_TR","og_type":"article","og_title":"S - \u0130kame","og_description":"Every year, more than 100.000 people die in the EU from cancer caused by carcinogens at work. This must STOP!","og_url":"https:\/\/stopcarcinogensatwork.eu\/tr\/temel-onleme-stratejileri-hakkinda-bilgi-edinin\/s-ikame\/","og_site_name":"STOP carcinogens at work","article_modified_time":"2025-06-13T09:57:01+00:00","twitter_card":"summary_large_image","twitter_misc":{"Tahmini okuma s\u00fcresi":"3 dakika"},"schema":{"@context":"https:\/\/schema.org","@graph":[{"@type":"WebPage","@id":"https:\/\/stopcarcinogensatwork.eu\/tr\/temel-onleme-stratejileri-hakkinda-bilgi-edinin\/s-ikame\/","url":"https:\/\/stopcarcinogensatwork.eu\/tr\/temel-onleme-stratejileri-hakkinda-bilgi-edinin\/s-ikame\/","name":"S - \u0130kame - STOP carcinogens at work","isPartOf":{"@id":"https:\/\/stopcarcinogensatwork.eu\/tr\/#website"},"datePublished":"2024-03-06T08:45:07+00:00","dateModified":"2025-06-13T09:57:01+00:00","description":"Every year, more than 100.000 people die in the EU from cancer caused by carcinogens at work. This must STOP!","breadcrumb":{"@id":"https:\/\/stopcarcinogensatwork.eu\/tr\/temel-onleme-stratejileri-hakkinda-bilgi-edinin\/s-ikame\/#breadcrumb"},"inLanguage":"tr","potentialAction":[{"@type":"ReadAction","target":["https:\/\/stopcarcinogensatwork.eu\/tr\/temel-onleme-stratejileri-hakkinda-bilgi-edinin\/s-ikame\/"]}]},{"@type":"BreadcrumbList","@id":"https:\/\/stopcarcinogensatwork.eu\/tr\/temel-onleme-stratejileri-hakkinda-bilgi-edinin\/s-ikame\/#breadcrumb","itemListElement":[{"@type":"ListItem","position":1,"name":"Home","item":"https:\/\/stopcarcinogensatwork.eu\/tr\/isyerinde-kanserojenleri-durdurun\/"},{"@type":"ListItem","position":2,"name":"Temel \u00f6nleme stratejileri hakk\u0131nda bilgi edinin","item":"https:\/\/stopcarcinogensatwork.eu\/tr\/temel-onleme-stratejileri-hakkinda-bilgi-edinin\/"},{"@type":"ListItem","position":3,"name":"S - \u0130kame"}]},{"@type":"WebSite","@id":"https:\/\/stopcarcinogensatwork.eu\/tr\/#website","url":"https:\/\/stopcarcinogensatwork.eu\/tr\/","name":"STOP Carcinogens at work","description":"Every year, about 100.000 people die from cancer that was caused by exposure to carcinogens at work in Europe.","publisher":{"@id":"https:\/\/stopcarcinogensatwork.eu\/tr\/#organization"},"alternateName":"Roadmap on Carcinogens","potentialAction":[{"@type":"SearchAction","target":{"@type":"EntryPoint","urlTemplate":"https:\/\/stopcarcinogensatwork.eu\/tr\/?s={search_term_string}"},"query-input":{"@type":"PropertyValueSpecification","valueRequired":true,"valueName":"search_term_string"}}],"inLanguage":"tr"},{"@type":"Organization","@id":"https:\/\/stopcarcinogensatwork.eu\/tr\/#organization","name":"TNO","alternateName":"This is a European wide voluntary action scheme","url":"https:\/\/stopcarcinogensatwork.eu\/tr\/","logo":{"@type":"ImageObject","inLanguage":"tr","@id":"https:\/\/stopcarcinogensatwork.eu\/tr\/#\/schema\/logo\/image\/","url":"https:\/\/stopcarcinogensatwork.eu\/wp-content\/uploads\/2024\/08\/cropped-FavLarge-1.png","contentUrl":"https:\/\/stopcarcinogensatwork.eu\/wp-content\/uploads\/2024\/08\/cropped-FavLarge-1.png","width":512,"height":512,"caption":"TNO"},"image":{"@id":"https:\/\/stopcarcinogensatwork.eu\/tr\/#\/schema\/logo\/image\/"},"publishingPrinciples":"https:\/\/stopcarcinogensatwork.eu\/homepage\/legal\/","ownershipFundingInfo":"https:\/\/stopcarcinogensatwork.eu\/general\/about-us\/"}]}},"_links":{"self":[{"href":"https:\/\/stopcarcinogensatwork.eu\/tr\/wp-json\/wp\/v2\/pages\/57387","targetHints":{"allow":["GET"]}}],"collection":[{"href":"https:\/\/stopcarcinogensatwork.eu\/tr\/wp-json\/wp\/v2\/pages"}],"about":[{"href":"https:\/\/stopcarcinogensatwork.eu\/tr\/wp-json\/wp\/v2\/types\/page"}],"author":[{"embeddable":true,"href":"https:\/\/stopcarcinogensatwork.eu\/tr\/wp-json\/wp\/v2\/users\/1"}],"replies":[{"embeddable":true,"href":"https:\/\/stopcarcinogensatwork.eu\/tr\/wp-json\/wp\/v2\/comments?post=57387"}],"version-history":[{"count":0,"href":"https:\/\/stopcarcinogensatwork.eu\/tr\/wp-json\/wp\/v2\/pages\/57387\/revisions"}],"up":[{"embeddable":true,"href":"https:\/\/stopcarcinogensatwork.eu\/tr\/wp-json\/wp\/v2\/pages\/57398"}],"wp:attachment":[{"href":"https:\/\/stopcarcinogensatwork.eu\/tr\/wp-json\/wp\/v2\/media?parent=57387"}],"curies":[{"name":"wp","href":"https:\/\/api.w.org\/{rel}","templated":true}]}}