{"id":57392,"date":"2024-02-27T15:15:29","date_gmt":"2024-02-27T15:15:29","guid":{"rendered":"https:\/\/stopcarcinogensatwork.eu\/bizimle-isbirligi-yapin\/"},"modified":"2025-12-10T11:53:59","modified_gmt":"2025-12-10T11:53:59","slug":"bizimle-isbirligi-yapin","status":"publish","type":"page","link":"https:\/\/stopcarcinogensatwork.eu\/tr\/genel\/bizimle-isbirligi-yapin\/","title":{"rendered":"Bizimle i\u015fbirli\u011fi yap\u0131n"},"content":{"rendered":"\t\t<div data-elementor-type=\"wp-page\" data-elementor-id=\"57392\" class=\"elementor elementor-57392 elementor-7358\" data-elementor-post-type=\"page\">\n\t\t\t\t<div class=\"elementor-element elementor-element-4bc4f45a e-flex e-con-boxed e-con e-parent\" data-id=\"4bc4f45a\" data-element_type=\"container\" data-e-type=\"container\">\n\t\t\t\t\t<div class=\"e-con-inner\">\n\t\t\t\t<div class=\"elementor-element elementor-element-656752e2 elementor-widget elementor-widget-text-editor\" data-id=\"656752e2\" data-element_type=\"widget\" data-e-type=\"widget\" data-widget_type=\"text-editor.default\">\n\t\t\t\t\t\t\t\t\t<h2>\u0130\u015fyerlerini daha g\u00fcvenli hale getirmek i\u00e7in birlikte \u00e7al\u0131\u015fal\u0131m - bilgi, uygulama ve E\u011fitim yoluyla<\/h2><blockquote><p>Her y\u0131l Avrupa genelinde on binlerce insan i\u015flerinden kaynaklanan hastal\u0131klar nedeniyle hayat\u0131n\u0131 kaybetmektedir. Bir\u00e7ok vakada, i\u015f yerinde kanserojen maddelere maruz kalman\u0131n neden oldu\u011fu kanser su\u00e7lanmaktad\u0131r. Bu riskler genellikle g\u00f6r\u00fcnmezdir, ancak ka\u00e7\u0131n\u0131lmaz de\u011fildir. Bunu de\u011fi\u015ftirmek i\u00e7in birbirimize ihtiyac\u0131m\u0131z var.   <\/p><p>\u0130\u015fverenler ve \u00e7al\u0131\u015fanlar\u0131n yan\u0131 s\u0131ra, i\u015f <strong><a href=\"#inspectorate\">m\u00fcfetti\u015fleri, ara\u015ft\u0131rmac\u0131lar<\/a>, <a href=\"#research\">sendikalar, uzman<\/a> kurulu\u015flar, e\u011fitim kurumlar\u0131 <a href=\"#educational\">ve e\u011fitmenler<\/a><\/strong> gibi daha geni\u015f bir profesyonel a\u011f\u0131n\u0131 da bize kat\u0131lmaya davet ediyoruz <strong> .<\/strong> Birlikte \u00e7al\u0131\u015farak bilgiyi g\u00f6r\u00fcn\u00fcr k\u0131l\u0131yor, yeni ara\u00e7lar geli\u015ftiriyor ve birbirimizin uygulamalar\u0131ndan \u00f6\u011freniyoruz.<\/p><\/blockquote>\t\t\t\t\t\t\t\t<\/div>\n\t\t\t\t\t<\/div>\n\t\t\t\t<\/div>\n\t\t<div class=\"elementor-element elementor-element-01c544b e-flex e-con-boxed e-con e-parent\" data-id=\"01c544b\" data-element_type=\"container\" data-e-type=\"container\" id=\"inspectorate\">\n\t\t\t\t\t<div class=\"e-con-inner\">\n\t\t\t\t<div class=\"elementor-element elementor-element-c2c232c elementor-widget elementor-widget-text-editor\" data-id=\"c2c232c\" data-element_type=\"widget\" data-e-type=\"widget\" data-widget_type=\"text-editor.default\">\n\t\t\t\t\t\t\t\t\t<h3>M\u00fcfetti\u015flikler<\/h3><p>\u0130\u015f m\u00fcfetti\u015fleri ger\u00e7ek d\u00fcnyadan zengin bir deneyime sahiptir. Tefti\u015f vakalar\u0131n\u0131 payla\u015farak di\u011fer m\u00fcfetti\u015flerin uygulamadan ders \u00e7\u0131karmas\u0131na ve \u015firketlerin neyin i\u015fe yaray\u0131p neyin yaramad\u0131\u011f\u0131n\u0131 anlamas\u0131na yard\u0131mc\u0131 olabiliriz. \u0130\u015f m\u00fcfetti\u015flerini a\u015fa\u011f\u0131dakileri yapmaya davet ediyoruz:  <\/p><p>Risk de\u011ferlendirmesi ve kontrol \u00f6nlemlerini g\u00f6steren tefti\u015f vakalar\u0131n\u0131 payla\u015f\u0131n<br>- Avrupa&#8217;daki tefti\u015f kurumlar\u0131 aras\u0131nda kar\u015f\u0131l\u0131kl\u0131 \u00f6\u011frenmeyi destekleyin<br>- \u0130\u015fletmelerin tefti\u015f s\u00fcreci hakk\u0131nda bilgi edinmesine yard\u0131mc\u0131 olun<\/p><p><strong>Katk\u0131da bulunmak ister misiniz? M\u00fcfetti\u015fler i\u00e7in kay\u0131t sayfam\u0131z <a href=\"https:\/\/stopcarcinogensatwork.eu\/register\/\">\u00fczerinden bir hesap talep edin<\/a>.<\/strong> Zaten bir hesab\u0131n\u0131z m\u0131 var? <a href=\"https:\/\/stopcarcinogensatwork.eu\/tr\/giris\/\">Buradan giri\u015f yap\u0131n.<\/a><br>Yay\u0131nlanan tefti\u015f vakalar\u0131n\u0131 g\u00f6r\u00fcnt\u00fclemek ister misiniz? <a href=\"https:\/\/stopcarcinogensatwork.eu\/tr\/arama-denetimleri\/\">Buraya t\u0131klay\u0131n<\/a><\/p>\t\t\t\t\t\t\t\t<\/div>\n\t\t\t\t\t<\/div>\n\t\t\t\t<\/div>\n\t\t<div class=\"elementor-element elementor-element-06edf1b e-flex e-con-boxed e-con e-parent\" data-id=\"06edf1b\" data-element_type=\"container\" data-e-type=\"container\" id=\"research\">\n\t\t\t\t\t<div class=\"e-con-inner\">\n\t\t\t\t<div class=\"elementor-element elementor-element-cfc6497 elementor-widget elementor-widget-text-editor\" data-id=\"cfc6497\" data-element_type=\"widget\" data-e-type=\"widget\" data-widget_type=\"text-editor.default\">\n\t\t\t\t\t\t\t\t\t<h3>Ara\u015ft\u0131rma ve Bilgi Kurumlar\u0131 i\u00e7in<\/h3><p>Ara\u015ft\u0131rma, teknik uzmanl\u0131k ve kan\u0131ta dayal\u0131 uygulama, kanserojenlere mesleki maruziyetin azalt\u0131lmas\u0131nda esast\u0131r. Kurumlar\u0131 a\u015fa\u011f\u0131dakileri yapmaya davet ediyoruz: <\/p><ul><li>\u0130yi uygulamalar\u0131n payla\u015f\u0131lmas\u0131: ba\u015far\u0131l\u0131 ikame veya kontrol\u00fcn ger\u00e7ek hayattan \u00f6rnekleri<\/li><li>Kontrol k\u0131lavuz sayfalar\u0131n\u0131n (CGS) geli\u015ftirilmesi veya iyile\u015ftirilmesi: maruziyetin y\u00f6netilmesi i\u00e7in ad\u0131m ad\u0131m rehberlik<\/li><li>Bilimsel i\u00e7g\u00f6r\u00fc, veri ve e\u011fitim ara\u00e7lar\u0131yla fark\u0131ndal\u0131\u011f\u0131 ve politikay\u0131 destekleyin<\/li><\/ul><p>Birlikte, ba\u015fkalar\u0131n\u0131n kendi stratejilerini geli\u015ftirmek i\u00e7in kullanabilecekleri ortak bir bilgi taban\u0131 olu\u015fturuyoruz. <strong>Kay\u0131t sayfam\u0131z<a href=\"https:\/\/stopcarcinogensatwork.eu\/institute-for-cgs\/\">\u00fczerinden bir hesap talep edin<\/a>.<\/strong><\/p>\t\t\t\t\t\t\t\t<\/div>\n\t\t\t\t\t<\/div>\n\t\t\t\t<\/div>\n\t\t<div class=\"elementor-element elementor-element-8326d9a e-flex e-con-boxed e-con e-parent\" data-id=\"8326d9a\" data-element_type=\"container\" data-e-type=\"container\" id=\"educational\">\n\t\t\t\t\t<div class=\"e-con-inner\">\n\t\t\t\t<div class=\"elementor-element elementor-element-b40aa3d elementor-widget elementor-widget-text-editor\" data-id=\"b40aa3d\" data-element_type=\"widget\" data-e-type=\"widget\" data-widget_type=\"text-editor.default\">\n\t\t\t\t\t\t\t\t\t<h3>E\u011fitim Kurumlar\u0131 ve E\u011fitmenler \u0130\u00e7in<\/h3><p>Mesleki e\u011fitimden \u00fcniversitelere: bug\u00fcn\u00fcn \u00f6\u011frencileri yar\u0131n\u0131n i\u015f g\u00fcc\u00fcd\u00fcr. Kanserojen maddeler hakk\u0131nda erken e\u011fitim, uzun vadeli fark\u0131ndal\u0131k ve daha sa\u011fl\u0131kl\u0131 se\u00e7imler yap\u0131lmas\u0131na yard\u0131mc\u0131 olur. E\u011fitimcileri ve e\u011fitmenleri a\u015fa\u011f\u0131dakilere davet ediyoruz:  <\/p><ul><li>Okullarda, kolejlerde veya e\u011fitim merkezlerinde kullan\u0131lmak \u00fczere ders materyallerini veya fark\u0131ndal\u0131k projelerini payla\u015f\u0131n<\/li><li>Farkl\u0131 ya\u015f gruplar\u0131na ve sekt\u00f6rlere uyarlanm\u0131\u015f e\u011fitim materyallerini birlikte olu\u015fturun<\/li><li>\u00d6\u011frencilere gelecekteki i\u015f yerlerinde riskleri tan\u0131ma ve azaltma konusunda ilham vermek<\/li><\/ul><p><a href=\"https:\/\/stopcarcinogensatwork.eu\/general\/educational-institutions-and-trainers\/\">L\u00fctfen web sitemizdeki E\u011fitim b\u00f6l\u00fcm\u00fcm\u00fcz\u00fc ziyaret edin.<\/a><\/p>\t\t\t\t\t\t\t\t<\/div>\n\t\t\t\t\t<\/div>\n\t\t\t\t<\/div>\n\t\t\t\t<\/div>\n\t\t","protected":false},"excerpt":{"rendered":"<p>\u0130\u015fyerlerini daha g\u00fcvenli hale getirmek i\u00e7in birlikte \u00e7al\u0131\u015fal\u0131m - bilgi, uygulama ve E\u011fitim yoluyla Her y\u0131l Avrupa genelinde on binlerce insan i\u015flerinden kaynaklanan hastal\u0131klar nedeniyle hayat\u0131n\u0131 kaybetmektedir. Bir\u00e7ok vakada, i\u015f yerinde kanserojen maddelere maruz kalman\u0131n neden oldu\u011fu kanser su\u00e7lanmaktad\u0131r. Bu riskler genellikle g\u00f6r\u00fcnmezdir, ancak ka\u00e7\u0131n\u0131lmaz de\u011fildir. Bunu de\u011fi\u015ftirmek i\u00e7in birbirimize ihtiyac\u0131m\u0131z var. \u0130\u015fverenler ve \u00e7al\u0131\u015fanlar\u0131n [&hellip;]<\/p>\n","protected":false},"author":1,"featured_media":0,"parent":57474,"menu_order":0,"comment_status":"closed","ping_status":"closed","template":"","meta":{"inline_featured_image":false,"footnotes":""},"class_list":["post-57392","page","type-page","status-publish","hentry"],"yoast_head":"<!-- This site is optimized with the Yoast SEO Premium plugin v27.0 (Yoast SEO v27.3) - https:\/\/yoast.com\/product\/yoast-seo-premium-wordpress\/ -->\n<title>Bizimle i\u015fbirli\u011fi yap\u0131n - STOP carcinogens at work<\/title>\n<meta name=\"description\" content=\"Every year, more than 100.000 people die in the EU from cancer caused by carcinogens at work. This must STOP!\" \/>\n<meta name=\"robots\" content=\"noindex, nofollow\" \/>\n<meta property=\"og:locale\" content=\"tr_TR\" \/>\n<meta property=\"og:type\" content=\"article\" \/>\n<meta property=\"og:title\" content=\"Bizimle i\u015fbirli\u011fi yap\u0131n\" \/>\n<meta property=\"og:description\" content=\"Every year, more than 100.000 people die in the EU from cancer caused by carcinogens at work. This must STOP!\" \/>\n<meta property=\"og:url\" content=\"https:\/\/stopcarcinogensatwork.eu\/tr\/genel\/bizimle-isbirligi-yapin\/\" \/>\n<meta property=\"og:site_name\" content=\"STOP carcinogens at work\" \/>\n<meta property=\"article:modified_time\" content=\"2025-12-10T11:53:59+00:00\" \/>\n<meta name=\"twitter:card\" content=\"summary_large_image\" \/>\n<meta name=\"twitter:label1\" content=\"Tahmini okuma s\u00fcresi\" \/>\n\t<meta name=\"twitter:data1\" content=\"2 dakika\" \/>\n<script type=\"application\/ld+json\" class=\"yoast-schema-graph\">{\"@context\":\"https:\\\/\\\/schema.org\",\"@graph\":[{\"@type\":\"WebPage\",\"@id\":\"https:\\\/\\\/stopcarcinogensatwork.eu\\\/tr\\\/genel\\\/bizimle-isbirligi-yapin\\\/\",\"url\":\"https:\\\/\\\/stopcarcinogensatwork.eu\\\/tr\\\/genel\\\/bizimle-isbirligi-yapin\\\/\",\"name\":\"Bizimle i\u015fbirli\u011fi yap\u0131n - STOP carcinogens at work\",\"isPartOf\":{\"@id\":\"https:\\\/\\\/stopcarcinogensatwork.eu\\\/tr\\\/#website\"},\"datePublished\":\"2024-02-27T15:15:29+00:00\",\"dateModified\":\"2025-12-10T11:53:59+00:00\",\"description\":\"Every year, more than 100.000 people die in the EU from cancer caused by carcinogens at work. This must STOP!\",\"breadcrumb\":{\"@id\":\"https:\\\/\\\/stopcarcinogensatwork.eu\\\/tr\\\/genel\\\/bizimle-isbirligi-yapin\\\/#breadcrumb\"},\"inLanguage\":\"tr\",\"potentialAction\":[{\"@type\":\"ReadAction\",\"target\":[\"https:\\\/\\\/stopcarcinogensatwork.eu\\\/tr\\\/genel\\\/bizimle-isbirligi-yapin\\\/\"]}]},{\"@type\":\"BreadcrumbList\",\"@id\":\"https:\\\/\\\/stopcarcinogensatwork.eu\\\/tr\\\/genel\\\/bizimle-isbirligi-yapin\\\/#breadcrumb\",\"itemListElement\":[{\"@type\":\"ListItem\",\"position\":1,\"name\":\"Home\",\"item\":\"https:\\\/\\\/stopcarcinogensatwork.eu\\\/tr\\\/isyerinde-kanserojenleri-durdurun\\\/\"},{\"@type\":\"ListItem\",\"position\":2,\"name\":\"Genel\",\"item\":\"https:\\\/\\\/stopcarcinogensatwork.eu\\\/tr\\\/genel\\\/\"},{\"@type\":\"ListItem\",\"position\":3,\"name\":\"Bizimle i\u015fbirli\u011fi yap\u0131n\"}]},{\"@type\":\"WebSite\",\"@id\":\"https:\\\/\\\/stopcarcinogensatwork.eu\\\/tr\\\/#website\",\"url\":\"https:\\\/\\\/stopcarcinogensatwork.eu\\\/tr\\\/\",\"name\":\"STOP Carcinogens at work\",\"description\":\"Every year, about 100.000 people die from cancer that was caused by exposure to carcinogens at work in Europe.\",\"publisher\":{\"@id\":\"https:\\\/\\\/stopcarcinogensatwork.eu\\\/tr\\\/#organization\"},\"alternateName\":\"Roadmap on Carcinogens\",\"potentialAction\":[{\"@type\":\"SearchAction\",\"target\":{\"@type\":\"EntryPoint\",\"urlTemplate\":\"https:\\\/\\\/stopcarcinogensatwork.eu\\\/tr\\\/?s={search_term_string}\"},\"query-input\":{\"@type\":\"PropertyValueSpecification\",\"valueRequired\":true,\"valueName\":\"search_term_string\"}}],\"inLanguage\":\"tr\"},{\"@type\":\"Organization\",\"@id\":\"https:\\\/\\\/stopcarcinogensatwork.eu\\\/tr\\\/#organization\",\"name\":\"TNO\",\"alternateName\":\"This is a European wide voluntary action scheme\",\"url\":\"https:\\\/\\\/stopcarcinogensatwork.eu\\\/tr\\\/\",\"logo\":{\"@type\":\"ImageObject\",\"inLanguage\":\"tr\",\"@id\":\"https:\\\/\\\/stopcarcinogensatwork.eu\\\/tr\\\/#\\\/schema\\\/logo\\\/image\\\/\",\"url\":\"https:\\\/\\\/stopcarcinogensatwork.eu\\\/wp-content\\\/uploads\\\/2024\\\/08\\\/cropped-FavLarge-1.png\",\"contentUrl\":\"https:\\\/\\\/stopcarcinogensatwork.eu\\\/wp-content\\\/uploads\\\/2024\\\/08\\\/cropped-FavLarge-1.png\",\"width\":512,\"height\":512,\"caption\":\"TNO\"},\"image\":{\"@id\":\"https:\\\/\\\/stopcarcinogensatwork.eu\\\/tr\\\/#\\\/schema\\\/logo\\\/image\\\/\"},\"publishingPrinciples\":\"https:\\\/\\\/stopcarcinogensatwork.eu\\\/homepage\\\/legal\\\/\",\"ownershipFundingInfo\":\"https:\\\/\\\/stopcarcinogensatwork.eu\\\/general\\\/about-us\\\/\"}]}<\/script>\n<!-- \/ Yoast SEO Premium plugin. -->","yoast_head_json":{"title":"Bizimle i\u015fbirli\u011fi yap\u0131n - STOP carcinogens at work","description":"Every year, more than 100.000 people die in the EU from cancer caused by carcinogens at work. This must STOP!","robots":{"index":"noindex","follow":"nofollow"},"og_locale":"tr_TR","og_type":"article","og_title":"Bizimle i\u015fbirli\u011fi yap\u0131n","og_description":"Every year, more than 100.000 people die in the EU from cancer caused by carcinogens at work. This must STOP!","og_url":"https:\/\/stopcarcinogensatwork.eu\/tr\/genel\/bizimle-isbirligi-yapin\/","og_site_name":"STOP carcinogens at work","article_modified_time":"2025-12-10T11:53:59+00:00","twitter_card":"summary_large_image","twitter_misc":{"Tahmini okuma s\u00fcresi":"2 dakika"},"schema":{"@context":"https:\/\/schema.org","@graph":[{"@type":"WebPage","@id":"https:\/\/stopcarcinogensatwork.eu\/tr\/genel\/bizimle-isbirligi-yapin\/","url":"https:\/\/stopcarcinogensatwork.eu\/tr\/genel\/bizimle-isbirligi-yapin\/","name":"Bizimle i\u015fbirli\u011fi yap\u0131n - STOP carcinogens at work","isPartOf":{"@id":"https:\/\/stopcarcinogensatwork.eu\/tr\/#website"},"datePublished":"2024-02-27T15:15:29+00:00","dateModified":"2025-12-10T11:53:59+00:00","description":"Every year, more than 100.000 people die in the EU from cancer caused by carcinogens at work. This must STOP!","breadcrumb":{"@id":"https:\/\/stopcarcinogensatwork.eu\/tr\/genel\/bizimle-isbirligi-yapin\/#breadcrumb"},"inLanguage":"tr","potentialAction":[{"@type":"ReadAction","target":["https:\/\/stopcarcinogensatwork.eu\/tr\/genel\/bizimle-isbirligi-yapin\/"]}]},{"@type":"BreadcrumbList","@id":"https:\/\/stopcarcinogensatwork.eu\/tr\/genel\/bizimle-isbirligi-yapin\/#breadcrumb","itemListElement":[{"@type":"ListItem","position":1,"name":"Home","item":"https:\/\/stopcarcinogensatwork.eu\/tr\/isyerinde-kanserojenleri-durdurun\/"},{"@type":"ListItem","position":2,"name":"Genel","item":"https:\/\/stopcarcinogensatwork.eu\/tr\/genel\/"},{"@type":"ListItem","position":3,"name":"Bizimle i\u015fbirli\u011fi yap\u0131n"}]},{"@type":"WebSite","@id":"https:\/\/stopcarcinogensatwork.eu\/tr\/#website","url":"https:\/\/stopcarcinogensatwork.eu\/tr\/","name":"STOP Carcinogens at work","description":"Every year, about 100.000 people die from cancer that was caused by exposure to carcinogens at work in Europe.","publisher":{"@id":"https:\/\/stopcarcinogensatwork.eu\/tr\/#organization"},"alternateName":"Roadmap on Carcinogens","potentialAction":[{"@type":"SearchAction","target":{"@type":"EntryPoint","urlTemplate":"https:\/\/stopcarcinogensatwork.eu\/tr\/?s={search_term_string}"},"query-input":{"@type":"PropertyValueSpecification","valueRequired":true,"valueName":"search_term_string"}}],"inLanguage":"tr"},{"@type":"Organization","@id":"https:\/\/stopcarcinogensatwork.eu\/tr\/#organization","name":"TNO","alternateName":"This is a European wide voluntary action scheme","url":"https:\/\/stopcarcinogensatwork.eu\/tr\/","logo":{"@type":"ImageObject","inLanguage":"tr","@id":"https:\/\/stopcarcinogensatwork.eu\/tr\/#\/schema\/logo\/image\/","url":"https:\/\/stopcarcinogensatwork.eu\/wp-content\/uploads\/2024\/08\/cropped-FavLarge-1.png","contentUrl":"https:\/\/stopcarcinogensatwork.eu\/wp-content\/uploads\/2024\/08\/cropped-FavLarge-1.png","width":512,"height":512,"caption":"TNO"},"image":{"@id":"https:\/\/stopcarcinogensatwork.eu\/tr\/#\/schema\/logo\/image\/"},"publishingPrinciples":"https:\/\/stopcarcinogensatwork.eu\/homepage\/legal\/","ownershipFundingInfo":"https:\/\/stopcarcinogensatwork.eu\/general\/about-us\/"}]}},"_links":{"self":[{"href":"https:\/\/stopcarcinogensatwork.eu\/tr\/wp-json\/wp\/v2\/pages\/57392","targetHints":{"allow":["GET"]}}],"collection":[{"href":"https:\/\/stopcarcinogensatwork.eu\/tr\/wp-json\/wp\/v2\/pages"}],"about":[{"href":"https:\/\/stopcarcinogensatwork.eu\/tr\/wp-json\/wp\/v2\/types\/page"}],"author":[{"embeddable":true,"href":"https:\/\/stopcarcinogensatwork.eu\/tr\/wp-json\/wp\/v2\/users\/1"}],"replies":[{"embeddable":true,"href":"https:\/\/stopcarcinogensatwork.eu\/tr\/wp-json\/wp\/v2\/comments?post=57392"}],"version-history":[{"count":0,"href":"https:\/\/stopcarcinogensatwork.eu\/tr\/wp-json\/wp\/v2\/pages\/57392\/revisions"}],"up":[{"embeddable":true,"href":"https:\/\/stopcarcinogensatwork.eu\/tr\/wp-json\/wp\/v2\/pages\/57474"}],"wp:attachment":[{"href":"https:\/\/stopcarcinogensatwork.eu\/tr\/wp-json\/wp\/v2\/media?parent=57392"}],"curies":[{"name":"wp","href":"https:\/\/api.w.org\/{rel}","templated":true}]}}