{"id":57394,"date":"2024-02-17T16:45:26","date_gmt":"2024-02-17T16:45:26","guid":{"rendered":"https:\/\/stopcarcinogensatwork.eu\/t-teknik-onlemler\/"},"modified":"2025-06-13T09:56:55","modified_gmt":"2025-06-13T09:56:55","slug":"t-teknik-onlemler","status":"publish","type":"page","link":"https:\/\/stopcarcinogensatwork.eu\/tr\/temel-onleme-stratejileri-hakkinda-bilgi-edinin\/t-teknik-onlemler\/","title":{"rendered":"T - Teknik \u00f6nlemler"},"content":{"rendered":"<blockquote><p>STOP bir kontrol hiyerar\u015fisi izler. Kanserojenler i\u00e7in, hiyerar\u015fide bir ad\u0131m a\u015fa\u011f\u0131ya inmeye yaln\u0131zca teknik s\u0131n\u0131rlamalar maruziyeti tamamen ortadan kald\u0131rman\u0131z\u0131 engelledi\u011finde izin verilir. Burada teknik \u00f6nlemler i\u00e7in ikinci seviye olan T&#8217;ye odaklanaca\u011f\u0131z. L\u00fctfen T&#8217;den \u00f6nce S&#8217;yi dikkate al\u0131n. Ayr\u0131ca \u00f6nlemlerin bir kombinasyonunun kullan\u0131labilece\u011fini unutmay\u0131n.   <\/p><\/blockquote>\n<p>Teknik \u00f6nlemler, kanserojenlere maruziyeti ortadan kald\u0131ran veya en aza indiren mekanik cihazlar\u0131 veya s\u00fcre\u00e7leri i\u00e7erir. Bu teknik \u00f6nlemler muhafaza, havaland\u0131rma kullan\u0131m\u0131 ve\/veya s\u00fcre\u00e7lerin otomasyonunu i\u00e7erebilir. <\/p>\n<p>Uygulanacak tedbir(ler) de\u011ferlendirilirken nelere dikkat edilmelidir?<\/p>\n<ul>\n<li>Halihaz\u0131rda mevcut olan t\u00fcm teknik \u00e7\u00f6z\u00fcmleri (\u00f6rn. kaps\u00fclleme veya havaland\u0131rma) tan\u0131mlay\u0131n ve verimliliklerini\/etkinliklerini de\u011ferlendirin (bak\u0131m planlar\u0131n\u0131 dahil edin)<\/li>\n<li>Gerekirse, kontrol\u00fc iyile\u015ftirebilecek mevcut di\u011fer teknik \u00e7\u00f6z\u00fcmleri de\u011ferlendirin: \u00e7\u00f6z\u00fcm\u00fcn tan\u0131m\u0131n\u0131, uygunlu\u011funu, etkinli\u011fini ve verimlili\u011fini \u00f6\u011frenin<\/li>\n<li>Teknik \u00e7\u00f6z\u00fcmlerin olas\u0131 birle\u015fik etkisini g\u00f6z \u00f6n\u00fcnde bulundurun<\/li>\n<li>Ekipman sa\u011flay\u0131c\u0131s\u0131ndan kullan\u0131m k\u0131lavuzunu istedi\u011finizden emin olun<\/li>\n<li>\u00c7al\u0131\u015fanlar\u0131n\u0131za (temizlik ve bak\u0131m \u00e7al\u0131\u015fanlar\u0131 dahil) uygulanan teknik \u00f6nlemler konusunda yeterli e\u011fitim verildi\u011finden emin olun<\/li>\n<li>\u00c7al\u0131\u015fanlara bu teknik \u00f6nlemlerin do\u011fru \u015fekilde nas\u0131l kullan\u0131laca\u011f\u0131na dair a\u00e7\u0131k talimatlar verin: m\u00fcmk\u00fcnse resimlerle<\/li>\n<\/ul>\n<h2>Dikkate al\u0131nmas\u0131 gereken baz\u0131 teknik \u00f6nlemler<\/h2>\n<p>En iyi teknik \u00f6nlemleri belirlerken ve uygularken, i\u015fyerinin \u00f6zelliklerini (\u00f6rne\u011fin, kal\u0131c\u0131 havaland\u0131rma ekipman\u0131na sahip tesisler, a\u00e7\u0131k hava tesisleri) dikkate almay\u0131 daima unutmay\u0131n.<\/p>\n<p>\u00c7e\u015fitli teknik \u00f6nlemler mevcuttur ve i\u015fyerinin ko\u015fullar\u0131na ba\u011fl\u0131 olarak uygulanabilir. Bu bro\u015f\u00fcr, ba\u015fka olas\u0131 \u00e7\u00f6z\u00fcmlerin de mevcut olabilece\u011fini ak\u0131lda tutarak geni\u015f bir \u00f6rnek yelpazesi sunmaktad\u0131r. <\/p>\n<h3>Kapal\u0131 Sistemler<\/h3>\n<p>Kapal\u0131 sistemler \u00e7ok etkili bir teknik koruyucu \u00f6nlemdir. Kapal\u0131 sistemler kaps\u00fclleme, i\u015f ekipman\u0131n\u0131n ayr\u0131lmaz bir teknik par\u00e7as\u0131 olarak entegre ekstraksiyon sistemleri veya son derece etkili ekstraksiyon sistemlerini i\u00e7erebilir. <\/p>\n<h3>S\u0131n\u0131rlama<\/h3>\n<p>K\u0131smen kapal\u0131 sistemler prosese eri\u015fim sa\u011flar ancak ayn\u0131 zamanda kanserojen sal\u0131n\u0131m\u0131n\u0131 \u00f6nler veya maruziyeti en aza indirir. Bu sistemler genellikle havaland\u0131rmal\u0131 \u00e7al\u0131\u015fma tezgah\u0131, \u00e7eker ocak gibi emi\u015fli havaland\u0131rma sistemleri veya hava ak\u0131\u015f sistemleri ile birle\u015ftirilir. <\/p>\n<h3>Havaland\u0131rma<\/h3>\n<p>Mevcut havaland\u0131rma sisteminizin etkinli\u011fini ve yeni bir havaland\u0131rma sisteminin uygulanmas\u0131 i\u00e7in i\u015fyeri yap\u0131s\u0131n\u0131n fizibilitesini de\u011ferlendirin.<\/p>\n<p>Etkili ve verimli havaland\u0131rma bulmak i\u00e7in a\u015fa\u011f\u0131daki olas\u0131l\u0131klar tek tek veya birlikte kullan\u0131labilir:<\/p>\n<ol>\n<li>Do\u011fal Seyreltme Havaland\u0131rmas\u0131<\/li>\n<li>Mekanik Seyreltme Havaland\u0131rmas\u0131<\/li>\n<li>Mekanik Egzoz Havaland\u0131rmas\u0131<\/li>\n<\/ol>\n<p>Farkl\u0131 havaland\u0131rma sistemlerinin teknik \u00f6zelliklerini sa\u011flamak i\u00e7in tedarik\u00e7ilerle ileti\u015fime ge\u00e7in.<\/p>\n<h3>Farkl\u0131 \u00e7al\u0131\u015fma y\u00f6ntemlerinin kullan\u0131lmas\u0131<\/h3>\n<p>\u00c7al\u0131\u015fma y\u00f6ntemlerinin de\u011fi\u015ftirilmesi de s\u0131v\u0131 s\u0131\u00e7ramalar\u0131 veya toz olu\u015fumu yoluyla maruz kal\u0131nan i\u015f y\u00fck\u00fcn\u00fc azaltmak i\u00e7in bir olas\u0131l\u0131k olabilir. D\u00f6kme yerine pompalama, s\u00fcp\u00fcrme yerine vakumlama veya \u0131slatma sistemleri gibi \u00e7e\u015fitli alternatif y\u00f6ntemler d\u00fc\u015f\u00fcn\u00fclebilir. <\/p>\n<h3>Kanserojeni farkl\u0131 bir formda kullanmak<\/h3>\n<p>Uygulanacak teknik \u00f6nlemlere karar verirken kanserojenin fiziksel formu da g\u00f6z \u00f6n\u00fcnde bulundurulabilir. Tozlar daha y\u00fcksek maruziyet seviyelerine daha yatk\u0131nd\u0131r, bu nedenle s\u0131k\u0131\u015ft\u0131r\u0131lm\u0131\u015f bir form (pelet veya tablet gibi) veya bir jel \u00e7al\u0131\u015fan\u0131n maruziyetini azaltabilir. Kanserojeni daha az maruziyete yol a\u00e7abilecek bir formda kullanma olas\u0131l\u0131\u011f\u0131n\u0131 de\u011ferlendirin.  <\/p>\n<p>Kanserojenin paketlenme \u015fekli maruziyet seviyeleri \u00fczerinde etkili olabilir. \u00d6rne\u011fin, \u00e7\u00f6z\u00fcnebilir ambalaj kullanmak veya boyutunu k\u00fc\u00e7\u00fcltmek maruziyeti azaltabilir. <\/p>\n","protected":false},"excerpt":{"rendered":"<p>STOP bir kontrol hiyerar\u015fisi izler. Kanserojenler i\u00e7in, hiyerar\u015fide bir ad\u0131m a\u015fa\u011f\u0131ya inmeye yaln\u0131zca teknik s\u0131n\u0131rlamalar maruziyeti tamamen ortadan kald\u0131rman\u0131z\u0131 engelledi\u011finde izin verilir. Burada teknik \u00f6nlemler i\u00e7in ikinci seviye olan T&#8217;ye odaklanaca\u011f\u0131z. L\u00fctfen T&#8217;den \u00f6nce S&#8217;yi dikkate al\u0131n. Ayr\u0131ca \u00f6nlemlerin bir kombinasyonunun kullan\u0131labilece\u011fini unutmay\u0131n. Teknik \u00f6nlemler, kanserojenlere maruziyeti ortadan kald\u0131ran veya en aza indiren mekanik cihazlar\u0131 [&hellip;]<\/p>\n","protected":false},"author":1,"featured_media":0,"parent":57398,"menu_order":0,"comment_status":"closed","ping_status":"closed","template":"","meta":{"inline_featured_image":false,"footnotes":""},"class_list":["post-57394","page","type-page","status-publish","hentry"],"yoast_head":"<!-- This site is optimized with the Yoast SEO Premium plugin v27.0 (Yoast SEO v27.3) - https:\/\/yoast.com\/product\/yoast-seo-premium-wordpress\/ -->\n<title>T - Teknik \u00f6nlemler - STOP carcinogens at work<\/title>\n<meta name=\"description\" content=\"Every year, more than 100.000 people die in the EU from cancer caused by carcinogens at work. This must STOP!\" \/>\n<meta name=\"robots\" content=\"index, follow, max-snippet:-1, max-image-preview:large, max-video-preview:-1\" \/>\n<link rel=\"canonical\" href=\"https:\/\/stopcarcinogensatwork.eu\/tr\/temel-onleme-stratejileri-hakkinda-bilgi-edinin\/t-teknik-onlemler\/\" \/>\n<meta property=\"og:locale\" content=\"tr_TR\" \/>\n<meta property=\"og:type\" content=\"article\" \/>\n<meta property=\"og:title\" content=\"T - Teknik \u00f6nlemler\" \/>\n<meta property=\"og:description\" content=\"Every year, more than 100.000 people die in the EU from cancer caused by carcinogens at work. This must STOP!\" \/>\n<meta property=\"og:url\" content=\"https:\/\/stopcarcinogensatwork.eu\/tr\/temel-onleme-stratejileri-hakkinda-bilgi-edinin\/t-teknik-onlemler\/\" \/>\n<meta property=\"og:site_name\" content=\"STOP carcinogens at work\" \/>\n<meta property=\"article:modified_time\" content=\"2025-06-13T09:56:55+00:00\" \/>\n<meta name=\"twitter:card\" content=\"summary_large_image\" \/>\n<meta name=\"twitter:label1\" content=\"Tahmini okuma s\u00fcresi\" \/>\n\t<meta name=\"twitter:data1\" content=\"3 dakika\" \/>\n<script type=\"application\/ld+json\" class=\"yoast-schema-graph\">{\"@context\":\"https:\\\/\\\/schema.org\",\"@graph\":[{\"@type\":\"WebPage\",\"@id\":\"https:\\\/\\\/stopcarcinogensatwork.eu\\\/tr\\\/temel-onleme-stratejileri-hakkinda-bilgi-edinin\\\/t-teknik-onlemler\\\/\",\"url\":\"https:\\\/\\\/stopcarcinogensatwork.eu\\\/tr\\\/temel-onleme-stratejileri-hakkinda-bilgi-edinin\\\/t-teknik-onlemler\\\/\",\"name\":\"T - Teknik \u00f6nlemler - STOP carcinogens at work\",\"isPartOf\":{\"@id\":\"https:\\\/\\\/stopcarcinogensatwork.eu\\\/tr\\\/#website\"},\"datePublished\":\"2024-02-17T16:45:26+00:00\",\"dateModified\":\"2025-06-13T09:56:55+00:00\",\"description\":\"Every year, more than 100.000 people die in the EU from cancer caused by carcinogens at work. This must STOP!\",\"breadcrumb\":{\"@id\":\"https:\\\/\\\/stopcarcinogensatwork.eu\\\/tr\\\/temel-onleme-stratejileri-hakkinda-bilgi-edinin\\\/t-teknik-onlemler\\\/#breadcrumb\"},\"inLanguage\":\"tr\",\"potentialAction\":[{\"@type\":\"ReadAction\",\"target\":[\"https:\\\/\\\/stopcarcinogensatwork.eu\\\/tr\\\/temel-onleme-stratejileri-hakkinda-bilgi-edinin\\\/t-teknik-onlemler\\\/\"]}]},{\"@type\":\"BreadcrumbList\",\"@id\":\"https:\\\/\\\/stopcarcinogensatwork.eu\\\/tr\\\/temel-onleme-stratejileri-hakkinda-bilgi-edinin\\\/t-teknik-onlemler\\\/#breadcrumb\",\"itemListElement\":[{\"@type\":\"ListItem\",\"position\":1,\"name\":\"Home\",\"item\":\"https:\\\/\\\/stopcarcinogensatwork.eu\\\/tr\\\/isyerinde-kanserojenleri-durdurun\\\/\"},{\"@type\":\"ListItem\",\"position\":2,\"name\":\"Temel \u00f6nleme stratejileri hakk\u0131nda bilgi edinin\",\"item\":\"https:\\\/\\\/stopcarcinogensatwork.eu\\\/tr\\\/temel-onleme-stratejileri-hakkinda-bilgi-edinin\\\/\"},{\"@type\":\"ListItem\",\"position\":3,\"name\":\"T - Teknik \u00f6nlemler\"}]},{\"@type\":\"WebSite\",\"@id\":\"https:\\\/\\\/stopcarcinogensatwork.eu\\\/tr\\\/#website\",\"url\":\"https:\\\/\\\/stopcarcinogensatwork.eu\\\/tr\\\/\",\"name\":\"STOP Carcinogens at work\",\"description\":\"Every year, about 100.000 people die from cancer that was caused by exposure to carcinogens at work in Europe.\",\"publisher\":{\"@id\":\"https:\\\/\\\/stopcarcinogensatwork.eu\\\/tr\\\/#organization\"},\"alternateName\":\"Roadmap on Carcinogens\",\"potentialAction\":[{\"@type\":\"SearchAction\",\"target\":{\"@type\":\"EntryPoint\",\"urlTemplate\":\"https:\\\/\\\/stopcarcinogensatwork.eu\\\/tr\\\/?s={search_term_string}\"},\"query-input\":{\"@type\":\"PropertyValueSpecification\",\"valueRequired\":true,\"valueName\":\"search_term_string\"}}],\"inLanguage\":\"tr\"},{\"@type\":\"Organization\",\"@id\":\"https:\\\/\\\/stopcarcinogensatwork.eu\\\/tr\\\/#organization\",\"name\":\"TNO\",\"alternateName\":\"This is a European wide voluntary action scheme\",\"url\":\"https:\\\/\\\/stopcarcinogensatwork.eu\\\/tr\\\/\",\"logo\":{\"@type\":\"ImageObject\",\"inLanguage\":\"tr\",\"@id\":\"https:\\\/\\\/stopcarcinogensatwork.eu\\\/tr\\\/#\\\/schema\\\/logo\\\/image\\\/\",\"url\":\"https:\\\/\\\/stopcarcinogensatwork.eu\\\/wp-content\\\/uploads\\\/2024\\\/08\\\/cropped-FavLarge-1.png\",\"contentUrl\":\"https:\\\/\\\/stopcarcinogensatwork.eu\\\/wp-content\\\/uploads\\\/2024\\\/08\\\/cropped-FavLarge-1.png\",\"width\":512,\"height\":512,\"caption\":\"TNO\"},\"image\":{\"@id\":\"https:\\\/\\\/stopcarcinogensatwork.eu\\\/tr\\\/#\\\/schema\\\/logo\\\/image\\\/\"},\"publishingPrinciples\":\"https:\\\/\\\/stopcarcinogensatwork.eu\\\/homepage\\\/legal\\\/\",\"ownershipFundingInfo\":\"https:\\\/\\\/stopcarcinogensatwork.eu\\\/general\\\/about-us\\\/\"}]}<\/script>\n<!-- \/ Yoast SEO Premium plugin. -->","yoast_head_json":{"title":"T - Teknik \u00f6nlemler - STOP carcinogens at work","description":"Every year, more than 100.000 people die in the EU from cancer caused by carcinogens at work. This must STOP!","robots":{"index":"index","follow":"follow","max-snippet":"max-snippet:-1","max-image-preview":"max-image-preview:large","max-video-preview":"max-video-preview:-1"},"canonical":"https:\/\/stopcarcinogensatwork.eu\/tr\/temel-onleme-stratejileri-hakkinda-bilgi-edinin\/t-teknik-onlemler\/","og_locale":"tr_TR","og_type":"article","og_title":"T - Teknik \u00f6nlemler","og_description":"Every year, more than 100.000 people die in the EU from cancer caused by carcinogens at work. This must STOP!","og_url":"https:\/\/stopcarcinogensatwork.eu\/tr\/temel-onleme-stratejileri-hakkinda-bilgi-edinin\/t-teknik-onlemler\/","og_site_name":"STOP carcinogens at work","article_modified_time":"2025-06-13T09:56:55+00:00","twitter_card":"summary_large_image","twitter_misc":{"Tahmini okuma s\u00fcresi":"3 dakika"},"schema":{"@context":"https:\/\/schema.org","@graph":[{"@type":"WebPage","@id":"https:\/\/stopcarcinogensatwork.eu\/tr\/temel-onleme-stratejileri-hakkinda-bilgi-edinin\/t-teknik-onlemler\/","url":"https:\/\/stopcarcinogensatwork.eu\/tr\/temel-onleme-stratejileri-hakkinda-bilgi-edinin\/t-teknik-onlemler\/","name":"T - Teknik \u00f6nlemler - STOP carcinogens at work","isPartOf":{"@id":"https:\/\/stopcarcinogensatwork.eu\/tr\/#website"},"datePublished":"2024-02-17T16:45:26+00:00","dateModified":"2025-06-13T09:56:55+00:00","description":"Every year, more than 100.000 people die in the EU from cancer caused by carcinogens at work. This must STOP!","breadcrumb":{"@id":"https:\/\/stopcarcinogensatwork.eu\/tr\/temel-onleme-stratejileri-hakkinda-bilgi-edinin\/t-teknik-onlemler\/#breadcrumb"},"inLanguage":"tr","potentialAction":[{"@type":"ReadAction","target":["https:\/\/stopcarcinogensatwork.eu\/tr\/temel-onleme-stratejileri-hakkinda-bilgi-edinin\/t-teknik-onlemler\/"]}]},{"@type":"BreadcrumbList","@id":"https:\/\/stopcarcinogensatwork.eu\/tr\/temel-onleme-stratejileri-hakkinda-bilgi-edinin\/t-teknik-onlemler\/#breadcrumb","itemListElement":[{"@type":"ListItem","position":1,"name":"Home","item":"https:\/\/stopcarcinogensatwork.eu\/tr\/isyerinde-kanserojenleri-durdurun\/"},{"@type":"ListItem","position":2,"name":"Temel \u00f6nleme stratejileri hakk\u0131nda bilgi edinin","item":"https:\/\/stopcarcinogensatwork.eu\/tr\/temel-onleme-stratejileri-hakkinda-bilgi-edinin\/"},{"@type":"ListItem","position":3,"name":"T - Teknik \u00f6nlemler"}]},{"@type":"WebSite","@id":"https:\/\/stopcarcinogensatwork.eu\/tr\/#website","url":"https:\/\/stopcarcinogensatwork.eu\/tr\/","name":"STOP Carcinogens at work","description":"Every year, about 100.000 people die from cancer that was caused by exposure to carcinogens at work in Europe.","publisher":{"@id":"https:\/\/stopcarcinogensatwork.eu\/tr\/#organization"},"alternateName":"Roadmap on Carcinogens","potentialAction":[{"@type":"SearchAction","target":{"@type":"EntryPoint","urlTemplate":"https:\/\/stopcarcinogensatwork.eu\/tr\/?s={search_term_string}"},"query-input":{"@type":"PropertyValueSpecification","valueRequired":true,"valueName":"search_term_string"}}],"inLanguage":"tr"},{"@type":"Organization","@id":"https:\/\/stopcarcinogensatwork.eu\/tr\/#organization","name":"TNO","alternateName":"This is a European wide voluntary action scheme","url":"https:\/\/stopcarcinogensatwork.eu\/tr\/","logo":{"@type":"ImageObject","inLanguage":"tr","@id":"https:\/\/stopcarcinogensatwork.eu\/tr\/#\/schema\/logo\/image\/","url":"https:\/\/stopcarcinogensatwork.eu\/wp-content\/uploads\/2024\/08\/cropped-FavLarge-1.png","contentUrl":"https:\/\/stopcarcinogensatwork.eu\/wp-content\/uploads\/2024\/08\/cropped-FavLarge-1.png","width":512,"height":512,"caption":"TNO"},"image":{"@id":"https:\/\/stopcarcinogensatwork.eu\/tr\/#\/schema\/logo\/image\/"},"publishingPrinciples":"https:\/\/stopcarcinogensatwork.eu\/homepage\/legal\/","ownershipFundingInfo":"https:\/\/stopcarcinogensatwork.eu\/general\/about-us\/"}]}},"_links":{"self":[{"href":"https:\/\/stopcarcinogensatwork.eu\/tr\/wp-json\/wp\/v2\/pages\/57394","targetHints":{"allow":["GET"]}}],"collection":[{"href":"https:\/\/stopcarcinogensatwork.eu\/tr\/wp-json\/wp\/v2\/pages"}],"about":[{"href":"https:\/\/stopcarcinogensatwork.eu\/tr\/wp-json\/wp\/v2\/types\/page"}],"author":[{"embeddable":true,"href":"https:\/\/stopcarcinogensatwork.eu\/tr\/wp-json\/wp\/v2\/users\/1"}],"replies":[{"embeddable":true,"href":"https:\/\/stopcarcinogensatwork.eu\/tr\/wp-json\/wp\/v2\/comments?post=57394"}],"version-history":[{"count":0,"href":"https:\/\/stopcarcinogensatwork.eu\/tr\/wp-json\/wp\/v2\/pages\/57394\/revisions"}],"up":[{"embeddable":true,"href":"https:\/\/stopcarcinogensatwork.eu\/tr\/wp-json\/wp\/v2\/pages\/57398"}],"wp:attachment":[{"href":"https:\/\/stopcarcinogensatwork.eu\/tr\/wp-json\/wp\/v2\/media?parent=57394"}],"curies":[{"name":"wp","href":"https:\/\/api.w.org\/{rel}","templated":true}]}}