{"id":57395,"date":"2024-02-05T13:42:42","date_gmt":"2024-02-05T13:42:42","guid":{"rendered":"https:\/\/stopcarcinogensatwork.eu\/kanserojenlere-iliskin-yol-haritasi-hakkinda\/"},"modified":"2025-11-27T13:58:03","modified_gmt":"2025-11-27T13:58:03","slug":"kanserojenlere-iliskin-yol-haritasi-hakkinda","status":"publish","type":"page","link":"https:\/\/stopcarcinogensatwork.eu\/tr\/genel\/kanserojenlere-iliskin-yol-haritasi-hakkinda\/","title":{"rendered":"Roadmap on Carcinogens Hakk\u0131nda"},"content":{"rendered":"<blockquote><p>Bu web sitesi Kanserojenler Yol Haritas\u0131&#8217;un bir giri\u015fimidir: \u0130\u015fle ilgili kanserle m\u00fccadele i\u00e7in Avrupa \u00e7ap\u0131nda bir g\u00f6n\u00fcll\u00fc eylem program\u0131. A\u015fa\u011f\u0131daki ortaklar, i\u015fyerinde kanserojen maddelere maruz kalmay\u0131 \u00f6nlemek i\u00e7in bu programda aktif<a href=\"https:\/\/stopcarcinogensatwork.eu\/tr\/roadmap-on-carcinogens-3-0in-lansmani\/\">olmay\u0131 ve liderlik etmeyitaahh\u00fct etmi\u015flerdir<\/a>: <\/p>\n<p><img fetchpriority=\"high\" decoding=\"async\" class=\"alignnone size-full wp-image-92758\" src=\"https:\/\/stopcarcinogensatwork.eu\/wp-content\/uploads\/2025\/11\/partners.jpg\" alt=\"\" width=\"2560\" height=\"967\" srcset=\"https:\/\/stopcarcinogensatwork.eu\/wp-content\/uploads\/2025\/11\/partners.jpg 2560w, https:\/\/stopcarcinogensatwork.eu\/wp-content\/uploads\/2025\/11\/partners-300x113.jpg 300w, https:\/\/stopcarcinogensatwork.eu\/wp-content\/uploads\/2025\/11\/partners-768x290.jpg 768w, https:\/\/stopcarcinogensatwork.eu\/wp-content\/uploads\/2025\/11\/partners-1536x580.jpg 1536w, https:\/\/stopcarcinogensatwork.eu\/wp-content\/uploads\/2025\/11\/partners-2048x774.jpg 2048w\" sizes=\"(max-width: 2560px) 100vw, 2560px\" \/><\/p><\/blockquote>\n<ul>\n<li><a href=\"https:\/\/www.bma.gv.at\/en.html\" target=\"_blank\" rel=\"noopener\">Avusturya: Federal \u00c7al\u0131\u015fma, Sosyal \u0130\u015fler, Sa\u011fl\u0131k, Bak\u0131m ve T\u00fcketiciyi Koruma Bakanl\u0131\u011f\u0131<\/a><\/li>\n<li><a href=\"https:\/\/employment.belgium.be\/en\/themes\" target=\"_blank\" rel=\"noopener\">Bel\u00e7ika: Federal kamu hizmeti \u0130stihdam, \u00c7al\u0131\u015fma ve Sosyal Diyalog<\/a><\/li>\n<li><a href=\"https:\/\/stm.fi\/en\/frontpage\" target=\"_blank\" rel=\"noopener\">Finlandiya: Sosyal \u0130\u015fler ve Sa\u011fl\u0131k Bakanl\u0131\u011f\u0131<\/a><\/li>\n<li><a href=\"https:\/\/travail-emploi.gouv.fr\/\" target=\"_blank\" rel=\"noopener\">Fransa: \u00c7al\u0131\u015fma, Sa\u011fl\u0131k ve Dayan\u0131\u015fma Bakanl\u0131\u011f\u0131<\/a><\/li>\n<li><a href=\"https:\/\/www.bmas.de\/EN\/Home\/home.html\" target=\"_blank\" rel=\"noopener\">Almanya: Federal \u00c7al\u0131\u015fma ve Sosyal \u0130\u015fler Bakanl\u0131\u011f\u0131<\/a><\/li>\n<li><a href=\"http:\/\/hsa.ie\/\" target=\"_blank\" rel=\"noopener\">\u0130rlanda: Sa\u011fl\u0131k ve G\u00fcvenlik Kurumu<\/a><\/li>\n<li><a href=\"https:\/\/www.government.nl\/ministries\/ministry-of-social-affairs-and-employment\" target=\"_blank\" rel=\"noopener\">Hollanda: Sosyal \u0130\u015fler ve \u0130stihdam Bakanl\u0131\u011f\u0131<\/a><\/li>\n<li><a href=\"https:\/\/stami.no\/en\/\" target=\"_blank\" rel=\"noopener\">Norve\u00e7: Norve\u00e7 Ulusal \u0130\u015f Sa\u011fl\u0131\u011f\u0131 Enstit\u00fcs\u00fc (STAMI)<\/a><\/li>\n<li><a href=\"https:\/\/portal.act.gov.pt\/Pages\/Home.aspx\" target=\"_blank\" rel=\"noopener\">Portekiz: \u00c7al\u0131\u015fma ko\u015fullar\u0131 i\u00e7in otorite<\/a><\/li>\n<li><a href=\"https:\/\/www.gov.si\/en\/state-authorities\/ministries\/ministry-of-labour-family-social-affairs-and-equal-opportunities\/\" target=\"_blank\" rel=\"noopener\">Slovenya: \u00c7al\u0131\u015fma, Aile, Sosyal \u0130\u015fler ve F\u0131rsat E\u015fitli\u011fi Bakanl\u0131\u011f\u0131<\/a><\/li>\n<li><a href=\"https:\/\/www.mites.gob.es\/en\/\" target=\"_blank\" rel=\"noopener\">\u0130spanya: \u0130spanya \u00c7al\u0131\u015fma ve Sosyal Ekonomi Bakanl\u0131\u011f\u0131<\/a><\/li>\n<li><a href=\"https:\/\/www.businesseurope.eu\/\" target=\"_blank\" rel=\"noopener\">BusinessEurope (Avrupal\u0131 i\u015fverenler)<\/a><\/li>\n<li><a href=\"https:\/\/www.etuc.org\/\" target=\"_blank\" rel=\"noopener\">Avrupa Sendikalar Konfederasyonu - ETUC (Avrupal\u0131 i\u015f\u00e7iler)<\/a><\/li>\n<li><a href=\"https:\/\/osha.europa.eu\/en\/themes\/dangerous-substances\/roadmap-to-carcinogens\" target=\"_blank\" rel=\"noopener\">Avrupa \u0130\u015f Sa\u011fl\u0131\u011f\u0131 ve G\u00fcvenli\u011fi Ajans\u0131 - EU-OSHA<\/a><\/li>\n<li><a href=\"https:\/\/echa.europa.eu\/\" target=\"_blank\" rel=\"noopener\">Avrupa Kimyasallar Ajans\u0131 - ECHA<\/a><\/li>\n<li><a href=\"https:\/\/ec.europa.eu\/info\/departments\/employment-social-affairs-and-inclusion_en\" target=\"_blank\" rel=\"noopener\">Avrupa Komisyonu<\/a><\/li>\n<\/ul>\n<p>&nbsp;<\/p>\n<p>Ayr\u0131ca, bir\u00e7ok dostumuz (\u015firketler ve kurulu\u015flar) mesaj\u0131m\u0131z\u0131 payla\u015farak Kanserojenler Yol Haritas\u0131 &#8216;u zaten destekliyor. <a href=\"https:\/\/laposta.nl\/f\/ss69p5fpqabo\" target=\"_blank\" rel=\"noopener\">Haber b\u00fcltenine kaydolarak bir arkada\u015f olun .<\/a> <\/p>\n<h2>Yolculu\u011fumuzun \u00f6nemi<\/h2>\n<p>AB&#8217;de her y\u0131l yakla\u015f\u0131k 120.000 ki\u015fiye i\u015f yerinde kanserojen maddelere maruz kalma sonucu kanser te\u015fhisi konulmaktad\u0131r. Ve yakla\u015f\u0131k 100.000 ki\u015fi i\u015fle ilgili kanser nedeniyle \u00f6lmektedir. Ve bunun gereksiz oldu\u011funun fark\u0131na varmak \u00f6nemlidir! Bu, \u00e7al\u0131\u015fma \u015feklimizden ve yapt\u0131\u011f\u0131m\u0131z se\u00e7imlerden kaynaklanmaktad\u0131r. \u0130yi haber \u015fu ki, bu konuda bir \u015feyler yapabiliriz. Burada anahtar kelime \u00f6nleme, kanserojen maddelere maruz kalmad\u0131\u011f\u0131m\u0131zdan emin olmak.     <\/p>\n<p>Roadmap on Carcinogens, Avrupal\u0131 i\u015fletmelerin ve \u00e7al\u0131\u015fanlar\u0131n harekete ge\u00e7melerine yard\u0131mc\u0131 olmay\u0131 ama\u00e7lamaktad\u0131r:<\/p>\n<ul>\n<li><strong>Fark\u0131ndal\u0131k yaratma:<\/strong> i\u015fletmelerin ve \u00e7al\u0131\u015fanlar\u0131n carcinogen maddelere exposure riskleri ve \u00f6nleyici faaliyetlere duyulan ihtiya\u00e7 konusunda <strong>bilgilendirilmesi<\/strong> ve ger\u00e7eklerin sunulmas\u0131.<\/li>\n<li><strong>Yard\u0131m sa\u011flamak:<\/strong> \u0130\u015fletmelerin ve \u00e7al\u0131\u015fanlar\u0131n \u00e7al\u0131\u015fma sahas\u0131nda carcinogen maddelere exposure almas\u0131n\u0131 \u00f6nlemek ve bunun i\u015fg\u00fcc\u00fc \u00fczerindeki etkisini en aza indirmek i\u00e7in \u00e7\u00f6z\u00fcmler ve ara\u00e7lar <strong>sunmak<\/strong>.<\/li>\n<\/ul>\n<h2>Mevcut yol haritas\u0131 planlar\u0131 2027 y\u0131l\u0131 sonuna kadar aktiviteler \u00f6ng\u00f6rmektedir.<\/h2>\n<p>Yol Haritas\u0131n\u0131n 2020-2024 y\u0131llar\u0131 aras\u0131ndaki 2. a\u015famas\u0131nda 12 meydan okuma ger\u00e7ekle\u015ftirdik. Sonu\u00e7lar web sitesine entegre edildi veya edilecek.   <strong><a href=\"https:\/\/stopcarcinogensatwork.eu\/tr\/genel\/kanserojenlere-iliskin-yol-haritasi-hakkinda\/zorluklar\/\">Bu projelerle ilgili daha fazla bilgiye buradan ula\u015fabilirsiniz.<\/a><\/strong><\/p>\n<p><a href=\"https:\/\/stopcarcinogensatwork.eu\/wp-content\/uploads\/2025\/05\/RoC3.0_Strategy_final.pdf\">2025-2027 d\u00f6neminde RoC3.0&#8217;a y\u00f6nelik yeni stratejimizi de art\u0131k buradan<\/a> g\u00f6r\u00fcnt\u00fcleyebilirsiniz.<\/p>\n<h2>Web sitemiz i\u00e7in yapay zeka destekli bir \u00e7eviri arac\u0131 kullan\u0131yoruz<\/h2>\n<p>Web sitemiz i\u00e7in yapay zeka destekli bir \u00e7eviri arac\u0131 kullan\u0131yoruz ve anadili \u0130ngilizce olan ki\u015filer yanl\u0131\u015fl\u0131klar\u0131 g\u00f6zden ge\u00e7irip d\u00fczeltiyor. Yapay zeka sistemi zaman i\u00e7inde s\u00fcrekli geli\u015fti\u011fi i\u00e7in bu yakla\u015f\u0131m hem verimlilik hem de kalite sa\u011fl\u0131yor. Bu y\u00f6ntemin, web sitemizi birden fazla dilde eri\u015filebilir hale getirmenin en etkili ve uygun maliyetli yolunu sundu\u011funa ve daha geni\u015f bir birey ve kurulu\u015f kitlesine ula\u015fmam\u0131za yard\u0131mc\u0131 oldu\u011funa inan\u0131yoruz. \u00c7eviri s\u00fcrecimizle ilgili herhangi bir geri bildiriminiz veya \u00f6neriniz varsa, sizden duymak isteriz. L\u00fctfen d\u00fc\u015f\u00fcncelerinizi bizimle e-posta yoluyla payla\u015f\u0131n.    <\/p>\n<h2>Sorular ve a\u00e7\u0131klamalar<\/h2>\n<p>Daha fazla bilgi i\u00e7in veya herhangi bir sorunuz varsa, bizimle ileti\u015fime ge\u00e7in:  <a href=\"mailto:info@stopcarcinogensatwork.eu\">info@stopcarcinogensatwork.eu<\/a><\/p>\n<p>&nbsp;<\/p>\n","protected":false},"excerpt":{"rendered":"<p>Bu web sitesi Kanserojenler Yol Haritas\u0131&#8217;un bir giri\u015fimidir: \u0130\u015fle ilgili kanserle m\u00fccadele i\u00e7in Avrupa \u00e7ap\u0131nda bir g\u00f6n\u00fcll\u00fc eylem program\u0131. A\u015fa\u011f\u0131daki ortaklar, i\u015fyerinde kanserojen maddelere maruz kalmay\u0131 \u00f6nlemek i\u00e7in bu programda aktifolmay\u0131 ve liderlik etmeyitaahh\u00fct etmi\u015flerdir: Avusturya: Federal \u00c7al\u0131\u015fma, Sosyal \u0130\u015fler, Sa\u011fl\u0131k, Bak\u0131m ve T\u00fcketiciyi Koruma Bakanl\u0131\u011f\u0131 Bel\u00e7ika: Federal kamu hizmeti \u0130stihdam, \u00c7al\u0131\u015fma ve Sosyal Diyalog [&hellip;]<\/p>\n","protected":false},"author":1,"featured_media":0,"parent":57474,"menu_order":0,"comment_status":"closed","ping_status":"closed","template":"","meta":{"inline_featured_image":false,"footnotes":""},"class_list":["post-57395","page","type-page","status-publish","hentry"],"yoast_head":"<!-- This site is optimized with the Yoast SEO Premium plugin v27.0 (Yoast SEO v27.3) - https:\/\/yoast.com\/product\/yoast-seo-premium-wordpress\/ -->\n<title>Roadmap on Carcinogens Hakk\u0131nda - STOP carcinogens at work<\/title>\n<meta name=\"description\" content=\"Bu web sitesi, \u00e7al\u0131\u015fanlar\u0131n i\u015fyerinde carcinogen exposure&#039;a maruz kalmas\u0131n\u0131 \u00f6nlemeye y\u00f6nelik bir AB g\u00f6n\u00fcll\u00fc eylem plan\u0131d\u0131r.\" \/>\n<meta name=\"robots\" content=\"index, follow, max-snippet:-1, max-image-preview:large, max-video-preview:-1\" \/>\n<link rel=\"canonical\" href=\"https:\/\/stopcarcinogensatwork.eu\/tr\/genel\/kanserojenlere-iliskin-yol-haritasi-hakkinda\/\" \/>\n<meta property=\"og:locale\" content=\"tr_TR\" \/>\n<meta property=\"og:type\" content=\"article\" \/>\n<meta property=\"og:title\" content=\"Roadmap on Carcinogens Hakk\u0131nda\" \/>\n<meta property=\"og:description\" content=\"Bu web sitesi, \u00e7al\u0131\u015fanlar\u0131n i\u015fyerinde carcinogen exposure&#039;a maruz kalmas\u0131n\u0131 \u00f6nlemeye y\u00f6nelik bir AB g\u00f6n\u00fcll\u00fc eylem plan\u0131d\u0131r.\" \/>\n<meta property=\"og:url\" content=\"https:\/\/stopcarcinogensatwork.eu\/tr\/genel\/kanserojenlere-iliskin-yol-haritasi-hakkinda\/\" \/>\n<meta property=\"og:site_name\" content=\"STOP carcinogens at work\" \/>\n<meta property=\"article:modified_time\" content=\"2025-11-27T13:58:03+00:00\" \/>\n<meta property=\"og:image\" content=\"https:\/\/stopcarcinogensatwork.eu\/wp-content\/uploads\/2025\/11\/partners.jpg\" \/>\n\t<meta property=\"og:image:width\" content=\"2560\" \/>\n\t<meta property=\"og:image:height\" content=\"967\" \/>\n\t<meta property=\"og:image:type\" content=\"image\/jpeg\" \/>\n<meta name=\"twitter:card\" content=\"summary_large_image\" \/>\n<meta name=\"twitter:label1\" content=\"Tahmini okuma s\u00fcresi\" \/>\n\t<meta name=\"twitter:data1\" content=\"3 dakika\" \/>\n<script type=\"application\/ld+json\" class=\"yoast-schema-graph\">{\"@context\":\"https:\\\/\\\/schema.org\",\"@graph\":[{\"@type\":\"WebPage\",\"@id\":\"https:\\\/\\\/stopcarcinogensatwork.eu\\\/tr\\\/genel\\\/kanserojenlere-iliskin-yol-haritasi-hakkinda\\\/\",\"url\":\"https:\\\/\\\/stopcarcinogensatwork.eu\\\/tr\\\/genel\\\/kanserojenlere-iliskin-yol-haritasi-hakkinda\\\/\",\"name\":\"Roadmap on Carcinogens Hakk\u0131nda - STOP carcinogens at work\",\"isPartOf\":{\"@id\":\"https:\\\/\\\/stopcarcinogensatwork.eu\\\/tr\\\/#website\"},\"primaryImageOfPage\":{\"@id\":\"https:\\\/\\\/stopcarcinogensatwork.eu\\\/tr\\\/genel\\\/kanserojenlere-iliskin-yol-haritasi-hakkinda\\\/#primaryimage\"},\"image\":{\"@id\":\"https:\\\/\\\/stopcarcinogensatwork.eu\\\/tr\\\/genel\\\/kanserojenlere-iliskin-yol-haritasi-hakkinda\\\/#primaryimage\"},\"thumbnailUrl\":\"https:\\\/\\\/stopcarcinogensatwork.eu\\\/wp-content\\\/uploads\\\/2025\\\/11\\\/partners.jpg\",\"datePublished\":\"2024-02-05T13:42:42+00:00\",\"dateModified\":\"2025-11-27T13:58:03+00:00\",\"description\":\"Bu web sitesi, \u00e7al\u0131\u015fanlar\u0131n i\u015fyerinde carcinogen exposure'a maruz kalmas\u0131n\u0131 \u00f6nlemeye y\u00f6nelik bir AB g\u00f6n\u00fcll\u00fc eylem plan\u0131d\u0131r.\",\"breadcrumb\":{\"@id\":\"https:\\\/\\\/stopcarcinogensatwork.eu\\\/tr\\\/genel\\\/kanserojenlere-iliskin-yol-haritasi-hakkinda\\\/#breadcrumb\"},\"inLanguage\":\"tr\",\"potentialAction\":[{\"@type\":\"ReadAction\",\"target\":[\"https:\\\/\\\/stopcarcinogensatwork.eu\\\/tr\\\/genel\\\/kanserojenlere-iliskin-yol-haritasi-hakkinda\\\/\"]}]},{\"@type\":\"ImageObject\",\"inLanguage\":\"tr\",\"@id\":\"https:\\\/\\\/stopcarcinogensatwork.eu\\\/tr\\\/genel\\\/kanserojenlere-iliskin-yol-haritasi-hakkinda\\\/#primaryimage\",\"url\":\"https:\\\/\\\/stopcarcinogensatwork.eu\\\/wp-content\\\/uploads\\\/2025\\\/11\\\/partners.jpg\",\"contentUrl\":\"https:\\\/\\\/stopcarcinogensatwork.eu\\\/wp-content\\\/uploads\\\/2025\\\/11\\\/partners.jpg\"},{\"@type\":\"BreadcrumbList\",\"@id\":\"https:\\\/\\\/stopcarcinogensatwork.eu\\\/tr\\\/genel\\\/kanserojenlere-iliskin-yol-haritasi-hakkinda\\\/#breadcrumb\",\"itemListElement\":[{\"@type\":\"ListItem\",\"position\":1,\"name\":\"Home\",\"item\":\"https:\\\/\\\/stopcarcinogensatwork.eu\\\/tr\\\/isyerinde-kanserojenleri-durdurun\\\/\"},{\"@type\":\"ListItem\",\"position\":2,\"name\":\"Genel\",\"item\":\"https:\\\/\\\/stopcarcinogensatwork.eu\\\/tr\\\/genel\\\/\"},{\"@type\":\"ListItem\",\"position\":3,\"name\":\"Roadmap on Carcinogens Hakk\u0131nda\"}]},{\"@type\":\"WebSite\",\"@id\":\"https:\\\/\\\/stopcarcinogensatwork.eu\\\/tr\\\/#website\",\"url\":\"https:\\\/\\\/stopcarcinogensatwork.eu\\\/tr\\\/\",\"name\":\"STOP Carcinogens at work\",\"description\":\"Every year, about 100.000 people die from cancer that was caused by exposure to carcinogens at work in Europe.\",\"publisher\":{\"@id\":\"https:\\\/\\\/stopcarcinogensatwork.eu\\\/tr\\\/#organization\"},\"alternateName\":\"Roadmap on Carcinogens\",\"potentialAction\":[{\"@type\":\"SearchAction\",\"target\":{\"@type\":\"EntryPoint\",\"urlTemplate\":\"https:\\\/\\\/stopcarcinogensatwork.eu\\\/tr\\\/?s={search_term_string}\"},\"query-input\":{\"@type\":\"PropertyValueSpecification\",\"valueRequired\":true,\"valueName\":\"search_term_string\"}}],\"inLanguage\":\"tr\"},{\"@type\":\"Organization\",\"@id\":\"https:\\\/\\\/stopcarcinogensatwork.eu\\\/tr\\\/#organization\",\"name\":\"TNO\",\"alternateName\":\"This is a European wide voluntary action scheme\",\"url\":\"https:\\\/\\\/stopcarcinogensatwork.eu\\\/tr\\\/\",\"logo\":{\"@type\":\"ImageObject\",\"inLanguage\":\"tr\",\"@id\":\"https:\\\/\\\/stopcarcinogensatwork.eu\\\/tr\\\/#\\\/schema\\\/logo\\\/image\\\/\",\"url\":\"https:\\\/\\\/stopcarcinogensatwork.eu\\\/wp-content\\\/uploads\\\/2024\\\/08\\\/cropped-FavLarge-1.png\",\"contentUrl\":\"https:\\\/\\\/stopcarcinogensatwork.eu\\\/wp-content\\\/uploads\\\/2024\\\/08\\\/cropped-FavLarge-1.png\",\"width\":512,\"height\":512,\"caption\":\"TNO\"},\"image\":{\"@id\":\"https:\\\/\\\/stopcarcinogensatwork.eu\\\/tr\\\/#\\\/schema\\\/logo\\\/image\\\/\"},\"publishingPrinciples\":\"https:\\\/\\\/stopcarcinogensatwork.eu\\\/homepage\\\/legal\\\/\",\"ownershipFundingInfo\":\"https:\\\/\\\/stopcarcinogensatwork.eu\\\/general\\\/about-us\\\/\"}]}<\/script>\n<!-- \/ Yoast SEO Premium plugin. -->","yoast_head_json":{"title":"Roadmap on Carcinogens Hakk\u0131nda - STOP carcinogens at work","description":"Bu web sitesi, \u00e7al\u0131\u015fanlar\u0131n i\u015fyerinde carcinogen exposure'a maruz kalmas\u0131n\u0131 \u00f6nlemeye y\u00f6nelik bir AB g\u00f6n\u00fcll\u00fc eylem plan\u0131d\u0131r.","robots":{"index":"index","follow":"follow","max-snippet":"max-snippet:-1","max-image-preview":"max-image-preview:large","max-video-preview":"max-video-preview:-1"},"canonical":"https:\/\/stopcarcinogensatwork.eu\/tr\/genel\/kanserojenlere-iliskin-yol-haritasi-hakkinda\/","og_locale":"tr_TR","og_type":"article","og_title":"Roadmap on Carcinogens Hakk\u0131nda","og_description":"Bu web sitesi, \u00e7al\u0131\u015fanlar\u0131n i\u015fyerinde carcinogen exposure'a maruz kalmas\u0131n\u0131 \u00f6nlemeye y\u00f6nelik bir AB g\u00f6n\u00fcll\u00fc eylem plan\u0131d\u0131r.","og_url":"https:\/\/stopcarcinogensatwork.eu\/tr\/genel\/kanserojenlere-iliskin-yol-haritasi-hakkinda\/","og_site_name":"STOP carcinogens at work","article_modified_time":"2025-11-27T13:58:03+00:00","og_image":[{"width":2560,"height":967,"url":"https:\/\/stopcarcinogensatwork.eu\/wp-content\/uploads\/2025\/11\/partners.jpg","type":"image\/jpeg"}],"twitter_card":"summary_large_image","twitter_misc":{"Tahmini okuma s\u00fcresi":"3 dakika"},"schema":{"@context":"https:\/\/schema.org","@graph":[{"@type":"WebPage","@id":"https:\/\/stopcarcinogensatwork.eu\/tr\/genel\/kanserojenlere-iliskin-yol-haritasi-hakkinda\/","url":"https:\/\/stopcarcinogensatwork.eu\/tr\/genel\/kanserojenlere-iliskin-yol-haritasi-hakkinda\/","name":"Roadmap on Carcinogens Hakk\u0131nda - STOP carcinogens at work","isPartOf":{"@id":"https:\/\/stopcarcinogensatwork.eu\/tr\/#website"},"primaryImageOfPage":{"@id":"https:\/\/stopcarcinogensatwork.eu\/tr\/genel\/kanserojenlere-iliskin-yol-haritasi-hakkinda\/#primaryimage"},"image":{"@id":"https:\/\/stopcarcinogensatwork.eu\/tr\/genel\/kanserojenlere-iliskin-yol-haritasi-hakkinda\/#primaryimage"},"thumbnailUrl":"https:\/\/stopcarcinogensatwork.eu\/wp-content\/uploads\/2025\/11\/partners.jpg","datePublished":"2024-02-05T13:42:42+00:00","dateModified":"2025-11-27T13:58:03+00:00","description":"Bu web sitesi, \u00e7al\u0131\u015fanlar\u0131n i\u015fyerinde carcinogen exposure'a maruz kalmas\u0131n\u0131 \u00f6nlemeye y\u00f6nelik bir AB g\u00f6n\u00fcll\u00fc eylem plan\u0131d\u0131r.","breadcrumb":{"@id":"https:\/\/stopcarcinogensatwork.eu\/tr\/genel\/kanserojenlere-iliskin-yol-haritasi-hakkinda\/#breadcrumb"},"inLanguage":"tr","potentialAction":[{"@type":"ReadAction","target":["https:\/\/stopcarcinogensatwork.eu\/tr\/genel\/kanserojenlere-iliskin-yol-haritasi-hakkinda\/"]}]},{"@type":"ImageObject","inLanguage":"tr","@id":"https:\/\/stopcarcinogensatwork.eu\/tr\/genel\/kanserojenlere-iliskin-yol-haritasi-hakkinda\/#primaryimage","url":"https:\/\/stopcarcinogensatwork.eu\/wp-content\/uploads\/2025\/11\/partners.jpg","contentUrl":"https:\/\/stopcarcinogensatwork.eu\/wp-content\/uploads\/2025\/11\/partners.jpg"},{"@type":"BreadcrumbList","@id":"https:\/\/stopcarcinogensatwork.eu\/tr\/genel\/kanserojenlere-iliskin-yol-haritasi-hakkinda\/#breadcrumb","itemListElement":[{"@type":"ListItem","position":1,"name":"Home","item":"https:\/\/stopcarcinogensatwork.eu\/tr\/isyerinde-kanserojenleri-durdurun\/"},{"@type":"ListItem","position":2,"name":"Genel","item":"https:\/\/stopcarcinogensatwork.eu\/tr\/genel\/"},{"@type":"ListItem","position":3,"name":"Roadmap on Carcinogens Hakk\u0131nda"}]},{"@type":"WebSite","@id":"https:\/\/stopcarcinogensatwork.eu\/tr\/#website","url":"https:\/\/stopcarcinogensatwork.eu\/tr\/","name":"STOP Carcinogens at work","description":"Every year, about 100.000 people die from cancer that was caused by exposure to carcinogens at work in Europe.","publisher":{"@id":"https:\/\/stopcarcinogensatwork.eu\/tr\/#organization"},"alternateName":"Roadmap on Carcinogens","potentialAction":[{"@type":"SearchAction","target":{"@type":"EntryPoint","urlTemplate":"https:\/\/stopcarcinogensatwork.eu\/tr\/?s={search_term_string}"},"query-input":{"@type":"PropertyValueSpecification","valueRequired":true,"valueName":"search_term_string"}}],"inLanguage":"tr"},{"@type":"Organization","@id":"https:\/\/stopcarcinogensatwork.eu\/tr\/#organization","name":"TNO","alternateName":"This is a European wide voluntary action scheme","url":"https:\/\/stopcarcinogensatwork.eu\/tr\/","logo":{"@type":"ImageObject","inLanguage":"tr","@id":"https:\/\/stopcarcinogensatwork.eu\/tr\/#\/schema\/logo\/image\/","url":"https:\/\/stopcarcinogensatwork.eu\/wp-content\/uploads\/2024\/08\/cropped-FavLarge-1.png","contentUrl":"https:\/\/stopcarcinogensatwork.eu\/wp-content\/uploads\/2024\/08\/cropped-FavLarge-1.png","width":512,"height":512,"caption":"TNO"},"image":{"@id":"https:\/\/stopcarcinogensatwork.eu\/tr\/#\/schema\/logo\/image\/"},"publishingPrinciples":"https:\/\/stopcarcinogensatwork.eu\/homepage\/legal\/","ownershipFundingInfo":"https:\/\/stopcarcinogensatwork.eu\/general\/about-us\/"}]}},"_links":{"self":[{"href":"https:\/\/stopcarcinogensatwork.eu\/tr\/wp-json\/wp\/v2\/pages\/57395","targetHints":{"allow":["GET"]}}],"collection":[{"href":"https:\/\/stopcarcinogensatwork.eu\/tr\/wp-json\/wp\/v2\/pages"}],"about":[{"href":"https:\/\/stopcarcinogensatwork.eu\/tr\/wp-json\/wp\/v2\/types\/page"}],"author":[{"embeddable":true,"href":"https:\/\/stopcarcinogensatwork.eu\/tr\/wp-json\/wp\/v2\/users\/1"}],"replies":[{"embeddable":true,"href":"https:\/\/stopcarcinogensatwork.eu\/tr\/wp-json\/wp\/v2\/comments?post=57395"}],"version-history":[{"count":0,"href":"https:\/\/stopcarcinogensatwork.eu\/tr\/wp-json\/wp\/v2\/pages\/57395\/revisions"}],"up":[{"embeddable":true,"href":"https:\/\/stopcarcinogensatwork.eu\/tr\/wp-json\/wp\/v2\/pages\/57474"}],"wp:attachment":[{"href":"https:\/\/stopcarcinogensatwork.eu\/tr\/wp-json\/wp\/v2\/media?parent=57395"}],"curies":[{"name":"wp","href":"https:\/\/api.w.org\/{rel}","templated":true}]}}