{"id":57398,"date":"2024-01-31T15:46:56","date_gmt":"2024-01-31T15:46:56","guid":{"rendered":"https:\/\/stopcarcinogensatwork.eu\/temel-onleme-stratejileri-hakkinda-bilgi-edinin\/"},"modified":"2025-06-13T13:29:05","modified_gmt":"2025-06-13T13:29:05","slug":"temel-onleme-stratejileri-hakkinda-bilgi-edinin","status":"publish","type":"page","link":"https:\/\/stopcarcinogensatwork.eu\/tr\/temel-onleme-stratejileri-hakkinda-bilgi-edinin\/","title":{"rendered":"Temel \u00f6nleme stratejileri hakk\u0131nda bilgi edinin"},"content":{"rendered":"<blockquote><p>\u0130\u015fyerinde kanserojen maddeler bulundu\u011funda, i\u015fverenler \u00e7al\u0131\u015fanlar\u0131n bu maddelerle temas etmesini \u00f6nlemek i\u00e7in ellerinden gelen her \u015feyi yapmal\u0131d\u0131r. \u0130\u015fyerinizde sa\u011fl\u0131k ve g\u00fcvenlik k\u00fclt\u00fcr\u00fcn\u00fc te\u015fvik edin! <\/p><\/blockquote>\n<h1>Kanserojenlerin risk y\u00f6netimi i\u00e7in genel yakla\u015f\u0131m<\/h1>\n<p class=\"p2\"><i>CMR Direktifi Madde 2 a)&#8217;da yer alan &#8220;kanserojen&#8221; tan\u0131m\u0131na uygun olarak.  <\/i><\/p>\n<p>\u0130\u015fyerinde kanserojen maddelere maruziyetle m\u00fccadele ederken at\u0131lacak ilk ad\u0131mlar her zaman \u015funlar\u0131 i\u00e7ermelidir:<\/p>\n<ul>\n<li>\u0130\u015f organizasyonu ve g\u00fcvenlik gereklilikleri i\u00e7in asgari standartlar\u0131n her zaman y\u00fcr\u00fcrl\u00fckte olmas\u0131 gerekti\u011fini unutmay\u0131n. Ancak bunlar yeterli olmayabilir ve daha fazla \u00f6nlem al\u0131nmas\u0131 gerekebilir <\/li>\n<li>Kullan\u0131lan t\u00fcm kanserojen maddeleri ve miktarlar\u0131n\u0131 listeleyin<\/li>\n<li>G\u00fcvenlik bilgi formlar\u0131n\u0131 toplay\u0131n<\/li>\n<li>T\u00fcm potansiyel proses kaynakl\u0131 kanserojenleri dikkate ald\u0131\u011f\u0131n\u0131zdan emin olarak, bunlar\u0131n kullan\u0131ld\u0131\u011f\u0131 g\u00f6revleri tan\u0131mlay\u0131n<\/li>\n<li>Maruz kalma potansiyeli olan \u00e7al\u0131\u015fanlar\u0131 ve ne kadar s\u00fcreyle maruz kalacaklar\u0131n\u0131 belirleyin<\/li>\n<li>\u0130\u015fyeri risk de\u011ferlendirmenizi haz\u0131rlarken yukar\u0131dakilerin t\u00fcm\u00fcn\u00fc g\u00f6z \u00f6n\u00fcnde bulundurun<\/li>\n<\/ul>\n<p>\u00c7al\u0131\u015fanlar\u0131n\u0131za talimat verirken \u015funlar\u0131 unutmay\u0131n:<\/p>\n<ul>\n<li>Her zaman basit ve anla\u015f\u0131l\u0131r bir dil, k\u0131sa ve do\u011frudan konuya y\u00f6nelik c\u00fcmleler kullan\u0131n<\/li>\n<li>Yaz\u0131l\u0131 talimatlarda temiz bir tasar\u0131m hedefleyin<\/li>\n<li>M\u00fcmk\u00fcn oldu\u011funda resimlere\/\u015femalara yer verin<\/li>\n<\/ul>\n<h2><strong>S.T.O.P ilkesi: Dikkate alman\u0131z gerekenler<\/strong><\/h2>\n<p>STOP ilkesi koruyucu \u00f6nlemlerin \u00f6ncelik s\u0131ras\u0131n\u0131 tan\u0131mlar. \u0130\u015fveren, koruyucu \u00f6nlemleri belirlerken ve uygularken bu \u00f6ncelik s\u0131ras\u0131na uymal\u0131d\u0131r. S-T-O-P harfleri farkl\u0131 koruyucu \u00f6nlem t\u00fcrlerini temsil eder:  <\/p>\n<p><strong>S &#8230; \u0130kame -<\/strong> tehlikeli maddelerin daha az tehlikeli maddeler veya s\u00fcre\u00e7lerle <strong>de\u011fi\u015ftirilmesi<\/strong>. \u0130kame her zaman g\u00f6z \u00f6n\u00fcnde bulundurulmas\u0131 gereken ilk \u00f6nlemdir. <\/p>\n<p><a href=\"https:\/\/stopcarcinogensatwork.eu\/tr\/temel-onleme-stratejileri-hakkinda-bilgi-edinin\/s-ikame\/\"><strong>\u0130kame<\/strong> hakk\u0131nda daha fazla bilgi edinin<\/a><\/p>\n<p><strong>T &#8230; Teknik \u00f6nlemler -<\/strong> kapal\u0131 <strong>sistemlerden<\/strong> etkili hava emi\u015fine kadar bir\u00e7ok teknik, kanserojenlere maruz kalmay\u0131 \u00f6nemli \u00f6l\u00e7\u00fcde azaltmaya yard\u0131mc\u0131 olur.<\/p>\n<p><a href=\"https:\/\/stopcarcinogensatwork.eu\/tr\/temel-onleme-stratejileri-hakkinda-bilgi-edinin\/t-teknik-onlemler\/\"><strong>Teknik \u00f6nlemler<\/strong> hakk\u0131nda daha fazla bilgi edinin<\/a><\/p>\n<p><strong>O &#8230; Organizasyonel \u00f6nlemler -<\/strong> i\u00e7 politikalar ve\/veya organizasyonel y\u00f6ntemlerden <strong>olu\u015fabilir<\/strong>. Bu \u00f6nlemler sadece ek koruma sa\u011flamak i\u00e7in kullan\u0131lmal\u0131d\u0131r. Acil durumlar ve d\u00fczenli temizlik ve bak\u0131m i\u015fleri yapan \u00e7al\u0131\u015fanlar i\u00e7in de d\u00fc\u015f\u00fcn\u00fclmelidir.  <\/p>\n<p><a href=\"https:\/\/stopcarcinogensatwork.eu\/tr\/temel-onleme-stratejileri-hakkinda-bilgi-edinin\/o-organizasyonel-onlemler\/\"><strong>Organizasyonel \u00f6nlemler<\/strong> hakk\u0131nda daha fazla bilgi edinin<\/a><\/p>\n<p><strong>P &#8230; Ki\u015fisel koruyucu - bazen<\/strong> ikame m\u00fcmk\u00fcn de\u011fildir ve teknik ve organizasyonel \u00f6nlemler yeterli de\u011fildir. O zaman ki\u015fisel koruyucu kullanman\u0131z gerekir. <\/p>\n<p><a href=\"https:\/\/stopcarcinogensatwork.eu\/tr\/temel-onleme-stratejileri-hakkinda-bilgi-edinin\/p-personal-protection\/\"><strong>Ki\u015fisel koruyucu<\/strong> hakk\u0131nda daha fazla bilgi edinin<\/a><\/p>\n","protected":false},"excerpt":{"rendered":"<p>\u0130\u015fyerinde kanserojen maddeler bulundu\u011funda, i\u015fverenler \u00e7al\u0131\u015fanlar\u0131n bu maddelerle temas etmesini \u00f6nlemek i\u00e7in ellerinden gelen her \u015feyi yapmal\u0131d\u0131r. \u0130\u015fyerinizde sa\u011fl\u0131k ve g\u00fcvenlik k\u00fclt\u00fcr\u00fcn\u00fc te\u015fvik edin! Kanserojenlerin risk y\u00f6netimi i\u00e7in genel yakla\u015f\u0131m CMR Direktifi Madde 2 a)&#8217;da yer alan &#8220;kanserojen&#8221; tan\u0131m\u0131na uygun olarak. \u0130\u015fyerinde kanserojen maddelere maruziyetle m\u00fccadele ederken at\u0131lacak ilk ad\u0131mlar her zaman \u015funlar\u0131 i\u00e7ermelidir: \u0130\u015f [&hellip;]<\/p>\n","protected":false},"author":1,"featured_media":57403,"parent":0,"menu_order":0,"comment_status":"closed","ping_status":"closed","template":"","meta":{"inline_featured_image":false,"footnotes":""},"class_list":["post-57398","page","type-page","status-publish","hentry"],"yoast_head":"<!-- This site is optimized with the Yoast SEO Premium plugin v27.0 (Yoast SEO v27.3) - https:\/\/yoast.com\/product\/yoast-seo-premium-wordpress\/ -->\n<title>\u0130\u015fyerinde Kanserojen Maddeleri Durdurun: \u0130\u015fyeri G\u00fcvenli\u011fi i\u00e7in Temel Ad\u0131mlar - STOP carcinogens at work<\/title>\n<meta name=\"description\" content=\"STOP ilkesi, koruyucu tedbirler belirlenirken ve uygulan\u0131rken koruyucu tedbirlerin \u00f6ncelik s\u0131ras\u0131n\u0131 tan\u0131mlar.\" \/>\n<meta name=\"robots\" content=\"index, follow, max-snippet:-1, max-image-preview:large, max-video-preview:-1\" \/>\n<link rel=\"canonical\" href=\"https:\/\/stopcarcinogensatwork.eu\/tr\/temel-onleme-stratejileri-hakkinda-bilgi-edinin\/\" \/>\n<meta property=\"og:locale\" content=\"tr_TR\" \/>\n<meta property=\"og:type\" content=\"article\" \/>\n<meta property=\"og:title\" content=\"Temel \u00f6nleme stratejileri hakk\u0131nda bilgi edinin\" \/>\n<meta property=\"og:description\" content=\"STOP ilkesi, koruyucu tedbirler belirlenirken ve uygulan\u0131rken koruyucu tedbirlerin \u00f6ncelik s\u0131ras\u0131n\u0131 tan\u0131mlar.\" \/>\n<meta property=\"og:url\" content=\"https:\/\/stopcarcinogensatwork.eu\/tr\/temel-onleme-stratejileri-hakkinda-bilgi-edinin\/\" \/>\n<meta property=\"og:site_name\" content=\"STOP carcinogens at work\" \/>\n<meta property=\"article:modified_time\" content=\"2025-06-13T13:29:05+00:00\" \/>\n<meta property=\"og:image\" content=\"https:\/\/stopcarcinogensatwork.eu\/wp-content\/uploads\/2024\/08\/Stop-Carcinogens-at-Work-icon-1-scaled.png\" \/>\n\t<meta property=\"og:image:width\" content=\"2560\" \/>\n\t<meta property=\"og:image:height\" content=\"2141\" \/>\n\t<meta property=\"og:image:type\" content=\"image\/png\" \/>\n<meta name=\"twitter:card\" content=\"summary_large_image\" \/>\n<meta name=\"twitter:label1\" content=\"Tahmini okuma s\u00fcresi\" \/>\n\t<meta name=\"twitter:data1\" content=\"2 dakika\" \/>\n<script type=\"application\/ld+json\" class=\"yoast-schema-graph\">{\"@context\":\"https:\\\/\\\/schema.org\",\"@graph\":[{\"@type\":\"WebPage\",\"@id\":\"https:\\\/\\\/stopcarcinogensatwork.eu\\\/tr\\\/temel-onleme-stratejileri-hakkinda-bilgi-edinin\\\/\",\"url\":\"https:\\\/\\\/stopcarcinogensatwork.eu\\\/tr\\\/temel-onleme-stratejileri-hakkinda-bilgi-edinin\\\/\",\"name\":\"\u0130\u015fyerinde Kanserojen Maddeleri Durdurun: \u0130\u015fyeri G\u00fcvenli\u011fi i\u00e7in Temel Ad\u0131mlar - STOP carcinogens at work\",\"isPartOf\":{\"@id\":\"https:\\\/\\\/stopcarcinogensatwork.eu\\\/tr\\\/#website\"},\"primaryImageOfPage\":{\"@id\":\"https:\\\/\\\/stopcarcinogensatwork.eu\\\/tr\\\/temel-onleme-stratejileri-hakkinda-bilgi-edinin\\\/#primaryimage\"},\"image\":{\"@id\":\"https:\\\/\\\/stopcarcinogensatwork.eu\\\/tr\\\/temel-onleme-stratejileri-hakkinda-bilgi-edinin\\\/#primaryimage\"},\"thumbnailUrl\":\"https:\\\/\\\/stopcarcinogensatwork.eu\\\/wp-content\\\/uploads\\\/2024\\\/08\\\/Stop-Carcinogens-at-Work-icon-1-scaled.png\",\"datePublished\":\"2024-01-31T15:46:56+00:00\",\"dateModified\":\"2025-06-13T13:29:05+00:00\",\"description\":\"STOP ilkesi, koruyucu tedbirler belirlenirken ve uygulan\u0131rken koruyucu tedbirlerin \u00f6ncelik s\u0131ras\u0131n\u0131 tan\u0131mlar.\",\"breadcrumb\":{\"@id\":\"https:\\\/\\\/stopcarcinogensatwork.eu\\\/tr\\\/temel-onleme-stratejileri-hakkinda-bilgi-edinin\\\/#breadcrumb\"},\"inLanguage\":\"tr\",\"potentialAction\":[{\"@type\":\"ReadAction\",\"target\":[\"https:\\\/\\\/stopcarcinogensatwork.eu\\\/tr\\\/temel-onleme-stratejileri-hakkinda-bilgi-edinin\\\/\"]}]},{\"@type\":\"ImageObject\",\"inLanguage\":\"tr\",\"@id\":\"https:\\\/\\\/stopcarcinogensatwork.eu\\\/tr\\\/temel-onleme-stratejileri-hakkinda-bilgi-edinin\\\/#primaryimage\",\"url\":\"https:\\\/\\\/stopcarcinogensatwork.eu\\\/wp-content\\\/uploads\\\/2024\\\/08\\\/Stop-Carcinogens-at-Work-icon-1-scaled.png\",\"contentUrl\":\"https:\\\/\\\/stopcarcinogensatwork.eu\\\/wp-content\\\/uploads\\\/2024\\\/08\\\/Stop-Carcinogens-at-Work-icon-1-scaled.png\",\"width\":2560,\"height\":2141},{\"@type\":\"BreadcrumbList\",\"@id\":\"https:\\\/\\\/stopcarcinogensatwork.eu\\\/tr\\\/temel-onleme-stratejileri-hakkinda-bilgi-edinin\\\/#breadcrumb\",\"itemListElement\":[{\"@type\":\"ListItem\",\"position\":1,\"name\":\"Home\",\"item\":\"https:\\\/\\\/stopcarcinogensatwork.eu\\\/tr\\\/isyerinde-kanserojenleri-durdurun\\\/\"},{\"@type\":\"ListItem\",\"position\":2,\"name\":\"Temel \u00f6nleme stratejileri hakk\u0131nda bilgi edinin\"}]},{\"@type\":\"WebSite\",\"@id\":\"https:\\\/\\\/stopcarcinogensatwork.eu\\\/tr\\\/#website\",\"url\":\"https:\\\/\\\/stopcarcinogensatwork.eu\\\/tr\\\/\",\"name\":\"STOP Carcinogens at work\",\"description\":\"Every year, about 100.000 people die from cancer that was caused by exposure to carcinogens at work in Europe.\",\"publisher\":{\"@id\":\"https:\\\/\\\/stopcarcinogensatwork.eu\\\/tr\\\/#organization\"},\"alternateName\":\"Roadmap on Carcinogens\",\"potentialAction\":[{\"@type\":\"SearchAction\",\"target\":{\"@type\":\"EntryPoint\",\"urlTemplate\":\"https:\\\/\\\/stopcarcinogensatwork.eu\\\/tr\\\/?s={search_term_string}\"},\"query-input\":{\"@type\":\"PropertyValueSpecification\",\"valueRequired\":true,\"valueName\":\"search_term_string\"}}],\"inLanguage\":\"tr\"},{\"@type\":\"Organization\",\"@id\":\"https:\\\/\\\/stopcarcinogensatwork.eu\\\/tr\\\/#organization\",\"name\":\"TNO\",\"alternateName\":\"This is a European wide voluntary action scheme\",\"url\":\"https:\\\/\\\/stopcarcinogensatwork.eu\\\/tr\\\/\",\"logo\":{\"@type\":\"ImageObject\",\"inLanguage\":\"tr\",\"@id\":\"https:\\\/\\\/stopcarcinogensatwork.eu\\\/tr\\\/#\\\/schema\\\/logo\\\/image\\\/\",\"url\":\"https:\\\/\\\/stopcarcinogensatwork.eu\\\/wp-content\\\/uploads\\\/2024\\\/08\\\/cropped-FavLarge-1.png\",\"contentUrl\":\"https:\\\/\\\/stopcarcinogensatwork.eu\\\/wp-content\\\/uploads\\\/2024\\\/08\\\/cropped-FavLarge-1.png\",\"width\":512,\"height\":512,\"caption\":\"TNO\"},\"image\":{\"@id\":\"https:\\\/\\\/stopcarcinogensatwork.eu\\\/tr\\\/#\\\/schema\\\/logo\\\/image\\\/\"},\"publishingPrinciples\":\"https:\\\/\\\/stopcarcinogensatwork.eu\\\/homepage\\\/legal\\\/\",\"ownershipFundingInfo\":\"https:\\\/\\\/stopcarcinogensatwork.eu\\\/general\\\/about-us\\\/\"}]}<\/script>\n<!-- \/ Yoast SEO Premium plugin. -->","yoast_head_json":{"title":"\u0130\u015fyerinde Kanserojen Maddeleri Durdurun: \u0130\u015fyeri G\u00fcvenli\u011fi i\u00e7in Temel Ad\u0131mlar - STOP carcinogens at work","description":"STOP ilkesi, koruyucu tedbirler belirlenirken ve uygulan\u0131rken koruyucu tedbirlerin \u00f6ncelik s\u0131ras\u0131n\u0131 tan\u0131mlar.","robots":{"index":"index","follow":"follow","max-snippet":"max-snippet:-1","max-image-preview":"max-image-preview:large","max-video-preview":"max-video-preview:-1"},"canonical":"https:\/\/stopcarcinogensatwork.eu\/tr\/temel-onleme-stratejileri-hakkinda-bilgi-edinin\/","og_locale":"tr_TR","og_type":"article","og_title":"Temel \u00f6nleme stratejileri hakk\u0131nda bilgi edinin","og_description":"STOP ilkesi, koruyucu tedbirler belirlenirken ve uygulan\u0131rken koruyucu tedbirlerin \u00f6ncelik s\u0131ras\u0131n\u0131 tan\u0131mlar.","og_url":"https:\/\/stopcarcinogensatwork.eu\/tr\/temel-onleme-stratejileri-hakkinda-bilgi-edinin\/","og_site_name":"STOP carcinogens at work","article_modified_time":"2025-06-13T13:29:05+00:00","og_image":[{"width":2560,"height":2141,"url":"https:\/\/stopcarcinogensatwork.eu\/wp-content\/uploads\/2024\/08\/Stop-Carcinogens-at-Work-icon-1-scaled.png","type":"image\/png"}],"twitter_card":"summary_large_image","twitter_misc":{"Tahmini okuma s\u00fcresi":"2 dakika"},"schema":{"@context":"https:\/\/schema.org","@graph":[{"@type":"WebPage","@id":"https:\/\/stopcarcinogensatwork.eu\/tr\/temel-onleme-stratejileri-hakkinda-bilgi-edinin\/","url":"https:\/\/stopcarcinogensatwork.eu\/tr\/temel-onleme-stratejileri-hakkinda-bilgi-edinin\/","name":"\u0130\u015fyerinde Kanserojen Maddeleri Durdurun: \u0130\u015fyeri G\u00fcvenli\u011fi i\u00e7in Temel Ad\u0131mlar - STOP carcinogens at work","isPartOf":{"@id":"https:\/\/stopcarcinogensatwork.eu\/tr\/#website"},"primaryImageOfPage":{"@id":"https:\/\/stopcarcinogensatwork.eu\/tr\/temel-onleme-stratejileri-hakkinda-bilgi-edinin\/#primaryimage"},"image":{"@id":"https:\/\/stopcarcinogensatwork.eu\/tr\/temel-onleme-stratejileri-hakkinda-bilgi-edinin\/#primaryimage"},"thumbnailUrl":"https:\/\/stopcarcinogensatwork.eu\/wp-content\/uploads\/2024\/08\/Stop-Carcinogens-at-Work-icon-1-scaled.png","datePublished":"2024-01-31T15:46:56+00:00","dateModified":"2025-06-13T13:29:05+00:00","description":"STOP ilkesi, koruyucu tedbirler belirlenirken ve uygulan\u0131rken koruyucu tedbirlerin \u00f6ncelik s\u0131ras\u0131n\u0131 tan\u0131mlar.","breadcrumb":{"@id":"https:\/\/stopcarcinogensatwork.eu\/tr\/temel-onleme-stratejileri-hakkinda-bilgi-edinin\/#breadcrumb"},"inLanguage":"tr","potentialAction":[{"@type":"ReadAction","target":["https:\/\/stopcarcinogensatwork.eu\/tr\/temel-onleme-stratejileri-hakkinda-bilgi-edinin\/"]}]},{"@type":"ImageObject","inLanguage":"tr","@id":"https:\/\/stopcarcinogensatwork.eu\/tr\/temel-onleme-stratejileri-hakkinda-bilgi-edinin\/#primaryimage","url":"https:\/\/stopcarcinogensatwork.eu\/wp-content\/uploads\/2024\/08\/Stop-Carcinogens-at-Work-icon-1-scaled.png","contentUrl":"https:\/\/stopcarcinogensatwork.eu\/wp-content\/uploads\/2024\/08\/Stop-Carcinogens-at-Work-icon-1-scaled.png","width":2560,"height":2141},{"@type":"BreadcrumbList","@id":"https:\/\/stopcarcinogensatwork.eu\/tr\/temel-onleme-stratejileri-hakkinda-bilgi-edinin\/#breadcrumb","itemListElement":[{"@type":"ListItem","position":1,"name":"Home","item":"https:\/\/stopcarcinogensatwork.eu\/tr\/isyerinde-kanserojenleri-durdurun\/"},{"@type":"ListItem","position":2,"name":"Temel \u00f6nleme stratejileri hakk\u0131nda bilgi edinin"}]},{"@type":"WebSite","@id":"https:\/\/stopcarcinogensatwork.eu\/tr\/#website","url":"https:\/\/stopcarcinogensatwork.eu\/tr\/","name":"STOP Carcinogens at work","description":"Every year, about 100.000 people die from cancer that was caused by exposure to carcinogens at work in Europe.","publisher":{"@id":"https:\/\/stopcarcinogensatwork.eu\/tr\/#organization"},"alternateName":"Roadmap on Carcinogens","potentialAction":[{"@type":"SearchAction","target":{"@type":"EntryPoint","urlTemplate":"https:\/\/stopcarcinogensatwork.eu\/tr\/?s={search_term_string}"},"query-input":{"@type":"PropertyValueSpecification","valueRequired":true,"valueName":"search_term_string"}}],"inLanguage":"tr"},{"@type":"Organization","@id":"https:\/\/stopcarcinogensatwork.eu\/tr\/#organization","name":"TNO","alternateName":"This is a European wide voluntary action scheme","url":"https:\/\/stopcarcinogensatwork.eu\/tr\/","logo":{"@type":"ImageObject","inLanguage":"tr","@id":"https:\/\/stopcarcinogensatwork.eu\/tr\/#\/schema\/logo\/image\/","url":"https:\/\/stopcarcinogensatwork.eu\/wp-content\/uploads\/2024\/08\/cropped-FavLarge-1.png","contentUrl":"https:\/\/stopcarcinogensatwork.eu\/wp-content\/uploads\/2024\/08\/cropped-FavLarge-1.png","width":512,"height":512,"caption":"TNO"},"image":{"@id":"https:\/\/stopcarcinogensatwork.eu\/tr\/#\/schema\/logo\/image\/"},"publishingPrinciples":"https:\/\/stopcarcinogensatwork.eu\/homepage\/legal\/","ownershipFundingInfo":"https:\/\/stopcarcinogensatwork.eu\/general\/about-us\/"}]}},"_links":{"self":[{"href":"https:\/\/stopcarcinogensatwork.eu\/tr\/wp-json\/wp\/v2\/pages\/57398","targetHints":{"allow":["GET"]}}],"collection":[{"href":"https:\/\/stopcarcinogensatwork.eu\/tr\/wp-json\/wp\/v2\/pages"}],"about":[{"href":"https:\/\/stopcarcinogensatwork.eu\/tr\/wp-json\/wp\/v2\/types\/page"}],"author":[{"embeddable":true,"href":"https:\/\/stopcarcinogensatwork.eu\/tr\/wp-json\/wp\/v2\/users\/1"}],"replies":[{"embeddable":true,"href":"https:\/\/stopcarcinogensatwork.eu\/tr\/wp-json\/wp\/v2\/comments?post=57398"}],"version-history":[{"count":0,"href":"https:\/\/stopcarcinogensatwork.eu\/tr\/wp-json\/wp\/v2\/pages\/57398\/revisions"}],"wp:featuredmedia":[{"embeddable":true,"href":"https:\/\/stopcarcinogensatwork.eu\/tr\/wp-json\/wp\/v2\/media\/57403"}],"wp:attachment":[{"href":"https:\/\/stopcarcinogensatwork.eu\/tr\/wp-json\/wp\/v2\/media?parent=57398"}],"curies":[{"name":"wp","href":"https:\/\/api.w.org\/{rel}","templated":true}]}}