{"id":57409,"date":"2023-08-15T07:25:38","date_gmt":"2023-08-15T07:25:38","guid":{"rendered":"https:\/\/stopcarcinogensatwork.eu\/kanserojen-maddelere-giris\/"},"modified":"2025-05-19T10:54:31","modified_gmt":"2025-05-19T10:54:31","slug":"kanserojen-maddelere-giris","status":"publish","type":"page","link":"https:\/\/stopcarcinogensatwork.eu\/tr\/genel\/kanserojen-maddelere-giris\/","title":{"rendered":"Kanserojen maddelere giri\u015f"},"content":{"rendered":"<blockquote><p>Kanserojen maddeler veya kanserojenler, kansere neden olan ajanlard\u0131r. \u0130yi bilinen bir \u00f6rnek olan asbest, asbest par\u00e7ac\u0131klar\u0131na maruz kald\u0131\u011f\u0131 i\u00e7in ac\u0131 \u00e7eken ve \u00f6len binlerce kurbandan sorumlu bir maddedir. Di\u011fer bir\u00e7ok kanserojen madde daha az bilinmektedir, ancak l\u00fctfen unutmay\u0131n: parke tozu gibi do\u011fal \u00fcr\u00fcnler bile kansere neden olabilir. Ne ile \u00e7al\u0131\u015ft\u0131\u011f\u0131n\u0131z\u0131 bildi\u011finizden emin olun!   <\/p><\/blockquote>\n<h2>Kanserojen madde t\u00fcrleri<\/h2>\n<h3>Kansere neden olan ajanlar farkl\u0131 \u015fekillerde ortaya \u00e7\u0131kar:<\/h3>\n<ul>\n<li>G\u00f6r\u00fcn\u00fc\u015f: Kanserojen maddeler, baz\u0131 pestisitler ve end\u00fcstriyel boyalar gibi kimyasal \u00e7e\u015fitler de dahil olmak \u00fczere \u015firketlerde kullan\u0131lan \u00fcr\u00fcnlerde ortaya \u00e7\u0131kabilir. Ancak dizel emisyonlar\u0131 veya kaynak duman\u0131 gibi bir s\u00fcrecin (s\u00fcre\u00e7 kaynakl\u0131 kanserojenler) sonucu da olabilirler. <\/li>\n<li>Baz\u0131 kanserojenler solunabilir ve \u00f6rne\u011fin kan dola\u015f\u0131m\u0131na ve beyin de dahil olmak \u00fczere organlara girebilir. Di\u011ferleri deri yoluyla girebilir. Kanserojenler v\u00fccuda girdikten sonra, \u00e7al\u0131\u015fanlar\u0131n DNA&#8217;s\u0131na zarar verebilir veya v\u00fccut h\u00fccrelerinin \u00e7al\u0131\u015fma ve \u00e7o\u011falma \u015fekillerini de\u011fi\u015ftirebilir. Bu da kanser ve di\u011fer sa\u011fl\u0131k sorunlar\u0131na yol a\u00e7abilir.   <\/li>\n<li>Do\u011fal \u00fcr\u00fcnler: Sert a\u011fa\u00e7 tozu ve belirli ta\u015f t\u00fcrlerindeki silika ve kuvars gibi do\u011fal \u00fcr\u00fcnler bile y\u00fcksek ve uzun s\u00fcreli maruziyet durumunda kansere neden olabilir.<\/li>\n<\/ul>\n<p>Farkl\u0131 kanserojen maddeler hakk\u0131nda ayr\u0131nt\u0131l\u0131 <a href=\"https:\/\/stopcarcinogensatwork.eu\/search\/\">bilgi i\u00e7in bilgi formlar\u0131n\u0131<\/a> kontrol edin.<\/p>\n<h2>Kanserojen maddelere ili\u015fkin mevzuat<\/h2>\n<p>\u00c7al\u0131\u015fanlar\u0131 kansere neden olan <a href=\"https:\/\/osha.europa.eu\/nl\/legislation\/directive\/directive-200437ec-carcinogens-or-mutagens-work\">maddelere maruz kalmaktan korumak i\u00e7in AB , kanserojen, mutajen veya \u00fcreme i\u00e7in toksik maddelere<\/a> ili\u015fkin Direktifi haz\u0131rlam\u0131\u015ft\u0131r. Bu direktifte a\u015fa\u011f\u0131daki prosed\u00fcrler \u00f6ng\u00f6r\u00fclm\u00fc\u015ft\u00fcr: <\/p>\n<ul>\n<li><strong>Risk de\u011ferlendirmesi:<\/strong> \u0130\u015fveren, kansere neden olan, mutajen (gen de\u011fi\u015ftiren) veya reprotoksik (\u00fcremeye zarar veren) maddelere (CMR) maruz kalma riskini kontrol etmeli ve y\u00f6netmelidir. Bu kontrol d\u00fczenli olarak yap\u0131lmal\u0131d\u0131r. <\/li>\n<li><strong>\u00d6nleme tedbirleri:<\/strong> \u00c7al\u0131\u015fanlar CMR&#8217;ye maruz b\u0131rak\u0131lmamal\u0131d\u0131r. \u0130\u015fveren m\u00fcmk\u00fcnse daha g\u00fcvenli maddeler kullanmal\u0131d\u0131r. Kapal\u0131 bir sistem kullanmak m\u00fcmk\u00fcn de\u011filse, maruziyet en aza indirilmelidir. Maruziyet, kansere neden olan bir maddenin izin verilen s\u0131n\u0131r\u0131n\u0131 a\u015fmamal\u0131d\u0131r (daha fazlas\u0131n\u0131 okuyun: STOP ilkesi).   <\/li>\n<li><strong>Bilgi ve e\u011fitim:<\/strong> \u0130\u015fveren, sa\u011fl\u0131k riskleri, maruziyetten nas\u0131l ka\u00e7\u0131n\u0131laca\u011f\u0131, hijyen kurallar\u0131, koruyucu donan\u0131m ve kaza durumunda ne yap\u0131lmas\u0131 gerekti\u011fi hakk\u0131nda uygun e\u011fitim vermelidir.<\/li>\n<li><strong>Sa\u011fl\u0131k g\u00f6zetimi:<\/strong> Biyolojik bir s\u0131n\u0131r de\u011fer (a\u015fa\u011f\u0131ya bak\u0131n\u0131z) belirlenmi\u015fse, sa\u011fl\u0131k kontrolleri gereklidir. \u00c7al\u0131\u015fanlar riskli g\u00f6reve ba\u015flamadan \u00f6nce bu konuda bilgilendirilmelidir. <\/li>\n<\/ul>\n<h2>Mesleki maruziyet s\u0131n\u0131rlar\u0131<\/h2>\n<p>AB ve ulusal d\u00fczeydeki d\u00fczenleyici makamlar, kanserojenler gibi tehlikeli maddelere maruz kalma s\u0131n\u0131rlar\u0131n\u0131 belirler. Bu mesleki maruziyet s\u0131n\u0131rlar\u0131 (OEL&#8217;ler), bir i\u015fyerinin havas\u0131ndaki kimyasal bir madde i\u00e7in g\u00fcvenli (sa\u011fl\u0131k temelli) oldu\u011fu d\u00fc\u015f\u00fcn\u00fclen maruziyet seviyelerini g\u00f6steren d\u00fczenleyici de\u011ferlerdir. Esasen, \u00e7al\u0131\u015fanlar\u0131n sa\u011fl\u0131\u011f\u0131n\u0131 korumak i\u00e7in g\u00fcvenlik standartlar\u0131 olarak hizmet ederler. L\u00fctfen mesleki maruziyet i\u00e7in <a href=\"https:\/\/stopcarcinogensatwork.eu\/search\/\">bilgi<\/a> formlar\u0131n\u0131 kontrol edin.   <\/p>\n<p>Bu sayfadaki bilgiler a\u015fa\u011f\u0131daki web sitelerinden elde edilmi\u015ftir:<\/p>\n<ul>\n<li><a href=\"https:\/\/osha.europa.eu\/nl\/legislation\/directive\/directive-200437ec-carcinogens-or-mutagens-work\" target=\"_blank\" rel=\"noopener\">OSHA<\/a><\/li>\n<li><a href=\"http:\/\/www.cancer.org\">www.cancer.org<\/a><\/li>\n<li><a href=\"http:\/\/www.rivm.nl\">www.rivm.nl<\/a><\/li>\n<li><a href=\"http:\/\/monographs.iarc.fr\/\">monographs.iarc.fr<\/a><\/li>\n<\/ul>\n","protected":false},"excerpt":{"rendered":"<p>Kanserojen maddeler veya kanserojenler, kansere neden olan ajanlard\u0131r. \u0130yi bilinen bir \u00f6rnek olan asbest, asbest par\u00e7ac\u0131klar\u0131na maruz kald\u0131\u011f\u0131 i\u00e7in ac\u0131 \u00e7eken ve \u00f6len binlerce kurbandan sorumlu bir maddedir. Di\u011fer bir\u00e7ok kanserojen madde daha az bilinmektedir, ancak l\u00fctfen unutmay\u0131n: parke tozu gibi do\u011fal \u00fcr\u00fcnler bile kansere neden olabilir. Ne ile \u00e7al\u0131\u015ft\u0131\u011f\u0131n\u0131z\u0131 bildi\u011finizden emin olun! Kanserojen madde [&hellip;]<\/p>\n","protected":false},"author":1,"featured_media":0,"parent":57474,"menu_order":0,"comment_status":"closed","ping_status":"closed","template":"","meta":{"inline_featured_image":false,"footnotes":""},"class_list":["post-57409","page","type-page","status-publish","hentry"],"yoast_head":"<!-- This site is optimized with the Yoast SEO Premium plugin v27.0 (Yoast SEO v27.3) - https:\/\/yoast.com\/product\/yoast-seo-premium-wordpress\/ -->\n<title>Kanserojen maddelere giri\u015f - STOP carcinogens at work<\/title>\n<meta name=\"description\" content=\"Avrupa&#039;da her y\u0131l yakla\u015f\u0131k 100.000 ki\u015fi i\u015f yerindeki kanserojen maddelerin neden oldu\u011fu kanserden \u00f6lmektedir. \u0130\u015fyerinde maruziyeti \u00f6nleyin.\" \/>\n<meta name=\"robots\" content=\"index, follow, max-snippet:-1, max-image-preview:large, max-video-preview:-1\" \/>\n<link rel=\"canonical\" href=\"https:\/\/stopcarcinogensatwork.eu\/tr\/genel\/kanserojen-maddelere-giris\/\" \/>\n<meta property=\"og:locale\" content=\"tr_TR\" \/>\n<meta property=\"og:type\" content=\"article\" \/>\n<meta property=\"og:title\" content=\"Kanserojen maddelere giri\u015f\" \/>\n<meta property=\"og:description\" content=\"Avrupa&#039;da her y\u0131l yakla\u015f\u0131k 100.000 ki\u015fi i\u015f yerindeki kanserojen maddelerin neden oldu\u011fu kanserden \u00f6lmektedir. \u0130\u015fyerinde maruziyeti \u00f6nleyin.\" \/>\n<meta property=\"og:url\" content=\"https:\/\/stopcarcinogensatwork.eu\/tr\/genel\/kanserojen-maddelere-giris\/\" \/>\n<meta property=\"og:site_name\" content=\"STOP carcinogens at work\" \/>\n<meta property=\"article:modified_time\" content=\"2025-05-19T10:54:31+00:00\" \/>\n<meta name=\"twitter:card\" content=\"summary_large_image\" \/>\n<meta name=\"twitter:label1\" content=\"Tahmini okuma s\u00fcresi\" \/>\n\t<meta name=\"twitter:data1\" content=\"3 dakika\" \/>\n<script type=\"application\/ld+json\" class=\"yoast-schema-graph\">{\"@context\":\"https:\\\/\\\/schema.org\",\"@graph\":[{\"@type\":\"WebPage\",\"@id\":\"https:\\\/\\\/stopcarcinogensatwork.eu\\\/tr\\\/genel\\\/kanserojen-maddelere-giris\\\/\",\"url\":\"https:\\\/\\\/stopcarcinogensatwork.eu\\\/tr\\\/genel\\\/kanserojen-maddelere-giris\\\/\",\"name\":\"Kanserojen maddelere giri\u015f - STOP carcinogens at work\",\"isPartOf\":{\"@id\":\"https:\\\/\\\/stopcarcinogensatwork.eu\\\/tr\\\/#website\"},\"datePublished\":\"2023-08-15T07:25:38+00:00\",\"dateModified\":\"2025-05-19T10:54:31+00:00\",\"description\":\"Avrupa'da her y\u0131l yakla\u015f\u0131k 100.000 ki\u015fi i\u015f yerindeki kanserojen maddelerin neden oldu\u011fu kanserden \u00f6lmektedir. \u0130\u015fyerinde maruziyeti \u00f6nleyin.\",\"breadcrumb\":{\"@id\":\"https:\\\/\\\/stopcarcinogensatwork.eu\\\/tr\\\/genel\\\/kanserojen-maddelere-giris\\\/#breadcrumb\"},\"inLanguage\":\"tr\",\"potentialAction\":[{\"@type\":\"ReadAction\",\"target\":[\"https:\\\/\\\/stopcarcinogensatwork.eu\\\/tr\\\/genel\\\/kanserojen-maddelere-giris\\\/\"]}]},{\"@type\":\"BreadcrumbList\",\"@id\":\"https:\\\/\\\/stopcarcinogensatwork.eu\\\/tr\\\/genel\\\/kanserojen-maddelere-giris\\\/#breadcrumb\",\"itemListElement\":[{\"@type\":\"ListItem\",\"position\":1,\"name\":\"Home\",\"item\":\"https:\\\/\\\/stopcarcinogensatwork.eu\\\/tr\\\/isyerinde-kanserojenleri-durdurun\\\/\"},{\"@type\":\"ListItem\",\"position\":2,\"name\":\"Genel\",\"item\":\"https:\\\/\\\/stopcarcinogensatwork.eu\\\/tr\\\/genel\\\/\"},{\"@type\":\"ListItem\",\"position\":3,\"name\":\"Kanserojen maddelere giri\u015f\"}]},{\"@type\":\"WebSite\",\"@id\":\"https:\\\/\\\/stopcarcinogensatwork.eu\\\/tr\\\/#website\",\"url\":\"https:\\\/\\\/stopcarcinogensatwork.eu\\\/tr\\\/\",\"name\":\"STOP Carcinogens at work\",\"description\":\"Every year, about 100.000 people die from cancer that was caused by exposure to carcinogens at work in Europe.\",\"publisher\":{\"@id\":\"https:\\\/\\\/stopcarcinogensatwork.eu\\\/tr\\\/#organization\"},\"alternateName\":\"Roadmap on Carcinogens\",\"potentialAction\":[{\"@type\":\"SearchAction\",\"target\":{\"@type\":\"EntryPoint\",\"urlTemplate\":\"https:\\\/\\\/stopcarcinogensatwork.eu\\\/tr\\\/?s={search_term_string}\"},\"query-input\":{\"@type\":\"PropertyValueSpecification\",\"valueRequired\":true,\"valueName\":\"search_term_string\"}}],\"inLanguage\":\"tr\"},{\"@type\":\"Organization\",\"@id\":\"https:\\\/\\\/stopcarcinogensatwork.eu\\\/tr\\\/#organization\",\"name\":\"TNO\",\"alternateName\":\"This is a European wide voluntary action scheme\",\"url\":\"https:\\\/\\\/stopcarcinogensatwork.eu\\\/tr\\\/\",\"logo\":{\"@type\":\"ImageObject\",\"inLanguage\":\"tr\",\"@id\":\"https:\\\/\\\/stopcarcinogensatwork.eu\\\/tr\\\/#\\\/schema\\\/logo\\\/image\\\/\",\"url\":\"https:\\\/\\\/stopcarcinogensatwork.eu\\\/wp-content\\\/uploads\\\/2024\\\/08\\\/cropped-FavLarge-1.png\",\"contentUrl\":\"https:\\\/\\\/stopcarcinogensatwork.eu\\\/wp-content\\\/uploads\\\/2024\\\/08\\\/cropped-FavLarge-1.png\",\"width\":512,\"height\":512,\"caption\":\"TNO\"},\"image\":{\"@id\":\"https:\\\/\\\/stopcarcinogensatwork.eu\\\/tr\\\/#\\\/schema\\\/logo\\\/image\\\/\"},\"publishingPrinciples\":\"https:\\\/\\\/stopcarcinogensatwork.eu\\\/homepage\\\/legal\\\/\",\"ownershipFundingInfo\":\"https:\\\/\\\/stopcarcinogensatwork.eu\\\/general\\\/about-us\\\/\"}]}<\/script>\n<!-- \/ Yoast SEO Premium plugin. -->","yoast_head_json":{"title":"Kanserojen maddelere giri\u015f - STOP carcinogens at work","description":"Avrupa'da her y\u0131l yakla\u015f\u0131k 100.000 ki\u015fi i\u015f yerindeki kanserojen maddelerin neden oldu\u011fu kanserden \u00f6lmektedir. \u0130\u015fyerinde maruziyeti \u00f6nleyin.","robots":{"index":"index","follow":"follow","max-snippet":"max-snippet:-1","max-image-preview":"max-image-preview:large","max-video-preview":"max-video-preview:-1"},"canonical":"https:\/\/stopcarcinogensatwork.eu\/tr\/genel\/kanserojen-maddelere-giris\/","og_locale":"tr_TR","og_type":"article","og_title":"Kanserojen maddelere giri\u015f","og_description":"Avrupa'da her y\u0131l yakla\u015f\u0131k 100.000 ki\u015fi i\u015f yerindeki kanserojen maddelerin neden oldu\u011fu kanserden \u00f6lmektedir. \u0130\u015fyerinde maruziyeti \u00f6nleyin.","og_url":"https:\/\/stopcarcinogensatwork.eu\/tr\/genel\/kanserojen-maddelere-giris\/","og_site_name":"STOP carcinogens at work","article_modified_time":"2025-05-19T10:54:31+00:00","twitter_card":"summary_large_image","twitter_misc":{"Tahmini okuma s\u00fcresi":"3 dakika"},"schema":{"@context":"https:\/\/schema.org","@graph":[{"@type":"WebPage","@id":"https:\/\/stopcarcinogensatwork.eu\/tr\/genel\/kanserojen-maddelere-giris\/","url":"https:\/\/stopcarcinogensatwork.eu\/tr\/genel\/kanserojen-maddelere-giris\/","name":"Kanserojen maddelere giri\u015f - STOP carcinogens at work","isPartOf":{"@id":"https:\/\/stopcarcinogensatwork.eu\/tr\/#website"},"datePublished":"2023-08-15T07:25:38+00:00","dateModified":"2025-05-19T10:54:31+00:00","description":"Avrupa'da her y\u0131l yakla\u015f\u0131k 100.000 ki\u015fi i\u015f yerindeki kanserojen maddelerin neden oldu\u011fu kanserden \u00f6lmektedir. \u0130\u015fyerinde maruziyeti \u00f6nleyin.","breadcrumb":{"@id":"https:\/\/stopcarcinogensatwork.eu\/tr\/genel\/kanserojen-maddelere-giris\/#breadcrumb"},"inLanguage":"tr","potentialAction":[{"@type":"ReadAction","target":["https:\/\/stopcarcinogensatwork.eu\/tr\/genel\/kanserojen-maddelere-giris\/"]}]},{"@type":"BreadcrumbList","@id":"https:\/\/stopcarcinogensatwork.eu\/tr\/genel\/kanserojen-maddelere-giris\/#breadcrumb","itemListElement":[{"@type":"ListItem","position":1,"name":"Home","item":"https:\/\/stopcarcinogensatwork.eu\/tr\/isyerinde-kanserojenleri-durdurun\/"},{"@type":"ListItem","position":2,"name":"Genel","item":"https:\/\/stopcarcinogensatwork.eu\/tr\/genel\/"},{"@type":"ListItem","position":3,"name":"Kanserojen maddelere giri\u015f"}]},{"@type":"WebSite","@id":"https:\/\/stopcarcinogensatwork.eu\/tr\/#website","url":"https:\/\/stopcarcinogensatwork.eu\/tr\/","name":"STOP Carcinogens at work","description":"Every year, about 100.000 people die from cancer that was caused by exposure to carcinogens at work in Europe.","publisher":{"@id":"https:\/\/stopcarcinogensatwork.eu\/tr\/#organization"},"alternateName":"Roadmap on Carcinogens","potentialAction":[{"@type":"SearchAction","target":{"@type":"EntryPoint","urlTemplate":"https:\/\/stopcarcinogensatwork.eu\/tr\/?s={search_term_string}"},"query-input":{"@type":"PropertyValueSpecification","valueRequired":true,"valueName":"search_term_string"}}],"inLanguage":"tr"},{"@type":"Organization","@id":"https:\/\/stopcarcinogensatwork.eu\/tr\/#organization","name":"TNO","alternateName":"This is a European wide voluntary action scheme","url":"https:\/\/stopcarcinogensatwork.eu\/tr\/","logo":{"@type":"ImageObject","inLanguage":"tr","@id":"https:\/\/stopcarcinogensatwork.eu\/tr\/#\/schema\/logo\/image\/","url":"https:\/\/stopcarcinogensatwork.eu\/wp-content\/uploads\/2024\/08\/cropped-FavLarge-1.png","contentUrl":"https:\/\/stopcarcinogensatwork.eu\/wp-content\/uploads\/2024\/08\/cropped-FavLarge-1.png","width":512,"height":512,"caption":"TNO"},"image":{"@id":"https:\/\/stopcarcinogensatwork.eu\/tr\/#\/schema\/logo\/image\/"},"publishingPrinciples":"https:\/\/stopcarcinogensatwork.eu\/homepage\/legal\/","ownershipFundingInfo":"https:\/\/stopcarcinogensatwork.eu\/general\/about-us\/"}]}},"_links":{"self":[{"href":"https:\/\/stopcarcinogensatwork.eu\/tr\/wp-json\/wp\/v2\/pages\/57409","targetHints":{"allow":["GET"]}}],"collection":[{"href":"https:\/\/stopcarcinogensatwork.eu\/tr\/wp-json\/wp\/v2\/pages"}],"about":[{"href":"https:\/\/stopcarcinogensatwork.eu\/tr\/wp-json\/wp\/v2\/types\/page"}],"author":[{"embeddable":true,"href":"https:\/\/stopcarcinogensatwork.eu\/tr\/wp-json\/wp\/v2\/users\/1"}],"replies":[{"embeddable":true,"href":"https:\/\/stopcarcinogensatwork.eu\/tr\/wp-json\/wp\/v2\/comments?post=57409"}],"version-history":[{"count":0,"href":"https:\/\/stopcarcinogensatwork.eu\/tr\/wp-json\/wp\/v2\/pages\/57409\/revisions"}],"up":[{"embeddable":true,"href":"https:\/\/stopcarcinogensatwork.eu\/tr\/wp-json\/wp\/v2\/pages\/57474"}],"wp:attachment":[{"href":"https:\/\/stopcarcinogensatwork.eu\/tr\/wp-json\/wp\/v2\/media?parent=57409"}],"curies":[{"name":"wp","href":"https:\/\/api.w.org\/{rel}","templated":true}]}}