{"id":57456,"date":"2024-08-31T07:07:44","date_gmt":"2024-08-31T07:07:44","guid":{"rendered":"https:\/\/stopcarcinogensatwork.eu\/kanserojenlere-iliskin-yol-haritasi-hakkinda\/zorluklar\/"},"modified":"2025-10-21T10:17:52","modified_gmt":"2025-10-21T10:17:52","slug":"zorluklar","status":"publish","type":"page","link":"https:\/\/stopcarcinogensatwork.eu\/tr\/genel\/kanserojenlere-iliskin-yol-haritasi-hakkinda\/zorluklar\/","title":{"rendered":"Zorluklar"},"content":{"rendered":"<p><img fetchpriority=\"high\" decoding=\"async\" class=\"alignnone wp-image-20623 size-full\" src=\"https:\/\/stopcarcinogensatwork.eu\/wp-content\/uploads\/2024\/08\/Pillars.png\" alt=\"\" width=\"1384\" height=\"736\" srcset=\"https:\/\/stopcarcinogensatwork.eu\/wp-content\/uploads\/2024\/08\/Pillars.png 1384w, https:\/\/stopcarcinogensatwork.eu\/wp-content\/uploads\/2024\/08\/Pillars-300x160.png 300w, https:\/\/stopcarcinogensatwork.eu\/wp-content\/uploads\/2024\/08\/Pillars-768x408.png 768w\" sizes=\"(max-width: 1384px) 100vw, 1384px\" \/><\/p>\n<blockquote><p>2021 y\u0131l\u0131ndan itibaren Roadmap on Carcinogens, \u00e7al\u0131\u015fanlar\u0131n carcinogenlere maruz kalmas\u0131n\u0131 \u00f6nlemeye yard\u0131mc\u0131 olmak amac\u0131yla daha fazla etki elde etmek i\u00e7in on iki zorluk y\u00fcr\u00fctmeye ba\u015flam\u0131\u015ft\u0131r (<a href=\"https:\/\/stopcarcinogensatwork.eu\/wp-content\/uploads\/2024\/09\/200903_RoC2.0_Strategy.pdf\" target=\"_blank\" rel=\"noopener\">stratejinin<\/a> tamam\u0131n\u0131buradan okuyabilirsiniz).<\/p><\/blockquote>\n<p>2020-2024 d\u00f6nemi i\u00e7in Roadmap on Carcinogens a\u015fa\u011f\u0131daki d\u00f6rt hedefi belirlemi\u015ftir:<\/p>\n<ul>\n<li><strong>1. S\u00fctun:<\/strong> \u0130\u015fletmeler ve \u00e7al\u0131\u015fanlar aras\u0131nda kanserojen maddelere maruz kalma riskleri ve \u00f6nleyici faaliyetlere duyulan ihtiya\u00e7 konusunda Avrupa arac\u0131l\u0131\u011f\u0131yla fark\u0131ndal\u0131k <strong>yarat\u0131lmas\u0131.<\/strong> <\/li>\n<li><strong>2. S\u00fctun:<\/strong> \u0130\u015fyerlerinde kanserojen maddelere maruz kalman\u0131n \u00f6nlenmesi ve i\u015fg\u00fcc\u00fc \u00fczerindeki etkisinin en aza indirilmesi i\u00e7in i\u015fletmelere ve \u00e7al\u0131\u015fanlara yard\u0131m <strong>sa\u011flanmas\u0131.<\/strong> <\/li>\n<li><strong>S\u00fctun 3:<\/strong> Avrupa \u00e7ap\u0131nda \u00e7abalar\u0131m\u0131z\u0131 \u00e7o\u011faltmak i\u00e7in end\u00fcstri ve sekt\u00f6rlerin <strong>kat\u0131l\u0131m\u0131n\u0131 sa\u011flamak<\/strong> ve ilgili taraflar\u0131n kat\u0131l\u0131m\u0131n\u0131 art\u0131rmak.<\/li>\n<li><strong>S\u00fctun 4:<\/strong> Ara\u015ft\u0131rma bulgular\u0131 ile i\u015fletmelerin ihtiya\u00e7lar\u0131 aras\u0131ndaki bo\u015flu\u011fu doldurmak i\u00e7in inovasyonu <strong>hedeflemek<\/strong>.<\/li>\n<\/ul>\n<p>Bu s\u00fctunlar 12 zorlu\u011fa b\u00f6l\u00fcnm\u00fc\u015ft\u00fcr. Bu g\u00f6revlerin yerine getirilmesi, bu hedeflere ula\u015f\u0131lmas\u0131na katk\u0131da bulunacakt\u0131r. Her g\u00f6rev, Yol Haritas\u0131 ortaklar\u0131ndan bir ekip taraf\u0131ndan y\u00fcr\u00fct\u00fclmektedir.  <\/p>\n<h3>Zorluk 1.1 - Daha iyi veri<\/h3>\n<p>Kanserojen maddelere maruz kalma konusunda daha iyi ve daha ayr\u0131nt\u0131l\u0131 veriler, harekete ge\u00e7me ihtiyac\u0131 konusunda fark\u0131ndal\u0131k yaratmak ve \u00f6zellikle uzun vadede, \u00fcretim alan\u0131nda kansere neden olan maddelerin kullan\u0131m\u0131nda bir azalma g\u00f6r\u00fcp g\u00f6remeyece\u011fimizi izlemek i\u00e7in gereklidir.<\/p>\n<p><strong>Sonu\u00e7lar:<\/strong><\/p>\n<ul>\n<li><a href=\"https:\/\/stopcarcinogensatwork.eu\/wp-content\/uploads\/2024\/08\/Ch1.1_Conclusion_Report_20230125.pdf\" target=\"_blank\" rel=\"noopener\">Ayr\u0131nt\u0131l\u0131 bir rapor mevcuttur (pdf).<\/a><\/li>\n<li><a href=\"https:\/\/stopcarcinogensatwork.eu\/tr\/mesleki-kanserojen-maruziyetine-iliskin-olcum-veritabanlari\/\" target=\"_blank\" rel=\"noopener\">Maruziyet \u00f6l\u00e7\u00fcm veritabanlar\u0131na genel bir bak\u0131\u015f <strong>bu web sitesinde mevcuttur<\/strong><\/a><\/li>\n<li><a href=\"https:\/\/stopcarcinogensatwork.eu\/tr\/kanserojen-maddelere-maruz-kalan-calisanlara-iliskin-kayitlar\/\" target=\"_blank\" rel=\"noopener\">Kanserojen maddelere maruz kalan \u00e7al\u0131\u015fanlarla ilgili kay\u0131tlara genel bir bak\u0131\u015f <strong>bu web sitesinde mevcuttur<\/strong><\/a><\/li>\n<li><a href=\"https:\/\/stopcarcinogensatwork.eu\/wp-content\/uploads\/2024\/08\/Ch1.1_joint_research_projects_v2.1.pdf\" target=\"_blank\" rel=\"noopener\">Mesleki carcinogen maruziyetine ili\u015fkin veri sa\u011flayan ortak ara\u015ft\u0131rma projeleri (pdf)<\/a><\/li>\n<\/ul>\n<h3>Zorluk 1.2 - E\u011fitim Anahtard\u0131r<\/h3>\n<p>&#8216;You can&#8217;t teach an old dog new tricks&#8217; slogan\u0131na sad\u0131k kalarak, ilkokullarda fark\u0131ndal\u0131k art\u0131rma faaliyetleriyle ba\u015flamak ve bunu mesleki e\u011fitimle daha iyi b\u00fct\u00fcnle\u015ftirmek gerekir.<\/p>\n<p><strong>Sonu\u00e7lar:<\/strong><\/p>\n<ul>\n<li>\u0130lkokul \u00f6\u011fretmenleri i\u00e7in bir dizi E\u011fitim sunumu yak\u0131nda haz\u0131r olacakt\u0131r.<\/li>\n<li>Bir oyunla\u015ft\u0131rma arac\u0131 geli\u015ftirilmi\u015ftir ve <a href=\"https:\/\/stopcarcinogensatwork.eu\/tr\/good-practice\/isyerindeki-kanserojen-risklerinin-egitsel-bir-oyunla-yonetilmesi\/\" target=\"_blank\" rel=\"noopener\"><strong>yap\u0131lm\u0131\u015f <\/strong><strong>bu web sitesi \u00fczerinden eri\u015filebilir.<\/strong><\/a><\/li>\n<\/ul>\n<h3>Zorluk 2.1 - Yerine koyma stratejileri<\/h3>\n<p>Daha g\u00fcvenli alternatiflerle ikame, i\u015fyerinde kansere neden olan maddelere maruz kalmay\u0131 \u00f6nlemeye y\u00f6nelik tedbirler hiyerar\u015fisinin en \u00fcst\u00fcnde yer almaktad\u0131r ve ikame ve inovasyon \u00f6rneklerinin toplanmas\u0131, ba\u015far\u0131l\u0131 ikame plan\u0131 aray\u0131\u015f\u0131nda olan \u015firketlere yard\u0131mc\u0131 olacakt\u0131r.<\/p>\n<ul>\n<li>REACH izin ba\u015fvurular\u0131ndan alternatifler i\u00e7in kapsaml\u0131 \u00f6zetler bu web sitesinde her bir olgu alt\u0131nda mevcuttur.<\/li>\n<li><a href=\"https:\/\/stopcarcinogensatwork.eu\/tr\/genel\/kanserojenlere-iliskin-yol-haritasi-hakkinda\/zorluklar\/krom-icin-olasi-alternatifler\/\" target=\"_blank\" rel=\"noopener\">Genel imalatta kullan\u0131lmak \u00fczere bir kaplama maddesi olarak krom trioksit i\u00e7in olas\u0131 alternatifler burada bulunabilir<\/a><\/li>\n<\/ul>\n<h3>Zorluk 2.2 - Risk Y\u00f6netimi i\u00e7in Rehberlik<\/h3>\n<p>Bu yar\u0131\u015fman\u0131n amac\u0131, risk y\u00f6netimine rehberlik etmek ve STOP ilkesine g\u00f6re risk azaltma stratejileri i\u00e7in fark\u0131ndal\u0131k yaratmakt\u0131. Bu konuda bro\u015f\u00fcrler olu\u015fturman\u0131n yan\u0131 s\u0131ra, meydan okuma ekibi bir \u015fablon i\u00e7in genel \u00f6zellikleri toplamak amac\u0131yla g\u00f6reve \u00f6zel bir\u00e7ok kontrol rehberli\u011fi sayfas\u0131n\u0131 taram\u0131\u015ft\u0131r. Bu, kontrol k\u0131lavuz sayfalar\u0131n\u0131n (CGS) olu\u015fturulmas\u0131n\u0131 desteklemekte ve kanserojenlerin risk y\u00f6netimi i\u00e7in en \u00f6nemli hususlar\u0131n iletilmesine yard\u0131mc\u0131 olmaktad\u0131r. <a href=\"https:\/\/stopcarcinogensatwork.eu\/tr\/temel-onleme-stratejileri-hakkinda-bilgi-edinin\/\" target=\"_blank\" rel=\"noopener\">S - T - O - P bro\u015f\u00fcrlerinin i\u00e7eri\u011fi web sitesinde yer almaktad\u0131r<\/a>.<br \/>\nM\u00fccadeleden daha fazla sonu\u00e7 yak\u0131nda sunulacakt\u0131r:  <\/p>\n<ul>\n<li><a href=\"https:\/\/stopcarcinogensatwork.eu\/tr\/temel-onleme-stratejileri-hakkinda-bilgi-edinin\/\" target=\"_blank\" rel=\"noopener\">\u0130ndirilebilir S - T - O - P bro\u015f\u00fcrleri<\/a>.<\/li>\n<li>Kurumlar\u0131n,<a href=\"https:\/\/stopcarcinogensatwork.eu\/tr\/genel\/bizimle-isbirligi-yapin\/\" target=\"_blank\" rel=\"noopener\"> meydan okuma ekibi taraf\u0131ndan geli\u015ftirilen \u015fablona dayal\u0131 olarak CGS olu\u015fturmak i\u00e7in kullanabilecekleri bir platform.<\/a> \u0130\u015fverenler i\u00e7in ortaya \u00e7\u0131kan CGS web sitesinde payla\u015f\u0131lacakt\u0131r. <\/li>\n<li><a href=\"https:\/\/stopcarcinogensatwork.eu\/wp-content\/uploads\/2025\/05\/Ch22_Conclusion_Report_20250521.pdf\" target=\"_blank\" rel=\"noopener\">Zorluklar 2.2 raporu<\/a><\/li>\n<\/ul>\n<h3>Zorluk 2.3 - \u0130\u015fletmeler i\u00e7in fonlar<\/h3>\n<p>\u00dcye Devletler, End\u00fcstriler veya Sekt\u00f6r kurulu\u015flar\u0131, ulusal Sosyal G\u00fcvenlik, Sigorta giri\u015fimleri ve di\u011ferleri gibi farkl\u0131 kurulu\u015flar\u0131n, i\u015fletmeleri i\u015f g\u00fcvenli\u011fi ve sa\u011fl\u0131\u011f\u0131na yat\u0131r\u0131m yapmaya te\u015fvik eden fonlara veya \u00f6zel mali \u00f6nlemlere sahip oldu\u011fu bilinmektedir.<\/p>\n<ul>\n<li><a href=\"https:\/\/stopcarcinogensatwork.eu\/wp-content\/uploads\/2025\/05\/Final-report-RoC-Ch2.3andCh3.1-BusinessEurope.pdf\">Zorluklar 2.3 ve 3.1 raporu<\/a><\/li>\n<\/ul>\n<h3>Zorluk 3.1 - End\u00fcstrilerin ve sekt\u00f6rlerin kat\u0131l\u0131m\u0131n\u0131 sa\u011flamak<\/h3>\n<p>Roadmap on Carcinogens&#8217;a kat\u0131lmak i\u00e7in ne kadar \u00e7ok sekt\u00f6rler aras\u0131 ve sekt\u00f6rel kurulu\u015f harekete ge\u00e7irilebilirse, haritalanan ve a\u00e7\u0131klanan \u00e7\u00f6z\u00fcmlerden o kadar \u00e7ok i\u015fletme faydalanacakt\u0131r.<\/p>\n<ul>\n<li><a href=\"https:\/\/stopcarcinogensatwork.eu\/wp-content\/uploads\/2025\/05\/Final-report-RoC-Ch2.3andCh3.1-BusinessEurope.pdf\">Zorluklar 2.3 ve 3.1 raporu<\/a><\/li>\n<\/ul>\n<h3>Zorluk 3.2 - Mesleki \u00f6nleme kurulu\u015flar\u0131n\u0131n dahil edilmesi<\/h3>\n<p>Mesleki \u00f6nleme kurulu\u015flar\u0131 gibi payda\u015flar\u0131n dahil edilmesi, yasal h\u00fck\u00fcmlere uygunluklar\u0131n\u0131 kendi kendilerine de\u011ferlendirmeleri ve yeterli risk y\u00f6netimi \u00f6nlemlerini almalar\u0131 i\u00e7in ara\u00e7lar sa\u011flayarak \u015firketleri desteklemeye katk\u0131da bulunan bir di\u011fer unsurdur.<\/p>\n<ul>\n<li><a href=\"https:\/\/stopcarcinogensatwork.eu\/wp-content\/uploads\/2025\/05\/PDF250528_Ch3.2_Conclusion_Report.pdf\" target=\"_blank\" rel=\"noopener\">Projeye ili\u015fkin \u00f6zet rapora buradan ula\u015fabilirsiniz<\/a><\/li>\n<li><a href=\"https:\/\/stopcarcinogensatwork.eu\/tr\/meslekleri-ara\/\" target=\"_blank\" rel=\"noopener\"><strong>Bu, web sitesindeki \u00f6nemli bir entegrasyondur.<\/strong>  Mesle\u011finizde carcinogen bulunup bulunmad\u0131\u011f\u0131n\u0131 buradan kontrol edin<\/a><\/li>\n<\/ul>\n<h3>Zorluk 3.3 - M\u00fcfetti\u015fliklerle i\u015fbirli\u011fi<\/h3>\n<p>Uygulama, uyumlulu\u011fun sa\u011flanmas\u0131 i\u00e7in \u00f6nemli bir ara\u00e7t\u0131r. \u0130cra organlar\u0131 ve Yol Haritas\u0131 birbirleriyle nas\u0131l etkile\u015fim kurabilir? <\/p>\n<ul>\n<li><a href=\"https:\/\/stopcarcinogensatwork.eu\/tr\/genel\/bizimle-isbirligi-yapin\/\" target=\"_blank\" rel=\"noopener\">Bu web sitesine entegre edilmi\u015ftir<\/a><\/li>\n<\/ul>\n<h3>Zorluk 3.4 - \u00c7al\u0131\u015fanlar\u0131n g\u00fc\u00e7lendirilmesi<\/h3>\n<p>\u00c7al\u0131\u015fanlar, i\u015fverenin risk de\u011ferlendirmesine katk\u0131da bulunmak ve carcinogen maddelere maruziyeti ortadan kald\u0131rmak veya azaltmak i\u00e7in yeterli \u00f6nleme tedbirlerini uygulamaya koymak i\u00e7in hak ve y\u00fck\u00fcml\u00fcl\u00fcklerinin fark\u0131nda olmal\u0131d\u0131r.<\/p>\n<ul>\n<li>Duyurulacak<\/li>\n<\/ul>\n<h3>Zorluk 4.1 - U\u00e7urumun kapat\u0131lmas\u0131<\/h3>\n<p>Ger\u00e7ek i\u015fyeri ihtiya\u00e7lar\u0131n\u0131 kar\u015f\u0131lamay\u0131 hedefleyen inovasyon, maddelerin veya materyallerin t\u00fcm ya\u015fam d\u00f6ng\u00fcs\u00fc boyunca kanserojenlere maruz kalmas\u0131n\u0131 \u00f6nlemek i\u00e7in gereklidir - bu bilginin ortak bir anlay\u0131\u015f olmas\u0131 gerekir.<\/p>\n<p><a href=\"https:\/\/stopcarcinogensatwork.eu\/wp-content\/uploads\/2024\/08\/Ch4.1_Preparatory_Report_211216-NEW.pdf\" target=\"_blank\" rel=\"noopener\">- Ara\u015ft\u0131rma toplulu\u011fu ile potansiyel ba\u011flant\u0131lar\u0131 \u00f6zetleyen bir dizi OnePagers da dahil olmak \u00fczere ayr\u0131nt\u0131l\u0131 bir rapor mevcuttur<\/a><\/p>\n<h3>Zorluk 4.2 - Proses kaynakl\u0131 kanserojenler<\/h3>\n<p>Proses kaynakl\u0131 kanserojenler bir i\u015f prosesinin yan \u00fcr\u00fcn\u00fc olarak ortaya \u00e7\u0131kar. Bunlar ekstra dikkat gerektirir \u00e7\u00fcnk\u00fc etiketleri yoktur ve G\u00fcvenlik Bilgi Formlar\u0131nda bunlara herhangi bir at\u0131fta bulunulmayabilir. <\/p>\n<ul>\n<li><a href=\"https:\/\/stopcarcinogensatwork.eu\/wp-content\/uploads\/2024\/08\/Silica-Dust-in-Construction.pdf\" target=\"_blank\" rel=\"noopener\">Silika tozuna ili\u015fkin Avusturya denetim kampanyas\u0131 hakk\u0131nda ayr\u0131nt\u0131l\u0131 bir rapor mevcuttur<\/a><\/li>\n<li><a href=\"https:\/\/stopcarcinogensatwork.eu\/wp-content\/uploads\/2024\/08\/Mineral-Dusts-in-Mining.pdf\" target=\"_blank\" rel=\"noopener\">Madencilikte mineral tozu hakk\u0131nda bir rapor mevcuttur<\/a><\/li>\n<li><a href=\"https:\/\/stopcarcinogensatwork.eu\/wp-content\/uploads\/2024\/09\/TNO2023_R10498_RoC_Challenge_4.2-1.pdf\" target=\"_blank\" rel=\"noopener\">S\u00fcre\u00e7te \u00fcretilen maddelere ili\u015fkin bir rapor mevcuttur<\/a><\/li>\n<li><a href=\"https:\/\/stopcarcinogensatwork.eu\/tr\/fact\/abrasion-process\/\" target=\"_blank\" rel=\"noopener\">A\u015f\u0131nma ve<\/a> <a href=\"https:\/\/stopcarcinogensatwork.eu\/tr\/fact\/yanma-surec\/\" target=\"_blank\" rel=\"noopener\">Yanma ile ilgili Bilgi Formlar\u0131 bu web sitesinde mevcuttur<\/a> <\/li>\n<\/ul>\n<h3>Zorluk 4.3 - G\u00fcvenli \u00c7al\u0131\u015fma Prosed\u00fcrleri<\/h3>\n<p>&#8216;G\u00fcvenli \u00e7al\u0131\u015fma prosed\u00fcrleri&#8217;, her \u015firket, her faaliyet ve her madde i\u00e7in \u00f6l\u00e7\u00fcmler yapmak ve s\u0131n\u0131r de\u011ferlerle kar\u015f\u0131la\u015ft\u0131rmak yerine, ayn\u0131 faaliyeti ger\u00e7ekle\u015ftiren i\u015fletme gruplar\u0131 i\u00e7in kabul edilen alternatifler olarak devreye girebilir.<\/p>\n<ul>\n<li><a href=\"https:\/\/stopcarcinogensatwork.eu\/wp-content\/uploads\/2024\/08\/TNO2023-R10499_RoC-Ch4.3_TNO-Report-general-challenge-report_getekend.pdf\" target=\"_blank\" rel=\"noopener\">Ayr\u0131nt\u0131l\u0131 bir rapora buradan ula\u015fabilirsiniz<\/a><\/li>\n<\/ul>\n<h3>ROC2.0&#8217;\u0131n nihai raporu<\/h3>\n<p>\u0130kinci Roadmap on Carcinogens (RoC2.0)&#8217;un t\u00fcm faaliyet ve kazan\u0131mlar\u0131n\u0131n bir \u00f6zeti yay\u0131nlanm\u0131\u015ft\u0131r<a href=\"https:\/\/stopcarcinogensatwork.eu\/wp-content\/uploads\/2025\/10\/250922_RoC2.0_wrap_up_FINAL.pdf\">  bu raporda.<\/a><\/p>\n","protected":false},"excerpt":{"rendered":"<p>2021 y\u0131l\u0131ndan itibaren Roadmap on Carcinogens, \u00e7al\u0131\u015fanlar\u0131n carcinogenlere maruz kalmas\u0131n\u0131 \u00f6nlemeye yard\u0131mc\u0131 olmak amac\u0131yla daha fazla etki elde etmek i\u00e7in on iki zorluk y\u00fcr\u00fctmeye ba\u015flam\u0131\u015ft\u0131r (stratejinin tamam\u0131n\u0131buradan okuyabilirsiniz). 2020-2024 d\u00f6nemi i\u00e7in Roadmap on Carcinogens a\u015fa\u011f\u0131daki d\u00f6rt hedefi belirlemi\u015ftir: 1. S\u00fctun: \u0130\u015fletmeler ve \u00e7al\u0131\u015fanlar aras\u0131nda kanserojen maddelere maruz kalma riskleri ve \u00f6nleyici faaliyetlere duyulan ihtiya\u00e7 konusunda [&hellip;]<\/p>\n","protected":false},"author":1,"featured_media":0,"parent":57395,"menu_order":0,"comment_status":"closed","ping_status":"closed","template":"","meta":{"inline_featured_image":false,"footnotes":""},"class_list":["post-57456","page","type-page","status-publish","hentry"],"yoast_head":"<!-- This site is optimized with the Yoast SEO Premium plugin v27.0 (Yoast SEO v27.3) - https:\/\/yoast.com\/product\/yoast-seo-premium-wordpress\/ -->\n<title>Zorluklar - STOP carcinogens at work<\/title>\n<meta name=\"description\" content=\"Every year, more than 100.000 people die in the EU from cancer caused by carcinogens at work. This must STOP!\" \/>\n<meta name=\"robots\" content=\"index, follow, max-snippet:-1, max-image-preview:large, max-video-preview:-1\" \/>\n<link rel=\"canonical\" href=\"https:\/\/stopcarcinogensatwork.eu\/tr\/genel\/kanserojenlere-iliskin-yol-haritasi-hakkinda\/zorluklar\/\" \/>\n<meta property=\"og:locale\" content=\"tr_TR\" \/>\n<meta property=\"og:type\" content=\"article\" \/>\n<meta property=\"og:title\" content=\"Zorluklar\" \/>\n<meta property=\"og:description\" content=\"Every year, more than 100.000 people die in the EU from cancer caused by carcinogens at work. This must STOP!\" \/>\n<meta property=\"og:url\" content=\"https:\/\/stopcarcinogensatwork.eu\/tr\/genel\/kanserojenlere-iliskin-yol-haritasi-hakkinda\/zorluklar\/\" \/>\n<meta property=\"og:site_name\" content=\"STOP carcinogens at work\" \/>\n<meta property=\"article:modified_time\" content=\"2025-10-21T10:17:52+00:00\" \/>\n<meta property=\"og:image\" content=\"https:\/\/stopcarcinogensatwork.eu\/wp-content\/uploads\/2024\/08\/Pillars.png\" \/>\n<meta name=\"twitter:card\" content=\"summary_large_image\" \/>\n<meta name=\"twitter:label1\" content=\"Tahmini okuma s\u00fcresi\" \/>\n\t<meta name=\"twitter:data1\" content=\"6 dakika\" \/>\n<script type=\"application\/ld+json\" class=\"yoast-schema-graph\">{\"@context\":\"https:\\\/\\\/schema.org\",\"@graph\":[{\"@type\":\"WebPage\",\"@id\":\"https:\\\/\\\/stopcarcinogensatwork.eu\\\/tr\\\/genel\\\/kanserojenlere-iliskin-yol-haritasi-hakkinda\\\/zorluklar\\\/\",\"url\":\"https:\\\/\\\/stopcarcinogensatwork.eu\\\/tr\\\/genel\\\/kanserojenlere-iliskin-yol-haritasi-hakkinda\\\/zorluklar\\\/\",\"name\":\"Zorluklar - STOP carcinogens at work\",\"isPartOf\":{\"@id\":\"https:\\\/\\\/stopcarcinogensatwork.eu\\\/tr\\\/#website\"},\"primaryImageOfPage\":{\"@id\":\"https:\\\/\\\/stopcarcinogensatwork.eu\\\/tr\\\/genel\\\/kanserojenlere-iliskin-yol-haritasi-hakkinda\\\/zorluklar\\\/#primaryimage\"},\"image\":{\"@id\":\"https:\\\/\\\/stopcarcinogensatwork.eu\\\/tr\\\/genel\\\/kanserojenlere-iliskin-yol-haritasi-hakkinda\\\/zorluklar\\\/#primaryimage\"},\"thumbnailUrl\":\"https:\\\/\\\/stopcarcinogensatwork.eu\\\/wp-content\\\/uploads\\\/2024\\\/08\\\/Pillars.png\",\"datePublished\":\"2024-08-31T07:07:44+00:00\",\"dateModified\":\"2025-10-21T10:17:52+00:00\",\"description\":\"Every year, more than 100.000 people die in the EU from cancer caused by carcinogens at work. This must STOP!\",\"breadcrumb\":{\"@id\":\"https:\\\/\\\/stopcarcinogensatwork.eu\\\/tr\\\/genel\\\/kanserojenlere-iliskin-yol-haritasi-hakkinda\\\/zorluklar\\\/#breadcrumb\"},\"inLanguage\":\"tr\",\"potentialAction\":[{\"@type\":\"ReadAction\",\"target\":[\"https:\\\/\\\/stopcarcinogensatwork.eu\\\/tr\\\/genel\\\/kanserojenlere-iliskin-yol-haritasi-hakkinda\\\/zorluklar\\\/\"]}]},{\"@type\":\"ImageObject\",\"inLanguage\":\"tr\",\"@id\":\"https:\\\/\\\/stopcarcinogensatwork.eu\\\/tr\\\/genel\\\/kanserojenlere-iliskin-yol-haritasi-hakkinda\\\/zorluklar\\\/#primaryimage\",\"url\":\"https:\\\/\\\/stopcarcinogensatwork.eu\\\/wp-content\\\/uploads\\\/2024\\\/08\\\/Pillars.png\",\"contentUrl\":\"https:\\\/\\\/stopcarcinogensatwork.eu\\\/wp-content\\\/uploads\\\/2024\\\/08\\\/Pillars.png\"},{\"@type\":\"BreadcrumbList\",\"@id\":\"https:\\\/\\\/stopcarcinogensatwork.eu\\\/tr\\\/genel\\\/kanserojenlere-iliskin-yol-haritasi-hakkinda\\\/zorluklar\\\/#breadcrumb\",\"itemListElement\":[{\"@type\":\"ListItem\",\"position\":1,\"name\":\"Home\",\"item\":\"https:\\\/\\\/stopcarcinogensatwork.eu\\\/tr\\\/isyerinde-kanserojenleri-durdurun\\\/\"},{\"@type\":\"ListItem\",\"position\":2,\"name\":\"Genel\",\"item\":\"https:\\\/\\\/stopcarcinogensatwork.eu\\\/tr\\\/genel\\\/\"},{\"@type\":\"ListItem\",\"position\":3,\"name\":\"Roadmap on Carcinogens Hakk\u0131nda\",\"item\":\"https:\\\/\\\/stopcarcinogensatwork.eu\\\/tr\\\/genel\\\/kanserojenlere-iliskin-yol-haritasi-hakkinda\\\/\"},{\"@type\":\"ListItem\",\"position\":4,\"name\":\"Zorluklar\"}]},{\"@type\":\"WebSite\",\"@id\":\"https:\\\/\\\/stopcarcinogensatwork.eu\\\/tr\\\/#website\",\"url\":\"https:\\\/\\\/stopcarcinogensatwork.eu\\\/tr\\\/\",\"name\":\"STOP Carcinogens at work\",\"description\":\"Every year, about 100.000 people die from cancer that was caused by exposure to carcinogens at work in Europe.\",\"publisher\":{\"@id\":\"https:\\\/\\\/stopcarcinogensatwork.eu\\\/tr\\\/#organization\"},\"alternateName\":\"Roadmap on Carcinogens\",\"potentialAction\":[{\"@type\":\"SearchAction\",\"target\":{\"@type\":\"EntryPoint\",\"urlTemplate\":\"https:\\\/\\\/stopcarcinogensatwork.eu\\\/tr\\\/?s={search_term_string}\"},\"query-input\":{\"@type\":\"PropertyValueSpecification\",\"valueRequired\":true,\"valueName\":\"search_term_string\"}}],\"inLanguage\":\"tr\"},{\"@type\":\"Organization\",\"@id\":\"https:\\\/\\\/stopcarcinogensatwork.eu\\\/tr\\\/#organization\",\"name\":\"TNO\",\"alternateName\":\"This is a European wide voluntary action scheme\",\"url\":\"https:\\\/\\\/stopcarcinogensatwork.eu\\\/tr\\\/\",\"logo\":{\"@type\":\"ImageObject\",\"inLanguage\":\"tr\",\"@id\":\"https:\\\/\\\/stopcarcinogensatwork.eu\\\/tr\\\/#\\\/schema\\\/logo\\\/image\\\/\",\"url\":\"https:\\\/\\\/stopcarcinogensatwork.eu\\\/wp-content\\\/uploads\\\/2024\\\/08\\\/cropped-FavLarge-1.png\",\"contentUrl\":\"https:\\\/\\\/stopcarcinogensatwork.eu\\\/wp-content\\\/uploads\\\/2024\\\/08\\\/cropped-FavLarge-1.png\",\"width\":512,\"height\":512,\"caption\":\"TNO\"},\"image\":{\"@id\":\"https:\\\/\\\/stopcarcinogensatwork.eu\\\/tr\\\/#\\\/schema\\\/logo\\\/image\\\/\"},\"publishingPrinciples\":\"https:\\\/\\\/stopcarcinogensatwork.eu\\\/homepage\\\/legal\\\/\",\"ownershipFundingInfo\":\"https:\\\/\\\/stopcarcinogensatwork.eu\\\/general\\\/about-us\\\/\"}]}<\/script>\n<!-- \/ Yoast SEO Premium plugin. -->","yoast_head_json":{"title":"Zorluklar - STOP carcinogens at work","description":"Every year, more than 100.000 people die in the EU from cancer caused by carcinogens at work. This must STOP!","robots":{"index":"index","follow":"follow","max-snippet":"max-snippet:-1","max-image-preview":"max-image-preview:large","max-video-preview":"max-video-preview:-1"},"canonical":"https:\/\/stopcarcinogensatwork.eu\/tr\/genel\/kanserojenlere-iliskin-yol-haritasi-hakkinda\/zorluklar\/","og_locale":"tr_TR","og_type":"article","og_title":"Zorluklar","og_description":"Every year, more than 100.000 people die in the EU from cancer caused by carcinogens at work. This must STOP!","og_url":"https:\/\/stopcarcinogensatwork.eu\/tr\/genel\/kanserojenlere-iliskin-yol-haritasi-hakkinda\/zorluklar\/","og_site_name":"STOP carcinogens at work","article_modified_time":"2025-10-21T10:17:52+00:00","og_image":[{"url":"https:\/\/stopcarcinogensatwork.eu\/wp-content\/uploads\/2024\/08\/Pillars.png","type":"","width":"","height":""}],"twitter_card":"summary_large_image","twitter_misc":{"Tahmini okuma s\u00fcresi":"6 dakika"},"schema":{"@context":"https:\/\/schema.org","@graph":[{"@type":"WebPage","@id":"https:\/\/stopcarcinogensatwork.eu\/tr\/genel\/kanserojenlere-iliskin-yol-haritasi-hakkinda\/zorluklar\/","url":"https:\/\/stopcarcinogensatwork.eu\/tr\/genel\/kanserojenlere-iliskin-yol-haritasi-hakkinda\/zorluklar\/","name":"Zorluklar - STOP carcinogens at work","isPartOf":{"@id":"https:\/\/stopcarcinogensatwork.eu\/tr\/#website"},"primaryImageOfPage":{"@id":"https:\/\/stopcarcinogensatwork.eu\/tr\/genel\/kanserojenlere-iliskin-yol-haritasi-hakkinda\/zorluklar\/#primaryimage"},"image":{"@id":"https:\/\/stopcarcinogensatwork.eu\/tr\/genel\/kanserojenlere-iliskin-yol-haritasi-hakkinda\/zorluklar\/#primaryimage"},"thumbnailUrl":"https:\/\/stopcarcinogensatwork.eu\/wp-content\/uploads\/2024\/08\/Pillars.png","datePublished":"2024-08-31T07:07:44+00:00","dateModified":"2025-10-21T10:17:52+00:00","description":"Every year, more than 100.000 people die in the EU from cancer caused by carcinogens at work. This must STOP!","breadcrumb":{"@id":"https:\/\/stopcarcinogensatwork.eu\/tr\/genel\/kanserojenlere-iliskin-yol-haritasi-hakkinda\/zorluklar\/#breadcrumb"},"inLanguage":"tr","potentialAction":[{"@type":"ReadAction","target":["https:\/\/stopcarcinogensatwork.eu\/tr\/genel\/kanserojenlere-iliskin-yol-haritasi-hakkinda\/zorluklar\/"]}]},{"@type":"ImageObject","inLanguage":"tr","@id":"https:\/\/stopcarcinogensatwork.eu\/tr\/genel\/kanserojenlere-iliskin-yol-haritasi-hakkinda\/zorluklar\/#primaryimage","url":"https:\/\/stopcarcinogensatwork.eu\/wp-content\/uploads\/2024\/08\/Pillars.png","contentUrl":"https:\/\/stopcarcinogensatwork.eu\/wp-content\/uploads\/2024\/08\/Pillars.png"},{"@type":"BreadcrumbList","@id":"https:\/\/stopcarcinogensatwork.eu\/tr\/genel\/kanserojenlere-iliskin-yol-haritasi-hakkinda\/zorluklar\/#breadcrumb","itemListElement":[{"@type":"ListItem","position":1,"name":"Home","item":"https:\/\/stopcarcinogensatwork.eu\/tr\/isyerinde-kanserojenleri-durdurun\/"},{"@type":"ListItem","position":2,"name":"Genel","item":"https:\/\/stopcarcinogensatwork.eu\/tr\/genel\/"},{"@type":"ListItem","position":3,"name":"Roadmap on Carcinogens Hakk\u0131nda","item":"https:\/\/stopcarcinogensatwork.eu\/tr\/genel\/kanserojenlere-iliskin-yol-haritasi-hakkinda\/"},{"@type":"ListItem","position":4,"name":"Zorluklar"}]},{"@type":"WebSite","@id":"https:\/\/stopcarcinogensatwork.eu\/tr\/#website","url":"https:\/\/stopcarcinogensatwork.eu\/tr\/","name":"STOP Carcinogens at work","description":"Every year, about 100.000 people die from cancer that was caused by exposure to carcinogens at work in Europe.","publisher":{"@id":"https:\/\/stopcarcinogensatwork.eu\/tr\/#organization"},"alternateName":"Roadmap on Carcinogens","potentialAction":[{"@type":"SearchAction","target":{"@type":"EntryPoint","urlTemplate":"https:\/\/stopcarcinogensatwork.eu\/tr\/?s={search_term_string}"},"query-input":{"@type":"PropertyValueSpecification","valueRequired":true,"valueName":"search_term_string"}}],"inLanguage":"tr"},{"@type":"Organization","@id":"https:\/\/stopcarcinogensatwork.eu\/tr\/#organization","name":"TNO","alternateName":"This is a European wide voluntary action scheme","url":"https:\/\/stopcarcinogensatwork.eu\/tr\/","logo":{"@type":"ImageObject","inLanguage":"tr","@id":"https:\/\/stopcarcinogensatwork.eu\/tr\/#\/schema\/logo\/image\/","url":"https:\/\/stopcarcinogensatwork.eu\/wp-content\/uploads\/2024\/08\/cropped-FavLarge-1.png","contentUrl":"https:\/\/stopcarcinogensatwork.eu\/wp-content\/uploads\/2024\/08\/cropped-FavLarge-1.png","width":512,"height":512,"caption":"TNO"},"image":{"@id":"https:\/\/stopcarcinogensatwork.eu\/tr\/#\/schema\/logo\/image\/"},"publishingPrinciples":"https:\/\/stopcarcinogensatwork.eu\/homepage\/legal\/","ownershipFundingInfo":"https:\/\/stopcarcinogensatwork.eu\/general\/about-us\/"}]}},"_links":{"self":[{"href":"https:\/\/stopcarcinogensatwork.eu\/tr\/wp-json\/wp\/v2\/pages\/57456","targetHints":{"allow":["GET"]}}],"collection":[{"href":"https:\/\/stopcarcinogensatwork.eu\/tr\/wp-json\/wp\/v2\/pages"}],"about":[{"href":"https:\/\/stopcarcinogensatwork.eu\/tr\/wp-json\/wp\/v2\/types\/page"}],"author":[{"embeddable":true,"href":"https:\/\/stopcarcinogensatwork.eu\/tr\/wp-json\/wp\/v2\/users\/1"}],"replies":[{"embeddable":true,"href":"https:\/\/stopcarcinogensatwork.eu\/tr\/wp-json\/wp\/v2\/comments?post=57456"}],"version-history":[{"count":0,"href":"https:\/\/stopcarcinogensatwork.eu\/tr\/wp-json\/wp\/v2\/pages\/57456\/revisions"}],"up":[{"embeddable":true,"href":"https:\/\/stopcarcinogensatwork.eu\/tr\/wp-json\/wp\/v2\/pages\/57395"}],"wp:attachment":[{"href":"https:\/\/stopcarcinogensatwork.eu\/tr\/wp-json\/wp\/v2\/media?parent=57456"}],"curies":[{"name":"wp","href":"https:\/\/api.w.org\/{rel}","templated":true}]}}