{"id":57473,"date":"2024-12-30T09:48:30","date_gmt":"2024-12-30T09:48:30","guid":{"rendered":"https:\/\/stopcarcinogensatwork.eu\/kanserojenlere-iliskin-yol-haritasi-hakkinda\/zorluklar\/krom-icin-olasi-alternatifler\/"},"modified":"2025-06-13T13:29:04","modified_gmt":"2025-06-13T13:29:04","slug":"krom-icin-olasi-alternatifler","status":"publish","type":"page","link":"https:\/\/stopcarcinogensatwork.eu\/tr\/genel\/kanserojenlere-iliskin-yol-haritasi-hakkinda\/zorluklar\/krom-icin-olasi-alternatifler\/","title":{"rendered":"Krom i\u00e7in olas\u0131 alternatifler"},"content":{"rendered":"<ol>\n<li><a href=\"https:\/\/stopcarcinogensatwork.eu\/tr\/good-practice\/elektrokaplama-on-isleminde-plastik-alt-tabaka-asindirma-icin-krom-trioksitin-ikame-edilmesi\/\" target=\"_blank\" rel=\"noopener\">Elektrokaplama \u00f6n i\u015fleminde plastik alt tabaka a\u015f\u0131nd\u0131rma i\u00e7in krom trioksitin ikame edilmesi<\/a><\/li>\n<li><a href=\"https:\/\/stopcarcinogensatwork.eu\/tr\/good-practice\/sihhi-malzemeler-icin-kaplama-maddesi-olarak-krom-trioksit-icin-olasi-alternatifler\/\" target=\"_blank\" rel=\"noopener\">S\u0131hhi malzemeler i\u00e7in kaplama maddesi olarak krom trioksit i\u00e7in olas\u0131 alternatifler<\/a><\/li>\n<li><a href=\"https:\/\/stopcarcinogensatwork.eu\/tr\/good-practice\/elektrolitik-tenekenin-etp-pasivasyonu-icin-sodyum-dikromatin-ikamesi\/\" target=\"_blank\" rel=\"noopener\">Elektrolitik Tenekenin (ETP) Pasivasyonu i\u00e7in Sodyum Dikromat\u0131n \u0130kamesi<\/a><\/li>\n<li><a href=\"https:\/\/stopcarcinogensatwork.eu\/tr\/good-practice\/gaz-emme-cihazlarinin-kapali-devresinde-karbon-celiginin-korozyon-onleyici-maddesi-olarak-sodyum-kromatin-ikamesi\/\" target=\"_blank\" rel=\"noopener\">Gaz emme cihazlar\u0131n\u0131n kapal\u0131 devresinde karbon \u00e7eli\u011finin korozyon \u00f6nleyici maddesi olarak sodyum kromat\u0131n ikamesi<\/a><\/li>\n<li><a href=\"https:\/\/stopcarcinogensatwork.eu\/tr\/good-practice\/havacilik-ve-uzay-endustrisinde-yuzey-islemleri-icin-krom-vi-trioksitin-ikamesi\/\" target=\"_blank\" rel=\"noopener\">Havac\u0131l\u0131k ve uzay end\u00fcstrisinde y\u00fczey i\u015flemleri i\u00e7in krom (VI) trioksitin ikamesi<\/a><\/li>\n<li><a href=\"https:\/\/stopcarcinogensatwork.eu\/tr\/good-practice\/dis-tedavisi-icin-dis-aletlerinin-krom-trioksit-bazli-fonksiyonel-krom-kaplamasinin-ikame-edilmesi\/\" target=\"_blank\" rel=\"noopener\">Di\u015f Tedavisi \u0130\u00e7in Di\u015f Aletlerinin Krom Trioksit Bazl\u0131 Fonksiyonel Krom Kaplamas\u0131n\u0131n \u0130kame Edilmesi<\/a><\/li>\n<li><a href=\"https:\/\/stopcarcinogensatwork.eu\/tr\/good-practice\/celigin-elektrolitik-krom-kaplamasi-eccs-icin-krom-vi-trioksitin-ikame-edilmesi\/\" target=\"_blank\" rel=\"noopener\">\u00c7eli\u011fin Elektrolitik Krom Kaplamas\u0131 (ECCS) i\u00e7in Krom (VI) Trioksitin \u0130kame Edilmesi<\/a><\/li>\n<li><a href=\"https:\/\/stopcarcinogensatwork.eu\/tr\/good-practice\/elektrolitik-tenekenin-etp-pasivasyonu-icin-krom-vi-trioksit-ikamesi\/\" target=\"_blank\" rel=\"noopener\">Elektrolitik Tenekenin (ETP) pasivasyonu i\u00e7in Krom (VI) trioksit ikamesi<\/a><\/li>\n<li><a href=\"https:\/\/stopcarcinogensatwork.eu\/tr\/good-practice\/elektrokaplama-on-isleminde-plastik-alt-tabaka-asindirma-icin-krom-trioksitin-ikame-edilmesi\/\" target=\"_blank\" rel=\"noopener\">Elektrokaplama \u00f6n i\u015fleminde plastik alt tabaka a\u015f\u0131nd\u0131rma i\u00e7in krom trioksitin ikame edilmesi<\/a><\/li>\n<li><a href=\"https:\/\/stopcarcinogensatwork.eu\/tr\/good-practice\/alcantara-malzemesi-uretiminde-trikloretilenin-ikame-edilmesi\/\" target=\"_blank\" rel=\"noopener\">Alcantara Malzeme \u00fcretiminde Trikloretilen adresinin ikame edilmesi<\/a><\/li>\n<li><a href=\"https:\/\/stopcarcinogensatwork.eu\/tr\/good-practice\/genel-imalatta-kullanilmak-uzere-bir-kaplama-maddesi-olarak-krom-trioksit-icin-olasi-alternatifler\/\" target=\"_blank\" rel=\"noopener\">Genel imalatta kullan\u0131lmak \u00fczere bir kaplama maddesi olarak krom trioksit i\u00e7in olas\u0131 alternatifler<\/a><\/li>\n<li><a href=\"https:\/\/stopcarcinogensatwork.eu\/tr\/good-practice\/poliuretan-uretiminde-22-dikloro-44-metilendianilin-moca-ikamesi\/\" target=\"_blank\" rel=\"noopener\">Poli\u00fcretan \u00fcretiminde 2,2 \u201c-dikloro-4,4\u201d-metilendianilin (MOCA) ikamesi<\/a><\/li>\n<li><a href=\"https:\/\/stopcarcinogensatwork.eu\/tr\/good-practice\/genel-imalatta-kullanilmak-uzere-bir-kaplama-maddesi-olarak-krom-trioksit-icin-olasi-alternatifler\/\" target=\"_blank\" rel=\"noopener\">Genel imalatta kullan\u0131lmak \u00fczere bir kaplama maddesi olarak krom trioksit i\u00e7in olas\u0131 alternatifler<\/a><\/li>\n<\/ol>\n","protected":false},"excerpt":{"rendered":"<p>Elektrokaplama \u00f6n i\u015fleminde plastik alt tabaka a\u015f\u0131nd\u0131rma i\u00e7in krom trioksitin ikame edilmesi S\u0131hhi malzemeler i\u00e7in kaplama maddesi olarak krom trioksit i\u00e7in olas\u0131 alternatifler Elektrolitik Tenekenin (ETP) Pasivasyonu i\u00e7in Sodyum Dikromat\u0131n \u0130kamesi Gaz emme cihazlar\u0131n\u0131n kapal\u0131 devresinde karbon \u00e7eli\u011finin korozyon \u00f6nleyici maddesi olarak sodyum kromat\u0131n ikamesi Havac\u0131l\u0131k ve uzay end\u00fcstrisinde y\u00fczey i\u015flemleri i\u00e7in krom (VI) trioksitin [&hellip;]<\/p>\n","protected":false},"author":1,"featured_media":0,"parent":57456,"menu_order":0,"comment_status":"closed","ping_status":"closed","template":"","meta":{"inline_featured_image":false,"footnotes":""},"class_list":["post-57473","page","type-page","status-publish","hentry"],"yoast_head":"<!-- This site is optimized with the Yoast SEO Premium plugin v27.0 (Yoast SEO v27.3) - https:\/\/yoast.com\/product\/yoast-seo-premium-wordpress\/ -->\n<title>Krom i\u00e7in olas\u0131 alternatifler - STOP carcinogens at work<\/title>\n<meta name=\"description\" content=\"Every year, more than 100.000 people die in the EU from cancer caused by carcinogens at work. This must STOP!\" \/>\n<meta name=\"robots\" content=\"index, follow, max-snippet:-1, max-image-preview:large, max-video-preview:-1\" \/>\n<link rel=\"canonical\" href=\"https:\/\/stopcarcinogensatwork.eu\/tr\/genel\/kanserojenlere-iliskin-yol-haritasi-hakkinda\/zorluklar\/krom-icin-olasi-alternatifler\/\" \/>\n<meta property=\"og:locale\" content=\"tr_TR\" \/>\n<meta property=\"og:type\" content=\"article\" \/>\n<meta property=\"og:title\" content=\"Krom i\u00e7in olas\u0131 alternatifler\" \/>\n<meta property=\"og:description\" content=\"Every year, more than 100.000 people die in the EU from cancer caused by carcinogens at work. This must STOP!\" \/>\n<meta property=\"og:url\" content=\"https:\/\/stopcarcinogensatwork.eu\/tr\/genel\/kanserojenlere-iliskin-yol-haritasi-hakkinda\/zorluklar\/krom-icin-olasi-alternatifler\/\" \/>\n<meta property=\"og:site_name\" content=\"STOP carcinogens at work\" \/>\n<meta property=\"article:modified_time\" content=\"2025-06-13T13:29:04+00:00\" \/>\n<meta name=\"twitter:card\" content=\"summary_large_image\" \/>\n<meta name=\"twitter:label1\" content=\"Tahmini okuma s\u00fcresi\" \/>\n\t<meta name=\"twitter:data1\" content=\"1 dakika\" \/>\n<script type=\"application\/ld+json\" class=\"yoast-schema-graph\">{\"@context\":\"https:\\\/\\\/schema.org\",\"@graph\":[{\"@type\":\"WebPage\",\"@id\":\"https:\\\/\\\/stopcarcinogensatwork.eu\\\/tr\\\/genel\\\/kanserojenlere-iliskin-yol-haritasi-hakkinda\\\/zorluklar\\\/krom-icin-olasi-alternatifler\\\/\",\"url\":\"https:\\\/\\\/stopcarcinogensatwork.eu\\\/tr\\\/genel\\\/kanserojenlere-iliskin-yol-haritasi-hakkinda\\\/zorluklar\\\/krom-icin-olasi-alternatifler\\\/\",\"name\":\"Krom i\u00e7in olas\u0131 alternatifler - STOP carcinogens at work\",\"isPartOf\":{\"@id\":\"https:\\\/\\\/stopcarcinogensatwork.eu\\\/tr\\\/#website\"},\"datePublished\":\"2024-12-30T09:48:30+00:00\",\"dateModified\":\"2025-06-13T13:29:04+00:00\",\"description\":\"Every year, more than 100.000 people die in the EU from cancer caused by carcinogens at work. This must STOP!\",\"breadcrumb\":{\"@id\":\"https:\\\/\\\/stopcarcinogensatwork.eu\\\/tr\\\/genel\\\/kanserojenlere-iliskin-yol-haritasi-hakkinda\\\/zorluklar\\\/krom-icin-olasi-alternatifler\\\/#breadcrumb\"},\"inLanguage\":\"tr\",\"potentialAction\":[{\"@type\":\"ReadAction\",\"target\":[\"https:\\\/\\\/stopcarcinogensatwork.eu\\\/tr\\\/genel\\\/kanserojenlere-iliskin-yol-haritasi-hakkinda\\\/zorluklar\\\/krom-icin-olasi-alternatifler\\\/\"]}]},{\"@type\":\"BreadcrumbList\",\"@id\":\"https:\\\/\\\/stopcarcinogensatwork.eu\\\/tr\\\/genel\\\/kanserojenlere-iliskin-yol-haritasi-hakkinda\\\/zorluklar\\\/krom-icin-olasi-alternatifler\\\/#breadcrumb\",\"itemListElement\":[{\"@type\":\"ListItem\",\"position\":1,\"name\":\"Home\",\"item\":\"https:\\\/\\\/stopcarcinogensatwork.eu\\\/tr\\\/isyerinde-kanserojenleri-durdurun\\\/\"},{\"@type\":\"ListItem\",\"position\":2,\"name\":\"Genel\",\"item\":\"https:\\\/\\\/stopcarcinogensatwork.eu\\\/tr\\\/genel\\\/\"},{\"@type\":\"ListItem\",\"position\":3,\"name\":\"Roadmap on Carcinogens Hakk\u0131nda\",\"item\":\"https:\\\/\\\/stopcarcinogensatwork.eu\\\/tr\\\/genel\\\/kanserojenlere-iliskin-yol-haritasi-hakkinda\\\/\"},{\"@type\":\"ListItem\",\"position\":4,\"name\":\"Zorluklar\",\"item\":\"https:\\\/\\\/stopcarcinogensatwork.eu\\\/tr\\\/general\\\/about-us\\\/challenges\\\/\"},{\"@type\":\"ListItem\",\"position\":5,\"name\":\"Krom i\u00e7in olas\u0131 alternatifler\"}]},{\"@type\":\"WebSite\",\"@id\":\"https:\\\/\\\/stopcarcinogensatwork.eu\\\/tr\\\/#website\",\"url\":\"https:\\\/\\\/stopcarcinogensatwork.eu\\\/tr\\\/\",\"name\":\"STOP Carcinogens at work\",\"description\":\"Every year, about 100.000 people die from cancer that was caused by exposure to carcinogens at work in Europe.\",\"publisher\":{\"@id\":\"https:\\\/\\\/stopcarcinogensatwork.eu\\\/tr\\\/#organization\"},\"alternateName\":\"Roadmap on Carcinogens\",\"potentialAction\":[{\"@type\":\"SearchAction\",\"target\":{\"@type\":\"EntryPoint\",\"urlTemplate\":\"https:\\\/\\\/stopcarcinogensatwork.eu\\\/tr\\\/?s={search_term_string}\"},\"query-input\":{\"@type\":\"PropertyValueSpecification\",\"valueRequired\":true,\"valueName\":\"search_term_string\"}}],\"inLanguage\":\"tr\"},{\"@type\":\"Organization\",\"@id\":\"https:\\\/\\\/stopcarcinogensatwork.eu\\\/tr\\\/#organization\",\"name\":\"TNO\",\"alternateName\":\"This is a European wide voluntary action scheme\",\"url\":\"https:\\\/\\\/stopcarcinogensatwork.eu\\\/tr\\\/\",\"logo\":{\"@type\":\"ImageObject\",\"inLanguage\":\"tr\",\"@id\":\"https:\\\/\\\/stopcarcinogensatwork.eu\\\/tr\\\/#\\\/schema\\\/logo\\\/image\\\/\",\"url\":\"https:\\\/\\\/stopcarcinogensatwork.eu\\\/wp-content\\\/uploads\\\/2024\\\/08\\\/cropped-FavLarge-1.png\",\"contentUrl\":\"https:\\\/\\\/stopcarcinogensatwork.eu\\\/wp-content\\\/uploads\\\/2024\\\/08\\\/cropped-FavLarge-1.png\",\"width\":512,\"height\":512,\"caption\":\"TNO\"},\"image\":{\"@id\":\"https:\\\/\\\/stopcarcinogensatwork.eu\\\/tr\\\/#\\\/schema\\\/logo\\\/image\\\/\"},\"publishingPrinciples\":\"https:\\\/\\\/stopcarcinogensatwork.eu\\\/homepage\\\/legal\\\/\",\"ownershipFundingInfo\":\"https:\\\/\\\/stopcarcinogensatwork.eu\\\/general\\\/about-us\\\/\"}]}<\/script>\n<!-- \/ Yoast SEO Premium plugin. -->","yoast_head_json":{"title":"Krom i\u00e7in olas\u0131 alternatifler - STOP carcinogens at work","description":"Every year, more than 100.000 people die in the EU from cancer caused by carcinogens at work. This must STOP!","robots":{"index":"index","follow":"follow","max-snippet":"max-snippet:-1","max-image-preview":"max-image-preview:large","max-video-preview":"max-video-preview:-1"},"canonical":"https:\/\/stopcarcinogensatwork.eu\/tr\/genel\/kanserojenlere-iliskin-yol-haritasi-hakkinda\/zorluklar\/krom-icin-olasi-alternatifler\/","og_locale":"tr_TR","og_type":"article","og_title":"Krom i\u00e7in olas\u0131 alternatifler","og_description":"Every year, more than 100.000 people die in the EU from cancer caused by carcinogens at work. This must STOP!","og_url":"https:\/\/stopcarcinogensatwork.eu\/tr\/genel\/kanserojenlere-iliskin-yol-haritasi-hakkinda\/zorluklar\/krom-icin-olasi-alternatifler\/","og_site_name":"STOP carcinogens at work","article_modified_time":"2025-06-13T13:29:04+00:00","twitter_card":"summary_large_image","twitter_misc":{"Tahmini okuma s\u00fcresi":"1 dakika"},"schema":{"@context":"https:\/\/schema.org","@graph":[{"@type":"WebPage","@id":"https:\/\/stopcarcinogensatwork.eu\/tr\/genel\/kanserojenlere-iliskin-yol-haritasi-hakkinda\/zorluklar\/krom-icin-olasi-alternatifler\/","url":"https:\/\/stopcarcinogensatwork.eu\/tr\/genel\/kanserojenlere-iliskin-yol-haritasi-hakkinda\/zorluklar\/krom-icin-olasi-alternatifler\/","name":"Krom i\u00e7in olas\u0131 alternatifler - STOP carcinogens at work","isPartOf":{"@id":"https:\/\/stopcarcinogensatwork.eu\/tr\/#website"},"datePublished":"2024-12-30T09:48:30+00:00","dateModified":"2025-06-13T13:29:04+00:00","description":"Every year, more than 100.000 people die in the EU from cancer caused by carcinogens at work. This must STOP!","breadcrumb":{"@id":"https:\/\/stopcarcinogensatwork.eu\/tr\/genel\/kanserojenlere-iliskin-yol-haritasi-hakkinda\/zorluklar\/krom-icin-olasi-alternatifler\/#breadcrumb"},"inLanguage":"tr","potentialAction":[{"@type":"ReadAction","target":["https:\/\/stopcarcinogensatwork.eu\/tr\/genel\/kanserojenlere-iliskin-yol-haritasi-hakkinda\/zorluklar\/krom-icin-olasi-alternatifler\/"]}]},{"@type":"BreadcrumbList","@id":"https:\/\/stopcarcinogensatwork.eu\/tr\/genel\/kanserojenlere-iliskin-yol-haritasi-hakkinda\/zorluklar\/krom-icin-olasi-alternatifler\/#breadcrumb","itemListElement":[{"@type":"ListItem","position":1,"name":"Home","item":"https:\/\/stopcarcinogensatwork.eu\/tr\/isyerinde-kanserojenleri-durdurun\/"},{"@type":"ListItem","position":2,"name":"Genel","item":"https:\/\/stopcarcinogensatwork.eu\/tr\/genel\/"},{"@type":"ListItem","position":3,"name":"Roadmap on Carcinogens Hakk\u0131nda","item":"https:\/\/stopcarcinogensatwork.eu\/tr\/genel\/kanserojenlere-iliskin-yol-haritasi-hakkinda\/"},{"@type":"ListItem","position":4,"name":"Zorluklar","item":"https:\/\/stopcarcinogensatwork.eu\/tr\/general\/about-us\/challenges\/"},{"@type":"ListItem","position":5,"name":"Krom i\u00e7in olas\u0131 alternatifler"}]},{"@type":"WebSite","@id":"https:\/\/stopcarcinogensatwork.eu\/tr\/#website","url":"https:\/\/stopcarcinogensatwork.eu\/tr\/","name":"STOP Carcinogens at work","description":"Every year, about 100.000 people die from cancer that was caused by exposure to carcinogens at work in Europe.","publisher":{"@id":"https:\/\/stopcarcinogensatwork.eu\/tr\/#organization"},"alternateName":"Roadmap on Carcinogens","potentialAction":[{"@type":"SearchAction","target":{"@type":"EntryPoint","urlTemplate":"https:\/\/stopcarcinogensatwork.eu\/tr\/?s={search_term_string}"},"query-input":{"@type":"PropertyValueSpecification","valueRequired":true,"valueName":"search_term_string"}}],"inLanguage":"tr"},{"@type":"Organization","@id":"https:\/\/stopcarcinogensatwork.eu\/tr\/#organization","name":"TNO","alternateName":"This is a European wide voluntary action scheme","url":"https:\/\/stopcarcinogensatwork.eu\/tr\/","logo":{"@type":"ImageObject","inLanguage":"tr","@id":"https:\/\/stopcarcinogensatwork.eu\/tr\/#\/schema\/logo\/image\/","url":"https:\/\/stopcarcinogensatwork.eu\/wp-content\/uploads\/2024\/08\/cropped-FavLarge-1.png","contentUrl":"https:\/\/stopcarcinogensatwork.eu\/wp-content\/uploads\/2024\/08\/cropped-FavLarge-1.png","width":512,"height":512,"caption":"TNO"},"image":{"@id":"https:\/\/stopcarcinogensatwork.eu\/tr\/#\/schema\/logo\/image\/"},"publishingPrinciples":"https:\/\/stopcarcinogensatwork.eu\/homepage\/legal\/","ownershipFundingInfo":"https:\/\/stopcarcinogensatwork.eu\/general\/about-us\/"}]}},"_links":{"self":[{"href":"https:\/\/stopcarcinogensatwork.eu\/tr\/wp-json\/wp\/v2\/pages\/57473","targetHints":{"allow":["GET"]}}],"collection":[{"href":"https:\/\/stopcarcinogensatwork.eu\/tr\/wp-json\/wp\/v2\/pages"}],"about":[{"href":"https:\/\/stopcarcinogensatwork.eu\/tr\/wp-json\/wp\/v2\/types\/page"}],"author":[{"embeddable":true,"href":"https:\/\/stopcarcinogensatwork.eu\/tr\/wp-json\/wp\/v2\/users\/1"}],"replies":[{"embeddable":true,"href":"https:\/\/stopcarcinogensatwork.eu\/tr\/wp-json\/wp\/v2\/comments?post=57473"}],"version-history":[{"count":0,"href":"https:\/\/stopcarcinogensatwork.eu\/tr\/wp-json\/wp\/v2\/pages\/57473\/revisions"}],"up":[{"embeddable":true,"href":"https:\/\/stopcarcinogensatwork.eu\/tr\/wp-json\/wp\/v2\/pages\/57456"}],"wp:attachment":[{"href":"https:\/\/stopcarcinogensatwork.eu\/tr\/wp-json\/wp\/v2\/media?parent=57473"}],"curies":[{"name":"wp","href":"https:\/\/api.w.org\/{rel}","templated":true}]}}