{"id":92892,"date":"2025-09-01T11:06:42","date_gmt":"2025-09-01T11:06:42","guid":{"rendered":"https:\/\/stopcarcinogensatwork.eu\/genel\/isyerinde-kansere-neden-olan-maddeler-hakkinda-egitim\/"},"modified":"2025-09-01T11:06:42","modified_gmt":"2025-09-01T11:06:42","slug":"isyerinde-kansere-neden-olan-maddeler-hakkinda-egitim","status":"publish","type":"page","link":"https:\/\/stopcarcinogensatwork.eu\/tr\/genel\/isyerinde-kansere-neden-olan-maddeler-hakkinda-egitim\/","title":{"rendered":"\u0130\u015fyerinde kansere neden olan maddeler hakk\u0131nda E\u011fitim"},"content":{"rendered":"<blockquote><p>\u00c7ocuklara ve \u00f6\u011frencilere kansere neden olan maddeleri erken ya\u015fta, ilkokulda ve mesleki e\u011fitimde \u00f6\u011fretmek \u00f6nemlidir. Bu nedenle e\u011fitim programlar\u0131 geli\u015ftirilmi\u015ftir. <\/p><\/blockquote>\n<h2>Carcinogenlere ili\u015fkin \u015fablon dersler<\/h2>\n<p>Carcinogen maddelerle ilgili ders planlar\u0131 Slovenya Ulusal E\u011fitim Enstit\u00fcs\u00fc ve Slovenya \u00c7al\u0131\u015fma, Aile, Sosyal \u0130\u015fler ve E\u015fit F\u0131rsatlar Bakanl\u0131\u011f\u0131 taraf\u0131ndan haz\u0131rlanm\u0131\u015ft\u0131r. Slovenya yasalar\u0131 ve deneyimlerine dayanmaktad\u0131r ve 2023 ve 2024 y\u0131llar\u0131 aras\u0131nda Slovenya&#8217;daki \u00e7e\u015fitli ilkokullarda test edilmi\u015ftir. AB \u00dcye Devletleri bu ders planlar\u0131n\u0131 kendi ihtiya\u00e7lar\u0131n\u0131 kar\u015f\u0131lamak \u00fczere terc\u00fcme edebilir ve uyarlayabilir. \u00d6\u011fretmenler ortaokul \u00f6\u011frencilerine y\u00f6nelik derslerde interaktif oyunu da (a\u015fa\u011f\u0131ya bak\u0131n\u0131z) kullanabilirler.   <\/p>\n<p>Bu dersler s\u0131ras\u0131nda \u00f6\u011frenciler \u015funlar\u0131 \u00f6\u011frenirler:<\/p>\n<ul>\n<li>tehlikeli maddeler i\u00e7in piktogramlar\u0131n nas\u0131l tan\u0131naca\u011f\u0131<\/li>\n<li>kendilerini tehlikeli maddelerden korumak i\u00e7in uygun y\u00f6ntemleri nas\u0131l se\u00e7ecekleri ve bu maddeleri nas\u0131l g\u00fcvenli bir \u015fekilde kullanacaklar\u0131<\/li>\n<li>CMR maddelerinin uzun vadeli etkileri ve bunlar\u0131n nas\u0131l \u00f6nlenece\u011fi hakk\u0131nda<\/li>\n<li>Tehlikeli maddeler i\u00e7in bir &#8220;kimlik kart\u0131&#8221; gibi \u00e7al\u0131\u015fan g\u00fcvenlik bilgi formu hakk\u0131nda<\/li>\n<li>mesleki kanser, hangi fakt\u00f6rlerin buna neden olabilece\u011fi ve potansiyel olarak kansere neden olan maddelere exposure&#8217;u azaltabilecek \u00f6nlemler hakk\u0131nda<\/li>\n<\/ul>\n<p><a href=\"https:\/\/stopcarcinogensatwork.eu\/educational\/lesson-proposal-on-carcinogens-for-students-aged-11-years-minimum-and-over\/\">11-14 Ya\u015f Aras\u0131 \u00d6\u011frenciler i\u00e7in Carcinogen Maddeler Hakk\u0131nda Ders \u00d6nerisi<\/a><br \/>\n<a href=\"https:\/\/stopcarcinogensatwork.eu\/educational\/9th-grade-of-primary-school-14-years\/\">Carcinogen Maddeler Hakk\u0131nda 14 Ya\u015f (en az) ve \u00dczeri \u00d6\u011frenciler \u0130\u00e7in Ders \u00d6nerisi<\/a><\/p>\n<h2><strong>\u0130nteraktif oyun<\/strong><strong><br \/>\n<\/strong><\/h2>\n<p>\u00d6\u011frencilerin i\u015fyerindeki carcinogen risklerini nas\u0131l y\u00f6neteceklerini anlamalar\u0131na yard\u0131mc\u0131 olmak i\u00e7in interaktif bir oyun olu\u015fturulmu\u015ftur.<\/p>\n<p>Oyunda, bir \u00f6nleme dan\u0131\u015fman\u0131 olarak oynuyorsunuz. Farkl\u0131 i\u015fyerlerinde (bir in\u015faat, bir hastane ve bir fabrika) kansere neden olan maddeleri i\u00e7eren g\u00fcvensiz durumlar\u0131 tespit etmeli ve i\u015fverene tavsiyelerde bulunmal\u0131s\u0131n\u0131z. \u00d6nemli bir \u00f6\u011frenme noktas\u0131 <g id=\"gid_0\">STOP<\/g> ilkesidir <g id=\"gid_0\">.<\/g> Bu ilke, tehlikeli maddelere exposure riskini \u00f6nlemek i\u00e7in at\u0131lmas\u0131 gereken ad\u0131mlar\u0131n s\u0131ras\u0131n\u0131 g\u00f6stermektedir.   <\/p>\n<p>\u00d6\u011fretmenlerin oyunu derslerine dahil etmelerine yard\u0131mc\u0131 olmak i\u00e7in bir E\u011fitim bilgi paketi mevcuttur. Bu paket, oyunda da ge\u00e7en \u00e7e\u015fitli kavramlar\u0131 a\u00e7\u0131klamaktad\u0131r. <\/p>\n<p>Oyun \u0130ngilizce, Hollandaca ve Frans\u0131zca dillerinde mevcuttur.<\/p>\n<p><a href=\"https:\/\/stopcarcinogensatwork.eu\/tr\/good-practice\/isyerindeki-kanserojen-risklerinin-egitsel-bir-oyunla-yonetilmesi\/\">\u0130nteraktif oyuna<\/a><\/p>\n","protected":false},"excerpt":{"rendered":"<p>\u00c7ocuklara ve \u00f6\u011frencilere kansere neden olan maddeleri erken ya\u015fta, ilkokulda ve mesleki e\u011fitimde \u00f6\u011fretmek \u00f6nemlidir. Bu nedenle e\u011fitim programlar\u0131 geli\u015ftirilmi\u015ftir. Carcinogenlere ili\u015fkin \u015fablon dersler Carcinogen maddelerle ilgili ders planlar\u0131 Slovenya Ulusal E\u011fitim Enstit\u00fcs\u00fc ve Slovenya \u00c7al\u0131\u015fma, Aile, Sosyal \u0130\u015fler ve E\u015fit F\u0131rsatlar Bakanl\u0131\u011f\u0131 taraf\u0131ndan haz\u0131rlanm\u0131\u015ft\u0131r. Slovenya yasalar\u0131 ve deneyimlerine dayanmaktad\u0131r ve 2023 ve 2024 y\u0131llar\u0131 [&hellip;]<\/p>\n","protected":false},"author":1,"featured_media":0,"parent":57474,"menu_order":0,"comment_status":"closed","ping_status":"closed","template":"","meta":{"inline_featured_image":false,"footnotes":""},"class_list":["post-92892","page","type-page","status-publish","hentry"],"yoast_head":"<!-- This site is optimized with the Yoast SEO Premium plugin v27.0 (Yoast SEO v27.3) - https:\/\/yoast.com\/product\/yoast-seo-premium-wordpress\/ -->\n<title>\u0130\u015fyerinde kansere neden olan maddeler hakk\u0131nda E\u011fitim - STOP carcinogens at work<\/title>\n<meta name=\"description\" content=\"\u00c7ocuklara ve \u00f6\u011frencilere kansere neden olan maddelerin erken ya\u015fta, ilkokulda ve mesleki e\u011fitimde \u00f6\u011fretilmesi \u00f6nemlidir.\" \/>\n<meta name=\"robots\" content=\"index, follow, max-snippet:-1, max-image-preview:large, max-video-preview:-1\" \/>\n<link rel=\"canonical\" href=\"https:\/\/stopcarcinogensatwork.eu\/tr\/genel\/isyerinde-kansere-neden-olan-maddeler-hakkinda-egitim\/\" \/>\n<meta property=\"og:locale\" content=\"tr_TR\" \/>\n<meta property=\"og:type\" content=\"article\" \/>\n<meta property=\"og:title\" content=\"\u0130\u015fyerinde kansere neden olan maddeler hakk\u0131nda E\u011fitim\" \/>\n<meta property=\"og:description\" content=\"\u00c7ocuklara ve \u00f6\u011frencilere kansere neden olan maddelerin erken ya\u015fta, ilkokulda ve mesleki e\u011fitimde \u00f6\u011fretilmesi \u00f6nemlidir.\" \/>\n<meta property=\"og:url\" content=\"https:\/\/stopcarcinogensatwork.eu\/tr\/genel\/isyerinde-kansere-neden-olan-maddeler-hakkinda-egitim\/\" \/>\n<meta property=\"og:site_name\" content=\"STOP carcinogens at work\" \/>\n<meta name=\"twitter:card\" content=\"summary_large_image\" \/>\n<meta name=\"twitter:label1\" content=\"Tahmini okuma s\u00fcresi\" \/>\n\t<meta name=\"twitter:data1\" content=\"2 dakika\" \/>\n<script type=\"application\/ld+json\" class=\"yoast-schema-graph\">{\"@context\":\"https:\\\/\\\/schema.org\",\"@graph\":[{\"@type\":\"WebPage\",\"@id\":\"https:\\\/\\\/stopcarcinogensatwork.eu\\\/tr\\\/genel\\\/isyerinde-kansere-neden-olan-maddeler-hakkinda-egitim\\\/\",\"url\":\"https:\\\/\\\/stopcarcinogensatwork.eu\\\/tr\\\/genel\\\/isyerinde-kansere-neden-olan-maddeler-hakkinda-egitim\\\/\",\"name\":\"\u0130\u015fyerinde kansere neden olan maddeler hakk\u0131nda E\u011fitim - STOP carcinogens at work\",\"isPartOf\":{\"@id\":\"https:\\\/\\\/stopcarcinogensatwork.eu\\\/tr\\\/#website\"},\"datePublished\":\"2025-09-01T11:06:42+00:00\",\"description\":\"\u00c7ocuklara ve \u00f6\u011frencilere kansere neden olan maddelerin erken ya\u015fta, ilkokulda ve mesleki e\u011fitimde \u00f6\u011fretilmesi \u00f6nemlidir.\",\"breadcrumb\":{\"@id\":\"https:\\\/\\\/stopcarcinogensatwork.eu\\\/tr\\\/genel\\\/isyerinde-kansere-neden-olan-maddeler-hakkinda-egitim\\\/#breadcrumb\"},\"inLanguage\":\"tr\",\"potentialAction\":[{\"@type\":\"ReadAction\",\"target\":[\"https:\\\/\\\/stopcarcinogensatwork.eu\\\/tr\\\/genel\\\/isyerinde-kansere-neden-olan-maddeler-hakkinda-egitim\\\/\"]}]},{\"@type\":\"BreadcrumbList\",\"@id\":\"https:\\\/\\\/stopcarcinogensatwork.eu\\\/tr\\\/genel\\\/isyerinde-kansere-neden-olan-maddeler-hakkinda-egitim\\\/#breadcrumb\",\"itemListElement\":[{\"@type\":\"ListItem\",\"position\":1,\"name\":\"Home\",\"item\":\"https:\\\/\\\/stopcarcinogensatwork.eu\\\/tr\\\/isyerinde-kanserojenleri-durdurun\\\/\"},{\"@type\":\"ListItem\",\"position\":2,\"name\":\"Genel\",\"item\":\"https:\\\/\\\/stopcarcinogensatwork.eu\\\/tr\\\/genel\\\/\"},{\"@type\":\"ListItem\",\"position\":3,\"name\":\"\u0130\u015fyerinde kansere neden olan maddeler hakk\u0131nda E\u011fitim\"}]},{\"@type\":\"WebSite\",\"@id\":\"https:\\\/\\\/stopcarcinogensatwork.eu\\\/tr\\\/#website\",\"url\":\"https:\\\/\\\/stopcarcinogensatwork.eu\\\/tr\\\/\",\"name\":\"STOP Carcinogens at work\",\"description\":\"Every year, about 100.000 people die from cancer that was caused by exposure to carcinogens at work in Europe.\",\"publisher\":{\"@id\":\"https:\\\/\\\/stopcarcinogensatwork.eu\\\/tr\\\/#organization\"},\"alternateName\":\"Roadmap on Carcinogens\",\"potentialAction\":[{\"@type\":\"SearchAction\",\"target\":{\"@type\":\"EntryPoint\",\"urlTemplate\":\"https:\\\/\\\/stopcarcinogensatwork.eu\\\/tr\\\/?s={search_term_string}\"},\"query-input\":{\"@type\":\"PropertyValueSpecification\",\"valueRequired\":true,\"valueName\":\"search_term_string\"}}],\"inLanguage\":\"tr\"},{\"@type\":\"Organization\",\"@id\":\"https:\\\/\\\/stopcarcinogensatwork.eu\\\/tr\\\/#organization\",\"name\":\"TNO\",\"alternateName\":\"This is a European wide voluntary action scheme\",\"url\":\"https:\\\/\\\/stopcarcinogensatwork.eu\\\/tr\\\/\",\"logo\":{\"@type\":\"ImageObject\",\"inLanguage\":\"tr\",\"@id\":\"https:\\\/\\\/stopcarcinogensatwork.eu\\\/tr\\\/#\\\/schema\\\/logo\\\/image\\\/\",\"url\":\"https:\\\/\\\/stopcarcinogensatwork.eu\\\/wp-content\\\/uploads\\\/2024\\\/08\\\/cropped-FavLarge-1.png\",\"contentUrl\":\"https:\\\/\\\/stopcarcinogensatwork.eu\\\/wp-content\\\/uploads\\\/2024\\\/08\\\/cropped-FavLarge-1.png\",\"width\":512,\"height\":512,\"caption\":\"TNO\"},\"image\":{\"@id\":\"https:\\\/\\\/stopcarcinogensatwork.eu\\\/tr\\\/#\\\/schema\\\/logo\\\/image\\\/\"},\"publishingPrinciples\":\"https:\\\/\\\/stopcarcinogensatwork.eu\\\/homepage\\\/legal\\\/\",\"ownershipFundingInfo\":\"https:\\\/\\\/stopcarcinogensatwork.eu\\\/general\\\/about-us\\\/\"}]}<\/script>\n<!-- \/ Yoast SEO Premium plugin. -->","yoast_head_json":{"title":"\u0130\u015fyerinde kansere neden olan maddeler hakk\u0131nda E\u011fitim - STOP carcinogens at work","description":"\u00c7ocuklara ve \u00f6\u011frencilere kansere neden olan maddelerin erken ya\u015fta, ilkokulda ve mesleki e\u011fitimde \u00f6\u011fretilmesi \u00f6nemlidir.","robots":{"index":"index","follow":"follow","max-snippet":"max-snippet:-1","max-image-preview":"max-image-preview:large","max-video-preview":"max-video-preview:-1"},"canonical":"https:\/\/stopcarcinogensatwork.eu\/tr\/genel\/isyerinde-kansere-neden-olan-maddeler-hakkinda-egitim\/","og_locale":"tr_TR","og_type":"article","og_title":"\u0130\u015fyerinde kansere neden olan maddeler hakk\u0131nda E\u011fitim","og_description":"\u00c7ocuklara ve \u00f6\u011frencilere kansere neden olan maddelerin erken ya\u015fta, ilkokulda ve mesleki e\u011fitimde \u00f6\u011fretilmesi \u00f6nemlidir.","og_url":"https:\/\/stopcarcinogensatwork.eu\/tr\/genel\/isyerinde-kansere-neden-olan-maddeler-hakkinda-egitim\/","og_site_name":"STOP carcinogens at work","twitter_card":"summary_large_image","twitter_misc":{"Tahmini okuma s\u00fcresi":"2 dakika"},"schema":{"@context":"https:\/\/schema.org","@graph":[{"@type":"WebPage","@id":"https:\/\/stopcarcinogensatwork.eu\/tr\/genel\/isyerinde-kansere-neden-olan-maddeler-hakkinda-egitim\/","url":"https:\/\/stopcarcinogensatwork.eu\/tr\/genel\/isyerinde-kansere-neden-olan-maddeler-hakkinda-egitim\/","name":"\u0130\u015fyerinde kansere neden olan maddeler hakk\u0131nda E\u011fitim - STOP carcinogens at work","isPartOf":{"@id":"https:\/\/stopcarcinogensatwork.eu\/tr\/#website"},"datePublished":"2025-09-01T11:06:42+00:00","description":"\u00c7ocuklara ve \u00f6\u011frencilere kansere neden olan maddelerin erken ya\u015fta, ilkokulda ve mesleki e\u011fitimde \u00f6\u011fretilmesi \u00f6nemlidir.","breadcrumb":{"@id":"https:\/\/stopcarcinogensatwork.eu\/tr\/genel\/isyerinde-kansere-neden-olan-maddeler-hakkinda-egitim\/#breadcrumb"},"inLanguage":"tr","potentialAction":[{"@type":"ReadAction","target":["https:\/\/stopcarcinogensatwork.eu\/tr\/genel\/isyerinde-kansere-neden-olan-maddeler-hakkinda-egitim\/"]}]},{"@type":"BreadcrumbList","@id":"https:\/\/stopcarcinogensatwork.eu\/tr\/genel\/isyerinde-kansere-neden-olan-maddeler-hakkinda-egitim\/#breadcrumb","itemListElement":[{"@type":"ListItem","position":1,"name":"Home","item":"https:\/\/stopcarcinogensatwork.eu\/tr\/isyerinde-kanserojenleri-durdurun\/"},{"@type":"ListItem","position":2,"name":"Genel","item":"https:\/\/stopcarcinogensatwork.eu\/tr\/genel\/"},{"@type":"ListItem","position":3,"name":"\u0130\u015fyerinde kansere neden olan maddeler hakk\u0131nda E\u011fitim"}]},{"@type":"WebSite","@id":"https:\/\/stopcarcinogensatwork.eu\/tr\/#website","url":"https:\/\/stopcarcinogensatwork.eu\/tr\/","name":"STOP Carcinogens at work","description":"Every year, about 100.000 people die from cancer that was caused by exposure to carcinogens at work in Europe.","publisher":{"@id":"https:\/\/stopcarcinogensatwork.eu\/tr\/#organization"},"alternateName":"Roadmap on Carcinogens","potentialAction":[{"@type":"SearchAction","target":{"@type":"EntryPoint","urlTemplate":"https:\/\/stopcarcinogensatwork.eu\/tr\/?s={search_term_string}"},"query-input":{"@type":"PropertyValueSpecification","valueRequired":true,"valueName":"search_term_string"}}],"inLanguage":"tr"},{"@type":"Organization","@id":"https:\/\/stopcarcinogensatwork.eu\/tr\/#organization","name":"TNO","alternateName":"This is a European wide voluntary action scheme","url":"https:\/\/stopcarcinogensatwork.eu\/tr\/","logo":{"@type":"ImageObject","inLanguage":"tr","@id":"https:\/\/stopcarcinogensatwork.eu\/tr\/#\/schema\/logo\/image\/","url":"https:\/\/stopcarcinogensatwork.eu\/wp-content\/uploads\/2024\/08\/cropped-FavLarge-1.png","contentUrl":"https:\/\/stopcarcinogensatwork.eu\/wp-content\/uploads\/2024\/08\/cropped-FavLarge-1.png","width":512,"height":512,"caption":"TNO"},"image":{"@id":"https:\/\/stopcarcinogensatwork.eu\/tr\/#\/schema\/logo\/image\/"},"publishingPrinciples":"https:\/\/stopcarcinogensatwork.eu\/homepage\/legal\/","ownershipFundingInfo":"https:\/\/stopcarcinogensatwork.eu\/general\/about-us\/"}]}},"_links":{"self":[{"href":"https:\/\/stopcarcinogensatwork.eu\/tr\/wp-json\/wp\/v2\/pages\/92892","targetHints":{"allow":["GET"]}}],"collection":[{"href":"https:\/\/stopcarcinogensatwork.eu\/tr\/wp-json\/wp\/v2\/pages"}],"about":[{"href":"https:\/\/stopcarcinogensatwork.eu\/tr\/wp-json\/wp\/v2\/types\/page"}],"author":[{"embeddable":true,"href":"https:\/\/stopcarcinogensatwork.eu\/tr\/wp-json\/wp\/v2\/users\/1"}],"replies":[{"embeddable":true,"href":"https:\/\/stopcarcinogensatwork.eu\/tr\/wp-json\/wp\/v2\/comments?post=92892"}],"version-history":[{"count":0,"href":"https:\/\/stopcarcinogensatwork.eu\/tr\/wp-json\/wp\/v2\/pages\/92892\/revisions"}],"up":[{"embeddable":true,"href":"https:\/\/stopcarcinogensatwork.eu\/tr\/wp-json\/wp\/v2\/pages\/57474"}],"wp:attachment":[{"href":"https:\/\/stopcarcinogensatwork.eu\/tr\/wp-json\/wp\/v2\/media?parent=92892"}],"curies":[{"name":"wp","href":"https:\/\/api.w.org\/{rel}","templated":true}]}}